{"id":39565,"date":"2014-09-03T14:08:57","date_gmt":"2014-09-03T18:08:57","guid":{"rendered":"https:\/\/www.redi-sensor.com\/videos\/"},"modified":"2024-09-24T10:00:16","modified_gmt":"2024-09-24T14:00:16","slug":"videos","status":"publish","type":"page","link":"https:\/\/www.redi-sensor.com\/es\/videos\/","title":{"rendered":"Serie de v\u00eddeos de TPMS \u2013 consejos t\u00e9cnicos pr\u00e1cticos"},"content":{"rendered":"<div id=\"pl-39565\"  class=\"panel-layout\" ><div id=\"pg-39565-0\"  class=\"panel-grid panel-has-style\" ><div class=\"wow fadeIn panel-row-style panel-row-style-for-39565-0\" ><div id=\"pgc-39565-0-0\"  class=\"panel-grid-cell\" ><div id=\"panel-39565-0-0-0\" class=\"so-panel widget widget_sow-editor panel-first-child panel-last-child\" data-index=\"0\" ><div\n\t\t\t\n\t\t\tclass=\"so-widget-sow-editor so-widget-sow-editor-base\"\n\t\t\t\n\t\t>\n<div class=\"siteorigin-widget-tinymce textwidget\">\n\t<div class=\"mceTemp\">\n<p>Desde los procedimientos de reaprendizaje de TPMS hasta los procedimientos de instalaci\u00f3n adecuados para sensores de v\u00e1stago de goma, nuestros videos instructivos de TPMS le mostrar\u00e1n los procedimientos adecuados para que tanto el sensor como todo el sistema TPMS funcionen correctamente. Nuestros videos instructivos de servicio del TPMS le ayudar\u00e1n a hacer bien el trabajo la primera vez, para evitar que sus clientes regresen con quejas.<\/p>\n<\/div>\n<\/div>\n<\/div><\/div><\/div><\/div><\/div><div id=\"pg-39565-1\"  class=\"panel-grid panel-no-style\" ><div id=\"pgc-39565-1-0\"  class=\"panel-grid-cell\" ><div id=\"panel-39565-1-0-0\" class=\"so-panel widget widget_siteorigin-panels-postloop panel-first-child panel-last-child\" data-index=\"1\" >\n\t\t\t\t<div class=\"grid-container\">\n\n\t\t\t\t\t<style type=\"text\/css\">\n\t\t\t\t\t          #Container .mix{\n\t\t\t\t\t            display: none;\n\t\t\t\t\t          }\n\t\t\t\t\t          .mixitup-control-active {\n\t\t\t\t\t            background-color: #08C476;\n\t\t\t\t\t            color:#fff;\n\t\t\t\t\t            \n\t\t\t\t\t          }\n\n\t\t\t\t\t          .mixitup-control-active:before {\n\t\t\t\t\t          \tcolor: #fff;\n\t\t\t\t\t          }\n\t\t\t\t\t          <\/style>\n\t\t\t\t\t\n\n\t\t\t\t\n\t\t\t\t\n\n\n\n\t\t\t\t<div class=\"grid-x grid-margin-x grid-margin-y align-left\"><div class=\"cell shrink\"><a class=\"filter button round small\" data-filter=\"all\" ><strong>show all<\/strong><\/a><\/div><div class=\"cell shrink wow fadeIn\" data-wow-delay=\".1s\">\n\t\t                      \t<a class=\"button small\" data-filter=\".tpms-service-tips\"><strong>TPMS Service TIps<\/strong><\/a><\/div><div class=\"cell shrink wow fadeIn\" data-wow-delay=\".2s\">\n\t\t                      \t<a class=\"button small\" data-filter=\".make--model-relearns\"><strong>Make \/ Model Relearns<\/strong><\/a><\/div><div class=\"cell shrink wow fadeIn\" data-wow-delay=\".3s\">\n\t\t                      \t<a class=\"button small\" data-filter=\".additional-redi-sensor-videos\"><strong>Additional REDI-Sensor videos<\/strong><\/a><\/div><\/div>\t\t\t\t<\/div>\n\n\n\t\t\t\t\n\t\t\t\t<div class=\"grid-x grid-margin-x grid-margin-y small-up-1 medium-up-2 large-up-3 align-center\" id=\"Container\" style=\"margin: 50px auto;\" >\n\t\t\t\t\n\t\t\t\t\t\t\t\t  \n\t\t\t\t    \n\n\n\t\t\t\t      <div class=\"item cell tpms-service-tips\" data-wow-delay=\".1s\">\n\t\t\t\t        <a title=\"Sensores TPMS REDI-Sensor multiaplicaci\u00f3n: La pr\u00f3xima generaci\u00f3n\" href=\"https:\/\/www.youtube.com\/watch?v=VCLsEvvNqpU?rel=0&autoplay=1&modestbranding=1\">\n\t\t\t\t        \t\t\t\t        \t<img decoding=\"async\" src=\"https:\/\/img.youtube.com\/vi\/VCLsEvvNqpU\/hqdefault.jpg\" \/>\n\t\t\t\t          <!-- <img decoding=\"async\" src=\"https:\/\/www.redi-sensor.com\/wp-content\/themes\/redisensor2019\/assets\/images\/no-thumbnail.png\" \/> -->\n\t\t\t\t        \t\t\t\t       \n\t\t\t\t        <\/a>\n\t\t\t\t        <h5><strong><a href=\"https:\/\/www.redi-sensor.com\/es\/video-item\/redi-sensor-multi-application-tpms-sensors-the-next-generation\/\">Sensores TPMS REDI-Sensor multiaplicaci\u00f3n: La pr\u00f3xima generaci\u00f3n<\/a><\/strong><\/h5>\n\t\t\t\t        <p>Denzel Lall habla con el maestro t\u00e9cnico de ASE, John Sears, sobre la nueva generaci\u00f3n de sensores REDI-Sensor y c\u00f3mo pueden agilizar el servicio de TPMS.<\/p>\n\n\t\t\t\t      <\/div>\n\n\t\t\t\t          \n\n\n\t\t\t\t  \n\t\t\t\t  \n\t\t\t\t\t\t\n\t\t\t\t\t\t\t\t  \n\t\t\t\t    \n\n\n\t\t\t\t      <div class=\"item cell tpms-service-tips\" data-wow-delay=\".2s\">\n\t\t\t\t        <a title=\"Reemplazo de los cuatro sensores TPMS\" href=\"https:\/\/www.youtube.com\/watch?v=PNZFiomR6Lg?rel=0&autoplay=1&modestbranding=1\">\n\t\t\t\t        \t\t\t\t        \t<img decoding=\"async\" src=\"https:\/\/img.youtube.com\/vi\/PNZFiomR6Lg\/hqdefault.jpg\" \/>\n\t\t\t\t          <!-- <img decoding=\"async\" src=\"https:\/\/www.redi-sensor.com\/wp-content\/themes\/redisensor2019\/assets\/images\/no-thumbnail.png\" \/> -->\n\t\t\t\t        \t\t\t\t       \n\t\t\t\t        <\/a>\n\t\t\t\t        <h5><strong><a href=\"https:\/\/www.redi-sensor.com\/es\/video-item\/replace-all-four-tpms-sensors\/\">Reemplazo de los cuatro sensores TPMS<\/a><\/strong><\/h5>\n\t\t\t\t        <p>Si reemplazar\u00e1 un sensor TPMS porque la pila se agot\u00f3, es probable que las pilas de los otros sensores tambi\u00e9n se agoten pronto si tienen la misma edad. Denzel Lall de AUMOVIO explica las ventajas de reemplazar los cuatro sensores a la vez.<\/p>\n\n\t\t\t\t      <\/div>\n\n\t\t\t\t          \n\n\n\t\t\t\t  \n\t\t\t\t  \n\t\t\t\t\t\t\n\t\t\t\t\t\t\t\t  \n\t\t\t\t    \n\n\n\t\t\t\t      <div class=\"item cell tpms-service-tips\" data-wow-delay=\".3s\">\n\t\t\t\t        <a title=\"Herramienta D Autodiagnos\u2122 para TPMS y sensores TPMS REDI-Sensor\u2122 multiaplicaci\u00f3n\" href=\"https:\/\/www.youtube.com\/watch?v=XParNo-s7nU?rel=0&autoplay=1&modestbranding=1\">\n\t\t\t\t        \t\t\t\t        \t<img decoding=\"async\" src=\"https:\/\/img.youtube.com\/vi\/XParNo-s7nU\/hqdefault.jpg\" \/>\n\t\t\t\t          <!-- <img decoding=\"async\" src=\"https:\/\/www.redi-sensor.com\/wp-content\/themes\/redisensor2019\/assets\/images\/no-thumbnail.png\" \/> -->\n\t\t\t\t        \t\t\t\t       \n\t\t\t\t        <\/a>\n\t\t\t\t        <h5><strong><a href=\"https:\/\/www.redi-sensor.com\/es\/video-item\/autodiagnos-tpms-d-tool-and-redi-sensor-multi-application-tpms-sensors\/\">Herramienta D Autodiagnos\u2122 para TPMS y sensores TPMS REDI-Sensor\u2122 multiaplicaci\u00f3n<\/a><\/strong><\/h5>\n\t\t\t\t        <p>Simple. Confiable. Rentable. Denzel Lall y John Sears de AUMOVIO le muestran c\u00f3mo la combinaci\u00f3n de la herramienta D Autodiagnos\u2122 para TPMS y los sensores TPMS REDI-Sensor\u2122 multiaplicaci\u00f3n crea un flujo de trabajo m\u00e1s r\u00e1pido y sencillo y causa menos dolores de cabeza.<\/p>\n<p><a class=\"button\" href=\"https:\/\/us.continental-aftermarket.com\/autodiagnos\/buy-now\/\" target=\"_blank\" rel=\"noopener\">Compre las herramientas para TPMS directamente<\/a><\/p>\n\n\t\t\t\t      <\/div>\n\n\t\t\t\t          \n\n\n\t\t\t\t  \n\t\t\t\t  \n\t\t\t\t\t\t\n\t\t\t\t\t\t\t\t  \n\t\t\t\t    \n\n\n\t\t\t\t      <div class=\"item cell tpms-service-tips\" data-wow-delay=\".4s\">\n\t\t\t\t        <a title=\"Servicio de TPMS: Reaprendizaje vs. programaci\u00f3n\" href=\"https:\/\/www.youtube.com\/watch?v=-wE81pJ1rcE?rel=0&autoplay=1&modestbranding=1\">\n\t\t\t\t        \t\t\t\t        \t<img decoding=\"async\" src=\"https:\/\/img.youtube.com\/vi\/-wE81pJ1rcE\/hqdefault.jpg\" \/>\n\t\t\t\t          <!-- <img decoding=\"async\" src=\"https:\/\/www.redi-sensor.com\/wp-content\/themes\/redisensor2019\/assets\/images\/no-thumbnail.png\" \/> -->\n\t\t\t\t        \t\t\t\t       \n\t\t\t\t        <\/a>\n\t\t\t\t        <h5><strong><a href=\"https:\/\/www.redi-sensor.com\/es\/video-item\/tpms-service-relearn-vs-programming\/\">Servicio de TPMS: Reaprendizaje vs. programaci\u00f3n<\/a><\/strong><\/h5>\n\t\t\t\t        <p>\u00bfCu\u00e1l es la diferencia entre reaprendizaje y programaci\u00f3n de un sistema TPMS? Denzel Lall y Sean Lannoo de AUMOVIO le explican ambas operaciones y sus diferencias. VER M\u00c1S<\/p>\n\n\t\t\t\t      <\/div>\n\n\t\t\t\t          \n\n\n\t\t\t\t  \n\t\t\t\t  \n\t\t\t\t\t\t\n\t\t\t\t\t\t\t\t  \n\t\t\t\t    \n\n\n\t\t\t\t      <div class=\"item cell additional-redi-sensor-videos\" data-wow-delay=\".5s\">\n\t\t\t\t        <a title=\"John Gardner y Denzel Lall hablan sobre el REDI-Sensor\" href=\"https:\/\/www.youtube.com\/watch?v=61hyd1sFYco?rel=0&autoplay=1&modestbranding=1\">\n\t\t\t\t        \t\t\t\t        \t<img decoding=\"async\" src=\"https:\/\/img.youtube.com\/vi\/61hyd1sFYco\/hqdefault.jpg\" \/>\n\t\t\t\t          <!-- <img decoding=\"async\" src=\"https:\/\/www.redi-sensor.com\/wp-content\/themes\/redisensor2019\/assets\/images\/no-thumbnail.png\" \/> -->\n\t\t\t\t        \t\t\t\t       \n\t\t\t\t        <\/a>\n\t\t\t\t        <h5><strong><a href=\"https:\/\/www.redi-sensor.com\/es\/video-item\/john-gardner-and-denzel-lall-discuss-redi-sensor\/\">John Gardner y Denzel Lall hablan sobre el REDI-Sensor<\/a><\/strong><\/h5>\n\t\t\t\t        <p>Vea al maestro t\u00e9cnico certificado John Gardner hablar sobre el TPMS REDI-Sensor con Denzel Lall, supervisor de capacitaci\u00f3n t\u00e9cnica de AUMOVIO.<\/p>\n\n\t\t\t\t      <\/div>\n\n\t\t\t\t          \n\n\n\t\t\t\t  \n\t\t\t\t  \n\t\t\t\t\t\t\n\t\t\t\t\t\t\t\t  \n\t\t\t\t    \n\n\n\t\t\t\t      <div class=\"item cell tpms-service-tips\" data-wow-delay=\".6s\">\n\t\t\t\t        <a title=\"Verificaci\u00f3n de la frecuencia del sensor TPMS\" href=\"https:\/\/www.youtube.com\/watch?v=gBSYiJzcdlE?rel=0&autoplay=1&modestbranding=1\">\n\t\t\t\t        \t\t\t\t        \t<img decoding=\"async\" src=\"https:\/\/img.youtube.com\/vi\/gBSYiJzcdlE\/hqdefault.jpg\" \/>\n\t\t\t\t          <!-- <img decoding=\"async\" src=\"https:\/\/www.redi-sensor.com\/wp-content\/themes\/redisensor2019\/assets\/images\/no-thumbnail.png\" \/> -->\n\t\t\t\t        \t\t\t\t       \n\t\t\t\t        <\/a>\n\t\t\t\t        <h5><strong><a href=\"https:\/\/www.redi-sensor.com\/es\/video-item\/verifying-the-tpms-sensor-frequency\/\">Verificaci\u00f3n de la frecuencia del sensor TPMS<\/a><\/strong><\/h5>\n\t\t\t\t        <p>Si no verifica la frecuencia de sus sensores TPMS, el reaprendizaje puede fallar. Aprenda a verificar la frecuencia.<\/p>\n\n\t\t\t\t      <\/div>\n\n\t\t\t\t          \n\n\n\t\t\t\t  \n\t\t\t\t  \n\t\t\t\t\t\t\n\t\t\t\t\t\t\t\t  \n\t\t\t\t    \n\n\n\t\t\t\t      <div class=\"item cell tpms-service-tips\" data-wow-delay=\".7s\">\n\t\t\t\t        <a title=\"Trucos y consejos para TPMS\" href=\"https:\/\/www.youtube.com\/watch?v=3Ik-sY221p0?rel=0&autoplay=1&modestbranding=1\">\n\t\t\t\t        \t\t\t\t        \t<img decoding=\"async\" src=\"https:\/\/img.youtube.com\/vi\/3Ik-sY221p0\/hqdefault.jpg\" \/>\n\t\t\t\t          <!-- <img decoding=\"async\" src=\"https:\/\/www.redi-sensor.com\/wp-content\/themes\/redisensor2019\/assets\/images\/no-thumbnail.png\" \/> -->\n\t\t\t\t        \t\t\t\t       \n\t\t\t\t        <\/a>\n\t\t\t\t        <h5><strong><a href=\"https:\/\/www.redi-sensor.com\/es\/video-item\/tpms-tricks-and-tips\/\">Trucos y consejos para TPMS<\/a><\/strong><\/h5>\n\t\t\t\t        <p>Estos sencillos trucos y consejos para TPMS pueden reducir el tiempo de servicio de los TPMS y aumentar sus \u00e9xitos.<\/p>\n\n\t\t\t\t      <\/div>\n\n\t\t\t\t          \n\n\n\t\t\t\t  \n\t\t\t\t  \n\t\t\t\t\t\t\n\t\t\t\t\t\t\t\t  \n\t\t\t\t    \n\n\n\t\t\t\t      <div class=\"item cell tpms-service-tips\" data-wow-delay=\".8s\">\n\t\t\t\t        <a title=\"Desbloqueo 2A y 3A de REDI-Sensor\" href=\"https:\/\/www.youtube.com\/watch?v=ZUJvWUf3GyE?rel=0&autoplay=1&modestbranding=1\">\n\t\t\t\t        \t\t\t\t        \t<img decoding=\"async\" src=\"https:\/\/img.youtube.com\/vi\/ZUJvWUf3GyE\/hqdefault.jpg\" \/>\n\t\t\t\t          <!-- <img decoding=\"async\" src=\"https:\/\/www.redi-sensor.com\/wp-content\/themes\/redisensor2019\/assets\/images\/no-thumbnail.png\" \/> -->\n\t\t\t\t        \t\t\t\t       \n\t\t\t\t        <\/a>\n\t\t\t\t        <h5><strong><a href=\"https:\/\/www.redi-sensor.com\/es\/video-item\/unlocking-vdo-redi-sensor-2a-3a\/\">Desbloqueo 2A y 3A de REDI-Sensor<\/a><\/strong><\/h5>\n\t\t\t\t        <p>Si tiene problemas para reaprender un REDI-Sensor SE10002A o SE10003A en el veh\u00edculo, es posible que sea necesario desbloquear el sensor. En este video aprender\u00e1 a desbloquear estos sensores REDI-Sensor.<\/p>\n\n\t\t\t\t      <\/div>\n\n\t\t\t\t          \n\n\n\t\t\t\t  \n\t\t\t\t  \n\t\t\t\t\t\t\n\t\t\t\t\t\t\t\t  \n\t\t\t\t    \n\n\n\t\t\t\t      <div class=\"item cell make--model-relearns\" data-wow-delay=\".9s\">\n\t\t\t\t        <a title=\"Reactivaci\u00f3n de los sensores TPMS REDI-Sensor durante los reaprendizajes en Toyota\" href=\"https:\/\/www.youtube.com\/watch?v=7Rzkver1yjQ?rel=0&autoplay=1&modestbranding=1\">\n\t\t\t\t        \t\t\t\t        \t<img decoding=\"async\" src=\"https:\/\/img.youtube.com\/vi\/7Rzkver1yjQ\/hqdefault.jpg\" \/>\n\t\t\t\t          <!-- <img decoding=\"async\" src=\"https:\/\/www.redi-sensor.com\/wp-content\/themes\/redisensor2019\/assets\/images\/no-thumbnail.png\" \/> -->\n\t\t\t\t        \t\t\t\t       \n\t\t\t\t        <\/a>\n\t\t\t\t        <h5><strong><a href=\"https:\/\/www.redi-sensor.com\/es\/video-item\/retriggering-vdo-redi-sensor-tpms-sensors-toyota-relearns\/\">Reactivaci\u00f3n de los sensores TPMS REDI-Sensor durante los reaprendizajes en Toyota<\/a><\/strong><\/h5>\n\t\t\t\t        <p>Cuando se trata de reaprendizajes de TPMS, los Toyota pueden ser un poco complicados. Estos son algunos consejos t\u00e9cnicos valiosos para facilitarle el servicio de los sistemas TPMS de Toyota.<\/p>\n\n\t\t\t\t      <\/div>\n\n\t\t\t\t          \n\n\n\t\t\t\t  \n\t\t\t\t  \n\t\t\t\t\t\t\n\t\t\t\t\t\t\t\t  \n\t\t\t\t    \n\n\n\t\t\t\t      <div class=\"item cell tpms-service-tips\" data-wow-delay=\".10s\">\n\t\t\t\t        <a title=\"Modo HP del TPMS Redi-Sensor\" href=\"https:\/\/www.youtube.com\/watch?v=eDpn00zDGrg?rel=0&autoplay=1&modestbranding=1\">\n\t\t\t\t        \t\t\t\t        \t<img decoding=\"async\" src=\"https:\/\/img.youtube.com\/vi\/eDpn00zDGrg\/hqdefault.jpg\" \/>\n\t\t\t\t          <!-- <img decoding=\"async\" src=\"https:\/\/www.redi-sensor.com\/wp-content\/themes\/redisensor2019\/assets\/images\/no-thumbnail.png\" \/> -->\n\t\t\t\t        \t\t\t\t       \n\t\t\t\t        <\/a>\n\t\t\t\t        <h5><strong><a href=\"https:\/\/www.redi-sensor.com\/es\/video-item\/vdo-redi-sensor-tpms-hp-mode\/\">Modo HP del TPMS Redi-Sensor<\/a><\/strong><\/h5>\n\t\t\t\t        <p>Aprenda a instalar los sensores REDI-Sensor SE10001HP y SE10001HPR en modo de alta presi\u00f3n con esta demostraci\u00f3n de Sean Lannoo de AUMOVIO.<\/p>\n\n\t\t\t\t      <\/div>\n\n\t\t\t\t          \n\n\n\t\t\t\t  \n\t\t\t\t  \n\t\t\t\t\t\t\t\t\t\t\t<\/div>\n\n\t\t\t\t<\/div><\/div><\/div><\/div>","protected":false},"excerpt":{"rendered":"<p>Desde los procedimientos de reaprendizaje de TPMS hasta los procedimientos de instalaci\u00f3n adecuados para sensores de v\u00e1stago de goma, nuestros videos instructivos de TPMS le mostrar\u00e1n los procedimientos adecuados para que tanto el sensor como todo el sistema TPMS funcionen correctamente. Nuestros videos instructivos de servicio del TPMS le ayudar\u00e1n a hacer bien el trabajo [&hellip;]<\/p>\n","protected":false},"author":1,"featured_media":39359,"parent":0,"menu_order":0,"comment_status":"closed","ping_status":"open","template":"page-templates\/page-full-width.php","meta":{"_acf_changed":false,"_monsterinsights_skip_tracking":false,"_monsterinsights_sitenote_active":false,"_monsterinsights_sitenote_note":"","_monsterinsights_sitenote_category":0,"footnotes":"","_links_to":"","_links_to_target":""},"class_list":["post-39565","page","type-page","status-publish","has-post-thumbnail","hentry"],"acf":[],"yoast_head":"<!-- This site is optimized with the Yoast SEO plugin v27.2 - https:\/\/yoast.com\/product\/yoast-seo-wordpress\/ -->\n<title>Serie de v\u00eddeos de TPMS \u2013 consejos t\u00e9cnicos pr\u00e1cticos - REDI-Sensor<\/title>\n<meta name=\"description\" content=\"Helpful videos with TPMS how to&#039;s. Learn how to perform TPMS relearns, install rubber-stem sensors, and make specific TPMS procedures.\" \/>\n<meta name=\"robots\" content=\"index, follow, max-snippet:-1, max-image-preview:large, max-video-preview:-1\" \/>\n<link rel=\"canonical\" href=\"https:\/\/www.redi-sensor.com\/es\/videos\/\" \/>\n<meta property=\"og:locale\" content=\"es_ES\" \/>\n<meta property=\"og:type\" content=\"article\" \/>\n<meta property=\"og:title\" content=\"Serie de v\u00eddeos de TPMS \u2013 consejos t\u00e9cnicos pr\u00e1cticos - REDI-Sensor\" \/>\n<meta property=\"og:description\" content=\"Helpful videos with TPMS how to&#039;s. Learn how to perform TPMS relearns, install rubber-stem sensors, and make specific TPMS procedures.\" \/>\n<meta property=\"og:url\" content=\"https:\/\/www.redi-sensor.com\/es\/videos\/\" \/>\n<meta property=\"og:site_name\" content=\"REDI-Sensor\" \/>\n<meta property=\"article:modified_time\" content=\"2024-09-24T14:00:16+00:00\" \/>\n<meta property=\"og:image\" content=\"https:\/\/www.redi-sensor.com\/wp-content\/uploads\/2021\/10\/featured-image-header-09-2021.jpg\" \/>\n\t<meta property=\"og:image:width\" content=\"1550\" \/>\n\t<meta property=\"og:image:height\" content=\"900\" \/>\n\t<meta property=\"og:image:type\" content=\"image\/jpeg\" \/>\n<meta name=\"twitter:label1\" content=\"Tiempo de lectura\" \/>\n\t<meta name=\"twitter:data1\" content=\"1 minuto\" \/>\n<script type=\"application\/ld+json\" class=\"yoast-schema-graph\">{\"@context\":\"https:\/\/schema.org\",\"@graph\":[{\"@type\":\"WebPage\",\"@id\":\"https:\/\/www.redi-sensor.com\/es\/videos\/\",\"url\":\"https:\/\/www.redi-sensor.com\/es\/videos\/\",\"name\":\"Serie de v\u00eddeos de TPMS \u2013 consejos t\u00e9cnicos pr\u00e1cticos - REDI-Sensor\",\"isPartOf\":{\"@id\":\"https:\/\/www.redi-sensor.com\/es\/#website\"},\"primaryImageOfPage\":{\"@id\":\"https:\/\/www.redi-sensor.com\/es\/videos\/#primaryimage\"},\"image\":{\"@id\":\"https:\/\/www.redi-sensor.com\/es\/videos\/#primaryimage\"},\"thumbnailUrl\":\"https:\/\/www.redi-sensor.com\/wp-content\/uploads\/2021\/10\/featured-image-header-09-2021.jpg\",\"datePublished\":\"2014-09-03T18:08:57+00:00\",\"dateModified\":\"2024-09-24T14:00:16+00:00\",\"description\":\"Helpful videos with TPMS how to's. Learn how to perform TPMS relearns, install rubber-stem sensors, and make specific TPMS procedures.\",\"breadcrumb\":{\"@id\":\"https:\/\/www.redi-sensor.com\/es\/videos\/#breadcrumb\"},\"inLanguage\":\"es\",\"potentialAction\":[{\"@type\":\"ReadAction\",\"target\":[\"https:\/\/www.redi-sensor.com\/es\/videos\/\"]}]},{\"@type\":\"ImageObject\",\"inLanguage\":\"es\",\"@id\":\"https:\/\/www.redi-sensor.com\/es\/videos\/#primaryimage\",\"url\":\"https:\/\/www.redi-sensor.com\/wp-content\/uploads\/2021\/10\/featured-image-header-09-2021.jpg\",\"contentUrl\":\"https:\/\/www.redi-sensor.com\/wp-content\/uploads\/2021\/10\/featured-image-header-09-2021.jpg\",\"width\":1550,\"height\":900},{\"@type\":\"BreadcrumbList\",\"@id\":\"https:\/\/www.redi-sensor.com\/es\/videos\/#breadcrumb\",\"itemListElement\":[{\"@type\":\"ListItem\",\"position\":1,\"name\":\"Home\",\"item\":\"https:\/\/www.redi-sensor.com\/es\/\"},{\"@type\":\"ListItem\",\"position\":2,\"name\":\"Serie de v\u00eddeos de TPMS \u2013 consejos t\u00e9cnicos pr\u00e1cticos\"}]},{\"@type\":\"WebSite\",\"@id\":\"https:\/\/www.redi-sensor.com\/es\/#website\",\"url\":\"https:\/\/www.redi-sensor.com\/es\/\",\"name\":\"REDI-Sensor\",\"description\":\"Multi-Application TPMS Sensors\",\"publisher\":{\"@id\":\"https:\/\/www.redi-sensor.com\/es\/#organization\"},\"potentialAction\":[{\"@type\":\"SearchAction\",\"target\":{\"@type\":\"EntryPoint\",\"urlTemplate\":\"https:\/\/www.redi-sensor.com\/es\/?s={search_term_string}\"},\"query-input\":{\"@type\":\"PropertyValueSpecification\",\"valueRequired\":true,\"valueName\":\"search_term_string\"}}],\"inLanguage\":\"es\"},{\"@type\":\"Organization\",\"@id\":\"https:\/\/www.redi-sensor.com\/es\/#organization\",\"name\":\"REDI-Sensor\",\"url\":\"https:\/\/www.redi-sensor.com\/es\/\",\"logo\":{\"@type\":\"ImageObject\",\"inLanguage\":\"es\",\"@id\":\"https:\/\/www.redi-sensor.com\/es\/#\/schema\/logo\/image\/\",\"url\":\"https:\/\/redi-sensor.com\/wp-content\/uploads\/2019\/06\/vdo-redisensor-logo-combined-2.svg\",\"contentUrl\":\"https:\/\/redi-sensor.com\/wp-content\/uploads\/2019\/06\/vdo-redisensor-logo-combined-2.svg\",\"width\":1,\"height\":1,\"caption\":\"REDI-Sensor\"},\"image\":{\"@id\":\"https:\/\/www.redi-sensor.com\/es\/#\/schema\/logo\/image\/\"}}]}<\/script>\n<!-- \/ Yoast SEO plugin. -->","yoast_head_json":{"title":"Serie de v\u00eddeos de TPMS \u2013 consejos t\u00e9cnicos pr\u00e1cticos - REDI-Sensor","description":"Helpful videos with TPMS how to's. Learn how to perform TPMS relearns, install rubber-stem sensors, and make specific TPMS procedures.","robots":{"index":"index","follow":"follow","max-snippet":"max-snippet:-1","max-image-preview":"max-image-preview:large","max-video-preview":"max-video-preview:-1"},"canonical":"https:\/\/www.redi-sensor.com\/es\/videos\/","og_locale":"es_ES","og_type":"article","og_title":"Serie de v\u00eddeos de TPMS \u2013 consejos t\u00e9cnicos pr\u00e1cticos - REDI-Sensor","og_description":"Helpful videos with TPMS how to's. Learn how to perform TPMS relearns, install rubber-stem sensors, and make specific TPMS procedures.","og_url":"https:\/\/www.redi-sensor.com\/es\/videos\/","og_site_name":"REDI-Sensor","article_modified_time":"2024-09-24T14:00:16+00:00","og_image":[{"width":1550,"height":900,"url":"https:\/\/www.redi-sensor.com\/wp-content\/uploads\/2021\/10\/featured-image-header-09-2021.jpg","type":"image\/jpeg"}],"twitter_misc":{"Tiempo de lectura":"1 minuto"},"schema":{"@context":"https:\/\/schema.org","@graph":[{"@type":"WebPage","@id":"https:\/\/www.redi-sensor.com\/es\/videos\/","url":"https:\/\/www.redi-sensor.com\/es\/videos\/","name":"Serie de v\u00eddeos de TPMS \u2013 consejos t\u00e9cnicos pr\u00e1cticos - REDI-Sensor","isPartOf":{"@id":"https:\/\/www.redi-sensor.com\/es\/#website"},"primaryImageOfPage":{"@id":"https:\/\/www.redi-sensor.com\/es\/videos\/#primaryimage"},"image":{"@id":"https:\/\/www.redi-sensor.com\/es\/videos\/#primaryimage"},"thumbnailUrl":"https:\/\/www.redi-sensor.com\/wp-content\/uploads\/2021\/10\/featured-image-header-09-2021.jpg","datePublished":"2014-09-03T18:08:57+00:00","dateModified":"2024-09-24T14:00:16+00:00","description":"Helpful videos with TPMS how to's. Learn how to perform TPMS relearns, install rubber-stem sensors, and make specific TPMS procedures.","breadcrumb":{"@id":"https:\/\/www.redi-sensor.com\/es\/videos\/#breadcrumb"},"inLanguage":"es","potentialAction":[{"@type":"ReadAction","target":["https:\/\/www.redi-sensor.com\/es\/videos\/"]}]},{"@type":"ImageObject","inLanguage":"es","@id":"https:\/\/www.redi-sensor.com\/es\/videos\/#primaryimage","url":"https:\/\/www.redi-sensor.com\/wp-content\/uploads\/2021\/10\/featured-image-header-09-2021.jpg","contentUrl":"https:\/\/www.redi-sensor.com\/wp-content\/uploads\/2021\/10\/featured-image-header-09-2021.jpg","width":1550,"height":900},{"@type":"BreadcrumbList","@id":"https:\/\/www.redi-sensor.com\/es\/videos\/#breadcrumb","itemListElement":[{"@type":"ListItem","position":1,"name":"Home","item":"https:\/\/www.redi-sensor.com\/es\/"},{"@type":"ListItem","position":2,"name":"Serie de v\u00eddeos de TPMS \u2013 consejos t\u00e9cnicos pr\u00e1cticos"}]},{"@type":"WebSite","@id":"https:\/\/www.redi-sensor.com\/es\/#website","url":"https:\/\/www.redi-sensor.com\/es\/","name":"REDI-Sensor","description":"Multi-Application TPMS Sensors","publisher":{"@id":"https:\/\/www.redi-sensor.com\/es\/#organization"},"potentialAction":[{"@type":"SearchAction","target":{"@type":"EntryPoint","urlTemplate":"https:\/\/www.redi-sensor.com\/es\/?s={search_term_string}"},"query-input":{"@type":"PropertyValueSpecification","valueRequired":true,"valueName":"search_term_string"}}],"inLanguage":"es"},{"@type":"Organization","@id":"https:\/\/www.redi-sensor.com\/es\/#organization","name":"REDI-Sensor","url":"https:\/\/www.redi-sensor.com\/es\/","logo":{"@type":"ImageObject","inLanguage":"es","@id":"https:\/\/www.redi-sensor.com\/es\/#\/schema\/logo\/image\/","url":"https:\/\/redi-sensor.com\/wp-content\/uploads\/2019\/06\/vdo-redisensor-logo-combined-2.svg","contentUrl":"https:\/\/redi-sensor.com\/wp-content\/uploads\/2019\/06\/vdo-redisensor-logo-combined-2.svg","width":1,"height":1,"caption":"REDI-Sensor"},"image":{"@id":"https:\/\/www.redi-sensor.com\/es\/#\/schema\/logo\/image\/"}}]}},"_links":{"self":[{"href":"https:\/\/www.redi-sensor.com\/es\/wp-json\/wp\/v2\/pages\/39565","targetHints":{"allow":["GET"]}}],"collection":[{"href":"https:\/\/www.redi-sensor.com\/es\/wp-json\/wp\/v2\/pages"}],"about":[{"href":"https:\/\/www.redi-sensor.com\/es\/wp-json\/wp\/v2\/types\/page"}],"author":[{"embeddable":true,"href":"https:\/\/www.redi-sensor.com\/es\/wp-json\/wp\/v2\/users\/1"}],"replies":[{"embeddable":true,"href":"https:\/\/www.redi-sensor.com\/es\/wp-json\/wp\/v2\/comments?post=39565"}],"version-history":[{"count":0,"href":"https:\/\/www.redi-sensor.com\/es\/wp-json\/wp\/v2\/pages\/39565\/revisions"}],"wp:featuredmedia":[{"embeddable":true,"href":"https:\/\/www.redi-sensor.com\/es\/wp-json\/wp\/v2\/media\/39359"}],"wp:attachment":[{"href":"https:\/\/www.redi-sensor.com\/es\/wp-json\/wp\/v2\/media?parent=39565"}],"curies":[{"name":"wp","href":"https:\/\/api.w.org\/{rel}","templated":true}]}}