{"id":39602,"date":"2014-05-02T21:29:02","date_gmt":"2014-05-03T01:29:02","guid":{"rendered":"https:\/\/www.redi-sensor.com\/redi-sensor-tpms-advantage\/"},"modified":"2024-10-11T11:06:56","modified_gmt":"2024-10-11T15:06:56","slug":"la-ventaja-del-redi-sensor-tpms","status":"publish","type":"page","link":"https:\/\/www.redi-sensor.com\/es\/la-ventaja-del-redi-sensor-tpms\/","title":{"rendered":"La ventaja del REDI-Sensor TPMS"},"content":{"rendered":"<div id=\"pl-39602\"  class=\"panel-layout\" ><div id=\"pg-39602-0\"  class=\"panel-grid panel-has-style\" ><div class=\"panel-row-style panel-row-style-for-39602-0\" ><div id=\"pgc-39602-0-0\"  class=\"panel-grid-cell\" ><div id=\"panel-39602-0-0-0\" class=\"so-panel widget widget_sow-editor panel-first-child panel-last-child\" data-index=\"0\" ><div\n\t\t\t\n\t\t\tclass=\"so-widget-sow-editor so-widget-sow-editor-base\"\n\t\t\t\n\t\t>\n<div class=\"siteorigin-widget-tinymce textwidget\">\n\t<h2><b>REDI-Sensor ofrece ventajas tanto para los profesionales del servicio de autom\u00f3viles como para los conductores<\/b><\/h2>\n<\/div>\n<\/div><\/div><\/div><\/div><\/div><div id=\"pg-39602-1\"  class=\"panel-grid panel-has-style\" ><div class=\"wow fadeIn panel-row-style panel-row-style-for-39602-1\" ><div id=\"pgc-39602-1-0\"  class=\"panel-grid-cell\" ><div id=\"panel-39602-1-0-0\" class=\"so-panel widget widget_sow-editor panel-first-child panel-last-child\" data-index=\"1\" ><div\n\t\t\t\n\t\t\tclass=\"so-widget-sow-editor so-widget-sow-editor-base\"\n\t\t\t\n\t\t>\n<div class=\"siteorigin-widget-tinymce textwidget\">\n\t<h3><b>Servicio TPMS m\u00e1s r\u00e1pido para conductores<\/b><\/h3>\n<p>Si un taller tiene un existencia de varios de los cuatro REDI-Sensors, ese taller tendr\u00e1 cobertura de sensores TPMS para la mayor\u00eda de los veh\u00edculos. Eso significa que los conductores pueden recoger su veh\u00edculo m\u00e1s pronto y los talleres no necesitan esperar la entrega de piezas para el sensor TPMS.<\/p>\n<\/div>\n<\/div><\/div><\/div><div id=\"pgc-39602-1-1\"  class=\"panel-grid-cell\" ><div id=\"panel-39602-1-1-0\" class=\"so-panel widget widget_media_image panel-first-child panel-last-child\" data-index=\"2\" ><img loading=\"lazy\" decoding=\"async\" width=\"1024\" height=\"640\" src=\"https:\/\/www.redi-sensor.com\/wp-content\/uploads\/2021\/10\/Faster-TPMS-service-for-drivers-1024x640.jpg\" class=\"image wp-image-37239  attachment-large size-large\" alt=\"\" style=\"max-width: 100%; height: auto;\" srcset=\"https:\/\/www.redi-sensor.com\/wp-content\/uploads\/2021\/10\/Faster-TPMS-service-for-drivers-1024x640.jpg 1024w, https:\/\/www.redi-sensor.com\/wp-content\/uploads\/2021\/10\/Faster-TPMS-service-for-drivers-300x188.jpg 300w, https:\/\/www.redi-sensor.com\/wp-content\/uploads\/2021\/10\/Faster-TPMS-service-for-drivers-768x480.jpg 768w, https:\/\/www.redi-sensor.com\/wp-content\/uploads\/2021\/10\/Faster-TPMS-service-for-drivers-640x400.jpg 640w, https:\/\/www.redi-sensor.com\/wp-content\/uploads\/2021\/10\/Faster-TPMS-service-for-drivers-1200x750.jpg 1200w, https:\/\/www.redi-sensor.com\/wp-content\/uploads\/2021\/10\/Faster-TPMS-service-for-drivers.jpg 1440w\" sizes=\"auto, (max-width: 639px) 98vw, (max-width: 1199px) 64vw, 770px\" \/><\/div><\/div><\/div><\/div><div id=\"pg-39602-2\"  class=\"panel-grid panel-has-style\" ><div class=\"wow fadeIn panel-row-style panel-row-style-for-39602-2\" ><div id=\"pgc-39602-2-0\"  class=\"panel-grid-cell\" ><div id=\"panel-39602-2-0-0\" class=\"so-panel widget widget_media_image panel-first-child panel-last-child\" data-index=\"3\" ><img loading=\"lazy\" decoding=\"async\" width=\"1024\" height=\"576\" src=\"https:\/\/www.redi-sensor.com\/wp-content\/uploads\/2021\/10\/New-Gen-Packages-on-blue-rack-1500X844-1024x576.jpeg\" class=\"image wp-image-37314  attachment-large size-large\" alt=\"\" style=\"max-width: 100%; height: auto;\" srcset=\"https:\/\/www.redi-sensor.com\/wp-content\/uploads\/2021\/10\/New-Gen-Packages-on-blue-rack-1500X844-1024x576.jpeg 1024w, https:\/\/www.redi-sensor.com\/wp-content\/uploads\/2021\/10\/New-Gen-Packages-on-blue-rack-1500X844-300x169.jpeg 300w, https:\/\/www.redi-sensor.com\/wp-content\/uploads\/2021\/10\/New-Gen-Packages-on-blue-rack-1500X844-768x432.jpeg 768w, https:\/\/www.redi-sensor.com\/wp-content\/uploads\/2021\/10\/New-Gen-Packages-on-blue-rack-1500X844-463x260.jpeg 463w, https:\/\/www.redi-sensor.com\/wp-content\/uploads\/2021\/10\/New-Gen-Packages-on-blue-rack-1500X844-640x360.jpeg 640w, https:\/\/www.redi-sensor.com\/wp-content\/uploads\/2021\/10\/New-Gen-Packages-on-blue-rack-1500X844-1200x675.jpeg 1200w, https:\/\/www.redi-sensor.com\/wp-content\/uploads\/2021\/10\/New-Gen-Packages-on-blue-rack-1500X844.jpeg 1280w\" sizes=\"auto, (max-width: 639px) 98vw, (max-width: 1199px) 64vw, 770px\" \/><\/div><\/div><div id=\"pgc-39602-2-1\"  class=\"panel-grid-cell\" ><div id=\"panel-39602-2-1-0\" class=\"so-panel widget widget_sow-editor panel-first-child panel-last-child\" data-index=\"4\" ><div class=\"panel-widget-style panel-widget-style-for-39602-2-1-0\" ><div\n\t\t\t\n\t\t\tclass=\"so-widget-sow-editor so-widget-sow-editor-base\"\n\t\t\t\n\t\t>\n<div class=\"siteorigin-widget-tinymce textwidget\">\n\t<h3><b>M\u00e1s cobertura con menos inventario<\/b><\/h3>\n<p>Para refaccionarias y distribuidores de autopartes, cuatro SKU de REDI-Sensor reemplazan m\u00e1s de 300 sensores OE, por lo que pueden reducir considerablemente la cantidad de SKU necesarios para cubrir todos los TPMS. Los vendedores de llantas s\u00f3lo necesitan tener  una peque\u00f1a cantidad de REDI-Sensors para manejar pr\u00e1cticamente cualquier veh\u00edculo que entre a servicio. REDI-Sensor puede reemplazar sensores atornillables, de encaje a presi\u00f3n y de banda con una cobertura que supera los 300 millones de veh\u00edculos en operaci\u00f3n de los a\u00f1os 2002 a 2023.<\/p>\n<\/div>\n<\/div><\/div><\/div><\/div><\/div><\/div><div id=\"pg-39602-3\"  class=\"panel-grid panel-has-style\" ><div class=\"siteorigin-panels-stretch panel-row-style panel-row-style-for-39602-3\" data-stretch-type=\"full\" ><div id=\"pgc-39602-3-0\"  class=\"panel-grid-cell\" ><div id=\"panel-39602-3-0-0\" class=\"so-panel widget widget_sow-icon panel-first-child\" data-index=\"5\" ><div\n\t\t\t\n\t\t\tclass=\"so-widget-sow-icon so-widget-sow-icon-default-51a3d7e636c6-39602\"\n\t\t\t\n\t\t>\n<div class=\"sow-icon-container sow-icon\">\n\t\t\t<span class=\"sow-icon-elegantline\" data-sow-icon=\"&#xe011;\"\n\t\t title=\"Watch\"\n\t\taria-hidden=\"true\"><\/span>\t<\/div>\n<\/div><\/div><div id=\"panel-39602-3-0-1\" class=\"so-panel widget widget_sow-editor panel-last-child\" data-index=\"6\" ><div class=\"panel-widget-style panel-widget-style-for-39602-3-0-1\" ><div\n\t\t\t\n\t\t\tclass=\"so-widget-sow-editor so-widget-sow-editor-base\"\n\t\t\t\n\t\t>\n<div class=\"siteorigin-widget-tinymce textwidget\">\n\t<h3><span style=\"color: #ffffff;\"><strong>John Gardner y Denzel Lall hablan sobre el REDI-Sensor<\/strong><\/span><\/h3>\n<p>Vea al maestro t\u00e9cnico certificado John Gardner hablar sobre el TPMS REDI-Sensor con Denzel Lall, supervisor de capacitaci\u00f3n t\u00e9cnica de Continental. <\/p>\n<p><a class=\"button\" href=\"https:\/\/www.youtube.com\/c\/ContinentalAftermarketNA\">Ver m\u00e1s v\u00eddeos<\/a><\/p>\n<\/div>\n<\/div><\/div><\/div><\/div><div id=\"pgc-39602-3-1\"  class=\"panel-grid-cell\" ><div id=\"panel-39602-3-1-0\" class=\"so-panel widget widget_media_video panel-first-child panel-last-child\" data-index=\"7\" ><div style=\"width:100%;\" class=\"wp-video\"><video class=\"wp-video-shortcode\" id=\"video-39602-1\" preload=\"metadata\" controls=\"controls\"><source type=\"video\/youtube\" src=\"https:\/\/www.youtube.com\/watch?v=61hyd1sFYco&#038;_=1\" \/><a href=\"https:\/\/www.youtube.com\/watch?v=61hyd1sFYco\">https:\/\/www.youtube.com\/watch?v=61hyd1sFYco<\/a><\/video><\/div><\/div><\/div><\/div><\/div><div id=\"pg-39602-4\"  class=\"panel-grid panel-has-style\" ><div class=\"wow fadeIn panel-row-style panel-row-style-for-39602-4\" ><div id=\"pgc-39602-4-0\"  class=\"panel-grid-cell\" ><div id=\"panel-39602-4-0-0\" class=\"so-panel widget widget_sow-editor panel-first-child panel-last-child\" data-index=\"8\" ><div\n\t\t\t\n\t\t\tclass=\"so-widget-sow-editor so-widget-sow-editor-base\"\n\t\t\t\n\t\t>\n<div class=\"siteorigin-widget-tinymce textwidget\">\n\t<h3><b>No hay errores de programaci\u00f3n del sensor TPMS<\/b><\/h3>\n<p>Los profesionales del servicio de autom\u00f3viles informan que los errores de programaci\u00f3n son uno de los problemas que consume m\u00e1s tiempo y que les hacen tropezar con el servicio de los TPMS. A veces, no pueden programarlo la primera vez y deben tratar varias veces. Otras veces la programaci\u00f3n parece exitosa, pero no se hace el reaprendizaje del veh\u00edculo. A menudo, esto se debe a la necesidad de actualizar el software de la herramienta de programaci\u00f3n.<\/p>\n<p>REDI-Sensor viene preprogramado para m\u00faltiples veh\u00edculos y, por lo tanto, no necesita programaci\u00f3n. Si no necesita programaci\u00f3n, no hay errores de programaci\u00f3n.<\/p>\n<\/div>\n<\/div><\/div><\/div><div id=\"pgc-39602-4-1\"  class=\"panel-grid-cell\" ><div id=\"panel-39602-4-1-0\" class=\"so-panel widget widget_media_image panel-first-child panel-last-child\" data-index=\"9\" ><img loading=\"lazy\" decoding=\"async\" width=\"1024\" height=\"576\" src=\"https:\/\/www.redi-sensor.com\/wp-content\/uploads\/2021\/10\/Todd-with-TPMS-tool-on-one-knee-1500X844-1024x576.jpeg\" class=\"image wp-image-37303  attachment-large size-large\" alt=\"\" style=\"max-width: 100%; height: auto;\" srcset=\"https:\/\/www.redi-sensor.com\/wp-content\/uploads\/2021\/10\/Todd-with-TPMS-tool-on-one-knee-1500X844-1024x576.jpeg 1024w, https:\/\/www.redi-sensor.com\/wp-content\/uploads\/2021\/10\/Todd-with-TPMS-tool-on-one-knee-1500X844-300x169.jpeg 300w, https:\/\/www.redi-sensor.com\/wp-content\/uploads\/2021\/10\/Todd-with-TPMS-tool-on-one-knee-1500X844-768x432.jpeg 768w, https:\/\/www.redi-sensor.com\/wp-content\/uploads\/2021\/10\/Todd-with-TPMS-tool-on-one-knee-1500X844-463x260.jpeg 463w, https:\/\/www.redi-sensor.com\/wp-content\/uploads\/2021\/10\/Todd-with-TPMS-tool-on-one-knee-1500X844-640x360.jpeg 640w, https:\/\/www.redi-sensor.com\/wp-content\/uploads\/2021\/10\/Todd-with-TPMS-tool-on-one-knee-1500X844-1200x675.jpeg 1200w, https:\/\/www.redi-sensor.com\/wp-content\/uploads\/2021\/10\/Todd-with-TPMS-tool-on-one-knee-1500X844.jpeg 1280w\" sizes=\"auto, (max-width: 639px) 98vw, (max-width: 1199px) 64vw, 770px\" \/><\/div><\/div><\/div><\/div><div id=\"pg-39602-5\"  class=\"panel-grid panel-has-style\" ><div class=\"wow fadeIn panel-row-style panel-row-style-for-39602-5\" ><div id=\"pgc-39602-5-0\"  class=\"panel-grid-cell\" ><div id=\"panel-39602-5-0-0\" class=\"so-panel widget widget_media_image panel-first-child panel-last-child\" data-index=\"10\" ><img loading=\"lazy\" decoding=\"async\" width=\"1024\" height=\"576\" src=\"https:\/\/www.redi-sensor.com\/wp-content\/uploads\/2021\/10\/redi-sensor-glamour-2021_cleaned-1500X844-1024x576.jpeg\" class=\"image wp-image-37306  attachment-large size-large\" alt=\"\" style=\"max-width: 100%; height: auto;\" srcset=\"https:\/\/www.redi-sensor.com\/wp-content\/uploads\/2021\/10\/redi-sensor-glamour-2021_cleaned-1500X844-1024x576.jpeg 1024w, https:\/\/www.redi-sensor.com\/wp-content\/uploads\/2021\/10\/redi-sensor-glamour-2021_cleaned-1500X844-300x169.jpeg 300w, https:\/\/www.redi-sensor.com\/wp-content\/uploads\/2021\/10\/redi-sensor-glamour-2021_cleaned-1500X844-768x432.jpeg 768w, https:\/\/www.redi-sensor.com\/wp-content\/uploads\/2021\/10\/redi-sensor-glamour-2021_cleaned-1500X844-463x260.jpeg 463w, https:\/\/www.redi-sensor.com\/wp-content\/uploads\/2021\/10\/redi-sensor-glamour-2021_cleaned-1500X844-640x360.jpeg 640w, https:\/\/www.redi-sensor.com\/wp-content\/uploads\/2021\/10\/redi-sensor-glamour-2021_cleaned-1500X844-1200x675.jpeg 1200w, https:\/\/www.redi-sensor.com\/wp-content\/uploads\/2021\/10\/redi-sensor-glamour-2021_cleaned-1500X844.jpeg 1280w\" sizes=\"auto, (max-width: 639px) 98vw, (max-width: 1199px) 64vw, 770px\" \/><\/div><\/div><div id=\"pgc-39602-5-1\"  class=\"panel-grid-cell\" ><div id=\"panel-39602-5-1-0\" class=\"so-panel widget widget_sow-editor panel-first-child panel-last-child\" data-index=\"11\" ><div\n\t\t\t\n\t\t\tclass=\"so-widget-sow-editor so-widget-sow-editor-base\"\n\t\t\t\n\t\t>\n<div class=\"siteorigin-widget-tinymce textwidget\">\n\t<h3><b>No se requieren herramientas especializadas ni inversiones adicionales<\/b><\/h3>\n<p>Si un taller tiene las herramientas de escaneo para TPMS y el conocimiento para manejar los sensores originales, est\u00e1 listo para usar el REDI-Sensor. A diferencia de los sensores 'universales', 'clonables' o 'programables' que pueden requerir software y herramientas especializadas para la programaci\u00f3n de sensores, no se requieren compras, capacitaci\u00f3n o inversiones adicionales para comenzar con REDI-Sensor. El REDI-Sensor est\u00e1 dise\u00f1ado para seguir los procedimientos de reaprendizaje de veh\u00edculos OE y se prueban y validan constantemente para cumplir con las normas de OE.<\/p>\n<\/div>\n<\/div><\/div><\/div><\/div><\/div><div id=\"pg-39602-6\"  class=\"panel-grid panel-has-style\" ><div class=\"wow fadeIn panel-row-style panel-row-style-for-39602-6\" ><div id=\"pgc-39602-6-0\"  class=\"panel-grid-cell\" ><div id=\"panel-39602-6-0-0\" class=\"so-panel widget widget_sow-editor panel-first-child panel-last-child\" data-index=\"12\" ><div\n\t\t\t\n\t\t\tclass=\"so-widget-sow-editor so-widget-sow-editor-base\"\n\t\t\t\n\t\t>\n<div class=\"siteorigin-widget-tinymce textwidget\">\n\t<h3><b>Dise\u00f1ado y validado como equipo original<\/b><\/h3>\n<p>REDI-Sensor fue creado por Continental, uno de los principales proveedores de TPMS de la industria. REDI-Sensor est\u00e1 construido con las mismas normas de calidad y precisi\u00f3n que los sistemas y sensores que suministramos como equipo original a fabricantes de autom\u00f3viles de todo el mundo.<\/p>\n<\/div>\n<\/div><\/div><\/div><div id=\"pgc-39602-6-1\"  class=\"panel-grid-cell\" ><div id=\"panel-39602-6-1-0\" class=\"so-panel widget widget_media_image panel-first-child panel-last-child\" data-index=\"13\" ><img loading=\"lazy\" decoding=\"async\" width=\"1024\" height=\"576\" src=\"https:\/\/www.redi-sensor.com\/wp-content\/uploads\/2021\/10\/New-Gen-REDI-Sensor-on-cart-tool-chest-in-bkrnd-1-1500X844-1024x576.jpeg\" class=\"image wp-image-37311  attachment-large size-large\" alt=\"\" style=\"max-width: 100%; height: auto;\" srcset=\"https:\/\/www.redi-sensor.com\/wp-content\/uploads\/2021\/10\/New-Gen-REDI-Sensor-on-cart-tool-chest-in-bkrnd-1-1500X844-1024x576.jpeg 1024w, https:\/\/www.redi-sensor.com\/wp-content\/uploads\/2021\/10\/New-Gen-REDI-Sensor-on-cart-tool-chest-in-bkrnd-1-1500X844-300x169.jpeg 300w, https:\/\/www.redi-sensor.com\/wp-content\/uploads\/2021\/10\/New-Gen-REDI-Sensor-on-cart-tool-chest-in-bkrnd-1-1500X844-768x432.jpeg 768w, https:\/\/www.redi-sensor.com\/wp-content\/uploads\/2021\/10\/New-Gen-REDI-Sensor-on-cart-tool-chest-in-bkrnd-1-1500X844-463x260.jpeg 463w, https:\/\/www.redi-sensor.com\/wp-content\/uploads\/2021\/10\/New-Gen-REDI-Sensor-on-cart-tool-chest-in-bkrnd-1-1500X844-640x360.jpeg 640w, https:\/\/www.redi-sensor.com\/wp-content\/uploads\/2021\/10\/New-Gen-REDI-Sensor-on-cart-tool-chest-in-bkrnd-1-1500X844-1200x675.jpeg 1200w, https:\/\/www.redi-sensor.com\/wp-content\/uploads\/2021\/10\/New-Gen-REDI-Sensor-on-cart-tool-chest-in-bkrnd-1-1500X844.jpeg 1280w\" sizes=\"auto, (max-width: 639px) 98vw, (max-width: 1199px) 64vw, 770px\" \/><\/div><\/div><\/div><\/div><\/div>","protected":false},"excerpt":{"rendered":"<p>REDI-Sensor ofrece ventajas tanto para los profesionales del servicio de autom\u00f3viles como para los conductores Servicio TPMS m\u00e1s r\u00e1pido para conductores Si un taller tiene un existencia de varios de los cuatro REDI-Sensors, ese taller tendr\u00e1 cobertura de sensores TPMS para la mayor\u00eda de los veh\u00edculos. Eso significa que los conductores pueden recoger su veh\u00edculo [&hellip;]<\/p>\n","protected":false},"author":1,"featured_media":39339,"parent":0,"menu_order":1,"comment_status":"closed","ping_status":"open","template":"page-templates\/page-full-width.php","meta":{"_acf_changed":false,"_monsterinsights_skip_tracking":false,"_monsterinsights_sitenote_active":false,"_monsterinsights_sitenote_note":"","_monsterinsights_sitenote_category":0,"footnotes":"","_links_to":"","_links_to_target":""},"class_list":["post-39602","page","type-page","status-publish","has-post-thumbnail","hentry"],"acf":[],"yoast_head":"<!-- This site is optimized with the Yoast SEO plugin v27.4 - https:\/\/yoast.com\/product\/yoast-seo-wordpress\/ -->\n<title>La ventaja del REDI-Sensor TPMS - REDI-Sensor<\/title>\n<meta name=\"description\" content=\"REDI-Sensor TPMS Advantage is a technological breakthrough based on the concept of having one TPMS sensor preprogrammed to work with multiple makes and models.\" \/>\n<meta name=\"robots\" content=\"index, follow, max-snippet:-1, max-image-preview:large, max-video-preview:-1\" \/>\n<link rel=\"canonical\" href=\"https:\/\/www.redi-sensor.com\/es\/la-ventaja-del-redi-sensor-tpms\/\" \/>\n<meta property=\"og:locale\" content=\"es_ES\" \/>\n<meta property=\"og:type\" content=\"article\" \/>\n<meta property=\"og:title\" content=\"La ventaja del REDI-Sensor TPMS - REDI-Sensor\" \/>\n<meta property=\"og:description\" content=\"REDI-Sensor TPMS Advantage is a technological breakthrough based on the concept of having one TPMS sensor preprogrammed to work with multiple makes and models.\" \/>\n<meta property=\"og:url\" content=\"https:\/\/www.redi-sensor.com\/es\/la-ventaja-del-redi-sensor-tpms\/\" \/>\n<meta property=\"og:site_name\" content=\"REDI-Sensor\" \/>\n<meta property=\"article:modified_time\" content=\"2024-10-11T15:06:56+00:00\" \/>\n<meta property=\"og:image\" content=\"https:\/\/www.redi-sensor.com\/wp-content\/uploads\/2021\/10\/Closeup-hand-with-REDI-Sensor-in-wheel-1500X844.jpeg\" \/>\n\t<meta property=\"og:image:width\" content=\"1280\" \/>\n\t<meta property=\"og:image:height\" content=\"720\" \/>\n\t<meta property=\"og:image:type\" content=\"image\/jpeg\" \/>\n<meta name=\"twitter:label1\" content=\"Tiempo de lectura\" \/>\n\t<meta name=\"twitter:data1\" content=\"4 minutos\" \/>\n<script type=\"application\/ld+json\" class=\"yoast-schema-graph\">{\"@context\":\"https:\\\/\\\/schema.org\",\"@graph\":[{\"@type\":\"WebPage\",\"@id\":\"https:\\\/\\\/www.redi-sensor.com\\\/es\\\/la-ventaja-del-redi-sensor-tpms\\\/\",\"url\":\"https:\\\/\\\/www.redi-sensor.com\\\/es\\\/la-ventaja-del-redi-sensor-tpms\\\/\",\"name\":\"La ventaja del REDI-Sensor TPMS - REDI-Sensor\",\"isPartOf\":{\"@id\":\"https:\\\/\\\/www.redi-sensor.com\\\/es\\\/#website\"},\"primaryImageOfPage\":{\"@id\":\"https:\\\/\\\/www.redi-sensor.com\\\/es\\\/la-ventaja-del-redi-sensor-tpms\\\/#primaryimage\"},\"image\":{\"@id\":\"https:\\\/\\\/www.redi-sensor.com\\\/es\\\/la-ventaja-del-redi-sensor-tpms\\\/#primaryimage\"},\"thumbnailUrl\":\"https:\\\/\\\/www.redi-sensor.com\\\/wp-content\\\/uploads\\\/2021\\\/10\\\/Closeup-hand-with-REDI-Sensor-in-wheel-1500X844.jpeg\",\"datePublished\":\"2014-05-03T01:29:02+00:00\",\"dateModified\":\"2024-10-11T15:06:56+00:00\",\"description\":\"REDI-Sensor TPMS Advantage is a technological breakthrough based on the concept of having one TPMS sensor preprogrammed to work with multiple makes and models.\",\"breadcrumb\":{\"@id\":\"https:\\\/\\\/www.redi-sensor.com\\\/es\\\/la-ventaja-del-redi-sensor-tpms\\\/#breadcrumb\"},\"inLanguage\":\"es\",\"potentialAction\":[{\"@type\":\"ReadAction\",\"target\":[\"https:\\\/\\\/www.redi-sensor.com\\\/es\\\/la-ventaja-del-redi-sensor-tpms\\\/\"]}]},{\"@type\":\"ImageObject\",\"inLanguage\":\"es\",\"@id\":\"https:\\\/\\\/www.redi-sensor.com\\\/es\\\/la-ventaja-del-redi-sensor-tpms\\\/#primaryimage\",\"url\":\"https:\\\/\\\/www.redi-sensor.com\\\/wp-content\\\/uploads\\\/2021\\\/10\\\/Closeup-hand-with-REDI-Sensor-in-wheel-1500X844.jpeg\",\"contentUrl\":\"https:\\\/\\\/www.redi-sensor.com\\\/wp-content\\\/uploads\\\/2021\\\/10\\\/Closeup-hand-with-REDI-Sensor-in-wheel-1500X844.jpeg\",\"width\":1280,\"height\":720},{\"@type\":\"BreadcrumbList\",\"@id\":\"https:\\\/\\\/www.redi-sensor.com\\\/es\\\/la-ventaja-del-redi-sensor-tpms\\\/#breadcrumb\",\"itemListElement\":[{\"@type\":\"ListItem\",\"position\":1,\"name\":\"Home\",\"item\":\"https:\\\/\\\/www.redi-sensor.com\\\/es\\\/\"},{\"@type\":\"ListItem\",\"position\":2,\"name\":\"La ventaja del REDI-Sensor TPMS\"}]},{\"@type\":\"WebSite\",\"@id\":\"https:\\\/\\\/www.redi-sensor.com\\\/es\\\/#website\",\"url\":\"https:\\\/\\\/www.redi-sensor.com\\\/es\\\/\",\"name\":\"REDI-Sensor\",\"description\":\"Multi-Application TPMS Sensors\",\"publisher\":{\"@id\":\"https:\\\/\\\/www.redi-sensor.com\\\/es\\\/#organization\"},\"potentialAction\":[{\"@type\":\"SearchAction\",\"target\":{\"@type\":\"EntryPoint\",\"urlTemplate\":\"https:\\\/\\\/www.redi-sensor.com\\\/es\\\/?s={search_term_string}\"},\"query-input\":{\"@type\":\"PropertyValueSpecification\",\"valueRequired\":true,\"valueName\":\"search_term_string\"}}],\"inLanguage\":\"es\"},{\"@type\":\"Organization\",\"@id\":\"https:\\\/\\\/www.redi-sensor.com\\\/es\\\/#organization\",\"name\":\"REDI-Sensor\",\"url\":\"https:\\\/\\\/www.redi-sensor.com\\\/es\\\/\",\"logo\":{\"@type\":\"ImageObject\",\"inLanguage\":\"es\",\"@id\":\"https:\\\/\\\/www.redi-sensor.com\\\/es\\\/#\\\/schema\\\/logo\\\/image\\\/\",\"url\":\"https:\\\/\\\/redi-sensor.com\\\/wp-content\\\/uploads\\\/2019\\\/06\\\/vdo-redisensor-logo-combined-2.svg\",\"contentUrl\":\"https:\\\/\\\/redi-sensor.com\\\/wp-content\\\/uploads\\\/2019\\\/06\\\/vdo-redisensor-logo-combined-2.svg\",\"width\":1,\"height\":1,\"caption\":\"REDI-Sensor\"},\"image\":{\"@id\":\"https:\\\/\\\/www.redi-sensor.com\\\/es\\\/#\\\/schema\\\/logo\\\/image\\\/\"}}]}<\/script>\n<!-- \/ Yoast SEO plugin. -->","yoast_head_json":{"title":"La ventaja del REDI-Sensor TPMS - REDI-Sensor","description":"REDI-Sensor TPMS Advantage is a technological breakthrough based on the concept of having one TPMS sensor preprogrammed to work with multiple makes and models.","robots":{"index":"index","follow":"follow","max-snippet":"max-snippet:-1","max-image-preview":"max-image-preview:large","max-video-preview":"max-video-preview:-1"},"canonical":"https:\/\/www.redi-sensor.com\/es\/la-ventaja-del-redi-sensor-tpms\/","og_locale":"es_ES","og_type":"article","og_title":"La ventaja del REDI-Sensor TPMS - REDI-Sensor","og_description":"REDI-Sensor TPMS Advantage is a technological breakthrough based on the concept of having one TPMS sensor preprogrammed to work with multiple makes and models.","og_url":"https:\/\/www.redi-sensor.com\/es\/la-ventaja-del-redi-sensor-tpms\/","og_site_name":"REDI-Sensor","article_modified_time":"2024-10-11T15:06:56+00:00","og_image":[{"width":1280,"height":720,"url":"https:\/\/www.redi-sensor.com\/wp-content\/uploads\/2021\/10\/Closeup-hand-with-REDI-Sensor-in-wheel-1500X844.jpeg","type":"image\/jpeg"}],"twitter_misc":{"Tiempo de lectura":"4 minutos"},"schema":{"@context":"https:\/\/schema.org","@graph":[{"@type":"WebPage","@id":"https:\/\/www.redi-sensor.com\/es\/la-ventaja-del-redi-sensor-tpms\/","url":"https:\/\/www.redi-sensor.com\/es\/la-ventaja-del-redi-sensor-tpms\/","name":"La ventaja del REDI-Sensor TPMS - REDI-Sensor","isPartOf":{"@id":"https:\/\/www.redi-sensor.com\/es\/#website"},"primaryImageOfPage":{"@id":"https:\/\/www.redi-sensor.com\/es\/la-ventaja-del-redi-sensor-tpms\/#primaryimage"},"image":{"@id":"https:\/\/www.redi-sensor.com\/es\/la-ventaja-del-redi-sensor-tpms\/#primaryimage"},"thumbnailUrl":"https:\/\/www.redi-sensor.com\/wp-content\/uploads\/2021\/10\/Closeup-hand-with-REDI-Sensor-in-wheel-1500X844.jpeg","datePublished":"2014-05-03T01:29:02+00:00","dateModified":"2024-10-11T15:06:56+00:00","description":"REDI-Sensor TPMS Advantage is a technological breakthrough based on the concept of having one TPMS sensor preprogrammed to work with multiple makes and models.","breadcrumb":{"@id":"https:\/\/www.redi-sensor.com\/es\/la-ventaja-del-redi-sensor-tpms\/#breadcrumb"},"inLanguage":"es","potentialAction":[{"@type":"ReadAction","target":["https:\/\/www.redi-sensor.com\/es\/la-ventaja-del-redi-sensor-tpms\/"]}]},{"@type":"ImageObject","inLanguage":"es","@id":"https:\/\/www.redi-sensor.com\/es\/la-ventaja-del-redi-sensor-tpms\/#primaryimage","url":"https:\/\/www.redi-sensor.com\/wp-content\/uploads\/2021\/10\/Closeup-hand-with-REDI-Sensor-in-wheel-1500X844.jpeg","contentUrl":"https:\/\/www.redi-sensor.com\/wp-content\/uploads\/2021\/10\/Closeup-hand-with-REDI-Sensor-in-wheel-1500X844.jpeg","width":1280,"height":720},{"@type":"BreadcrumbList","@id":"https:\/\/www.redi-sensor.com\/es\/la-ventaja-del-redi-sensor-tpms\/#breadcrumb","itemListElement":[{"@type":"ListItem","position":1,"name":"Home","item":"https:\/\/www.redi-sensor.com\/es\/"},{"@type":"ListItem","position":2,"name":"La ventaja del REDI-Sensor TPMS"}]},{"@type":"WebSite","@id":"https:\/\/www.redi-sensor.com\/es\/#website","url":"https:\/\/www.redi-sensor.com\/es\/","name":"REDI-Sensor","description":"Multi-Application TPMS Sensors","publisher":{"@id":"https:\/\/www.redi-sensor.com\/es\/#organization"},"potentialAction":[{"@type":"SearchAction","target":{"@type":"EntryPoint","urlTemplate":"https:\/\/www.redi-sensor.com\/es\/?s={search_term_string}"},"query-input":{"@type":"PropertyValueSpecification","valueRequired":true,"valueName":"search_term_string"}}],"inLanguage":"es"},{"@type":"Organization","@id":"https:\/\/www.redi-sensor.com\/es\/#organization","name":"REDI-Sensor","url":"https:\/\/www.redi-sensor.com\/es\/","logo":{"@type":"ImageObject","inLanguage":"es","@id":"https:\/\/www.redi-sensor.com\/es\/#\/schema\/logo\/image\/","url":"https:\/\/redi-sensor.com\/wp-content\/uploads\/2019\/06\/vdo-redisensor-logo-combined-2.svg","contentUrl":"https:\/\/redi-sensor.com\/wp-content\/uploads\/2019\/06\/vdo-redisensor-logo-combined-2.svg","width":1,"height":1,"caption":"REDI-Sensor"},"image":{"@id":"https:\/\/www.redi-sensor.com\/es\/#\/schema\/logo\/image\/"}}]}},"_links":{"self":[{"href":"https:\/\/www.redi-sensor.com\/es\/wp-json\/wp\/v2\/pages\/39602","targetHints":{"allow":["GET"]}}],"collection":[{"href":"https:\/\/www.redi-sensor.com\/es\/wp-json\/wp\/v2\/pages"}],"about":[{"href":"https:\/\/www.redi-sensor.com\/es\/wp-json\/wp\/v2\/types\/page"}],"author":[{"embeddable":true,"href":"https:\/\/www.redi-sensor.com\/es\/wp-json\/wp\/v2\/users\/1"}],"replies":[{"embeddable":true,"href":"https:\/\/www.redi-sensor.com\/es\/wp-json\/wp\/v2\/comments?post=39602"}],"version-history":[{"count":0,"href":"https:\/\/www.redi-sensor.com\/es\/wp-json\/wp\/v2\/pages\/39602\/revisions"}],"wp:featuredmedia":[{"embeddable":true,"href":"https:\/\/www.redi-sensor.com\/es\/wp-json\/wp\/v2\/media\/39339"}],"wp:attachment":[{"href":"https:\/\/www.redi-sensor.com\/es\/wp-json\/wp\/v2\/media?parent=39602"}],"curies":[{"name":"wp","href":"https:\/\/api.w.org\/{rel}","templated":true}]}}