{"id":39605,"date":"2019-08-15T18:33:26","date_gmt":"2019-08-15T22:33:26","guid":{"rendered":"https:\/\/www.redi-sensor.com\/tpms-faqs\/"},"modified":"2024-09-25T09:34:36","modified_gmt":"2024-09-25T13:34:36","slug":"tpms-faqs","status":"publish","type":"page","link":"https:\/\/www.redi-sensor.com\/es\/tpms-faqs\/","title":{"rendered":"Preguntas frecuentes sobre TPMS para profesionales de servicio automotriz"},"content":{"rendered":"<div id=\"pl-39605\"  class=\"panel-layout\" ><div id=\"pg-39605-0\"  class=\"panel-grid panel-has-style\" ><div class=\"panel-row-style panel-row-style-for-39605-0\" ><div id=\"pgc-39605-0-0\"  class=\"panel-grid-cell\" ><div id=\"panel-39605-0-0-0\" class=\"so-panel widget widget_text panel-first-child panel-last-child\" data-index=\"0\" >\t\t\t<div class=\"textwidget\"><ul class=\"accordion\" data-accordion><li class=\"accordion-item wow fadeIn\" data-wow-delay=\"0.1\" data-accordion-item ><a href=\"#\" class=\"accordion-title\">\u00bfNecesito Programar El Redi-Sensor?<\/a><div class=\"accordion-content\" data-tab-content><div itemscope itemprop=\"mainEntity\" itemtype=\"https:\/\/schema.org\/Question\"><h4 itemprop=\"name\">\u00bfNecesito Programar El Redi-Sensor?<\/h4><div itemscope itemprop=\"acceptedAnswer\" itemtype=\"https:\/\/schema.org\/Answer\"><div itemprop=\"text\"><p>No, el REDI-Sensor est\u00e1 preprogramado. S\u00ed es necesario hacer el procedimiento de reaprendizaje en el veh\u00edculo al igual que todos los sensores de repuesto, independientemente de que sea un sensor OE, programable, universal o multiaplicaci\u00f3n.<\/p>\n<\/div><\/div><\/div><\/div><\/li><li class=\"accordion-item wow fadeIn\" data-wow-delay=\"0.6\" data-accordion-item ><a href=\"#\" class=\"accordion-title\">\u00bfLas Pilas Del TPMS Se Pueden Cambiar?<\/a><div class=\"accordion-content\" data-tab-content><div itemscope itemprop=\"mainEntity\" itemtype=\"https:\/\/schema.org\/Question\"><h4 itemprop=\"name\">\u00bfLas Pilas Del TPMS Se Pueden Cambiar?<\/h4><div itemscope itemprop=\"acceptedAnswer\" itemtype=\"https:\/\/schema.org\/Answer\"><div itemprop=\"text\"><p>No... Las pilas del TPMS est\u00e1n selladas en el sensor y no hay acceso a ellas.<\/p>\n<\/div><\/div><\/div><\/div><\/li><li class=\"accordion-item wow fadeIn\" data-wow-delay=\"1.1\" data-accordion-item ><a href=\"#\" class=\"accordion-title\">\u00bfC\u00f3mo Se Hace El Reaprendizaje Del TPMS?<\/a><div class=\"accordion-content\" data-tab-content><div itemscope itemprop=\"mainEntity\" itemtype=\"https:\/\/schema.org\/Question\"><h4 itemprop=\"name\">\u00bfC\u00f3mo Se Hace El Reaprendizaje Del TPMS?<\/h4><div itemscope itemprop=\"acceptedAnswer\" itemtype=\"https:\/\/schema.org\/Answer\"><div itemprop=\"text\"><p>En el sitio web de nuestro cat\u00e1logo en l\u00ednea, <a href=\"http:\/\/us.continental-aftermarket.com\">us.continental-aftermarket.com<\/a> est\u00e1n las instrucciones en PDF para cada uno de nuestros sensores TPMS. Busque el a\u00f1o, la marca y el modelo en el que est\u00e1 trabajando y encontrar\u00e1 instrucciones en PDF descargables para el sensor espec\u00edfico. Tambi\u00e9n puede encontrar instrucciones paso a paso en nuestro <a href=\"http:\/\/www.youtube.com\/user\/redisensor\/videos\">Canal de YouTube<\/a>.<\/p>\n<\/div><\/div><\/div><\/div><\/li><li class=\"accordion-item wow fadeIn\" data-wow-delay=\"1.6\" data-accordion-item ><a href=\"#\" class=\"accordion-title\">\u00bfCu\u00e1l Es La Diferencia Entre Una Luz Fija Y Una Intermitente Del TPMS?<\/a><div class=\"accordion-content\" data-tab-content><div itemscope itemprop=\"mainEntity\" itemtype=\"https:\/\/schema.org\/Question\"><h4 itemprop=\"name\">\u00bfCu\u00e1l Es La Diferencia Entre Una Luz Fija Y Una Intermitente Del TPMS?<\/h4><div itemscope itemprop=\"acceptedAnswer\" itemtype=\"https:\/\/schema.org\/Answer\"><div itemprop=\"text\"><p>Si la luz de advertencia del TPMS se enciende y permanece encendida, una o m\u00e1s llantas tienen la presi\u00f3n baja y deben inflarse a la presi\u00f3n que figura en la placa.<\/p>\n<p>Si la luz es intermitente, uno o m\u00e1s de los sensores no se est\u00e1n comunicando con el veh\u00edculo. El sensor podr\u00eda estar da\u00f1ado o tener la pila agotada. Los sensores TPMS OE suelen durar entre 7 y 10 a\u00f1os.<\/p>\n<p>Si el veh\u00edculo est\u00e1 en ese margen de a\u00f1os y una de las pilas est\u00e1 agotada, es probable que las dem\u00e1s se agotar\u00e1n pronto. Si es necesario reemplazar uno o m\u00e1s sensores, las funciones de prueba que se encuentran en algunas herramientas de escaneo para TPMS pueden ayudar a identificar el sensor defectuoso.<\/p>\n<p>Conocer el estado de cada sensor le ayudar\u00e1 a determinar el plan de servicio antes de desmontar las llantas.<\/p>\n<\/div><\/div><\/div><\/div><\/li><\/ul>\n<\/div>\n\t\t<\/div><\/div><\/div><\/div><div id=\"pg-39605-1\"  class=\"panel-grid panel-has-style\" ><div class=\"animate-69d8fb660cbfa348947400 panels-animation-hide panel-row-style panel-row-style-for-39605-1\" data-so-animation=\"{&quot;selector&quot;:&quot;.animate-69d8fb660cbfa348947400&quot;,&quot;animation&quot;:&quot;fadeIn&quot;,&quot;duration&quot;:1,&quot;repeat&quot;:0,&quot;hide&quot;:1,&quot;finalState&quot;:&quot;visible&quot;,&quot;delay&quot;:0,&quot;debounce&quot;:0.1000000000000000055511151231257827021181583404541015625,&quot;event&quot;:&quot;enter&quot;,&quot;offset&quot;:0}\" ><div id=\"pgc-39605-1-0\"  class=\"panel-grid-cell\" ><div id=\"panel-39605-1-0-0\" class=\"so-panel widget widget_siteorigin-panels-postloop panel-first-child panel-last-child\" data-index=\"1\" ><h3 class=\"widget-title\">Additional Topics<\/h3>\n<section class=\"funnels\">\n\t<div class=\"grid-x grid-margin-x grid-margin-y align-left small-up-1 medium-up-2 large-up-3 landing\"  data-equalizer>\n\n\n\n\n\t<div class=\"cell wow fadeIn\" data-wow-delay=\".1s\" >\n\t\t\t\t\t<a class='image-link' href=\"https:\/\/www.redi-sensor.com\/es\/tpms-service-tips-for-professionals\/\">\n\t\t\t\t<img loading=\"lazy\" decoding=\"async\" width=\"463\" height=\"260\" src=\"https:\/\/www.redi-sensor.com\/wp-content\/uploads\/2021\/10\/featured-image-header-02-2021-463x260.jpg\" class=\"attachment-funnel-image size-funnel-image wp-post-image\" alt=\"\" \/>\t\t\t<\/a>\n\t\t\t\t\n\t\t<div class=\"funnel-text\">\n\t\t\t<h5 class=\"title\" style=\"padding-right: 50px;\">Consejos para el servicio del TPMS, para profesionales de servicio automotriz<\/h5>\n\t\t\t<p class=\"excerpt\">Consejos para el servicio del TPMS, para profesionales de servicio&hellip;<\/p>\n\t\t\t<a class=\"funnel-link\" href=\"https:\/\/www.redi-sensor.com\/es\/tpms-service-tips-for-professionals\/\"><i class=\"fal fa-lg fa-plus\"><\/i><\/a>\n\t\t<\/div>\n\t<\/div>\n\t<div class=\"cell wow fadeIn\" data-wow-delay=\".2s\" >\n\t\t\t\t\t<a class='image-link' href=\"https:\/\/www.redi-sensor.com\/es\/videos\/\">\n\t\t\t\t<img loading=\"lazy\" decoding=\"async\" width=\"463\" height=\"260\" src=\"https:\/\/www.redi-sensor.com\/wp-content\/uploads\/2021\/10\/featured-image-header-09-2021-463x260.jpg\" class=\"attachment-funnel-image size-funnel-image wp-post-image\" alt=\"\" \/>\t\t\t<\/a>\n\t\t\t\t\n\t\t<div class=\"funnel-text\">\n\t\t\t<h5 class=\"title\" style=\"padding-right: 50px;\">Serie de v\u00eddeos de TPMS \u2013 consejos t\u00e9cnicos pr\u00e1cticos<\/h5>\n\t\t\t<p class=\"excerpt\">Desde los procedimientos de reaprendizaje de TPMS hasta los procedimientos&hellip;<\/p>\n\t\t\t<a class=\"funnel-link\" href=\"https:\/\/www.redi-sensor.com\/es\/videos\/\"><i class=\"fal fa-lg fa-plus\"><\/i><\/a>\n\t\t<\/div>\n\t<\/div>\n\t<div class=\"cell wow fadeIn\" data-wow-delay=\".3s\" >\n\t\t\t\t\t<a class='image-link' href=\"https:\/\/www.redi-sensor.com\/es\/glosario-de-terminos\/\">\n\t\t\t\t<img loading=\"lazy\" decoding=\"async\" width=\"463\" height=\"260\" src=\"https:\/\/www.redi-sensor.com\/wp-content\/uploads\/2021\/10\/Closeup-hand-with-REDI-Sensor-in-wheel-1500X844-463x260.jpeg\" class=\"attachment-funnel-image size-funnel-image wp-post-image\" alt=\"\" srcset=\"https:\/\/www.redi-sensor.com\/wp-content\/uploads\/2021\/10\/Closeup-hand-with-REDI-Sensor-in-wheel-1500X844-463x260.jpeg 463w, https:\/\/www.redi-sensor.com\/wp-content\/uploads\/2021\/10\/Closeup-hand-with-REDI-Sensor-in-wheel-1500X844-300x169.jpeg 300w, https:\/\/www.redi-sensor.com\/wp-content\/uploads\/2021\/10\/Closeup-hand-with-REDI-Sensor-in-wheel-1500X844-1024x576.jpeg 1024w, https:\/\/www.redi-sensor.com\/wp-content\/uploads\/2021\/10\/Closeup-hand-with-REDI-Sensor-in-wheel-1500X844-768x432.jpeg 768w, https:\/\/www.redi-sensor.com\/wp-content\/uploads\/2021\/10\/Closeup-hand-with-REDI-Sensor-in-wheel-1500X844-640x360.jpeg 640w, https:\/\/www.redi-sensor.com\/wp-content\/uploads\/2021\/10\/Closeup-hand-with-REDI-Sensor-in-wheel-1500X844-1200x675.jpeg 1200w, https:\/\/www.redi-sensor.com\/wp-content\/uploads\/2021\/10\/Closeup-hand-with-REDI-Sensor-in-wheel-1500X844.jpeg 1280w\" sizes=\"auto, (max-width: 639px) 98vw, (max-width: 1199px) 64vw, 463px\" \/>\t\t\t<\/a>\n\t\t\t\t\n\t\t<div class=\"funnel-text\">\n\t\t\t<h5 class=\"title\" style=\"padding-right: 50px;\">Glosario de t\u00e9rminos<\/h5>\n\t\t\t<p class=\"excerpt\"><p>View terms and definitions related to the TPMS industry<\/p>\n<\/p>\n\t\t\t<a class=\"funnel-link\" href=\"https:\/\/www.redi-sensor.com\/es\/glosario-de-terminos\/\"><i class=\"fal fa-lg fa-plus\"><\/i><\/a>\n\t\t<\/div>\n\t<\/div>\n\n<\/div>\n<\/section>\n\n<\/div><\/div><\/div><\/div><\/div>","protected":false},"excerpt":{"rendered":"<p>Frequently asked questions for auto service professionals<\/p>\n","protected":false},"author":1,"featured_media":39194,"parent":0,"menu_order":0,"comment_status":"closed","ping_status":"closed","template":"page-templates\/page-full-width.php","meta":{"_acf_changed":false,"_monsterinsights_skip_tracking":false,"_monsterinsights_sitenote_active":false,"_monsterinsights_sitenote_note":"","_monsterinsights_sitenote_category":0,"footnotes":"","_links_to":"","_links_to_target":""},"class_list":["post-39605","page","type-page","status-publish","has-post-thumbnail","hentry"],"acf":[],"yoast_head":"<!-- This site is optimized with the Yoast SEO plugin v27.2 - https:\/\/yoast.com\/product\/yoast-seo-wordpress\/ -->\n<title>Preguntas frecuentes sobre TPMS para profesionales de servicio automotriz - REDI-Sensor<\/title>\n<meta name=\"robots\" content=\"index, follow, max-snippet:-1, max-image-preview:large, max-video-preview:-1\" \/>\n<link rel=\"canonical\" href=\"https:\/\/www.redi-sensor.com\/es\/tpms-faqs\/\" \/>\n<meta property=\"og:locale\" content=\"es_ES\" \/>\n<meta property=\"og:type\" content=\"article\" \/>\n<meta property=\"og:title\" content=\"Preguntas frecuentes sobre TPMS para profesionales de servicio automotriz - REDI-Sensor\" \/>\n<meta property=\"og:description\" content=\"Frequently asked questions for auto service professionals\" \/>\n<meta property=\"og:url\" content=\"https:\/\/www.redi-sensor.com\/es\/tpms-faqs\/\" \/>\n<meta property=\"og:site_name\" content=\"REDI-Sensor\" \/>\n<meta property=\"article:modified_time\" content=\"2024-09-25T13:34:36+00:00\" \/>\n<meta property=\"og:image\" content=\"https:\/\/www.redi-sensor.com\/wp-content\/uploads\/2019\/08\/redi-sensor-header-pro-02.jpg\" \/>\n\t<meta property=\"og:image:width\" content=\"1440\" \/>\n\t<meta property=\"og:image:height\" content=\"900\" \/>\n\t<meta property=\"og:image:type\" content=\"image\/jpeg\" \/>\n<meta name=\"twitter:label1\" content=\"Tiempo de lectura\" \/>\n\t<meta name=\"twitter:data1\" content=\"1 minuto\" \/>\n<script type=\"application\/ld+json\" class=\"yoast-schema-graph\">{\"@context\":\"https:\/\/schema.org\",\"@graph\":[{\"@type\":\"WebPage\",\"@id\":\"https:\/\/www.redi-sensor.com\/es\/tpms-faqs\/\",\"url\":\"https:\/\/www.redi-sensor.com\/es\/tpms-faqs\/\",\"name\":\"Preguntas frecuentes sobre TPMS para profesionales de servicio automotriz - REDI-Sensor\",\"isPartOf\":{\"@id\":\"https:\/\/www.redi-sensor.com\/es\/#website\"},\"primaryImageOfPage\":{\"@id\":\"https:\/\/www.redi-sensor.com\/es\/tpms-faqs\/#primaryimage\"},\"image\":{\"@id\":\"https:\/\/www.redi-sensor.com\/es\/tpms-faqs\/#primaryimage\"},\"thumbnailUrl\":\"https:\/\/www.redi-sensor.com\/wp-content\/uploads\/2019\/08\/redi-sensor-header-pro-02.jpg\",\"datePublished\":\"2019-08-15T22:33:26+00:00\",\"dateModified\":\"2024-09-25T13:34:36+00:00\",\"breadcrumb\":{\"@id\":\"https:\/\/www.redi-sensor.com\/es\/tpms-faqs\/#breadcrumb\"},\"inLanguage\":\"es\",\"potentialAction\":[{\"@type\":\"ReadAction\",\"target\":[\"https:\/\/www.redi-sensor.com\/es\/tpms-faqs\/\"]}]},{\"@type\":\"ImageObject\",\"inLanguage\":\"es\",\"@id\":\"https:\/\/www.redi-sensor.com\/es\/tpms-faqs\/#primaryimage\",\"url\":\"https:\/\/www.redi-sensor.com\/wp-content\/uploads\/2019\/08\/redi-sensor-header-pro-02.jpg\",\"contentUrl\":\"https:\/\/www.redi-sensor.com\/wp-content\/uploads\/2019\/08\/redi-sensor-header-pro-02.jpg\",\"width\":1440,\"height\":900,\"caption\":\"tire repairer checking the tire integrity\"},{\"@type\":\"BreadcrumbList\",\"@id\":\"https:\/\/www.redi-sensor.com\/es\/tpms-faqs\/#breadcrumb\",\"itemListElement\":[{\"@type\":\"ListItem\",\"position\":1,\"name\":\"Home\",\"item\":\"https:\/\/www.redi-sensor.com\/es\/\"},{\"@type\":\"ListItem\",\"position\":2,\"name\":\"Preguntas frecuentes sobre TPMS para profesionales de servicio automotriz\"}]},{\"@type\":\"WebSite\",\"@id\":\"https:\/\/www.redi-sensor.com\/es\/#website\",\"url\":\"https:\/\/www.redi-sensor.com\/es\/\",\"name\":\"REDI-Sensor\",\"description\":\"Multi-Application TPMS Sensors\",\"publisher\":{\"@id\":\"https:\/\/www.redi-sensor.com\/es\/#organization\"},\"potentialAction\":[{\"@type\":\"SearchAction\",\"target\":{\"@type\":\"EntryPoint\",\"urlTemplate\":\"https:\/\/www.redi-sensor.com\/es\/?s={search_term_string}\"},\"query-input\":{\"@type\":\"PropertyValueSpecification\",\"valueRequired\":true,\"valueName\":\"search_term_string\"}}],\"inLanguage\":\"es\"},{\"@type\":\"Organization\",\"@id\":\"https:\/\/www.redi-sensor.com\/es\/#organization\",\"name\":\"REDI-Sensor\",\"url\":\"https:\/\/www.redi-sensor.com\/es\/\",\"logo\":{\"@type\":\"ImageObject\",\"inLanguage\":\"es\",\"@id\":\"https:\/\/www.redi-sensor.com\/es\/#\/schema\/logo\/image\/\",\"url\":\"https:\/\/redi-sensor.com\/wp-content\/uploads\/2019\/06\/vdo-redisensor-logo-combined-2.svg\",\"contentUrl\":\"https:\/\/redi-sensor.com\/wp-content\/uploads\/2019\/06\/vdo-redisensor-logo-combined-2.svg\",\"width\":1,\"height\":1,\"caption\":\"REDI-Sensor\"},\"image\":{\"@id\":\"https:\/\/www.redi-sensor.com\/es\/#\/schema\/logo\/image\/\"}}]}<\/script>\n<!-- \/ Yoast SEO plugin. -->","yoast_head_json":{"title":"Preguntas frecuentes sobre TPMS para profesionales de servicio automotriz - REDI-Sensor","robots":{"index":"index","follow":"follow","max-snippet":"max-snippet:-1","max-image-preview":"max-image-preview:large","max-video-preview":"max-video-preview:-1"},"canonical":"https:\/\/www.redi-sensor.com\/es\/tpms-faqs\/","og_locale":"es_ES","og_type":"article","og_title":"Preguntas frecuentes sobre TPMS para profesionales de servicio automotriz - REDI-Sensor","og_description":"Frequently asked questions for auto service professionals","og_url":"https:\/\/www.redi-sensor.com\/es\/tpms-faqs\/","og_site_name":"REDI-Sensor","article_modified_time":"2024-09-25T13:34:36+00:00","og_image":[{"width":1440,"height":900,"url":"https:\/\/www.redi-sensor.com\/wp-content\/uploads\/2019\/08\/redi-sensor-header-pro-02.jpg","type":"image\/jpeg"}],"twitter_misc":{"Tiempo de lectura":"1 minuto"},"schema":{"@context":"https:\/\/schema.org","@graph":[{"@type":"WebPage","@id":"https:\/\/www.redi-sensor.com\/es\/tpms-faqs\/","url":"https:\/\/www.redi-sensor.com\/es\/tpms-faqs\/","name":"Preguntas frecuentes sobre TPMS para profesionales de servicio automotriz - REDI-Sensor","isPartOf":{"@id":"https:\/\/www.redi-sensor.com\/es\/#website"},"primaryImageOfPage":{"@id":"https:\/\/www.redi-sensor.com\/es\/tpms-faqs\/#primaryimage"},"image":{"@id":"https:\/\/www.redi-sensor.com\/es\/tpms-faqs\/#primaryimage"},"thumbnailUrl":"https:\/\/www.redi-sensor.com\/wp-content\/uploads\/2019\/08\/redi-sensor-header-pro-02.jpg","datePublished":"2019-08-15T22:33:26+00:00","dateModified":"2024-09-25T13:34:36+00:00","breadcrumb":{"@id":"https:\/\/www.redi-sensor.com\/es\/tpms-faqs\/#breadcrumb"},"inLanguage":"es","potentialAction":[{"@type":"ReadAction","target":["https:\/\/www.redi-sensor.com\/es\/tpms-faqs\/"]}]},{"@type":"ImageObject","inLanguage":"es","@id":"https:\/\/www.redi-sensor.com\/es\/tpms-faqs\/#primaryimage","url":"https:\/\/www.redi-sensor.com\/wp-content\/uploads\/2019\/08\/redi-sensor-header-pro-02.jpg","contentUrl":"https:\/\/www.redi-sensor.com\/wp-content\/uploads\/2019\/08\/redi-sensor-header-pro-02.jpg","width":1440,"height":900,"caption":"tire repairer checking the tire integrity"},{"@type":"BreadcrumbList","@id":"https:\/\/www.redi-sensor.com\/es\/tpms-faqs\/#breadcrumb","itemListElement":[{"@type":"ListItem","position":1,"name":"Home","item":"https:\/\/www.redi-sensor.com\/es\/"},{"@type":"ListItem","position":2,"name":"Preguntas frecuentes sobre TPMS para profesionales de servicio automotriz"}]},{"@type":"WebSite","@id":"https:\/\/www.redi-sensor.com\/es\/#website","url":"https:\/\/www.redi-sensor.com\/es\/","name":"REDI-Sensor","description":"Multi-Application TPMS Sensors","publisher":{"@id":"https:\/\/www.redi-sensor.com\/es\/#organization"},"potentialAction":[{"@type":"SearchAction","target":{"@type":"EntryPoint","urlTemplate":"https:\/\/www.redi-sensor.com\/es\/?s={search_term_string}"},"query-input":{"@type":"PropertyValueSpecification","valueRequired":true,"valueName":"search_term_string"}}],"inLanguage":"es"},{"@type":"Organization","@id":"https:\/\/www.redi-sensor.com\/es\/#organization","name":"REDI-Sensor","url":"https:\/\/www.redi-sensor.com\/es\/","logo":{"@type":"ImageObject","inLanguage":"es","@id":"https:\/\/www.redi-sensor.com\/es\/#\/schema\/logo\/image\/","url":"https:\/\/redi-sensor.com\/wp-content\/uploads\/2019\/06\/vdo-redisensor-logo-combined-2.svg","contentUrl":"https:\/\/redi-sensor.com\/wp-content\/uploads\/2019\/06\/vdo-redisensor-logo-combined-2.svg","width":1,"height":1,"caption":"REDI-Sensor"},"image":{"@id":"https:\/\/www.redi-sensor.com\/es\/#\/schema\/logo\/image\/"}}]}},"_links":{"self":[{"href":"https:\/\/www.redi-sensor.com\/es\/wp-json\/wp\/v2\/pages\/39605","targetHints":{"allow":["GET"]}}],"collection":[{"href":"https:\/\/www.redi-sensor.com\/es\/wp-json\/wp\/v2\/pages"}],"about":[{"href":"https:\/\/www.redi-sensor.com\/es\/wp-json\/wp\/v2\/types\/page"}],"author":[{"embeddable":true,"href":"https:\/\/www.redi-sensor.com\/es\/wp-json\/wp\/v2\/users\/1"}],"replies":[{"embeddable":true,"href":"https:\/\/www.redi-sensor.com\/es\/wp-json\/wp\/v2\/comments?post=39605"}],"version-history":[{"count":0,"href":"https:\/\/www.redi-sensor.com\/es\/wp-json\/wp\/v2\/pages\/39605\/revisions"}],"wp:featuredmedia":[{"embeddable":true,"href":"https:\/\/www.redi-sensor.com\/es\/wp-json\/wp\/v2\/media\/39194"}],"wp:attachment":[{"href":"https:\/\/www.redi-sensor.com\/es\/wp-json\/wp\/v2\/media?parent=39605"}],"curies":[{"name":"wp","href":"https:\/\/api.w.org\/{rel}","templated":true}]}}