{"id":39614,"date":"2019-08-19T15:28:28","date_gmt":"2019-08-19T19:28:28","guid":{"rendered":"https:\/\/www.redi-sensor.com\/the-redi-sensor-line-up\/"},"modified":"2024-10-14T10:14:35","modified_gmt":"2024-10-14T14:14:35","slug":"the-redi-sensor-line-up","status":"publish","type":"page","link":"https:\/\/www.redi-sensor.com\/es\/the-redi-sensor-line-up\/","title":{"rendered":"L\u00ednea de sensores TPMS REDI-Sensor multiaplicaci\u00f3n"},"content":{"rendered":"<div id=\"pl-39614\"  class=\"panel-layout\" ><div id=\"pg-39614-0\"  class=\"panel-grid panel-has-style\" ><div class=\"wow fadeIn panel-row-style panel-row-style-for-39614-0\" ><div id=\"pgc-39614-0-0\"  class=\"panel-grid-cell\" ><div id=\"panel-39614-0-0-0\" class=\"so-panel widget widget_sow-editor panel-first-child panel-last-child\" data-index=\"0\" ><div\n\t\t\t\n\t\t\tclass=\"so-widget-sow-editor so-widget-sow-editor-base\"\n\t\t\t\n\t\t>\n<div class=\"siteorigin-widget-tinymce textwidget\">\n\t<p>Con nuestra pr\u00f3xima generaci\u00f3n de TPMS REDI-Sensor, nuestro cuatro sensores tendr\u00e1 cobertura para la mayor\u00eda de los veh\u00edculos de pasajeros, SUV, crossovers y camionetas livianas nacionales, asi\u00e1ticos y europeos, desde 2002 hasta 2024. Los cuatro sensores REDI reemplazan m\u00e1s de 300 sensores OE con una cobertura que supera los 225 millones de veh\u00edculos en operaci\u00f3n.<\/p>\n<p>REDI-Sensor\u2122 reemplaza a cientos de sensores de equipo original, incluidos los de encaje a presi\u00f3n, atornillables y de banda. Con el REDI-Sensor\u2122 las refaccionarias, los distribuidores y los talleres pueden reducir considerablemente la cantidad de productos necesarios para cubrir todos los tipos de TPMS y eliminar los retrasos en el servicio.<\/p>\n<p>REDI-Sensor est\u00e1 disponible en dise\u00f1os de v\u00e1stago de goma y atornillable. El REDI-Sensor atornillable puede adaptarse a una variedad de geometr\u00edas de rines con su v\u00e1stago de v\u00e1lvula pivotante y el v\u00e1stago de v\u00e1lvula y la tuerca hexagonal son de aluminio anodizado resistente a la corrosi\u00f3n. Los sensores de goma de encaje a presi\u00f3n REDI-Sensor cuentan con v\u00e1stagos unidireccionales que garantizan una alineaci\u00f3n correcta.<\/p>\n<p>&nbsp;<\/p>\n<\/div>\n<\/div><\/div><\/div><div id=\"pgc-39614-0-1\"  class=\"panel-grid-cell\" ><div id=\"panel-39614-0-1-0\" class=\"so-panel widget widget_sow-editor panel-first-child panel-last-child\" data-index=\"1\" ><div\n\t\t\t\n\t\t\tclass=\"so-widget-sow-editor so-widget-sow-editor-base\"\n\t\t\t\n\t\t>\n<div class=\"siteorigin-widget-tinymce textwidget\">\n\t<p><a class=\"button large\" href=\"https:\/\/redi-sensor.com\/wp-content\/uploads\/2021\/10\/redi-sensor-new-generation-sm.pdf\" target=\"_blank\" rel=\"noopener noreferrer\">Descargar folleto<\/a><\/p>\n<\/div>\n<\/div><\/div><\/div><\/div><\/div><div id=\"pg-39614-1\"  class=\"panel-grid panel-no-style\" ><div id=\"pgc-39614-1-0\"  class=\"panel-grid-cell\" ><div id=\"panel-39614-1-0-0\" class=\"so-panel widget widget_sow-editor panel-first-child panel-last-child\" data-index=\"2\" ><div\n\t\t\t\n\t\t\tclass=\"so-widget-sow-editor so-widget-sow-editor-base\"\n\t\t\t\n\t\t>\n<div class=\"siteorigin-widget-tinymce textwidget\">\n\t<p><img loading=\"lazy\" decoding=\"async\" class=\"aligncenter wp-image-37208 size-full\" src=\"https:\/\/redi-sensor.com\/wp-content\/uploads\/2021\/10\/REDI-Sensor-SE10005-and-SE10006-on-grey.jpg\" alt=\"\" width=\"740\" height=\"415\" \/><\/p>\n<h3>SE10005<\/h3>\n<p>Sensor de goma de encaje a presi\u00f3n, de 433 MHz, que cubre aplicaciones populares de Chrysler, Dodge, Jeep, RAM, Subaru, Nissan, GM, Hyundai y Kia. Es compatible con funciones avanzadas, tales como aprendizaje autom\u00e1tico, sistemas de alerta de llenado de llantas y presi\u00f3n por posici\u00f3n.<\/p>\n<ul>\n<li>Montaje: a presi\u00f3n<\/li>\n<li>Material de la v\u00e1lvula: goma<\/li>\n<li>Frecuencia: 433 MHz<\/li>\n<li>Cobertura: nacionales y asi\u00e1ticos<\/li>\n<\/ul>\n<\/div>\n<\/div><\/div><\/div><div id=\"pgc-39614-1-1\"  class=\"panel-grid-cell\" ><div id=\"panel-39614-1-1-0\" class=\"so-panel widget widget_sow-editor panel-first-child panel-last-child\" data-index=\"3\" ><div\n\t\t\t\n\t\t\tclass=\"so-widget-sow-editor so-widget-sow-editor-base\"\n\t\t\t\n\t\t>\n<div class=\"siteorigin-widget-tinymce textwidget\">\n\t<p><img loading=\"lazy\" decoding=\"async\" class=\"aligncenter wp-image-37208 size-full\" src=\"https:\/\/redi-sensor.com\/wp-content\/uploads\/2021\/10\/REDI-Sensor-SE10005-and-SE10006-on-grey.jpg\" alt=\"\" width=\"740\" height=\"415\" \/><\/p>\n<h3>SE10006<\/h3>\n<p>Sensor de goma de encaje a presi\u00f3n, de 315 MHz, que cubre aplicaciones de Ford, GM, Nissan, Subaru, Volvo, Mazda y Toyota. Es compatible con aprendizaje autom\u00e1tico, sistemas de alerta de llenado de llantas y presi\u00f3n por posici\u00f3n.<\/p>\n<ul>\n<li style=\"text-align: left;\">Montaje: a presi\u00f3n<\/li>\n<li style=\"text-align: left;\">Material de la v\u00e1lvula: goma<\/li>\n<li style=\"text-align: left;\">Frecuencia: 315 MHz<\/li>\n<li style=\"text-align: left;\">Cobertura: nacionales, asi\u00e1ticos, europeos<\/li>\n<\/ul>\n<\/div>\n<\/div><\/div><\/div><\/div><div id=\"pg-39614-2\"  class=\"panel-grid panel-no-style\" ><div id=\"pgc-39614-2-0\"  class=\"panel-grid-cell\" ><div id=\"panel-39614-2-0-0\" class=\"so-panel widget widget_sow-editor panel-first-child panel-last-child\" data-index=\"4\" ><div\n\t\t\t\n\t\t\tclass=\"so-widget-sow-editor so-widget-sow-editor-base\"\n\t\t\t\n\t\t>\n<div class=\"siteorigin-widget-tinymce textwidget\">\n\t<p><img loading=\"lazy\" decoding=\"async\" class=\"aligncenter wp-image-37209 size-full\" src=\"https:\/\/redi-sensor.com\/wp-content\/uploads\/2021\/10\/REDI-Sensor-SE10007-and-SE10008-on-grey.jpg\" alt=\"\" width=\"740\" height=\"415\" \/><\/p>\n<h3>SE10007<\/h3>\n<p>Sensor atornillable de metal, de 315 MHz, que cubre una amplia variedad de veh\u00edculos Ford, GM, Chrysler, Nissan, Mitsubishi, Mercedes, Volkswagen, Hyundai, Kia, Toyota, Honda, Jeep, Dodge y Acura. Es compatible con sistemas de alerta de llenado de llantas, presi\u00f3n por posici\u00f3n y aplicaciones nacionales de alta presi\u00f3n.<\/p>\n<ul>\n<li>Montaje: atornillable<\/li>\n<li>Material de la v\u00e1lvula: metal<\/li>\n<li>Frecuencia: 315 MHz<\/li>\n<li>Cobertura: nacionales, asi\u00e1ticos, europeos<\/li>\n<\/ul>\n<\/div>\n<\/div><\/div><\/div><div id=\"pgc-39614-2-1\"  class=\"panel-grid-cell\" ><div id=\"panel-39614-2-1-0\" class=\"so-panel widget widget_sow-editor panel-first-child panel-last-child\" data-index=\"5\" ><div\n\t\t\t\n\t\t\tclass=\"so-widget-sow-editor so-widget-sow-editor-base\"\n\t\t\t\n\t\t>\n<div class=\"siteorigin-widget-tinymce textwidget\">\n\t<p><img loading=\"lazy\" decoding=\"async\" class=\"aligncenter wp-image-37209 size-full\" src=\"https:\/\/redi-sensor.com\/wp-content\/uploads\/2021\/10\/REDI-Sensor-SE10007-and-SE10008-on-grey.jpg\" alt=\"\" width=\"740\" height=\"415\" \/><\/p>\n<h3>SE10008<\/h3>\n<p>Sensor atornillable de metal, de 433 MHz, compatible con aplicaciones Chrysler, Dodge, Jeep, Nissan, GM, Subaru, Hyundai, Kia, Volvo, BMW, Mercedes, Jaguar, Land Rover, Volvo y Smart. Es compatible con sistemas de alerta de llenado de llantas y presi\u00f3n por posici\u00f3n.<\/p>\n<ul>\n<li>Montaje: atornillable<\/li>\n<li>Material de la v\u00e1lvula: metal<\/li>\n<li>Frecuencia: 433 MHz<\/li>\n<li>Cobertura: nacionales, asi\u00e1ticos, europeos<\/li>\n<\/ul>\n<\/div>\n<\/div><\/div><\/div><\/div><\/div>","protected":false},"excerpt":{"rendered":"<p>Con nuestra pr\u00f3xima generaci\u00f3n de TPMS REDI-Sensor, nuestro cuatro sensores tendr\u00e1 cobertura para la mayor\u00eda de los veh\u00edculos de pasajeros, SUV, crossovers y camionetas livianas nacionales, asi\u00e1ticos y europeos, desde 2002 hasta 2024. Los cuatro sensores REDI reemplazan m\u00e1s de 300 sensores OE con una cobertura que supera los 225 millones de veh\u00edculos en operaci\u00f3n. [&hellip;]<\/p>\n","protected":false},"author":1,"featured_media":0,"parent":0,"menu_order":0,"comment_status":"closed","ping_status":"closed","template":"page-templates\/page-full-width.php","meta":{"_acf_changed":false,"_monsterinsights_skip_tracking":false,"_monsterinsights_sitenote_active":false,"_monsterinsights_sitenote_note":"","_monsterinsights_sitenote_category":0,"footnotes":"","_links_to":"","_links_to_target":""},"class_list":["post-39614","page","type-page","status-publish","hentry"],"acf":[],"yoast_head":"<!-- This site is optimized with the Yoast SEO plugin v27.4 - https:\/\/yoast.com\/product\/yoast-seo-wordpress\/ -->\n<title>L\u00ednea de sensores TPMS REDI-Sensor multiaplicaci\u00f3n - REDI-Sensor<\/title>\n<meta name=\"robots\" content=\"index, follow, max-snippet:-1, max-image-preview:large, max-video-preview:-1\" \/>\n<link rel=\"canonical\" href=\"https:\/\/www.redi-sensor.com\/es\/the-redi-sensor-line-up\/\" \/>\n<meta property=\"og:locale\" content=\"es_ES\" \/>\n<meta property=\"og:type\" content=\"article\" \/>\n<meta property=\"og:title\" content=\"L\u00ednea de sensores TPMS REDI-Sensor multiaplicaci\u00f3n - REDI-Sensor\" \/>\n<meta property=\"og:description\" content=\"Con nuestra pr\u00f3xima generaci\u00f3n de TPMS REDI-Sensor, nuestro cuatro sensores tendr\u00e1 cobertura para la mayor\u00eda de los veh\u00edculos de pasajeros, SUV, crossovers y camionetas livianas nacionales, asi\u00e1ticos y europeos, desde 2002 hasta 2024. Los cuatro sensores REDI reemplazan m\u00e1s de 300 sensores OE con una cobertura que supera los 225 millones de veh\u00edculos en operaci\u00f3n. [&hellip;]\" \/>\n<meta property=\"og:url\" content=\"https:\/\/www.redi-sensor.com\/es\/the-redi-sensor-line-up\/\" \/>\n<meta property=\"og:site_name\" content=\"REDI-Sensor\" \/>\n<meta property=\"article:modified_time\" content=\"2024-10-14T14:14:35+00:00\" \/>\n<meta property=\"og:image\" content=\"https:\/\/redi-sensor.com\/wp-content\/uploads\/2021\/10\/REDI-Sensor-SE10005-and-SE10006-on-grey.jpg\" \/>\n<meta name=\"twitter:label1\" content=\"Tiempo de lectura\" \/>\n\t<meta name=\"twitter:data1\" content=\"3 minutos\" \/>\n<script type=\"application\/ld+json\" class=\"yoast-schema-graph\">{\"@context\":\"https:\\\/\\\/schema.org\",\"@graph\":[{\"@type\":\"WebPage\",\"@id\":\"https:\\\/\\\/www.redi-sensor.com\\\/es\\\/the-redi-sensor-line-up\\\/\",\"url\":\"https:\\\/\\\/www.redi-sensor.com\\\/es\\\/the-redi-sensor-line-up\\\/\",\"name\":\"L\u00ednea de sensores TPMS REDI-Sensor multiaplicaci\u00f3n - REDI-Sensor\",\"isPartOf\":{\"@id\":\"https:\\\/\\\/www.redi-sensor.com\\\/es\\\/#website\"},\"primaryImageOfPage\":{\"@id\":\"https:\\\/\\\/www.redi-sensor.com\\\/es\\\/the-redi-sensor-line-up\\\/#primaryimage\"},\"image\":{\"@id\":\"https:\\\/\\\/www.redi-sensor.com\\\/es\\\/the-redi-sensor-line-up\\\/#primaryimage\"},\"thumbnailUrl\":\"https:\\\/\\\/redi-sensor.com\\\/wp-content\\\/uploads\\\/2021\\\/10\\\/REDI-Sensor-SE10005-and-SE10006-on-grey.jpg\",\"datePublished\":\"2019-08-19T19:28:28+00:00\",\"dateModified\":\"2024-10-14T14:14:35+00:00\",\"breadcrumb\":{\"@id\":\"https:\\\/\\\/www.redi-sensor.com\\\/es\\\/the-redi-sensor-line-up\\\/#breadcrumb\"},\"inLanguage\":\"es\",\"potentialAction\":[{\"@type\":\"ReadAction\",\"target\":[\"https:\\\/\\\/www.redi-sensor.com\\\/es\\\/the-redi-sensor-line-up\\\/\"]}]},{\"@type\":\"ImageObject\",\"inLanguage\":\"es\",\"@id\":\"https:\\\/\\\/www.redi-sensor.com\\\/es\\\/the-redi-sensor-line-up\\\/#primaryimage\",\"url\":\"https:\\\/\\\/redi-sensor.com\\\/wp-content\\\/uploads\\\/2021\\\/10\\\/REDI-Sensor-SE10005-and-SE10006-on-grey.jpg\",\"contentUrl\":\"https:\\\/\\\/redi-sensor.com\\\/wp-content\\\/uploads\\\/2021\\\/10\\\/REDI-Sensor-SE10005-and-SE10006-on-grey.jpg\"},{\"@type\":\"BreadcrumbList\",\"@id\":\"https:\\\/\\\/www.redi-sensor.com\\\/es\\\/the-redi-sensor-line-up\\\/#breadcrumb\",\"itemListElement\":[{\"@type\":\"ListItem\",\"position\":1,\"name\":\"Home\",\"item\":\"https:\\\/\\\/www.redi-sensor.com\\\/es\\\/\"},{\"@type\":\"ListItem\",\"position\":2,\"name\":\"L\u00ednea de sensores TPMS REDI-Sensor multiaplicaci\u00f3n\"}]},{\"@type\":\"WebSite\",\"@id\":\"https:\\\/\\\/www.redi-sensor.com\\\/es\\\/#website\",\"url\":\"https:\\\/\\\/www.redi-sensor.com\\\/es\\\/\",\"name\":\"REDI-Sensor\",\"description\":\"Multi-Application TPMS Sensors\",\"publisher\":{\"@id\":\"https:\\\/\\\/www.redi-sensor.com\\\/es\\\/#organization\"},\"potentialAction\":[{\"@type\":\"SearchAction\",\"target\":{\"@type\":\"EntryPoint\",\"urlTemplate\":\"https:\\\/\\\/www.redi-sensor.com\\\/es\\\/?s={search_term_string}\"},\"query-input\":{\"@type\":\"PropertyValueSpecification\",\"valueRequired\":true,\"valueName\":\"search_term_string\"}}],\"inLanguage\":\"es\"},{\"@type\":\"Organization\",\"@id\":\"https:\\\/\\\/www.redi-sensor.com\\\/es\\\/#organization\",\"name\":\"REDI-Sensor\",\"url\":\"https:\\\/\\\/www.redi-sensor.com\\\/es\\\/\",\"logo\":{\"@type\":\"ImageObject\",\"inLanguage\":\"es\",\"@id\":\"https:\\\/\\\/www.redi-sensor.com\\\/es\\\/#\\\/schema\\\/logo\\\/image\\\/\",\"url\":\"https:\\\/\\\/redi-sensor.com\\\/wp-content\\\/uploads\\\/2019\\\/06\\\/vdo-redisensor-logo-combined-2.svg\",\"contentUrl\":\"https:\\\/\\\/redi-sensor.com\\\/wp-content\\\/uploads\\\/2019\\\/06\\\/vdo-redisensor-logo-combined-2.svg\",\"width\":1,\"height\":1,\"caption\":\"REDI-Sensor\"},\"image\":{\"@id\":\"https:\\\/\\\/www.redi-sensor.com\\\/es\\\/#\\\/schema\\\/logo\\\/image\\\/\"}}]}<\/script>\n<!-- \/ Yoast SEO plugin. -->","yoast_head_json":{"title":"L\u00ednea de sensores TPMS REDI-Sensor multiaplicaci\u00f3n - REDI-Sensor","robots":{"index":"index","follow":"follow","max-snippet":"max-snippet:-1","max-image-preview":"max-image-preview:large","max-video-preview":"max-video-preview:-1"},"canonical":"https:\/\/www.redi-sensor.com\/es\/the-redi-sensor-line-up\/","og_locale":"es_ES","og_type":"article","og_title":"L\u00ednea de sensores TPMS REDI-Sensor multiaplicaci\u00f3n - REDI-Sensor","og_description":"Con nuestra pr\u00f3xima generaci\u00f3n de TPMS REDI-Sensor, nuestro cuatro sensores tendr\u00e1 cobertura para la mayor\u00eda de los veh\u00edculos de pasajeros, SUV, crossovers y camionetas livianas nacionales, asi\u00e1ticos y europeos, desde 2002 hasta 2024. Los cuatro sensores REDI reemplazan m\u00e1s de 300 sensores OE con una cobertura que supera los 225 millones de veh\u00edculos en operaci\u00f3n. [&hellip;]","og_url":"https:\/\/www.redi-sensor.com\/es\/the-redi-sensor-line-up\/","og_site_name":"REDI-Sensor","article_modified_time":"2024-10-14T14:14:35+00:00","og_image":[{"url":"https:\/\/redi-sensor.com\/wp-content\/uploads\/2021\/10\/REDI-Sensor-SE10005-and-SE10006-on-grey.jpg","type":"","width":"","height":""}],"twitter_misc":{"Tiempo de lectura":"3 minutos"},"schema":{"@context":"https:\/\/schema.org","@graph":[{"@type":"WebPage","@id":"https:\/\/www.redi-sensor.com\/es\/the-redi-sensor-line-up\/","url":"https:\/\/www.redi-sensor.com\/es\/the-redi-sensor-line-up\/","name":"L\u00ednea de sensores TPMS REDI-Sensor multiaplicaci\u00f3n - REDI-Sensor","isPartOf":{"@id":"https:\/\/www.redi-sensor.com\/es\/#website"},"primaryImageOfPage":{"@id":"https:\/\/www.redi-sensor.com\/es\/the-redi-sensor-line-up\/#primaryimage"},"image":{"@id":"https:\/\/www.redi-sensor.com\/es\/the-redi-sensor-line-up\/#primaryimage"},"thumbnailUrl":"https:\/\/redi-sensor.com\/wp-content\/uploads\/2021\/10\/REDI-Sensor-SE10005-and-SE10006-on-grey.jpg","datePublished":"2019-08-19T19:28:28+00:00","dateModified":"2024-10-14T14:14:35+00:00","breadcrumb":{"@id":"https:\/\/www.redi-sensor.com\/es\/the-redi-sensor-line-up\/#breadcrumb"},"inLanguage":"es","potentialAction":[{"@type":"ReadAction","target":["https:\/\/www.redi-sensor.com\/es\/the-redi-sensor-line-up\/"]}]},{"@type":"ImageObject","inLanguage":"es","@id":"https:\/\/www.redi-sensor.com\/es\/the-redi-sensor-line-up\/#primaryimage","url":"https:\/\/redi-sensor.com\/wp-content\/uploads\/2021\/10\/REDI-Sensor-SE10005-and-SE10006-on-grey.jpg","contentUrl":"https:\/\/redi-sensor.com\/wp-content\/uploads\/2021\/10\/REDI-Sensor-SE10005-and-SE10006-on-grey.jpg"},{"@type":"BreadcrumbList","@id":"https:\/\/www.redi-sensor.com\/es\/the-redi-sensor-line-up\/#breadcrumb","itemListElement":[{"@type":"ListItem","position":1,"name":"Home","item":"https:\/\/www.redi-sensor.com\/es\/"},{"@type":"ListItem","position":2,"name":"L\u00ednea de sensores TPMS REDI-Sensor multiaplicaci\u00f3n"}]},{"@type":"WebSite","@id":"https:\/\/www.redi-sensor.com\/es\/#website","url":"https:\/\/www.redi-sensor.com\/es\/","name":"REDI-Sensor","description":"Multi-Application TPMS Sensors","publisher":{"@id":"https:\/\/www.redi-sensor.com\/es\/#organization"},"potentialAction":[{"@type":"SearchAction","target":{"@type":"EntryPoint","urlTemplate":"https:\/\/www.redi-sensor.com\/es\/?s={search_term_string}"},"query-input":{"@type":"PropertyValueSpecification","valueRequired":true,"valueName":"search_term_string"}}],"inLanguage":"es"},{"@type":"Organization","@id":"https:\/\/www.redi-sensor.com\/es\/#organization","name":"REDI-Sensor","url":"https:\/\/www.redi-sensor.com\/es\/","logo":{"@type":"ImageObject","inLanguage":"es","@id":"https:\/\/www.redi-sensor.com\/es\/#\/schema\/logo\/image\/","url":"https:\/\/redi-sensor.com\/wp-content\/uploads\/2019\/06\/vdo-redisensor-logo-combined-2.svg","contentUrl":"https:\/\/redi-sensor.com\/wp-content\/uploads\/2019\/06\/vdo-redisensor-logo-combined-2.svg","width":1,"height":1,"caption":"REDI-Sensor"},"image":{"@id":"https:\/\/www.redi-sensor.com\/es\/#\/schema\/logo\/image\/"}}]}},"_links":{"self":[{"href":"https:\/\/www.redi-sensor.com\/es\/wp-json\/wp\/v2\/pages\/39614","targetHints":{"allow":["GET"]}}],"collection":[{"href":"https:\/\/www.redi-sensor.com\/es\/wp-json\/wp\/v2\/pages"}],"about":[{"href":"https:\/\/www.redi-sensor.com\/es\/wp-json\/wp\/v2\/types\/page"}],"author":[{"embeddable":true,"href":"https:\/\/www.redi-sensor.com\/es\/wp-json\/wp\/v2\/users\/1"}],"replies":[{"embeddable":true,"href":"https:\/\/www.redi-sensor.com\/es\/wp-json\/wp\/v2\/comments?post=39614"}],"version-history":[{"count":0,"href":"https:\/\/www.redi-sensor.com\/es\/wp-json\/wp\/v2\/pages\/39614\/revisions"}],"wp:attachment":[{"href":"https:\/\/www.redi-sensor.com\/es\/wp-json\/wp\/v2\/media?parent=39614"}],"curies":[{"name":"wp","href":"https:\/\/api.w.org\/{rel}","templated":true}]}}