{"id":39620,"date":"2019-08-14T19:06:46","date_gmt":"2019-08-14T23:06:46","guid":{"rendered":"https:\/\/www.redi-sensor.com\/tpms-faqs-for-drivers\/"},"modified":"2024-10-11T12:01:21","modified_gmt":"2024-10-11T16:01:21","slug":"preguntas-frecuentes-sobre-tpms-para-conductores","status":"publish","type":"page","link":"https:\/\/www.redi-sensor.com\/es\/preguntas-frecuentes-sobre-tpms-para-conductores\/","title":{"rendered":"Preguntas frecuentes sobre TPMS para conductores"},"content":{"rendered":"<div id=\"pl-39620\"  class=\"panel-layout\" ><div id=\"pg-39620-0\"  class=\"panel-grid panel-has-style\" ><div class=\"wow fadeIn panel-row-style panel-row-style-for-39620-0\" ><div id=\"pgc-39620-0-0\"  class=\"panel-grid-cell\" ><div id=\"panel-39620-0-0-0\" class=\"so-panel widget widget_sow-editor panel-first-child panel-last-child\" data-index=\"0\" ><div\n\t\t\t\n\t\t\tclass=\"so-widget-sow-editor so-widget-sow-editor-base\"\n\t\t\t\n\t\t>\n<div class=\"siteorigin-widget-tinymce textwidget\">\n\t<h2><b>Nos complace ofrecer estas preguntas frecuentes sobre TPMS para los conductores.<\/b><\/h2>\n<p>Continental dise\u00f1a y fabrica sistemas de control de presi\u00f3n de llantas para fabricantes de autom\u00f3viles y proporciona sensores de repuesto y piezas de servicio para el TPMS a los profesionales de servicio de autom\u00f3viles. Si no encuentra lo que busca en nuestras preguntas frecuentes sobre TPMS para conductores, con toda confianza cont\u00e1ctenos.<\/p>\n<\/div>\n<\/div><\/div><\/div><\/div><\/div><div id=\"pg-39620-1\"  class=\"panel-grid panel-has-style\" ><div class=\"animate-69e32d1e1b3dd544283381 panels-animation-hide panel-row-style panel-row-style-for-39620-1\" data-so-animation=\"{&quot;selector&quot;:&quot;.animate-69e32d1e1b3dd544283381&quot;,&quot;animation&quot;:&quot;bounceInUp&quot;,&quot;duration&quot;:1,&quot;repeat&quot;:0,&quot;hide&quot;:1,&quot;finalState&quot;:&quot;visible&quot;,&quot;delay&quot;:0,&quot;debounce&quot;:0.1000000000000000055511151231257827021181583404541015625,&quot;event&quot;:&quot;enter&quot;,&quot;offset&quot;:0}\" ><div id=\"pgc-39620-1-0\"  class=\"panel-grid-cell\" ><div id=\"panel-39620-1-0-0\" class=\"so-panel widget widget_sow-editor panel-first-child panel-last-child\" data-index=\"1\" ><div\n\t\t\t\n\t\t\tclass=\"so-widget-sow-editor so-widget-sow-editor-base\"\n\t\t\t\n\t\t>\n<div class=\"siteorigin-widget-tinymce textwidget\">\n\t<ul class=\"accordion\" data-accordion><li class=\"accordion-item wow fadeIn\" data-wow-delay=\"0.1\" data-accordion-item ><a href=\"#\" class=\"accordion-title\">\u00bfQu\u00e9 Es TPMS?<\/a><div class=\"accordion-content\" data-tab-content><div itemscope itemprop=\"mainEntity\" itemtype=\"https:\/\/schema.org\/Question\"><h4 itemprop=\"name\">\u00bfQu\u00e9 Es TPMS?<\/h4><div itemscope itemprop=\"acceptedAnswer\" itemtype=\"https:\/\/schema.org\/Answer\"><div itemprop=\"text\"><p>TPMS es una sistema de monitoreo de presi\u00f3n de llantas es un sistema de seguridad electr\u00f3nico que monitorea la presi\u00f3n de las llantas de los veh\u00edculos. El sistema TPMS advertir\u00e1 al conductor si la presi\u00f3n de las llantas baja un 25% por debajo de la presi\u00f3n recomendada.<\/p>\n<\/div><\/div><\/div><\/div><\/li><li class=\"accordion-item wow fadeIn\" data-wow-delay=\"0.6\" data-accordion-item ><a href=\"#\" class=\"accordion-title\">\u00bfY Si Mi Vehiculo No Tiene Una Sistema De TPMS?<\/a><div class=\"accordion-content\" data-tab-content><div itemscope itemprop=\"mainEntity\" itemtype=\"https:\/\/schema.org\/Question\"><h4 itemprop=\"name\">\u00bfY Si Mi Vehiculo No Tiene Una Sistema De TPMS?<\/h4><div itemscope itemprop=\"acceptedAnswer\" itemtype=\"https:\/\/schema.org\/Answer\"><div itemprop=\"text\"><p>La mayor\u00eda de los autom\u00f3viles vendidos en EE. UU. antes de 2008 no tienen TPMS. Si su autom\u00f3vil no tiene TPMS, entonces debe revisar manualmente sus llantas mensualmente, cada vez que haya un cambio dr\u00e1stico en la temperatura o cada vez que la llanta parezca estar \"baja\". Hay sistemas TPMS de repuesto, pero son costosos y requieren cierta habilidad para instalarlos.<\/p>\n<\/div><\/div><\/div><\/div><\/li><li class=\"accordion-item wow fadeIn\" data-wow-delay=\"1.1\" data-accordion-item ><a href=\"#\" class=\"accordion-title\">\u00bfQu\u00e9 Significa Si La Luz De Mi TPMS Est\u00e1 Encendida?<\/a><div class=\"accordion-content\" data-tab-content><div itemscope itemprop=\"mainEntity\" itemtype=\"https:\/\/schema.org\/Question\"><h4 itemprop=\"name\">\u00bfQu\u00e9 Significa Si La Luz De Mi TPMS Est\u00e1 Encendida?<\/h4><div itemscope itemprop=\"acceptedAnswer\" itemtype=\"https:\/\/schema.org\/Answer\"><div itemprop=\"text\"><p>Si la luz de su TPMS est\u00e1 encendida constantemente, una o m\u00e1s de sus llantas est\u00e1n m\u00e1s de un 25 % por debajo de la presi\u00f3n recomendada. Debe dejar de conducir inmediatamente, determinar cu\u00e1l llanta est\u00e1 baja y cambiarla. Conducir una llanta que est\u00e1 un 25 % por debajo de la presi\u00f3n recomendada puede causar fallas en la llanta, p\u00e9rdida de control del veh\u00edculo o incluso que el veh\u00edculo vuelque. Si la luz de su TPMS parpadea, hay un problema con uno de los sensores o con el sistema TPM. Necesitar\u00e1 un servicio profesional, pero verifique la presi\u00f3n de las llantas manualmente para asegurarse de que la presi\u00f3n de inflado est\u00e9 bien.<\/p>\n<\/div><\/div><\/div><\/div><\/li><li class=\"accordion-item wow fadeIn\" data-wow-delay=\"1.6\" data-accordion-item ><a href=\"#\" class=\"accordion-title\">\u00bfQu\u00e9 Afecta La Presi\u00f3n De Las Llantas?<\/a><div class=\"accordion-content\" data-tab-content><div itemscope itemprop=\"mainEntity\" itemtype=\"https:\/\/schema.org\/Question\"><h4 itemprop=\"name\">\u00bfQu\u00e9 Afecta La Presi\u00f3n De Las Llantas?<\/h4><div itemscope itemprop=\"acceptedAnswer\" itemtype=\"https:\/\/schema.org\/Answer\"><div itemprop=\"text\"><p>Los cambios dram\u00e1ticos en el clima afectar\u00e1n la presi\u00f3n de las llantas. El fr\u00edo repentino puede provocar lecturas de presi\u00f3n baja a medida que el aire dentro de la llanta se contrae. Las temperaturas c\u00e1lidas pueden hacer que la presi\u00f3n de las llantas aumente a medida que el aire dentro de la llanta se expande. Conducir su veh\u00edculo crea fricci\u00f3n que hace que las llantas se calienten. Esto aumentar\u00e1 la presi\u00f3n dentro de la llanta. Es com\u00fan que las llantas pierdan presi\u00f3n lentamente, con el tiempo, debido a filtraciones a trav\u00e9s de la v\u00e1lvula de la llanta, por el tal\u00f3n o incluso a trav\u00e9s de la pared de la llanta. Las llantas m\u00e1s viejas tender\u00e1n a perder presi\u00f3n m\u00e1s r\u00e1pidamente que las llantas nuevas, pero una presi\u00f3n baja repentina e inesperada indica que hay una fuga.<\/p>\n<\/div><\/div><\/div><\/div><\/li><li class=\"accordion-item wow fadeIn\" data-wow-delay=\"2.1\" data-accordion-item ><a href=\"#\" class=\"accordion-title\">\u00bfD\u00f3nde Puedo Encontrar Informaci\u00f3n Sobre La Presi\u00f3n De Las Llantas De Mi Veh\u00edculo?<\/a><div class=\"accordion-content\" data-tab-content><div itemscope itemprop=\"mainEntity\" itemtype=\"https:\/\/schema.org\/Question\"><h4 itemprop=\"name\">\u00bfD\u00f3nde Puedo Encontrar Informaci\u00f3n Sobre La Presi\u00f3n De Las Llantas De Mi Veh\u00edculo?<\/h4><div itemscope itemprop=\"acceptedAnswer\" itemtype=\"https:\/\/schema.org\/Answer\"><div itemprop=\"text\"><p>La presi\u00f3n recomendada por el fabricante se puede encontrar en una etiqueta que se encuentra en el marco de la puerta del conductor o en el borde interior de la puerta del conductor. Esta etiqueta se llama \u201cplaca de presi\u00f3n\u201d y la presi\u00f3n correcta se llama \u201cpresi\u00f3n de placa. La presi\u00f3n recomendada se basa en la lectura de la presi\u00f3n cuando la llanta est\u00e1 fr\u00eda, es decir, cuando no se ha conducido recientemente. Si mide la presi\u00f3n de la llanta despu\u00e9s de conducir recientemente, obtendr\u00e1 una presi\u00f3n m\u00e1s alta que si la mide cuando est\u00e1 fr\u00eda.<\/p>\n<\/div><\/div><\/div><\/div><\/li><li class=\"accordion-item wow fadeIn\" data-wow-delay=\"2.6\" data-accordion-item ><a href=\"#\" class=\"accordion-title\">\u00bfCu\u00e1nto Debe Durar Un Sensor TPMS?<\/a><div class=\"accordion-content\" data-tab-content><div itemscope itemprop=\"mainEntity\" itemtype=\"https:\/\/schema.org\/Question\"><h4 itemprop=\"name\">\u00bfCu\u00e1nto Debe Durar Un Sensor TPMS?<\/h4><div itemscope itemprop=\"acceptedAnswer\" itemtype=\"https:\/\/schema.org\/Answer\"><div itemprop=\"text\"><p>Los sensores TPMS funcionan por medio de pilas que pueden durar entre 5 y 10 a\u00f1os. La duraci\u00f3n de la pila del sensor depender\u00e1 de cu\u00e1nto conduzca a lo largo del tiempo y de las condiciones en las que conduzca.<\/p>\n<\/div><\/div><\/div><\/div><\/li><li class=\"accordion-item wow fadeIn\" data-wow-delay=\"3.1\" data-accordion-item ><a href=\"#\" class=\"accordion-title\">\u00bfNecesito Reemplazar Mis Sensores TPMS Cuando Compre Llantas Nuevas?<\/a><div class=\"accordion-content\" data-tab-content><div itemscope itemprop=\"mainEntity\" itemtype=\"https:\/\/schema.org\/Question\"><h4 itemprop=\"name\">\u00bfNecesito Reemplazar Mis Sensores TPMS Cuando Compre Llantas Nuevas?<\/h4><div itemscope itemprop=\"acceptedAnswer\" itemtype=\"https:\/\/schema.org\/Answer\"><div itemprop=\"text\"><p>Cuando compra llantas nuevas, si los sensores TPMS todav\u00eda funcionan, se pueden usar de nuevo. Sin embargo, es conveniente reemplazar las piezas de servicio del sensor TPMS. Estas piezas pueden incluir el v\u00e1stago de la v\u00e1lvula, el n\u00facleo de la v\u00e1lvula y la tuerca y anillo (en los sensores con v\u00e1stago met\u00e1lico). Estas piezas se degradan con el tiempo y pueden provocar que el sensor TPMS falle si no se les da mantenimiento.<\/p>\n<\/div><\/div><\/div><\/div><\/li><li class=\"accordion-item wow fadeIn\" data-wow-delay=\"3.6\" data-accordion-item ><a href=\"#\" class=\"accordion-title\">\u00bfLas Llantas Run Flat Necesitan TPMS?<\/a><div class=\"accordion-content\" data-tab-content><div itemscope itemprop=\"mainEntity\" itemtype=\"https:\/\/schema.org\/Question\"><h4 itemprop=\"name\">\u00bfLas Llantas Run Flat Necesitan TPMS?<\/h4><div itemscope itemprop=\"acceptedAnswer\" itemtype=\"https:\/\/schema.org\/Answer\"><div itemprop=\"text\"><p>Las llantas <em>run flat<\/em> est\u00e1n dise\u00f1adas para permitirle continuar conduciendo despu\u00e9s de perder parte o toda la presi\u00f3n de aire. Existen l\u00edmites sobre la velocidad y la distancia que se debe conducir con llantas <em>run flat<\/em> despu\u00e9s de que hayan perdido aire. Es posible que parezca que una llanta desinflada no ha perdido nada de aire, incluso si no hay presi\u00f3n en la llanta. Debido a esto, las llantas <em>run flat<\/em> definitivamente necesitan sensores TPMS.<\/p>\n<\/div><\/div><\/div><\/div><\/li><\/ul>\n<\/div>\n<\/div><\/div><\/div><\/div><\/div><\/div>","protected":false},"excerpt":{"rendered":"<p>Nos complace ofrecer estas preguntas frecuentes sobre TPMS para los conductores. Continental dise\u00f1a y fabrica sistemas de control de presi\u00f3n de llantas para fabricantes de autom\u00f3viles y proporciona sensores de repuesto y piezas de servicio para el TPMS a los profesionales de servicio de autom\u00f3viles. Si no encuentra lo que busca en nuestras preguntas frecuentes [&hellip;]<\/p>\n","protected":false},"author":1,"featured_media":39201,"parent":0,"menu_order":0,"comment_status":"closed","ping_status":"closed","template":"page-templates\/page-full-width.php","meta":{"_acf_changed":false,"_monsterinsights_skip_tracking":false,"_monsterinsights_sitenote_active":false,"_monsterinsights_sitenote_note":"","_monsterinsights_sitenote_category":0,"footnotes":"","_links_to":"","_links_to_target":""},"class_list":["post-39620","page","type-page","status-publish","has-post-thumbnail","hentry"],"acf":[],"yoast_head":"<!-- This site is optimized with the Yoast SEO plugin v27.4 - https:\/\/yoast.com\/product\/yoast-seo-wordpress\/ -->\n<title>Preguntas frecuentes sobre TPMS para conductores - REDI-Sensor<\/title>\n<meta name=\"robots\" content=\"index, follow, max-snippet:-1, max-image-preview:large, max-video-preview:-1\" \/>\n<link rel=\"canonical\" href=\"https:\/\/www.redi-sensor.com\/es\/preguntas-frecuentes-sobre-tpms-para-conductores\/\" \/>\n<meta property=\"og:locale\" content=\"es_ES\" \/>\n<meta property=\"og:type\" content=\"article\" \/>\n<meta property=\"og:title\" content=\"Preguntas frecuentes sobre TPMS para conductores - REDI-Sensor\" \/>\n<meta property=\"og:description\" content=\"Nos complace ofrecer estas preguntas frecuentes sobre TPMS para los conductores. Continental dise\u00f1a y fabrica sistemas de control de presi\u00f3n de llantas para fabricantes de autom\u00f3viles y proporciona sensores de repuesto y piezas de servicio para el TPMS a los profesionales de servicio de autom\u00f3viles. Si no encuentra lo que busca en nuestras preguntas frecuentes [&hellip;]\" \/>\n<meta property=\"og:url\" content=\"https:\/\/www.redi-sensor.com\/es\/preguntas-frecuentes-sobre-tpms-para-conductores\/\" \/>\n<meta property=\"og:site_name\" content=\"REDI-Sensor\" \/>\n<meta property=\"article:modified_time\" content=\"2024-10-11T16:01:21+00:00\" \/>\n<meta property=\"og:image\" content=\"https:\/\/www.redi-sensor.com\/wp-content\/uploads\/2019\/08\/redi-sensor-header-consumer-02.jpg\" \/>\n\t<meta property=\"og:image:width\" content=\"1550\" \/>\n\t<meta property=\"og:image:height\" content=\"900\" \/>\n\t<meta property=\"og:image:type\" content=\"image\/jpeg\" \/>\n<meta name=\"twitter:label1\" content=\"Tiempo de lectura\" \/>\n\t<meta name=\"twitter:data1\" content=\"4 minutos\" \/>\n<script type=\"application\/ld+json\" class=\"yoast-schema-graph\">{\"@context\":\"https:\\\/\\\/schema.org\",\"@graph\":[{\"@type\":\"WebPage\",\"@id\":\"https:\\\/\\\/www.redi-sensor.com\\\/es\\\/preguntas-frecuentes-sobre-tpms-para-conductores\\\/\",\"url\":\"https:\\\/\\\/www.redi-sensor.com\\\/es\\\/preguntas-frecuentes-sobre-tpms-para-conductores\\\/\",\"name\":\"Preguntas frecuentes sobre TPMS para conductores - REDI-Sensor\",\"isPartOf\":{\"@id\":\"https:\\\/\\\/www.redi-sensor.com\\\/es\\\/#website\"},\"primaryImageOfPage\":{\"@id\":\"https:\\\/\\\/www.redi-sensor.com\\\/es\\\/preguntas-frecuentes-sobre-tpms-para-conductores\\\/#primaryimage\"},\"image\":{\"@id\":\"https:\\\/\\\/www.redi-sensor.com\\\/es\\\/preguntas-frecuentes-sobre-tpms-para-conductores\\\/#primaryimage\"},\"thumbnailUrl\":\"https:\\\/\\\/www.redi-sensor.com\\\/wp-content\\\/uploads\\\/2019\\\/08\\\/redi-sensor-header-consumer-02.jpg\",\"datePublished\":\"2019-08-14T23:06:46+00:00\",\"dateModified\":\"2024-10-11T16:01:21+00:00\",\"breadcrumb\":{\"@id\":\"https:\\\/\\\/www.redi-sensor.com\\\/es\\\/preguntas-frecuentes-sobre-tpms-para-conductores\\\/#breadcrumb\"},\"inLanguage\":\"es\",\"potentialAction\":[{\"@type\":\"ReadAction\",\"target\":[\"https:\\\/\\\/www.redi-sensor.com\\\/es\\\/preguntas-frecuentes-sobre-tpms-para-conductores\\\/\"]}]},{\"@type\":\"ImageObject\",\"inLanguage\":\"es\",\"@id\":\"https:\\\/\\\/www.redi-sensor.com\\\/es\\\/preguntas-frecuentes-sobre-tpms-para-conductores\\\/#primaryimage\",\"url\":\"https:\\\/\\\/www.redi-sensor.com\\\/wp-content\\\/uploads\\\/2019\\\/08\\\/redi-sensor-header-consumer-02.jpg\",\"contentUrl\":\"https:\\\/\\\/www.redi-sensor.com\\\/wp-content\\\/uploads\\\/2019\\\/08\\\/redi-sensor-header-consumer-02.jpg\",\"width\":1550,\"height\":900},{\"@type\":\"BreadcrumbList\",\"@id\":\"https:\\\/\\\/www.redi-sensor.com\\\/es\\\/preguntas-frecuentes-sobre-tpms-para-conductores\\\/#breadcrumb\",\"itemListElement\":[{\"@type\":\"ListItem\",\"position\":1,\"name\":\"Home\",\"item\":\"https:\\\/\\\/www.redi-sensor.com\\\/es\\\/\"},{\"@type\":\"ListItem\",\"position\":2,\"name\":\"Preguntas frecuentes sobre TPMS para conductores\"}]},{\"@type\":\"WebSite\",\"@id\":\"https:\\\/\\\/www.redi-sensor.com\\\/es\\\/#website\",\"url\":\"https:\\\/\\\/www.redi-sensor.com\\\/es\\\/\",\"name\":\"REDI-Sensor\",\"description\":\"Multi-Application TPMS Sensors\",\"publisher\":{\"@id\":\"https:\\\/\\\/www.redi-sensor.com\\\/es\\\/#organization\"},\"potentialAction\":[{\"@type\":\"SearchAction\",\"target\":{\"@type\":\"EntryPoint\",\"urlTemplate\":\"https:\\\/\\\/www.redi-sensor.com\\\/es\\\/?s={search_term_string}\"},\"query-input\":{\"@type\":\"PropertyValueSpecification\",\"valueRequired\":true,\"valueName\":\"search_term_string\"}}],\"inLanguage\":\"es\"},{\"@type\":\"Organization\",\"@id\":\"https:\\\/\\\/www.redi-sensor.com\\\/es\\\/#organization\",\"name\":\"REDI-Sensor\",\"url\":\"https:\\\/\\\/www.redi-sensor.com\\\/es\\\/\",\"logo\":{\"@type\":\"ImageObject\",\"inLanguage\":\"es\",\"@id\":\"https:\\\/\\\/www.redi-sensor.com\\\/es\\\/#\\\/schema\\\/logo\\\/image\\\/\",\"url\":\"https:\\\/\\\/redi-sensor.com\\\/wp-content\\\/uploads\\\/2019\\\/06\\\/vdo-redisensor-logo-combined-2.svg\",\"contentUrl\":\"https:\\\/\\\/redi-sensor.com\\\/wp-content\\\/uploads\\\/2019\\\/06\\\/vdo-redisensor-logo-combined-2.svg\",\"width\":1,\"height\":1,\"caption\":\"REDI-Sensor\"},\"image\":{\"@id\":\"https:\\\/\\\/www.redi-sensor.com\\\/es\\\/#\\\/schema\\\/logo\\\/image\\\/\"}}]}<\/script>\n<!-- \/ Yoast SEO plugin. -->","yoast_head_json":{"title":"Preguntas frecuentes sobre TPMS para conductores - REDI-Sensor","robots":{"index":"index","follow":"follow","max-snippet":"max-snippet:-1","max-image-preview":"max-image-preview:large","max-video-preview":"max-video-preview:-1"},"canonical":"https:\/\/www.redi-sensor.com\/es\/preguntas-frecuentes-sobre-tpms-para-conductores\/","og_locale":"es_ES","og_type":"article","og_title":"Preguntas frecuentes sobre TPMS para conductores - REDI-Sensor","og_description":"Nos complace ofrecer estas preguntas frecuentes sobre TPMS para los conductores. Continental dise\u00f1a y fabrica sistemas de control de presi\u00f3n de llantas para fabricantes de autom\u00f3viles y proporciona sensores de repuesto y piezas de servicio para el TPMS a los profesionales de servicio de autom\u00f3viles. Si no encuentra lo que busca en nuestras preguntas frecuentes [&hellip;]","og_url":"https:\/\/www.redi-sensor.com\/es\/preguntas-frecuentes-sobre-tpms-para-conductores\/","og_site_name":"REDI-Sensor","article_modified_time":"2024-10-11T16:01:21+00:00","og_image":[{"width":1550,"height":900,"url":"https:\/\/www.redi-sensor.com\/wp-content\/uploads\/2019\/08\/redi-sensor-header-consumer-02.jpg","type":"image\/jpeg"}],"twitter_misc":{"Tiempo de lectura":"4 minutos"},"schema":{"@context":"https:\/\/schema.org","@graph":[{"@type":"WebPage","@id":"https:\/\/www.redi-sensor.com\/es\/preguntas-frecuentes-sobre-tpms-para-conductores\/","url":"https:\/\/www.redi-sensor.com\/es\/preguntas-frecuentes-sobre-tpms-para-conductores\/","name":"Preguntas frecuentes sobre TPMS para conductores - REDI-Sensor","isPartOf":{"@id":"https:\/\/www.redi-sensor.com\/es\/#website"},"primaryImageOfPage":{"@id":"https:\/\/www.redi-sensor.com\/es\/preguntas-frecuentes-sobre-tpms-para-conductores\/#primaryimage"},"image":{"@id":"https:\/\/www.redi-sensor.com\/es\/preguntas-frecuentes-sobre-tpms-para-conductores\/#primaryimage"},"thumbnailUrl":"https:\/\/www.redi-sensor.com\/wp-content\/uploads\/2019\/08\/redi-sensor-header-consumer-02.jpg","datePublished":"2019-08-14T23:06:46+00:00","dateModified":"2024-10-11T16:01:21+00:00","breadcrumb":{"@id":"https:\/\/www.redi-sensor.com\/es\/preguntas-frecuentes-sobre-tpms-para-conductores\/#breadcrumb"},"inLanguage":"es","potentialAction":[{"@type":"ReadAction","target":["https:\/\/www.redi-sensor.com\/es\/preguntas-frecuentes-sobre-tpms-para-conductores\/"]}]},{"@type":"ImageObject","inLanguage":"es","@id":"https:\/\/www.redi-sensor.com\/es\/preguntas-frecuentes-sobre-tpms-para-conductores\/#primaryimage","url":"https:\/\/www.redi-sensor.com\/wp-content\/uploads\/2019\/08\/redi-sensor-header-consumer-02.jpg","contentUrl":"https:\/\/www.redi-sensor.com\/wp-content\/uploads\/2019\/08\/redi-sensor-header-consumer-02.jpg","width":1550,"height":900},{"@type":"BreadcrumbList","@id":"https:\/\/www.redi-sensor.com\/es\/preguntas-frecuentes-sobre-tpms-para-conductores\/#breadcrumb","itemListElement":[{"@type":"ListItem","position":1,"name":"Home","item":"https:\/\/www.redi-sensor.com\/es\/"},{"@type":"ListItem","position":2,"name":"Preguntas frecuentes sobre TPMS para conductores"}]},{"@type":"WebSite","@id":"https:\/\/www.redi-sensor.com\/es\/#website","url":"https:\/\/www.redi-sensor.com\/es\/","name":"REDI-Sensor","description":"Multi-Application TPMS Sensors","publisher":{"@id":"https:\/\/www.redi-sensor.com\/es\/#organization"},"potentialAction":[{"@type":"SearchAction","target":{"@type":"EntryPoint","urlTemplate":"https:\/\/www.redi-sensor.com\/es\/?s={search_term_string}"},"query-input":{"@type":"PropertyValueSpecification","valueRequired":true,"valueName":"search_term_string"}}],"inLanguage":"es"},{"@type":"Organization","@id":"https:\/\/www.redi-sensor.com\/es\/#organization","name":"REDI-Sensor","url":"https:\/\/www.redi-sensor.com\/es\/","logo":{"@type":"ImageObject","inLanguage":"es","@id":"https:\/\/www.redi-sensor.com\/es\/#\/schema\/logo\/image\/","url":"https:\/\/redi-sensor.com\/wp-content\/uploads\/2019\/06\/vdo-redisensor-logo-combined-2.svg","contentUrl":"https:\/\/redi-sensor.com\/wp-content\/uploads\/2019\/06\/vdo-redisensor-logo-combined-2.svg","width":1,"height":1,"caption":"REDI-Sensor"},"image":{"@id":"https:\/\/www.redi-sensor.com\/es\/#\/schema\/logo\/image\/"}}]}},"_links":{"self":[{"href":"https:\/\/www.redi-sensor.com\/es\/wp-json\/wp\/v2\/pages\/39620","targetHints":{"allow":["GET"]}}],"collection":[{"href":"https:\/\/www.redi-sensor.com\/es\/wp-json\/wp\/v2\/pages"}],"about":[{"href":"https:\/\/www.redi-sensor.com\/es\/wp-json\/wp\/v2\/types\/page"}],"author":[{"embeddable":true,"href":"https:\/\/www.redi-sensor.com\/es\/wp-json\/wp\/v2\/users\/1"}],"replies":[{"embeddable":true,"href":"https:\/\/www.redi-sensor.com\/es\/wp-json\/wp\/v2\/comments?post=39620"}],"version-history":[{"count":0,"href":"https:\/\/www.redi-sensor.com\/es\/wp-json\/wp\/v2\/pages\/39620\/revisions"}],"wp:featuredmedia":[{"embeddable":true,"href":"https:\/\/www.redi-sensor.com\/es\/wp-json\/wp\/v2\/media\/39201"}],"wp:attachment":[{"href":"https:\/\/www.redi-sensor.com\/es\/wp-json\/wp\/v2\/media?parent=39620"}],"curies":[{"name":"wp","href":"https:\/\/api.w.org\/{rel}","templated":true}]}}