{"id":39638,"date":"2019-08-29T14:49:19","date_gmt":"2019-08-29T18:49:19","guid":{"rendered":"https:\/\/www.redi-sensor.com\/preguntas-frecuentes-sobre-tpms-para-conductores\/tires-tpms-and-driving-safety\/"},"modified":"2024-10-11T14:21:58","modified_gmt":"2024-10-11T18:21:58","slug":"las-llantas-el-tpms-y-la-seguridad-en-la-conduccion","status":"publish","type":"page","link":"https:\/\/www.redi-sensor.com\/es\/preguntas-frecuentes-sobre-tpms-para-conductores\/las-llantas-el-tpms-y-la-seguridad-en-la-conduccion\/","title":{"rendered":"Las llantas, el TPMS y la seguridad en la conducci\u00f3n"},"content":{"rendered":"<div id=\"pl-39638\"  class=\"panel-layout\" ><div id=\"pg-39638-0\"  class=\"panel-grid panel-has-style\" ><div class=\"wow fadeIn panel-row-style panel-row-style-for-39638-0\" ><div id=\"pgc-39638-0-0\"  class=\"panel-grid-cell\" ><div id=\"panel-39638-0-0-0\" class=\"so-panel widget widget_sow-editor panel-first-child\" data-index=\"0\" ><div\n\t\t\t\n\t\t\tclass=\"so-widget-sow-editor so-widget-sow-editor-base\"\n\t\t\t\n\t\t>\n<div class=\"siteorigin-widget-tinymce textwidget\">\n\t<p>Nuestra infograf\u00eda del TPMS cubra muchos de los datos que todos de los conductores deben saber sobre las llantas, el TPMS y la seguridad en la conducci\u00f3n. Si alg\u00fan d\u00eda podr\u00eda ayudar a salvarle la vida, muchos conductores ni siquiera est\u00e1n seguros de c\u00f3mo es la luz de advertencia de su TPMS. Nuestra infograf\u00eda explica c\u00f3mo leer la luz de advertencia del TPMS, lo que necesita saber sobre c\u00f3mo mantener la presi\u00f3n adecuada de las llantas y m\u00e1s.<\/p>\n<p><a class=\"button large hollow\" href=\"https:\/\/redi-sensor.com\/wp-content\/uploads\/2019\/08\/REDI-Sensor-TPMS-InfoGraphic.pdf\" target=\"_Blank\" rel=\"noopener\">Descargar PDF (ingl\u00e9s)<\/a><\/p>\n<p><a class=\"button large hollow\" href=\"https:\/\/redi-sensor.com\/wp-content\/uploads\/2021\/11\/TPMS-Infographics-layoutsSPA.pdf\" target=\"_blank\" rel=\"noopener\">Descargar PDF (espa\u00f1ol)<\/a><\/p>\n<\/div>\n<\/div><\/div><div id=\"panel-39638-0-0-1\" class=\"so-panel widget widget_sow-editor panel-last-child\" data-index=\"1\" ><div\n\t\t\t\n\t\t\tclass=\"so-widget-sow-editor so-widget-sow-editor-base\"\n\t\t\t\n\t\t>\n<div class=\"siteorigin-widget-tinymce textwidget\">\n\t<ul>\n<li>El rendimiento de la gasolina se reduce un 0.3 % con cada disminuci\u00f3n de 1 psi de presi\u00f3n en las cuatro llantas.<\/li>\n<li>La mayor\u00eda de las llantas pierden alrededor de 1 psi de presi\u00f3n al mes a medida que el aire se escapa por los talones y la v\u00e1lvula de la llanta.<\/li>\n<li>Por cada aumento o disminuci\u00f3n de 10 \u00baF de temperatura del aire, la presi\u00f3n de las llantas aumenta o disminuye 1-2 psi.<\/li>\n<li>La presi\u00f3n apropiada de las llantas ayuda a maniobrar el veh\u00edculo con seguridad, minimiza el riesgo de hidroplaneo y reduce la probabilidad de volcamiento.<\/li>\n<li>Una luz de advertencia del TPMS que permanece encendida, indica baja presi\u00f3n de llanta. Revise la presi\u00f3n de las llantas y \u00ednflelas, seg\u00fan sea necesario. Si una llanta est\u00e1 desinflada o casi desinflada, c\u00e1mbiela de inmediato. \u00a1No conduzca con la llanta as\u00ed!<\/li>\n<li>Una luz de advertencia del TPMS que parpadea durante 60 a 90 segundos y luego permanece encendida, indica una aver\u00eda del sistema.<\/li>\n<li>Lleve su veh\u00edculo a servicio. El reaprendizaje del TPMS es el procedimiento que conecta los sensores individuales con el veh\u00edculo. Esto debe ser realizado por profesionales capacitados.<\/li>\n<\/ul>\n<\/div>\n<\/div><\/div><\/div><div id=\"pgc-39638-0-1\"  class=\"panel-grid-cell\" ><div id=\"panel-39638-0-1-0\" class=\"so-panel widget widget_sow-editor panel-first-child panel-last-child\" data-index=\"2\" ><div\n\t\t\t\n\t\t\tclass=\"so-widget-sow-editor so-widget-sow-editor-base\"\n\t\t\t\n\t\t>\n<div class=\"siteorigin-widget-tinymce textwidget\">\n\t<p><img loading=\"lazy\" decoding=\"async\" class=\"aligncenter size-large wp-image-28003\" src=\"https:\/\/redi-sensor.com\/wp-content\/uploads\/2019\/08\/REDI-Sensor-TPMS-InfoGraphic-1-768x1683.jpg\" alt=\"\" width=\"464\" height=\"1024\" \/><\/p>\n<\/div>\n<\/div><\/div><\/div><\/div><\/div><\/div>","protected":false},"excerpt":{"rendered":"<p>Nuestra infograf\u00eda del TPMS cubra muchos de los datos que todos de los conductores deben saber sobre las llantas, el TPMS y la seguridad en la conducci\u00f3n. Si alg\u00fan d\u00eda podr\u00eda ayudar a salvarle la vida, muchos conductores ni siquiera est\u00e1n seguros de c\u00f3mo es la luz de advertencia de su TPMS. Nuestra infograf\u00eda explica [&hellip;]<\/p>\n","protected":false},"author":1,"featured_media":0,"parent":39620,"menu_order":0,"comment_status":"closed","ping_status":"closed","template":"page-templates\/page-full-width.php","meta":{"_acf_changed":false,"_monsterinsights_skip_tracking":false,"_monsterinsights_sitenote_active":false,"_monsterinsights_sitenote_note":"","_monsterinsights_sitenote_category":0,"footnotes":"","_links_to":"","_links_to_target":""},"class_list":["post-39638","page","type-page","status-publish","hentry"],"acf":[],"yoast_head":"<!-- This site is optimized with the Yoast SEO plugin v27.2 - https:\/\/yoast.com\/product\/yoast-seo-wordpress\/ -->\n<title>Las llantas, el TPMS y la seguridad en la conducci\u00f3n - REDI-Sensor<\/title>\n<meta name=\"robots\" content=\"index, follow, max-snippet:-1, max-image-preview:large, max-video-preview:-1\" \/>\n<link rel=\"canonical\" href=\"https:\/\/www.redi-sensor.com\/es\/preguntas-frecuentes-sobre-tpms-para-conductores\/las-llantas-el-tpms-y-la-seguridad-en-la-conduccion\/\" \/>\n<meta property=\"og:locale\" content=\"es_ES\" \/>\n<meta property=\"og:type\" content=\"article\" \/>\n<meta property=\"og:title\" content=\"Las llantas, el TPMS y la seguridad en la conducci\u00f3n - REDI-Sensor\" \/>\n<meta property=\"og:description\" content=\"Nuestra infograf\u00eda del TPMS cubra muchos de los datos que todos de los conductores deben saber sobre las llantas, el TPMS y la seguridad en la conducci\u00f3n. Si alg\u00fan d\u00eda podr\u00eda ayudar a salvarle la vida, muchos conductores ni siquiera est\u00e1n seguros de c\u00f3mo es la luz de advertencia de su TPMS. Nuestra infograf\u00eda explica [&hellip;]\" \/>\n<meta property=\"og:url\" content=\"https:\/\/www.redi-sensor.com\/es\/preguntas-frecuentes-sobre-tpms-para-conductores\/las-llantas-el-tpms-y-la-seguridad-en-la-conduccion\/\" \/>\n<meta property=\"og:site_name\" content=\"REDI-Sensor\" \/>\n<meta property=\"article:modified_time\" content=\"2024-10-11T18:21:58+00:00\" \/>\n<meta property=\"og:image\" content=\"https:\/\/redi-sensor.com\/wp-content\/uploads\/2019\/08\/REDI-Sensor-TPMS-InfoGraphic-1-768x1683.jpg\" \/>\n<meta name=\"twitter:label1\" content=\"Tiempo de lectura\" \/>\n\t<meta name=\"twitter:data1\" content=\"2 minutos\" \/>\n<script type=\"application\/ld+json\" class=\"yoast-schema-graph\">{\"@context\":\"https:\/\/schema.org\",\"@graph\":[{\"@type\":\"WebPage\",\"@id\":\"https:\/\/www.redi-sensor.com\/es\/preguntas-frecuentes-sobre-tpms-para-conductores\/las-llantas-el-tpms-y-la-seguridad-en-la-conduccion\/\",\"url\":\"https:\/\/www.redi-sensor.com\/es\/preguntas-frecuentes-sobre-tpms-para-conductores\/las-llantas-el-tpms-y-la-seguridad-en-la-conduccion\/\",\"name\":\"Las llantas, el TPMS y la seguridad en la conducci\u00f3n - REDI-Sensor\",\"isPartOf\":{\"@id\":\"https:\/\/www.redi-sensor.com\/es\/#website\"},\"primaryImageOfPage\":{\"@id\":\"https:\/\/www.redi-sensor.com\/es\/preguntas-frecuentes-sobre-tpms-para-conductores\/las-llantas-el-tpms-y-la-seguridad-en-la-conduccion\/#primaryimage\"},\"image\":{\"@id\":\"https:\/\/www.redi-sensor.com\/es\/preguntas-frecuentes-sobre-tpms-para-conductores\/las-llantas-el-tpms-y-la-seguridad-en-la-conduccion\/#primaryimage\"},\"thumbnailUrl\":\"https:\/\/redi-sensor.com\/wp-content\/uploads\/2019\/08\/REDI-Sensor-TPMS-InfoGraphic-1-768x1683.jpg\",\"datePublished\":\"2019-08-29T18:49:19+00:00\",\"dateModified\":\"2024-10-11T18:21:58+00:00\",\"breadcrumb\":{\"@id\":\"https:\/\/www.redi-sensor.com\/es\/preguntas-frecuentes-sobre-tpms-para-conductores\/las-llantas-el-tpms-y-la-seguridad-en-la-conduccion\/#breadcrumb\"},\"inLanguage\":\"es\",\"potentialAction\":[{\"@type\":\"ReadAction\",\"target\":[\"https:\/\/www.redi-sensor.com\/es\/preguntas-frecuentes-sobre-tpms-para-conductores\/las-llantas-el-tpms-y-la-seguridad-en-la-conduccion\/\"]}]},{\"@type\":\"ImageObject\",\"inLanguage\":\"es\",\"@id\":\"https:\/\/www.redi-sensor.com\/es\/preguntas-frecuentes-sobre-tpms-para-conductores\/las-llantas-el-tpms-y-la-seguridad-en-la-conduccion\/#primaryimage\",\"url\":\"https:\/\/redi-sensor.com\/wp-content\/uploads\/2019\/08\/REDI-Sensor-TPMS-InfoGraphic-1-768x1683.jpg\",\"contentUrl\":\"https:\/\/redi-sensor.com\/wp-content\/uploads\/2019\/08\/REDI-Sensor-TPMS-InfoGraphic-1-768x1683.jpg\"},{\"@type\":\"BreadcrumbList\",\"@id\":\"https:\/\/www.redi-sensor.com\/es\/preguntas-frecuentes-sobre-tpms-para-conductores\/las-llantas-el-tpms-y-la-seguridad-en-la-conduccion\/#breadcrumb\",\"itemListElement\":[{\"@type\":\"ListItem\",\"position\":1,\"name\":\"Home\",\"item\":\"https:\/\/www.redi-sensor.com\/es\/\"},{\"@type\":\"ListItem\",\"position\":2,\"name\":\"Preguntas frecuentes sobre TPMS para conductores\",\"item\":\"https:\/\/www.redi-sensor.com\/es\/preguntas-frecuentes-sobre-tpms-para-conductores\/\"},{\"@type\":\"ListItem\",\"position\":3,\"name\":\"Las llantas, el TPMS y la seguridad en la conducci\u00f3n\"}]},{\"@type\":\"WebSite\",\"@id\":\"https:\/\/www.redi-sensor.com\/es\/#website\",\"url\":\"https:\/\/www.redi-sensor.com\/es\/\",\"name\":\"REDI-Sensor\",\"description\":\"Multi-Application TPMS Sensors\",\"publisher\":{\"@id\":\"https:\/\/www.redi-sensor.com\/es\/#organization\"},\"potentialAction\":[{\"@type\":\"SearchAction\",\"target\":{\"@type\":\"EntryPoint\",\"urlTemplate\":\"https:\/\/www.redi-sensor.com\/es\/?s={search_term_string}\"},\"query-input\":{\"@type\":\"PropertyValueSpecification\",\"valueRequired\":true,\"valueName\":\"search_term_string\"}}],\"inLanguage\":\"es\"},{\"@type\":\"Organization\",\"@id\":\"https:\/\/www.redi-sensor.com\/es\/#organization\",\"name\":\"REDI-Sensor\",\"url\":\"https:\/\/www.redi-sensor.com\/es\/\",\"logo\":{\"@type\":\"ImageObject\",\"inLanguage\":\"es\",\"@id\":\"https:\/\/www.redi-sensor.com\/es\/#\/schema\/logo\/image\/\",\"url\":\"https:\/\/redi-sensor.com\/wp-content\/uploads\/2019\/06\/vdo-redisensor-logo-combined-2.svg\",\"contentUrl\":\"https:\/\/redi-sensor.com\/wp-content\/uploads\/2019\/06\/vdo-redisensor-logo-combined-2.svg\",\"width\":1,\"height\":1,\"caption\":\"REDI-Sensor\"},\"image\":{\"@id\":\"https:\/\/www.redi-sensor.com\/es\/#\/schema\/logo\/image\/\"}}]}<\/script>\n<!-- \/ Yoast SEO plugin. -->","yoast_head_json":{"title":"Las llantas, el TPMS y la seguridad en la conducci\u00f3n - REDI-Sensor","robots":{"index":"index","follow":"follow","max-snippet":"max-snippet:-1","max-image-preview":"max-image-preview:large","max-video-preview":"max-video-preview:-1"},"canonical":"https:\/\/www.redi-sensor.com\/es\/preguntas-frecuentes-sobre-tpms-para-conductores\/las-llantas-el-tpms-y-la-seguridad-en-la-conduccion\/","og_locale":"es_ES","og_type":"article","og_title":"Las llantas, el TPMS y la seguridad en la conducci\u00f3n - REDI-Sensor","og_description":"Nuestra infograf\u00eda del TPMS cubra muchos de los datos que todos de los conductores deben saber sobre las llantas, el TPMS y la seguridad en la conducci\u00f3n. Si alg\u00fan d\u00eda podr\u00eda ayudar a salvarle la vida, muchos conductores ni siquiera est\u00e1n seguros de c\u00f3mo es la luz de advertencia de su TPMS. Nuestra infograf\u00eda explica [&hellip;]","og_url":"https:\/\/www.redi-sensor.com\/es\/preguntas-frecuentes-sobre-tpms-para-conductores\/las-llantas-el-tpms-y-la-seguridad-en-la-conduccion\/","og_site_name":"REDI-Sensor","article_modified_time":"2024-10-11T18:21:58+00:00","og_image":[{"url":"https:\/\/redi-sensor.com\/wp-content\/uploads\/2019\/08\/REDI-Sensor-TPMS-InfoGraphic-1-768x1683.jpg","type":"","width":"","height":""}],"twitter_misc":{"Tiempo de lectura":"2 minutos"},"schema":{"@context":"https:\/\/schema.org","@graph":[{"@type":"WebPage","@id":"https:\/\/www.redi-sensor.com\/es\/preguntas-frecuentes-sobre-tpms-para-conductores\/las-llantas-el-tpms-y-la-seguridad-en-la-conduccion\/","url":"https:\/\/www.redi-sensor.com\/es\/preguntas-frecuentes-sobre-tpms-para-conductores\/las-llantas-el-tpms-y-la-seguridad-en-la-conduccion\/","name":"Las llantas, el TPMS y la seguridad en la conducci\u00f3n - REDI-Sensor","isPartOf":{"@id":"https:\/\/www.redi-sensor.com\/es\/#website"},"primaryImageOfPage":{"@id":"https:\/\/www.redi-sensor.com\/es\/preguntas-frecuentes-sobre-tpms-para-conductores\/las-llantas-el-tpms-y-la-seguridad-en-la-conduccion\/#primaryimage"},"image":{"@id":"https:\/\/www.redi-sensor.com\/es\/preguntas-frecuentes-sobre-tpms-para-conductores\/las-llantas-el-tpms-y-la-seguridad-en-la-conduccion\/#primaryimage"},"thumbnailUrl":"https:\/\/redi-sensor.com\/wp-content\/uploads\/2019\/08\/REDI-Sensor-TPMS-InfoGraphic-1-768x1683.jpg","datePublished":"2019-08-29T18:49:19+00:00","dateModified":"2024-10-11T18:21:58+00:00","breadcrumb":{"@id":"https:\/\/www.redi-sensor.com\/es\/preguntas-frecuentes-sobre-tpms-para-conductores\/las-llantas-el-tpms-y-la-seguridad-en-la-conduccion\/#breadcrumb"},"inLanguage":"es","potentialAction":[{"@type":"ReadAction","target":["https:\/\/www.redi-sensor.com\/es\/preguntas-frecuentes-sobre-tpms-para-conductores\/las-llantas-el-tpms-y-la-seguridad-en-la-conduccion\/"]}]},{"@type":"ImageObject","inLanguage":"es","@id":"https:\/\/www.redi-sensor.com\/es\/preguntas-frecuentes-sobre-tpms-para-conductores\/las-llantas-el-tpms-y-la-seguridad-en-la-conduccion\/#primaryimage","url":"https:\/\/redi-sensor.com\/wp-content\/uploads\/2019\/08\/REDI-Sensor-TPMS-InfoGraphic-1-768x1683.jpg","contentUrl":"https:\/\/redi-sensor.com\/wp-content\/uploads\/2019\/08\/REDI-Sensor-TPMS-InfoGraphic-1-768x1683.jpg"},{"@type":"BreadcrumbList","@id":"https:\/\/www.redi-sensor.com\/es\/preguntas-frecuentes-sobre-tpms-para-conductores\/las-llantas-el-tpms-y-la-seguridad-en-la-conduccion\/#breadcrumb","itemListElement":[{"@type":"ListItem","position":1,"name":"Home","item":"https:\/\/www.redi-sensor.com\/es\/"},{"@type":"ListItem","position":2,"name":"Preguntas frecuentes sobre TPMS para conductores","item":"https:\/\/www.redi-sensor.com\/es\/preguntas-frecuentes-sobre-tpms-para-conductores\/"},{"@type":"ListItem","position":3,"name":"Las llantas, el TPMS y la seguridad en la conducci\u00f3n"}]},{"@type":"WebSite","@id":"https:\/\/www.redi-sensor.com\/es\/#website","url":"https:\/\/www.redi-sensor.com\/es\/","name":"REDI-Sensor","description":"Multi-Application TPMS Sensors","publisher":{"@id":"https:\/\/www.redi-sensor.com\/es\/#organization"},"potentialAction":[{"@type":"SearchAction","target":{"@type":"EntryPoint","urlTemplate":"https:\/\/www.redi-sensor.com\/es\/?s={search_term_string}"},"query-input":{"@type":"PropertyValueSpecification","valueRequired":true,"valueName":"search_term_string"}}],"inLanguage":"es"},{"@type":"Organization","@id":"https:\/\/www.redi-sensor.com\/es\/#organization","name":"REDI-Sensor","url":"https:\/\/www.redi-sensor.com\/es\/","logo":{"@type":"ImageObject","inLanguage":"es","@id":"https:\/\/www.redi-sensor.com\/es\/#\/schema\/logo\/image\/","url":"https:\/\/redi-sensor.com\/wp-content\/uploads\/2019\/06\/vdo-redisensor-logo-combined-2.svg","contentUrl":"https:\/\/redi-sensor.com\/wp-content\/uploads\/2019\/06\/vdo-redisensor-logo-combined-2.svg","width":1,"height":1,"caption":"REDI-Sensor"},"image":{"@id":"https:\/\/www.redi-sensor.com\/es\/#\/schema\/logo\/image\/"}}]}},"_links":{"self":[{"href":"https:\/\/www.redi-sensor.com\/es\/wp-json\/wp\/v2\/pages\/39638","targetHints":{"allow":["GET"]}}],"collection":[{"href":"https:\/\/www.redi-sensor.com\/es\/wp-json\/wp\/v2\/pages"}],"about":[{"href":"https:\/\/www.redi-sensor.com\/es\/wp-json\/wp\/v2\/types\/page"}],"author":[{"embeddable":true,"href":"https:\/\/www.redi-sensor.com\/es\/wp-json\/wp\/v2\/users\/1"}],"replies":[{"embeddable":true,"href":"https:\/\/www.redi-sensor.com\/es\/wp-json\/wp\/v2\/comments?post=39638"}],"version-history":[{"count":0,"href":"https:\/\/www.redi-sensor.com\/es\/wp-json\/wp\/v2\/pages\/39638\/revisions"}],"up":[{"embeddable":true,"href":"https:\/\/www.redi-sensor.com\/es\/wp-json\/wp\/v2\/pages\/39620"}],"wp:attachment":[{"href":"https:\/\/www.redi-sensor.com\/es\/wp-json\/wp\/v2\/media?parent=39638"}],"curies":[{"name":"wp","href":"https:\/\/api.w.org\/{rel}","templated":true}]}}