{"id":39646,"date":"2019-09-09T20:31:10","date_gmt":"2019-09-10T00:31:10","guid":{"rendered":"https:\/\/www.redi-sensor.com\/blog\/"},"modified":"2026-02-05T14:16:47","modified_gmt":"2026-02-05T19:16:47","slug":"blog","status":"publish","type":"page","link":"https:\/\/www.redi-sensor.com\/es\/blog\/","title":{"rendered":"Blog"},"content":{"rendered":"<div id=\"pl-39646\"  class=\"panel-layout\" ><div id=\"pg-39646-0\"  class=\"panel-grid panel-no-style\" ><div id=\"pgc-39646-0-0\"  class=\"panel-grid-cell\" ><div id=\"panel-39646-0-0-0\" class=\"so-panel widget widget_sow-editor panel-first-child\" data-index=\"0\" ><div\n\t\t\t\n\t\t\tclass=\"so-widget-sow-editor so-widget-sow-editor-base\"\n\t\t\t\n\t\t>\n<div class=\"siteorigin-widget-tinymce textwidget\">\n\t<p>Tires do a lot more than just keep your car rolling\u2014they impact safety, fuel economy, ride comfort, and even how much you spend over the life of your vehicle. From the growing headaches around TPMS service to simple habits like checking tire pressure or rotating your tires on time, staying informed can save you money and stress. Whether you\u2019re wondering what to do after installing new tires, preparing for winter driving, or just trying to make your tires last longer, our tire care guides break it all down into practical, easy-to-follow advice for everyday drivers.<\/p>\n<\/div>\n<\/div><\/div><div id=\"panel-39646-0-0-1\" class=\"so-panel widget widget_siteorigin-panels-postloop panel-last-child\" data-index=\"1\" >\n<section class=\"funnels\">\n\t<div class=\"grid-x grid-margin-x grid-margin-y align-left small-up-1 medium-up-2 large-up-3 landing\"  data-equalizer>\n\n\n\n\n\t<div class=\"cell wow fadeIn\" data-wow-delay=\".1s\" >\n\t\t\t\t\t<a class='image-link' href=\"https:\/\/www.redi-sensor.com\/es\/tengo-llantas-nuevas-y-ahora-que\/\">\n\t\t\t\t<img loading=\"lazy\" decoding=\"async\" width=\"463\" height=\"260\" src=\"https:\/\/www.redi-sensor.com\/wp-content\/uploads\/2023\/01\/Redi-sensor-new-tires-now-what-463x260.jpg\" class=\"attachment-funnel-image size-funnel-image wp-post-image\" alt=\"\" \/>\t\t\t<\/a>\n\t\t\t\t\n\t\t<div class=\"funnel-text\">\n\t\t\t<h5 class=\"title\" style=\"padding-right: 50px;\">Tengo llantas nuevas, \u00bfy ahora qu\u00e9?<\/h5>\n\t\t\t<p class=\"excerpt\">Tengo llantas nuevas, \u00bfy ahora qu\u00e9? Acaba de comprar un&hellip;<\/p>\n\t\t\t<a class=\"funnel-link\" href=\"https:\/\/www.redi-sensor.com\/es\/tengo-llantas-nuevas-y-ahora-que\/\"><i class=\"fal fa-lg fa-plus\"><\/i><\/a>\n\t\t<\/div>\n\t<\/div>\n\t<div class=\"cell wow fadeIn\" data-wow-delay=\".2s\" >\n\t\t\t\t\t<a class='image-link' href=\"https:\/\/www.redi-sensor.com\/es\/como-reviso-la-presion-de-las-llantas\/\">\n\t\t\t\t<img loading=\"lazy\" decoding=\"async\" width=\"463\" height=\"260\" src=\"https:\/\/www.redi-sensor.com\/wp-content\/uploads\/2023\/01\/Redi-sensor-how-do-i-check-my-tire-pressure-463x260.jpg\" class=\"attachment-funnel-image size-funnel-image wp-post-image\" alt=\"\" \/>\t\t\t<\/a>\n\t\t\t\t\n\t\t<div class=\"funnel-text\">\n\t\t\t<h5 class=\"title\" style=\"padding-right: 50px;\">\u00bfC\u00f3mo reviso la presi\u00f3n de las llantas?<\/h5>\n\t\t\t<p class=\"excerpt\">Le recomendamos que se tome cinco minutos al comienzo de&hellip;<\/p>\n\t\t\t<a class=\"funnel-link\" href=\"https:\/\/www.redi-sensor.com\/es\/como-reviso-la-presion-de-las-llantas\/\"><i class=\"fal fa-lg fa-plus\"><\/i><\/a>\n\t\t<\/div>\n\t<\/div>\n\t<div class=\"cell wow fadeIn\" data-wow-delay=\".3s\" >\n\t\t\t\t\t<a class='image-link' href=\"https:\/\/www.redi-sensor.com\/es\/realmente-necesito-revisar-la-presion-de-las-llantas-cada-mes\/\">\n\t\t\t\t<img loading=\"lazy\" decoding=\"async\" width=\"463\" height=\"260\" src=\"https:\/\/www.redi-sensor.com\/wp-content\/uploads\/2023\/02\/Redi-sensor-do-i-need-to-check-tire-pressure-every-month-463x260.jpg\" class=\"attachment-funnel-image size-funnel-image wp-post-image\" alt=\"\" \/>\t\t\t<\/a>\n\t\t\t\t\n\t\t<div class=\"funnel-text\">\n\t\t\t<h5 class=\"title\" style=\"padding-right: 50px;\">\u00bfRealmente necesito revisar la presi\u00f3n de las llantas cada mes?<\/h5>\n\t\t\t<p class=\"excerpt\">Le recomendamos que revise la presi\u00f3n de las llantas una&hellip;<\/p>\n\t\t\t<a class=\"funnel-link\" href=\"https:\/\/www.redi-sensor.com\/es\/realmente-necesito-revisar-la-presion-de-las-llantas-cada-mes\/\"><i class=\"fal fa-lg fa-plus\"><\/i><\/a>\n\t\t<\/div>\n\t<\/div>\n\t<div class=\"cell wow fadeIn\" data-wow-delay=\".4s\" >\n\t\t\t\t\t<a class='image-link' href=\"https:\/\/www.redi-sensor.com\/es\/siete-consejos-para-guardar-las-llantas\/\">\n\t\t\t\t<img loading=\"lazy\" decoding=\"async\" width=\"463\" height=\"260\" src=\"https:\/\/www.redi-sensor.com\/wp-content\/uploads\/2023\/01\/Redi-sensor-7-tips-for-storing-your-tires-463x260.jpg\" class=\"attachment-funnel-image size-funnel-image wp-post-image\" alt=\"\" \/>\t\t\t<\/a>\n\t\t\t\t\n\t\t<div class=\"funnel-text\">\n\t\t\t<h5 class=\"title\" style=\"padding-right: 50px;\">Siete consejos para guardar las llantas<\/h5>\n\t\t\t<p class=\"excerpt\">El invierno se acerca sigilosamente y, en muchas partes de&hellip;<\/p>\n\t\t\t<a class=\"funnel-link\" href=\"https:\/\/www.redi-sensor.com\/es\/siete-consejos-para-guardar-las-llantas\/\"><i class=\"fal fa-lg fa-plus\"><\/i><\/a>\n\t\t<\/div>\n\t<\/div>\n\t<div class=\"cell wow fadeIn\" data-wow-delay=\".5s\" >\n\t\t\t\t\t<a class='image-link' href=\"https:\/\/www.redi-sensor.com\/es\/preguntas-frecuentes-llantas-para-el-invierno\/\">\n\t\t\t\t<img loading=\"lazy\" decoding=\"async\" width=\"463\" height=\"260\" src=\"https:\/\/www.redi-sensor.com\/wp-content\/uploads\/2023\/01\/redi-sensor-faq-winter-tires-463x260.jpg\" class=\"attachment-funnel-image size-funnel-image wp-post-image\" alt=\"\" \/>\t\t\t<\/a>\n\t\t\t\t\n\t\t<div class=\"funnel-text\">\n\t\t\t<h5 class=\"title\" style=\"padding-right: 50px;\">Preguntas frecuentes: llantas para el invierno<\/h5>\n\t\t\t<p class=\"excerpt\">P: \u00bfLa nieve es lo \u00fanico que hay que considerar&hellip;<\/p>\n\t\t\t<a class=\"funnel-link\" href=\"https:\/\/www.redi-sensor.com\/es\/preguntas-frecuentes-llantas-para-el-invierno\/\"><i class=\"fal fa-lg fa-plus\"><\/i><\/a>\n\t\t<\/div>\n\t<\/div>\n\t<div class=\"cell wow fadeIn\" data-wow-delay=\".6s\" >\n\t\t\t\t\t<a class='image-link' href=\"https:\/\/www.redi-sensor.com\/es\/como-la-rotacion-de-las-llantas-puede-prolongar-su-vida-util\/\">\n\t\t\t\t<img loading=\"lazy\" decoding=\"async\" width=\"463\" height=\"260\" src=\"https:\/\/www.redi-sensor.com\/wp-content\/uploads\/2021\/07\/rotation-tires-1-463x260.jpg\" class=\"attachment-funnel-image size-funnel-image wp-post-image\" alt=\"\" \/>\t\t\t<\/a>\n\t\t\t\t\n\t\t<div class=\"funnel-text\">\n\t\t\t<h5 class=\"title\" style=\"padding-right: 50px;\">C\u00f3mo la rotaci\u00f3n de las llantas puede prolongar su vida \u00fatil<\/h5>\n\t\t\t<p class=\"excerpt\">\u00bfPor qu\u00e9 debo rotar las llantas? La rotaci\u00f3n de las&hellip;<\/p>\n\t\t\t<a class=\"funnel-link\" href=\"https:\/\/www.redi-sensor.com\/es\/como-la-rotacion-de-las-llantas-puede-prolongar-su-vida-util\/\"><i class=\"fal fa-lg fa-plus\"><\/i><\/a>\n\t\t<\/div>\n\t<\/div>\n\t<div class=\"cell wow fadeIn\" data-wow-delay=\".7s\" >\n\t\t\t\t\t<a class='image-link' href=\"https:\/\/www.redi-sensor.com\/es\/ahorre-dinero-revise-la-presion-de-las-llantas\/\">\n\t\t\t\t<img loading=\"lazy\" decoding=\"async\" width=\"463\" height=\"260\" src=\"https:\/\/www.redi-sensor.com\/wp-content\/uploads\/2021\/01\/Check-Pressure-463x260.jpg\" class=\"attachment-funnel-image size-funnel-image wp-post-image\" alt=\"\" \/>\t\t\t<\/a>\n\t\t\t\t\n\t\t<div class=\"funnel-text\">\n\t\t\t<h5 class=\"title\" style=\"padding-right: 50px;\">\u00a1AHORRE DINERO! Revise la presi\u00f3n de las llantas.<\/h5>\n\t\t\t<p class=\"excerpt\">S\u00f3lo cinco minutos cada mes le ayudar\u00e1n a ahorrar dinero&hellip;<\/p>\n\t\t\t<a class=\"funnel-link\" href=\"https:\/\/www.redi-sensor.com\/es\/ahorre-dinero-revise-la-presion-de-las-llantas\/\"><i class=\"fal fa-lg fa-plus\"><\/i><\/a>\n\t\t<\/div>\n\t<\/div>\n\t<div class=\"cell wow fadeIn\" data-wow-delay=\".8s\" >\n\t\t\t\t\t<a class='image-link' href=\"https:\/\/www.redi-sensor.com\/es\/5-consejos-para-conducir-en-carreteras-mojadas\/\">\n\t\t\t\t<img loading=\"lazy\" decoding=\"async\" width=\"463\" height=\"260\" src=\"https:\/\/www.redi-sensor.com\/wp-content\/uploads\/2021\/01\/Wet-Roads-463x260.jpg\" class=\"attachment-funnel-image size-funnel-image wp-post-image\" alt=\"\" srcset=\"https:\/\/www.redi-sensor.com\/wp-content\/uploads\/2021\/01\/Wet-Roads-463x260.jpg 463w, https:\/\/www.redi-sensor.com\/wp-content\/uploads\/2021\/01\/Wet-Roads-300x169.jpg 300w, https:\/\/www.redi-sensor.com\/wp-content\/uploads\/2021\/01\/Wet-Roads-1024x576.jpg 1024w, https:\/\/www.redi-sensor.com\/wp-content\/uploads\/2021\/01\/Wet-Roads-768x432.jpg 768w, https:\/\/www.redi-sensor.com\/wp-content\/uploads\/2021\/01\/Wet-Roads-1536x864.jpg 1536w, https:\/\/www.redi-sensor.com\/wp-content\/uploads\/2021\/01\/Wet-Roads-2048x1152.jpg 2048w, https:\/\/www.redi-sensor.com\/wp-content\/uploads\/2021\/01\/Wet-Roads-640x360.jpg 640w, https:\/\/www.redi-sensor.com\/wp-content\/uploads\/2021\/01\/Wet-Roads-1200x675.jpg 1200w, https:\/\/www.redi-sensor.com\/wp-content\/uploads\/2021\/01\/Wet-Roads-1920x1080.jpg 1920w\" sizes=\"auto, (max-width: 639px) 98vw, (max-width: 1199px) 64vw, 463px\" \/>\t\t\t<\/a>\n\t\t\t\t\n\t\t<div class=\"funnel-text\">\n\t\t\t<h5 class=\"title\" style=\"padding-right: 50px;\">5 consejos para conducir en carreteras mojadas<\/h5>\n\t\t\t<p class=\"excerpt\">Conduciendo cuando esta lloviendo puede ser peligroso. De hecho, miles&hellip;<\/p>\n\t\t\t<a class=\"funnel-link\" href=\"https:\/\/www.redi-sensor.com\/es\/5-consejos-para-conducir-en-carreteras-mojadas\/\"><i class=\"fal fa-lg fa-plus\"><\/i><\/a>\n\t\t<\/div>\n\t<\/div>\n\t<div class=\"cell wow fadeIn\" data-wow-delay=\".9s\" >\n\t\t\t\t\t<a class='image-link' href=\"https:\/\/www.redi-sensor.com\/es\/que-es-el-reaprendizaje-del-tpms\/\">\n\t\t\t\t<img loading=\"lazy\" decoding=\"async\" width=\"463\" height=\"260\" src=\"https:\/\/www.redi-sensor.com\/wp-content\/uploads\/2019\/06\/tms_corporate-graphic-vdo-logo-clipped-463x260.jpg\" class=\"attachment-funnel-image size-funnel-image wp-post-image\" alt=\"\" \/>\t\t\t<\/a>\n\t\t\t\t\n\t\t<div class=\"funnel-text\">\n\t\t\t<h5 class=\"title\" style=\"padding-right: 50px;\">\u00bfQu\u00e9 es el &#8216;reaprendizaje&#8217; del TPMS?<\/h5>\n\t\t\t<p class=\"excerpt\">La mayor\u00eda de las personas probablemente nunca han o\u00eddo hablar&hellip;<\/p>\n\t\t\t<a class=\"funnel-link\" href=\"https:\/\/www.redi-sensor.com\/es\/que-es-el-reaprendizaje-del-tpms\/\"><i class=\"fal fa-lg fa-plus\"><\/i><\/a>\n\t\t<\/div>\n\t<\/div>\n\t<div class=\"cell wow fadeIn\" data-wow-delay=\".10s\" >\n\t\t\t\t\t<a class='image-link' href=\"https:\/\/www.redi-sensor.com\/es\/cuando-falla-un-sensor-tpms\/\">\n\t\t\t\t<img loading=\"lazy\" decoding=\"async\" width=\"463\" height=\"260\" src=\"https:\/\/www.redi-sensor.com\/wp-content\/uploads\/2019\/09\/red-car-tire-463x260.jpg\" class=\"attachment-funnel-image size-funnel-image wp-post-image\" alt=\"\" \/>\t\t\t<\/a>\n\t\t\t\t\n\t\t<div class=\"funnel-text\">\n\t\t\t<h5 class=\"title\" style=\"padding-right: 50px;\">Cuando falla un sensor TPMS<\/h5>\n\t\t\t<p class=\"excerpt\">El sistema de monitoreo de presi\u00f3n de llantas que le&hellip;<\/p>\n\t\t\t<a class=\"funnel-link\" href=\"https:\/\/www.redi-sensor.com\/es\/cuando-falla-un-sensor-tpms\/\"><i class=\"fal fa-lg fa-plus\"><\/i><\/a>\n\t\t<\/div>\n\t<\/div>\n\t<div class=\"cell wow fadeIn\" data-wow-delay=\".11s\" >\n\t\t\t\t\t<a class='image-link' href=\"https:\/\/www.redi-sensor.com\/es\/por-que-reemplazar-las-piezas-de-servicio-del-tpms\/\">\n\t\t\t\t<img loading=\"lazy\" decoding=\"async\" width=\"463\" height=\"260\" src=\"https:\/\/www.redi-sensor.com\/wp-content\/uploads\/2019\/08\/REDI-Sensor-10003A_V1_with_back-463x260.jpg\" class=\"attachment-funnel-image size-funnel-image wp-post-image\" alt=\"\" \/>\t\t\t<\/a>\n\t\t\t\t\n\t\t<div class=\"funnel-text\">\n\t\t\t<h5 class=\"title\" style=\"padding-right: 50px;\">\u00bfPor qu\u00e9 reemplazar las piezas de servicio del TPMS?<\/h5>\n\t\t\t<p class=\"excerpt\">Piezas del sensor TPMS Los sensores TPMS se componen del&hellip;<\/p>\n\t\t\t<a class=\"funnel-link\" href=\"https:\/\/www.redi-sensor.com\/es\/por-que-reemplazar-las-piezas-de-servicio-del-tpms\/\"><i class=\"fal fa-lg fa-plus\"><\/i><\/a>\n\t\t<\/div>\n\t<\/div>\n\t<div class=\"cell wow fadeIn\" data-wow-delay=\".12s\" >\n\t\t\t\t\t<a class='image-link' href=\"https:\/\/www.redi-sensor.com\/es\/productos-para-reparaciones-de-emergencia-de-llantas-ponchadas-y-el-tpms\/\">\n\t\t\t\t<img loading=\"lazy\" decoding=\"async\" width=\"463\" height=\"260\" src=\"https:\/\/www.redi-sensor.com\/wp-content\/uploads\/2019\/09\/flat-tire-463x260.jpg\" class=\"attachment-funnel-image size-funnel-image wp-post-image\" alt=\"\" \/>\t\t\t<\/a>\n\t\t\t\t\n\t\t<div class=\"funnel-text\">\n\t\t\t<h5 class=\"title\" style=\"padding-right: 50px;\">Productos para reparaciones de emergencia de llantas ponchadas y el TPMS<\/h5>\n\t\t\t<p class=\"excerpt\">Aerosoles para reparaci\u00f3n de llantas Quiz\u00e1s haya o\u00eddo hablar de&hellip;<\/p>\n\t\t\t<a class=\"funnel-link\" href=\"https:\/\/www.redi-sensor.com\/es\/productos-para-reparaciones-de-emergencia-de-llantas-ponchadas-y-el-tpms\/\"><i class=\"fal fa-lg fa-plus\"><\/i><\/a>\n\t\t<\/div>\n\t<\/div>\n\t<div class=\"cell wow fadeIn\" data-wow-delay=\".13s\" >\n\t\t\t\t\t<a class='image-link' href=\"https:\/\/www.redi-sensor.com\/es\/proteja-a-sus-clientes-y-aumente-sus-utilidades-con-el-servicio-del-tpms\/\">\n\t\t\t\t<img loading=\"lazy\" decoding=\"async\" width=\"463\" height=\"260\" src=\"https:\/\/www.redi-sensor.com\/wp-content\/uploads\/2014\/08\/VDO_TPMS_Service_Parts-463x260.jpg\" class=\"attachment-funnel-image size-funnel-image wp-post-image\" alt=\"\" \/>\t\t\t<\/a>\n\t\t\t\t\n\t\t<div class=\"funnel-text\">\n\t\t\t<h5 class=\"title\" style=\"padding-right: 50px;\">Proteja a sus clientes y aumente sus utilidades con el servicio del TPMS.<\/h5>\n\t\t\t<p class=\"excerpt\">Los sistemas de monitoreo de presi\u00f3n de llantas (TPMS) proporcionan&hellip;<\/p>\n\t\t\t<a class=\"funnel-link\" href=\"https:\/\/www.redi-sensor.com\/es\/proteja-a-sus-clientes-y-aumente-sus-utilidades-con-el-servicio-del-tpms\/\"><i class=\"fal fa-lg fa-plus\"><\/i><\/a>\n\t\t<\/div>\n\t<\/div>\n\t<div class=\"cell wow fadeIn\" data-wow-delay=\".14s\" >\n\t\t\t\t\t<a class='image-link' href=\"https:\/\/www.redi-sensor.com\/es\/no-confunda-el-reaprendizaje-del-tpms-con-la-programacion-de-los-sensores\/\">\n\t\t\t\t<img loading=\"lazy\" decoding=\"async\" width=\"463\" height=\"260\" src=\"https:\/\/www.redi-sensor.com\/wp-content\/uploads\/2021\/10\/Todd-with-TPMS-tool-on-one-knee-1500X844-463x260.jpeg\" class=\"attachment-funnel-image size-funnel-image wp-post-image\" alt=\"\" srcset=\"https:\/\/www.redi-sensor.com\/wp-content\/uploads\/2021\/10\/Todd-with-TPMS-tool-on-one-knee-1500X844-463x260.jpeg 463w, https:\/\/www.redi-sensor.com\/wp-content\/uploads\/2021\/10\/Todd-with-TPMS-tool-on-one-knee-1500X844-300x169.jpeg 300w, https:\/\/www.redi-sensor.com\/wp-content\/uploads\/2021\/10\/Todd-with-TPMS-tool-on-one-knee-1500X844-1024x576.jpeg 1024w, https:\/\/www.redi-sensor.com\/wp-content\/uploads\/2021\/10\/Todd-with-TPMS-tool-on-one-knee-1500X844-768x432.jpeg 768w, https:\/\/www.redi-sensor.com\/wp-content\/uploads\/2021\/10\/Todd-with-TPMS-tool-on-one-knee-1500X844-640x360.jpeg 640w, https:\/\/www.redi-sensor.com\/wp-content\/uploads\/2021\/10\/Todd-with-TPMS-tool-on-one-knee-1500X844-1200x675.jpeg 1200w, https:\/\/www.redi-sensor.com\/wp-content\/uploads\/2021\/10\/Todd-with-TPMS-tool-on-one-knee-1500X844.jpeg 1280w\" sizes=\"auto, (max-width: 639px) 98vw, (max-width: 1199px) 64vw, 463px\" \/>\t\t\t<\/a>\n\t\t\t\t\n\t\t<div class=\"funnel-text\">\n\t\t\t<h5 class=\"title\" style=\"padding-right: 50px;\">No confunda el reaprendizaje del TPMS con la programaci\u00f3n de los sensores.<\/h5>\n\t\t\t<p class=\"excerpt\">No confunda el reaprendizaje del TPMS con la programaci\u00f3n de&hellip;<\/p>\n\t\t\t<a class=\"funnel-link\" href=\"https:\/\/www.redi-sensor.com\/es\/no-confunda-el-reaprendizaje-del-tpms-con-la-programacion-de-los-sensores\/\"><i class=\"fal fa-lg fa-plus\"><\/i><\/a>\n\t\t<\/div>\n\t<\/div>\n\t<div class=\"cell wow fadeIn\" data-wow-delay=\".15s\" >\n\t\t\t\t\t<a class='image-link' href=\"https:\/\/www.redi-sensor.com\/es\/sensor-nuevo-tpms-redi-sensor-multiaplicacion\/\">\n\t\t\t\t<img loading=\"lazy\" decoding=\"async\" width=\"463\" height=\"260\" src=\"https:\/\/www.redi-sensor.com\/wp-content\/uploads\/2014\/08\/video_screenshot2-463x260.jpg\" class=\"attachment-funnel-image size-funnel-image wp-post-image\" alt=\"\" \/>\t\t\t<\/a>\n\t\t\t\t\n\t\t<div class=\"funnel-text\">\n\t\t\t<h5 class=\"title\" style=\"padding-right: 50px;\">Sensor nuevo TPMS REDI-Sensor\u2122 multiaplicaci\u00f3n<\/h5>\n\t\t\t<p class=\"excerpt\">Innovaci\u00f3n tecnol\u00f3gica en servicio para el sistema de monitoreo de&hellip;<\/p>\n\t\t\t<a class=\"funnel-link\" href=\"https:\/\/www.redi-sensor.com\/es\/sensor-nuevo-tpms-redi-sensor-multiaplicacion\/\"><i class=\"fal fa-lg fa-plus\"><\/i><\/a>\n\t\t<\/div>\n\t<\/div>\n\n<\/div>\n<\/section>\n\n<\/div><\/div><\/div><\/div>","protected":false},"excerpt":{"rendered":"<p>Tires do a lot more than just keep your car rolling\u2014they impact safety, fuel economy, ride comfort, and even how much you spend over the life of your vehicle. From the growing headaches around TPMS service to simple habits like checking tire pressure or rotating your tires on time, staying informed can save you money [&hellip;]<\/p>\n","protected":false},"author":1,"featured_media":0,"parent":0,"menu_order":0,"comment_status":"closed","ping_status":"closed","template":"page-templates\/page-full-width.php","meta":{"_acf_changed":false,"_monsterinsights_skip_tracking":false,"_monsterinsights_sitenote_active":false,"_monsterinsights_sitenote_note":"","_monsterinsights_sitenote_category":0,"footnotes":"","_links_to":"","_links_to_target":""},"class_list":["post-39646","page","type-page","status-publish","hentry"],"acf":[],"yoast_head":"<!-- This site is optimized with the Yoast SEO plugin v27.2 - https:\/\/yoast.com\/product\/yoast-seo-wordpress\/ -->\n<title>Blog - REDI-Sensor<\/title>\n<meta name=\"robots\" content=\"index, follow, max-snippet:-1, max-image-preview:large, max-video-preview:-1\" \/>\n<link rel=\"canonical\" href=\"https:\/\/www.redi-sensor.com\/es\/blog\/\" \/>\n<meta property=\"og:locale\" content=\"es_ES\" \/>\n<meta property=\"og:type\" content=\"article\" \/>\n<meta property=\"og:title\" content=\"Blog - REDI-Sensor\" \/>\n<meta property=\"og:description\" content=\"Tires do a lot more than just keep your car rolling\u2014they impact safety, fuel economy, ride comfort, and even how much you spend over the life of your vehicle. From the growing headaches around TPMS service to simple habits like checking tire pressure or rotating your tires on time, staying informed can save you money [&hellip;]\" \/>\n<meta property=\"og:url\" content=\"https:\/\/www.redi-sensor.com\/es\/blog\/\" \/>\n<meta property=\"og:site_name\" content=\"REDI-Sensor\" \/>\n<meta property=\"article:modified_time\" content=\"2026-02-05T19:16:47+00:00\" \/>\n<meta name=\"twitter:label1\" content=\"Tiempo de lectura\" \/>\n\t<meta name=\"twitter:data1\" content=\"1 minuto\" \/>\n<script type=\"application\/ld+json\" class=\"yoast-schema-graph\">{\"@context\":\"https:\/\/schema.org\",\"@graph\":[{\"@type\":\"WebPage\",\"@id\":\"https:\/\/www.redi-sensor.com\/es\/blog\/\",\"url\":\"https:\/\/www.redi-sensor.com\/es\/blog\/\",\"name\":\"Blog - REDI-Sensor\",\"isPartOf\":{\"@id\":\"https:\/\/www.redi-sensor.com\/es\/#website\"},\"datePublished\":\"2019-09-10T00:31:10+00:00\",\"dateModified\":\"2026-02-05T19:16:47+00:00\",\"breadcrumb\":{\"@id\":\"https:\/\/www.redi-sensor.com\/es\/blog\/#breadcrumb\"},\"inLanguage\":\"es\",\"potentialAction\":[{\"@type\":\"ReadAction\",\"target\":[\"https:\/\/www.redi-sensor.com\/es\/blog\/\"]}]},{\"@type\":\"BreadcrumbList\",\"@id\":\"https:\/\/www.redi-sensor.com\/es\/blog\/#breadcrumb\",\"itemListElement\":[{\"@type\":\"ListItem\",\"position\":1,\"name\":\"Home\",\"item\":\"https:\/\/www.redi-sensor.com\/es\/\"},{\"@type\":\"ListItem\",\"position\":2,\"name\":\"Blog\"}]},{\"@type\":\"WebSite\",\"@id\":\"https:\/\/www.redi-sensor.com\/es\/#website\",\"url\":\"https:\/\/www.redi-sensor.com\/es\/\",\"name\":\"REDI-Sensor\",\"description\":\"Multi-Application TPMS Sensors\",\"publisher\":{\"@id\":\"https:\/\/www.redi-sensor.com\/es\/#organization\"},\"potentialAction\":[{\"@type\":\"SearchAction\",\"target\":{\"@type\":\"EntryPoint\",\"urlTemplate\":\"https:\/\/www.redi-sensor.com\/es\/?s={search_term_string}\"},\"query-input\":{\"@type\":\"PropertyValueSpecification\",\"valueRequired\":true,\"valueName\":\"search_term_string\"}}],\"inLanguage\":\"es\"},{\"@type\":\"Organization\",\"@id\":\"https:\/\/www.redi-sensor.com\/es\/#organization\",\"name\":\"REDI-Sensor\",\"url\":\"https:\/\/www.redi-sensor.com\/es\/\",\"logo\":{\"@type\":\"ImageObject\",\"inLanguage\":\"es\",\"@id\":\"https:\/\/www.redi-sensor.com\/es\/#\/schema\/logo\/image\/\",\"url\":\"https:\/\/redi-sensor.com\/wp-content\/uploads\/2019\/06\/vdo-redisensor-logo-combined-2.svg\",\"contentUrl\":\"https:\/\/redi-sensor.com\/wp-content\/uploads\/2019\/06\/vdo-redisensor-logo-combined-2.svg\",\"width\":1,\"height\":1,\"caption\":\"REDI-Sensor\"},\"image\":{\"@id\":\"https:\/\/www.redi-sensor.com\/es\/#\/schema\/logo\/image\/\"}}]}<\/script>\n<!-- \/ Yoast SEO plugin. -->","yoast_head_json":{"title":"Blog - REDI-Sensor","robots":{"index":"index","follow":"follow","max-snippet":"max-snippet:-1","max-image-preview":"max-image-preview:large","max-video-preview":"max-video-preview:-1"},"canonical":"https:\/\/www.redi-sensor.com\/es\/blog\/","og_locale":"es_ES","og_type":"article","og_title":"Blog - REDI-Sensor","og_description":"Tires do a lot more than just keep your car rolling\u2014they impact safety, fuel economy, ride comfort, and even how much you spend over the life of your vehicle. From the growing headaches around TPMS service to simple habits like checking tire pressure or rotating your tires on time, staying informed can save you money [&hellip;]","og_url":"https:\/\/www.redi-sensor.com\/es\/blog\/","og_site_name":"REDI-Sensor","article_modified_time":"2026-02-05T19:16:47+00:00","twitter_misc":{"Tiempo de lectura":"1 minuto"},"schema":{"@context":"https:\/\/schema.org","@graph":[{"@type":"WebPage","@id":"https:\/\/www.redi-sensor.com\/es\/blog\/","url":"https:\/\/www.redi-sensor.com\/es\/blog\/","name":"Blog - REDI-Sensor","isPartOf":{"@id":"https:\/\/www.redi-sensor.com\/es\/#website"},"datePublished":"2019-09-10T00:31:10+00:00","dateModified":"2026-02-05T19:16:47+00:00","breadcrumb":{"@id":"https:\/\/www.redi-sensor.com\/es\/blog\/#breadcrumb"},"inLanguage":"es","potentialAction":[{"@type":"ReadAction","target":["https:\/\/www.redi-sensor.com\/es\/blog\/"]}]},{"@type":"BreadcrumbList","@id":"https:\/\/www.redi-sensor.com\/es\/blog\/#breadcrumb","itemListElement":[{"@type":"ListItem","position":1,"name":"Home","item":"https:\/\/www.redi-sensor.com\/es\/"},{"@type":"ListItem","position":2,"name":"Blog"}]},{"@type":"WebSite","@id":"https:\/\/www.redi-sensor.com\/es\/#website","url":"https:\/\/www.redi-sensor.com\/es\/","name":"REDI-Sensor","description":"Multi-Application TPMS Sensors","publisher":{"@id":"https:\/\/www.redi-sensor.com\/es\/#organization"},"potentialAction":[{"@type":"SearchAction","target":{"@type":"EntryPoint","urlTemplate":"https:\/\/www.redi-sensor.com\/es\/?s={search_term_string}"},"query-input":{"@type":"PropertyValueSpecification","valueRequired":true,"valueName":"search_term_string"}}],"inLanguage":"es"},{"@type":"Organization","@id":"https:\/\/www.redi-sensor.com\/es\/#organization","name":"REDI-Sensor","url":"https:\/\/www.redi-sensor.com\/es\/","logo":{"@type":"ImageObject","inLanguage":"es","@id":"https:\/\/www.redi-sensor.com\/es\/#\/schema\/logo\/image\/","url":"https:\/\/redi-sensor.com\/wp-content\/uploads\/2019\/06\/vdo-redisensor-logo-combined-2.svg","contentUrl":"https:\/\/redi-sensor.com\/wp-content\/uploads\/2019\/06\/vdo-redisensor-logo-combined-2.svg","width":1,"height":1,"caption":"REDI-Sensor"},"image":{"@id":"https:\/\/www.redi-sensor.com\/es\/#\/schema\/logo\/image\/"}}]}},"_links":{"self":[{"href":"https:\/\/www.redi-sensor.com\/es\/wp-json\/wp\/v2\/pages\/39646","targetHints":{"allow":["GET"]}}],"collection":[{"href":"https:\/\/www.redi-sensor.com\/es\/wp-json\/wp\/v2\/pages"}],"about":[{"href":"https:\/\/www.redi-sensor.com\/es\/wp-json\/wp\/v2\/types\/page"}],"author":[{"embeddable":true,"href":"https:\/\/www.redi-sensor.com\/es\/wp-json\/wp\/v2\/users\/1"}],"replies":[{"embeddable":true,"href":"https:\/\/www.redi-sensor.com\/es\/wp-json\/wp\/v2\/comments?post=39646"}],"version-history":[{"count":0,"href":"https:\/\/www.redi-sensor.com\/es\/wp-json\/wp\/v2\/pages\/39646\/revisions"}],"wp:attachment":[{"href":"https:\/\/www.redi-sensor.com\/es\/wp-json\/wp\/v2\/media?parent=39646"}],"curies":[{"name":"wp","href":"https:\/\/api.w.org\/{rel}","templated":true}]}}