{"id":39672,"date":"2014-05-05T13:51:49","date_gmt":"2014-05-05T17:51:49","guid":{"rendered":"https:\/\/www.redi-sensor.com\/contact-us\/"},"modified":"2024-09-25T13:32:13","modified_gmt":"2024-09-25T17:32:13","slug":"contactenos","status":"publish","type":"page","link":"https:\/\/www.redi-sensor.com\/es\/contactenos\/","title":{"rendered":"Cont\u00e1ctenos"},"content":{"rendered":"\n\n\t\t<h2>\n\t\t\t\u00bfTiene problemas con el reaprendizaje de los sensores REDI-Sensor m\u00e1s recientes?\n\t\t\t\t\t\tProbablemente necesite actualizar el software de su herramienta TPMS.\n\t\t<\/h2>\n\t\t\t<p>Los sensores m\u00e1s nuevos requieren el software m\u00e1s reciente. Para obtener m\u00e1s informaci\u00f3n y descargas de software, <a href=\"https:\/\/redi-sensor.com\/updates\/\">haga clic aqu\u00ed<\/a>.<\/p>\n\t<p><strong>AUMOVIO Automotive Systems, Inc<\/strong><\/p>\n6755 Snowdrift Road | Allentown, PA 18106 | USA<br \/>\nTel: (800) 564-5066 | Fax: (610) 289-1766<br \/>\nE-mail: <a href=\"mailto:salessupport-us@continental.com\">salessupport-us@continental.com<\/a>\n<strong>Technical Support<\/strong><br \/>\nE-mail: <a href=\"mailto:techsupport-us@continental.com\">techsupport-us@continental.com<\/a><br \/>\nTel: (800) 265-1818<br \/>\nHours: 8am to 5pm EST, Monday-Friday\n<p>REDI-Sensor &#8211; Trademark of the AUMOVIO Corporation<\/p>\n\n","protected":false},"excerpt":{"rendered":"<p>\u00bfTiene problemas con el reaprendizaje de los sensores REDI-Sensor m\u00e1s recientes? Probablemente necesite actualizar el software de su herramienta TPMS. Los sensores m\u00e1s nuevos requieren el software m\u00e1s reciente. Para obtener m\u00e1s informaci\u00f3n y descargas de software, haga clic aqu\u00ed. AUMOVIO Automotive Systems, Inc 6755 Snowdrift Road | Allentown, PA 18106 | USA Tel: (800) [&hellip;]<\/p>\n","protected":false},"author":1,"featured_media":0,"parent":0,"menu_order":0,"comment_status":"closed","ping_status":"open","template":"page-templates\/page-full-width.php","meta":{"_acf_changed":false,"_monsterinsights_skip_tracking":false,"_monsterinsights_sitenote_active":false,"_monsterinsights_sitenote_note":"","_monsterinsights_sitenote_category":0,"footnotes":"","_links_to":"","_links_to_target":""},"class_list":["post-39672","page","type-page","status-publish","hentry"],"acf":[],"yoast_head":"<!-- This site is optimized with the Yoast SEO plugin v27.4 - https:\/\/yoast.com\/product\/yoast-seo-wordpress\/ -->\n<title>Cont\u00e1ctenos - REDI-Sensor<\/title>\n<meta name=\"robots\" content=\"index, follow, max-snippet:-1, max-image-preview:large, max-video-preview:-1\" \/>\n<link rel=\"canonical\" href=\"https:\/\/www.redi-sensor.com\/es\/contactenos\/\" \/>\n<meta property=\"og:locale\" content=\"es_ES\" \/>\n<meta property=\"og:type\" content=\"article\" \/>\n<meta property=\"og:title\" content=\"Cont\u00e1ctenos - REDI-Sensor\" \/>\n<meta property=\"og:description\" content=\"\u00bfTiene problemas con el reaprendizaje de los sensores REDI-Sensor m\u00e1s recientes? Probablemente necesite actualizar el software de su herramienta TPMS. Los sensores m\u00e1s nuevos requieren el software m\u00e1s reciente. Para obtener m\u00e1s informaci\u00f3n y descargas de software, haga clic aqu\u00ed. AUMOVIO Automotive Systems, Inc 6755 Snowdrift Road | Allentown, PA 18106 | USA Tel: (800) [&hellip;]\" \/>\n<meta property=\"og:url\" content=\"https:\/\/www.redi-sensor.com\/es\/contactenos\/\" \/>\n<meta property=\"og:site_name\" content=\"REDI-Sensor\" \/>\n<meta property=\"article:modified_time\" content=\"2024-09-25T17:32:13+00:00\" \/>\n<meta name=\"twitter:label1\" content=\"Tiempo de lectura\" \/>\n\t<meta name=\"twitter:data1\" content=\"3 minutos\" \/>\n<script type=\"application\/ld+json\" class=\"yoast-schema-graph\">{\"@context\":\"https:\\\/\\\/schema.org\",\"@graph\":[{\"@type\":\"WebPage\",\"@id\":\"https:\\\/\\\/www.redi-sensor.com\\\/es\\\/contactenos\\\/\",\"url\":\"https:\\\/\\\/www.redi-sensor.com\\\/es\\\/contactenos\\\/\",\"name\":\"Cont\u00e1ctenos - REDI-Sensor\",\"isPartOf\":{\"@id\":\"https:\\\/\\\/www.redi-sensor.com\\\/es\\\/#website\"},\"datePublished\":\"2014-05-05T17:51:49+00:00\",\"dateModified\":\"2024-09-25T17:32:13+00:00\",\"breadcrumb\":{\"@id\":\"https:\\\/\\\/www.redi-sensor.com\\\/es\\\/contactenos\\\/#breadcrumb\"},\"inLanguage\":\"es\",\"potentialAction\":[{\"@type\":\"ReadAction\",\"target\":[\"https:\\\/\\\/www.redi-sensor.com\\\/es\\\/contactenos\\\/\"]}]},{\"@type\":\"BreadcrumbList\",\"@id\":\"https:\\\/\\\/www.redi-sensor.com\\\/es\\\/contactenos\\\/#breadcrumb\",\"itemListElement\":[{\"@type\":\"ListItem\",\"position\":1,\"name\":\"Home\",\"item\":\"https:\\\/\\\/www.redi-sensor.com\\\/es\\\/\"},{\"@type\":\"ListItem\",\"position\":2,\"name\":\"Cont\u00e1ctenos\"}]},{\"@type\":\"WebSite\",\"@id\":\"https:\\\/\\\/www.redi-sensor.com\\\/es\\\/#website\",\"url\":\"https:\\\/\\\/www.redi-sensor.com\\\/es\\\/\",\"name\":\"REDI-Sensor\",\"description\":\"Multi-Application TPMS Sensors\",\"publisher\":{\"@id\":\"https:\\\/\\\/www.redi-sensor.com\\\/es\\\/#organization\"},\"potentialAction\":[{\"@type\":\"SearchAction\",\"target\":{\"@type\":\"EntryPoint\",\"urlTemplate\":\"https:\\\/\\\/www.redi-sensor.com\\\/es\\\/?s={search_term_string}\"},\"query-input\":{\"@type\":\"PropertyValueSpecification\",\"valueRequired\":true,\"valueName\":\"search_term_string\"}}],\"inLanguage\":\"es\"},{\"@type\":\"Organization\",\"@id\":\"https:\\\/\\\/www.redi-sensor.com\\\/es\\\/#organization\",\"name\":\"REDI-Sensor\",\"url\":\"https:\\\/\\\/www.redi-sensor.com\\\/es\\\/\",\"logo\":{\"@type\":\"ImageObject\",\"inLanguage\":\"es\",\"@id\":\"https:\\\/\\\/www.redi-sensor.com\\\/es\\\/#\\\/schema\\\/logo\\\/image\\\/\",\"url\":\"https:\\\/\\\/redi-sensor.com\\\/wp-content\\\/uploads\\\/2019\\\/06\\\/vdo-redisensor-logo-combined-2.svg\",\"contentUrl\":\"https:\\\/\\\/redi-sensor.com\\\/wp-content\\\/uploads\\\/2019\\\/06\\\/vdo-redisensor-logo-combined-2.svg\",\"width\":1,\"height\":1,\"caption\":\"REDI-Sensor\"},\"image\":{\"@id\":\"https:\\\/\\\/www.redi-sensor.com\\\/es\\\/#\\\/schema\\\/logo\\\/image\\\/\"}}]}<\/script>\n<!-- \/ Yoast SEO plugin. -->","yoast_head_json":{"title":"Cont\u00e1ctenos - REDI-Sensor","robots":{"index":"index","follow":"follow","max-snippet":"max-snippet:-1","max-image-preview":"max-image-preview:large","max-video-preview":"max-video-preview:-1"},"canonical":"https:\/\/www.redi-sensor.com\/es\/contactenos\/","og_locale":"es_ES","og_type":"article","og_title":"Cont\u00e1ctenos - REDI-Sensor","og_description":"\u00bfTiene problemas con el reaprendizaje de los sensores REDI-Sensor m\u00e1s recientes? Probablemente necesite actualizar el software de su herramienta TPMS. Los sensores m\u00e1s nuevos requieren el software m\u00e1s reciente. Para obtener m\u00e1s informaci\u00f3n y descargas de software, haga clic aqu\u00ed. AUMOVIO Automotive Systems, Inc 6755 Snowdrift Road | Allentown, PA 18106 | USA Tel: (800) [&hellip;]","og_url":"https:\/\/www.redi-sensor.com\/es\/contactenos\/","og_site_name":"REDI-Sensor","article_modified_time":"2024-09-25T17:32:13+00:00","twitter_misc":{"Tiempo de lectura":"3 minutos"},"schema":{"@context":"https:\/\/schema.org","@graph":[{"@type":"WebPage","@id":"https:\/\/www.redi-sensor.com\/es\/contactenos\/","url":"https:\/\/www.redi-sensor.com\/es\/contactenos\/","name":"Cont\u00e1ctenos - REDI-Sensor","isPartOf":{"@id":"https:\/\/www.redi-sensor.com\/es\/#website"},"datePublished":"2014-05-05T17:51:49+00:00","dateModified":"2024-09-25T17:32:13+00:00","breadcrumb":{"@id":"https:\/\/www.redi-sensor.com\/es\/contactenos\/#breadcrumb"},"inLanguage":"es","potentialAction":[{"@type":"ReadAction","target":["https:\/\/www.redi-sensor.com\/es\/contactenos\/"]}]},{"@type":"BreadcrumbList","@id":"https:\/\/www.redi-sensor.com\/es\/contactenos\/#breadcrumb","itemListElement":[{"@type":"ListItem","position":1,"name":"Home","item":"https:\/\/www.redi-sensor.com\/es\/"},{"@type":"ListItem","position":2,"name":"Cont\u00e1ctenos"}]},{"@type":"WebSite","@id":"https:\/\/www.redi-sensor.com\/es\/#website","url":"https:\/\/www.redi-sensor.com\/es\/","name":"REDI-Sensor","description":"Multi-Application TPMS Sensors","publisher":{"@id":"https:\/\/www.redi-sensor.com\/es\/#organization"},"potentialAction":[{"@type":"SearchAction","target":{"@type":"EntryPoint","urlTemplate":"https:\/\/www.redi-sensor.com\/es\/?s={search_term_string}"},"query-input":{"@type":"PropertyValueSpecification","valueRequired":true,"valueName":"search_term_string"}}],"inLanguage":"es"},{"@type":"Organization","@id":"https:\/\/www.redi-sensor.com\/es\/#organization","name":"REDI-Sensor","url":"https:\/\/www.redi-sensor.com\/es\/","logo":{"@type":"ImageObject","inLanguage":"es","@id":"https:\/\/www.redi-sensor.com\/es\/#\/schema\/logo\/image\/","url":"https:\/\/redi-sensor.com\/wp-content\/uploads\/2019\/06\/vdo-redisensor-logo-combined-2.svg","contentUrl":"https:\/\/redi-sensor.com\/wp-content\/uploads\/2019\/06\/vdo-redisensor-logo-combined-2.svg","width":1,"height":1,"caption":"REDI-Sensor"},"image":{"@id":"https:\/\/www.redi-sensor.com\/es\/#\/schema\/logo\/image\/"}}]}},"_links":{"self":[{"href":"https:\/\/www.redi-sensor.com\/es\/wp-json\/wp\/v2\/pages\/39672","targetHints":{"allow":["GET"]}}],"collection":[{"href":"https:\/\/www.redi-sensor.com\/es\/wp-json\/wp\/v2\/pages"}],"about":[{"href":"https:\/\/www.redi-sensor.com\/es\/wp-json\/wp\/v2\/types\/page"}],"author":[{"embeddable":true,"href":"https:\/\/www.redi-sensor.com\/es\/wp-json\/wp\/v2\/users\/1"}],"replies":[{"embeddable":true,"href":"https:\/\/www.redi-sensor.com\/es\/wp-json\/wp\/v2\/comments?post=39672"}],"version-history":[{"count":0,"href":"https:\/\/www.redi-sensor.com\/es\/wp-json\/wp\/v2\/pages\/39672\/revisions"}],"wp:attachment":[{"href":"https:\/\/www.redi-sensor.com\/es\/wp-json\/wp\/v2\/media?parent=39672"}],"curies":[{"name":"wp","href":"https:\/\/api.w.org\/{rel}","templated":true}]}}