{"id":39681,"date":"2019-07-26T19:27:32","date_gmt":"2019-07-26T23:27:32","guid":{"rendered":"https:\/\/www.redi-sensor.com\/buy-redi-sensor\/"},"modified":"2024-09-25T13:34:16","modified_gmt":"2024-09-25T17:34:16","slug":"donde-comprar","status":"publish","type":"page","link":"https:\/\/www.redi-sensor.com\/es\/donde-comprar\/","title":{"rendered":"D\u00f3nde comprar sensores TPMS REDI-Sensor\u2122 multiaplicaci\u00f3n"},"content":{"rendered":"\n\n\t<p>Escriba el nombre de la ciudad, la direcci\u00f3n o el c\u00f3digo postal para ver la ubicaci\u00f3n m\u00e1s cercana donde pueda comprar REDI-Sensor<\/p>\n\t<style>\r\n\t#wpsl-stores .wpsl-store-thumb {height:45px !important; width:45px !important;}\r\n\t#wpsl-stores, #wpsl-direction-details, #wpsl-gmap {height:400px !important;}\r\n\t#wpsl-gmap .wpsl-info-window {max-width:225px !important;}\r\n\t.wpsl-input label, #wpsl-radius label, #wpsl-category label {width:95px;}\r\n\t#wpsl-search-input  {width:179px;}\r\n<\/style>\r\n<div id=\"wpsl-wrap\" class=\"wpsl-store-below\">\r\n\t<div class=\"wpsl-search wpsl-clearfix wpsl-results-only\">\r\n\t\t<div id=\"wpsl-search-wrap\">\r\n\t\t\t<form autocomplete=\"off\">\r\n\t\t\t<div class=\"wpsl-input\">\r\n\t\t\t\t<div><label for=\"wpsl-search-input\">Tu ubicaci\u00f3n<\/label><\/div>\r\n\t\t\t\t<input id=\"wpsl-search-input\" type=\"text\" value=\"\" name=\"wpsl-search-input\" placeholder=\"\" aria-required=\"true\" \/>\r\n\t\t\t<\/div>\r\n\t\t\t<div class=\"wpsl-select-wrap\">\r\n\t\t\t\t<div id=\"wpsl-results\">\r\n\t\t\t\t\t<label for=\"wpsl-results-dropdown\">Resultados<\/label>\r\n\t\t\t\t\t<select id=\"wpsl-results-dropdown\" class=\"wpsl-dropdown\" name=\"wpsl-results\">\r\n\t\t\t\t\t\t<option selected=\"selected\" value=\"25\">25<\/option><option value=\"50\">50<\/option><option value=\"75\">75<\/option><option value=\"100\">100<\/option>\r\n\t\t\t\t\t<\/select>\r\n\t\t\t\t<\/div>\r\n\t\t\t<\/div>\r\n\t\t\t\t<div class=\"wpsl-search-btn-wrap\"><input id=\"wpsl-search-btn\" type=\"submit\" value=\"Buscar\"><\/div>\r\n\t\t<\/form>\r\n\t\t<\/div>\r\n\t<\/div>\r\n\t<div class=\"wpsl-gmap-wrap\">\r\n\t\t<div id=\"wpsl-gmap\" class=\"wpsl-gmap-canvas\"><\/div>\r\n\t<\/div>\r\n\t<div id=\"wpsl-result-list\">\r\n\t\t<div id=\"wpsl-stores\" class=\"wpsl-not-loaded\">\r\n\t\t\t<ul><\/ul>\r\n\t\t<\/div>\r\n\t\t<div id=\"wpsl-direction-details\">\r\n\t\t\t<ul><\/ul>\r\n\t\t<\/div>\r\n\t<\/div>\r\n<\/div>\r\n\n<h2>\n\t\tMinoristas en l\u00ednea\n\t<\/h2>\n\t<p><a href=\"https:\/\/www.oreillyauto.com\/search?q=redi-sensor\" target=\"_blank\" rel=\"noopener\">O&#8217;Reilly Auto Parts<\/a><\/p>\n<p><a href=\"https:\/\/www.autozone.com\/engine-management\/tire-pressure-monitoring-sensor\/b\/continental\/4294954734?searchText=TPMS+sensor\" target=\"_blank\" rel=\"noopener\">Autozone<\/a><\/p>\n<p><a href=\"https:\/\/shop.advanceautoparts.com\/web\/SearchResults?searchTerm=redi-sensor\" target=\"_blank\" rel=\"noopener\">Advanced Auto Parts<\/a><\/p>\n<h2>\n\t\tDistributors\n\t<\/h2>\n\t<strong>Tonsa Automotive<\/strong><br \/>\n6 Willow Street<br \/>\nMoonachie, New Jersey 07074<br \/>\nTel. (800) 437-0700\n<strong>Tonsa Automotive<\/strong><br \/>\n83 Harbor Rd<br \/>\nPort Washington, NY 11050<br \/>\nTel. (800) 437-0700\n<p>&nbsp;<\/p>\n\n","protected":false},"excerpt":{"rendered":"<p>Escriba el nombre de la ciudad, la direcci\u00f3n o el c\u00f3digo postal para ver la ubicaci\u00f3n m\u00e1s cercana donde pueda comprar REDI-Sensor Minoristas en l\u00ednea O&#8217;Reilly Auto Parts Autozone Advanced Auto Parts Distributors Tonsa Automotive 6 Willow Street Moonachie, New Jersey 07074 Tel. (800) 437-0700 Tonsa Automotive 83 Harbor Rd Port Washington, NY 11050 Tel. [&hellip;]<\/p>\n","protected":false},"author":1,"featured_media":0,"parent":0,"menu_order":0,"comment_status":"closed","ping_status":"closed","template":"page-templates\/page-full-width.php","meta":{"_acf_changed":false,"_monsterinsights_skip_tracking":false,"_monsterinsights_sitenote_active":false,"_monsterinsights_sitenote_note":"","_monsterinsights_sitenote_category":0,"footnotes":"","_links_to":"","_links_to_target":""},"class_list":["post-39681","page","type-page","status-publish","hentry"],"acf":[],"yoast_head":"<!-- This site is optimized with the Yoast SEO plugin v27.4 - https:\/\/yoast.com\/product\/yoast-seo-wordpress\/ -->\n<title>Where to buy REDI-Sensor Multi-Application TPMS Sensors.<\/title>\n<meta name=\"robots\" content=\"index, follow, max-snippet:-1, max-image-preview:large, max-video-preview:-1\" \/>\n<link rel=\"canonical\" href=\"https:\/\/www.redi-sensor.com\/es\/donde-comprar\/\" \/>\n<meta property=\"og:locale\" content=\"es_ES\" \/>\n<meta property=\"og:type\" content=\"article\" \/>\n<meta property=\"og:title\" content=\"Where to buy REDI-Sensor Multi-Application TPMS Sensors.\" \/>\n<meta property=\"og:description\" content=\"Escriba el nombre de la ciudad, la direcci\u00f3n o el c\u00f3digo postal para ver la ubicaci\u00f3n m\u00e1s cercana donde pueda comprar REDI-Sensor Minoristas en l\u00ednea O&#8217;Reilly Auto Parts Autozone Advanced Auto Parts Distributors Tonsa Automotive 6 Willow Street Moonachie, New Jersey 07074 Tel. (800) 437-0700 Tonsa Automotive 83 Harbor Rd Port Washington, NY 11050 Tel. [&hellip;]\" \/>\n<meta property=\"og:url\" content=\"https:\/\/www.redi-sensor.com\/es\/donde-comprar\/\" \/>\n<meta property=\"og:site_name\" content=\"REDI-Sensor\" \/>\n<meta property=\"article:modified_time\" content=\"2024-09-25T17:34:16+00:00\" \/>\n<meta name=\"twitter:label1\" content=\"Tiempo de lectura\" \/>\n\t<meta name=\"twitter:data1\" content=\"1 minuto\" \/>\n<script type=\"application\/ld+json\" class=\"yoast-schema-graph\">{\"@context\":\"https:\\\/\\\/schema.org\",\"@graph\":[{\"@type\":\"WebPage\",\"@id\":\"https:\\\/\\\/www.redi-sensor.com\\\/es\\\/donde-comprar\\\/\",\"url\":\"https:\\\/\\\/www.redi-sensor.com\\\/es\\\/donde-comprar\\\/\",\"name\":\"Where to buy REDI-Sensor Multi-Application TPMS Sensors.\",\"isPartOf\":{\"@id\":\"https:\\\/\\\/www.redi-sensor.com\\\/es\\\/#website\"},\"datePublished\":\"2019-07-26T23:27:32+00:00\",\"dateModified\":\"2024-09-25T17:34:16+00:00\",\"breadcrumb\":{\"@id\":\"https:\\\/\\\/www.redi-sensor.com\\\/es\\\/donde-comprar\\\/#breadcrumb\"},\"inLanguage\":\"es\",\"potentialAction\":[{\"@type\":\"ReadAction\",\"target\":[\"https:\\\/\\\/www.redi-sensor.com\\\/es\\\/donde-comprar\\\/\"]}]},{\"@type\":\"BreadcrumbList\",\"@id\":\"https:\\\/\\\/www.redi-sensor.com\\\/es\\\/donde-comprar\\\/#breadcrumb\",\"itemListElement\":[{\"@type\":\"ListItem\",\"position\":1,\"name\":\"Home\",\"item\":\"https:\\\/\\\/www.redi-sensor.com\\\/es\\\/\"},{\"@type\":\"ListItem\",\"position\":2,\"name\":\"D\u00f3nde comprar sensores TPMS REDI-Sensor\u2122 multiaplicaci\u00f3n\"}]},{\"@type\":\"WebSite\",\"@id\":\"https:\\\/\\\/www.redi-sensor.com\\\/es\\\/#website\",\"url\":\"https:\\\/\\\/www.redi-sensor.com\\\/es\\\/\",\"name\":\"REDI-Sensor\",\"description\":\"Multi-Application TPMS Sensors\",\"publisher\":{\"@id\":\"https:\\\/\\\/www.redi-sensor.com\\\/es\\\/#organization\"},\"potentialAction\":[{\"@type\":\"SearchAction\",\"target\":{\"@type\":\"EntryPoint\",\"urlTemplate\":\"https:\\\/\\\/www.redi-sensor.com\\\/es\\\/?s={search_term_string}\"},\"query-input\":{\"@type\":\"PropertyValueSpecification\",\"valueRequired\":true,\"valueName\":\"search_term_string\"}}],\"inLanguage\":\"es\"},{\"@type\":\"Organization\",\"@id\":\"https:\\\/\\\/www.redi-sensor.com\\\/es\\\/#organization\",\"name\":\"REDI-Sensor\",\"url\":\"https:\\\/\\\/www.redi-sensor.com\\\/es\\\/\",\"logo\":{\"@type\":\"ImageObject\",\"inLanguage\":\"es\",\"@id\":\"https:\\\/\\\/www.redi-sensor.com\\\/es\\\/#\\\/schema\\\/logo\\\/image\\\/\",\"url\":\"https:\\\/\\\/redi-sensor.com\\\/wp-content\\\/uploads\\\/2019\\\/06\\\/vdo-redisensor-logo-combined-2.svg\",\"contentUrl\":\"https:\\\/\\\/redi-sensor.com\\\/wp-content\\\/uploads\\\/2019\\\/06\\\/vdo-redisensor-logo-combined-2.svg\",\"width\":1,\"height\":1,\"caption\":\"REDI-Sensor\"},\"image\":{\"@id\":\"https:\\\/\\\/www.redi-sensor.com\\\/es\\\/#\\\/schema\\\/logo\\\/image\\\/\"}}]}<\/script>\n<!-- \/ Yoast SEO plugin. -->","yoast_head_json":{"title":"Where to buy REDI-Sensor Multi-Application TPMS Sensors.","robots":{"index":"index","follow":"follow","max-snippet":"max-snippet:-1","max-image-preview":"max-image-preview:large","max-video-preview":"max-video-preview:-1"},"canonical":"https:\/\/www.redi-sensor.com\/es\/donde-comprar\/","og_locale":"es_ES","og_type":"article","og_title":"Where to buy REDI-Sensor Multi-Application TPMS Sensors.","og_description":"Escriba el nombre de la ciudad, la direcci\u00f3n o el c\u00f3digo postal para ver la ubicaci\u00f3n m\u00e1s cercana donde pueda comprar REDI-Sensor Minoristas en l\u00ednea O&#8217;Reilly Auto Parts Autozone Advanced Auto Parts Distributors Tonsa Automotive 6 Willow Street Moonachie, New Jersey 07074 Tel. (800) 437-0700 Tonsa Automotive 83 Harbor Rd Port Washington, NY 11050 Tel. [&hellip;]","og_url":"https:\/\/www.redi-sensor.com\/es\/donde-comprar\/","og_site_name":"REDI-Sensor","article_modified_time":"2024-09-25T17:34:16+00:00","twitter_misc":{"Tiempo de lectura":"1 minuto"},"schema":{"@context":"https:\/\/schema.org","@graph":[{"@type":"WebPage","@id":"https:\/\/www.redi-sensor.com\/es\/donde-comprar\/","url":"https:\/\/www.redi-sensor.com\/es\/donde-comprar\/","name":"Where to buy REDI-Sensor Multi-Application TPMS Sensors.","isPartOf":{"@id":"https:\/\/www.redi-sensor.com\/es\/#website"},"datePublished":"2019-07-26T23:27:32+00:00","dateModified":"2024-09-25T17:34:16+00:00","breadcrumb":{"@id":"https:\/\/www.redi-sensor.com\/es\/donde-comprar\/#breadcrumb"},"inLanguage":"es","potentialAction":[{"@type":"ReadAction","target":["https:\/\/www.redi-sensor.com\/es\/donde-comprar\/"]}]},{"@type":"BreadcrumbList","@id":"https:\/\/www.redi-sensor.com\/es\/donde-comprar\/#breadcrumb","itemListElement":[{"@type":"ListItem","position":1,"name":"Home","item":"https:\/\/www.redi-sensor.com\/es\/"},{"@type":"ListItem","position":2,"name":"D\u00f3nde comprar sensores TPMS REDI-Sensor\u2122 multiaplicaci\u00f3n"}]},{"@type":"WebSite","@id":"https:\/\/www.redi-sensor.com\/es\/#website","url":"https:\/\/www.redi-sensor.com\/es\/","name":"REDI-Sensor","description":"Multi-Application TPMS Sensors","publisher":{"@id":"https:\/\/www.redi-sensor.com\/es\/#organization"},"potentialAction":[{"@type":"SearchAction","target":{"@type":"EntryPoint","urlTemplate":"https:\/\/www.redi-sensor.com\/es\/?s={search_term_string}"},"query-input":{"@type":"PropertyValueSpecification","valueRequired":true,"valueName":"search_term_string"}}],"inLanguage":"es"},{"@type":"Organization","@id":"https:\/\/www.redi-sensor.com\/es\/#organization","name":"REDI-Sensor","url":"https:\/\/www.redi-sensor.com\/es\/","logo":{"@type":"ImageObject","inLanguage":"es","@id":"https:\/\/www.redi-sensor.com\/es\/#\/schema\/logo\/image\/","url":"https:\/\/redi-sensor.com\/wp-content\/uploads\/2019\/06\/vdo-redisensor-logo-combined-2.svg","contentUrl":"https:\/\/redi-sensor.com\/wp-content\/uploads\/2019\/06\/vdo-redisensor-logo-combined-2.svg","width":1,"height":1,"caption":"REDI-Sensor"},"image":{"@id":"https:\/\/www.redi-sensor.com\/es\/#\/schema\/logo\/image\/"}}]}},"_links":{"self":[{"href":"https:\/\/www.redi-sensor.com\/es\/wp-json\/wp\/v2\/pages\/39681","targetHints":{"allow":["GET"]}}],"collection":[{"href":"https:\/\/www.redi-sensor.com\/es\/wp-json\/wp\/v2\/pages"}],"about":[{"href":"https:\/\/www.redi-sensor.com\/es\/wp-json\/wp\/v2\/types\/page"}],"author":[{"embeddable":true,"href":"https:\/\/www.redi-sensor.com\/es\/wp-json\/wp\/v2\/users\/1"}],"replies":[{"embeddable":true,"href":"https:\/\/www.redi-sensor.com\/es\/wp-json\/wp\/v2\/comments?post=39681"}],"version-history":[{"count":0,"href":"https:\/\/www.redi-sensor.com\/es\/wp-json\/wp\/v2\/pages\/39681\/revisions"}],"wp:attachment":[{"href":"https:\/\/www.redi-sensor.com\/es\/wp-json\/wp\/v2\/media?parent=39681"}],"curies":[{"name":"wp","href":"https:\/\/api.w.org\/{rel}","templated":true}]}}