{"id":39684,"date":"2024-09-12T14:30:28","date_gmt":"2024-09-12T18:30:28","guid":{"rendered":"https:\/\/www.redi-sensor.com\/home-page-update-2024\/"},"modified":"2025-04-28T10:17:38","modified_gmt":"2025-04-28T14:17:38","slug":"home-page-update-2024","status":"publish","type":"page","link":"https:\/\/www.redi-sensor.com\/es\/","title":{"rendered":"Home Page Update 2024"},"content":{"rendered":"\n\n\t\t\t<a href=\"https:\/\/www.redi-sensor.com\/es\/la-ventaja-del-redi-sensor-tpms\/\" target=\"_self\"><img decoding=\"async\" loading='false' src=\"https:\/\/www.redi-sensor.com\/wp-content\/uploads\/2022\/04\/redi-sensor-icon.png\" alt=\"\" \/><\/a>\t\t\t\n\t\t\t\t<h2>REDI-Sensor\u2122 Advantages<\/h2><p>Four of our Next Generation REDI-Sensor replace over 300+ OE sensors.<\/p>\n\t\t\t<a href=\"https:\/\/www.redi-sensor.com\/es\/la-ventaja-del-redi-sensor-tpms\/\" target=\"_self\">\n\t\t\t\t\t\tLearn More\n\t\t\t\t\t<\/a>\n<a href=\"https:\/\/www.redi-sensor.com\/es\/la-ventaja-del-redi-sensor-tpms\/\"  target=\"_self\"><img decoding=\"async\" loading='false' src=\"https:\/\/www.redi-sensor.com\/wp-content\/uploads\/2022\/04\/redi-sensor-icon.png\" alt=\"\" \/><\/a>\t\t\t\n\t\t\t<a href=\"https:\/\/www.redi-sensor.com\/es\/redi-sensor-y-herramientas-autodiagnos-para-tpms\/\" target=\"_self\"><img decoding=\"async\" loading='false' src=\"https:\/\/www.redi-sensor.com\/wp-content\/uploads\/2024\/09\/redi-sensor-home-slider-bundle-2024.png\" alt=\"\" \/><\/a>\t\t\t\n\t\t\t\t<h2>Get the Autodiagnos\u2122 <br \/> REDI-Sensor\u2122 bundle.<\/h2><p>Built-in compatibility and significant savings!<\/p>\n\t\t\t<a href=\"https:\/\/www.redi-sensor.com\/es\/redi-sensor-y-herramientas-autodiagnos-para-tpms\/\" target=\"_self\">\n\t\t\t\t\t\tLearn More\n\t\t\t\t\t<\/a>\n<a href=\"https:\/\/www.redi-sensor.com\/es\/redi-sensor-y-herramientas-autodiagnos-para-tpms\/\"  target=\"_self\"><img decoding=\"async\" loading='false' src=\"https:\/\/www.redi-sensor.com\/wp-content\/uploads\/2024\/09\/redi-sensor-home-slider-bundle-2024.png\" alt=\"\" \/><\/a>\t\t\t\n\t\t\t<a href=\"https:\/\/www.redi-sensor.com\/es\/central-de-capacitacion\/\" target=\"_self\"><img decoding=\"async\" loading='false' src=\"https:\/\/www.redi-sensor.com\/wp-content\/uploads\/2024\/09\/training-header-update-2024.png\" alt=\"\" \/><\/a>\t\t\t\n\t\t\t\t<h2>TPMS service tips for service pros<\/h2><p>Check out our free training videos taught by TIA-Certified Instructors.<\/p>\n\t\t\t<a href=\"https:\/\/www.redi-sensor.com\/es\/central-de-capacitacion\/\" target=\"_self\">\n\t\t\t\t\t\tLearn More\n\t\t\t\t\t<\/a>\n<a href=\"https:\/\/www.redi-sensor.com\/es\/central-de-capacitacion\/\"  target=\"_self\"><img decoding=\"async\" loading='false' src=\"https:\/\/www.redi-sensor.com\/wp-content\/uploads\/2024\/09\/training-header-update-2024.png\" alt=\"\" \/><\/a>\t\t\t\n\t\t\t\t<a href=\"#\" aria-label=\"previous\" role=\"button\">\n<\/a>\n\t\t\t\t<a href=\"#\" aria-label=\"next\" role=\"button\">\n<\/a>\n\t<meta itemscope itemprop=\"mainEntityOfPage\" itemtype=\"https:\/\/schema.org\/WebPage\" itemid=\"http:\/\/39560\" content=\"Central de Capacitaci\u00f3n\" \/><meta itemprop=\"datePublished\" content=\"2021-06-14\" \/><meta itemprop=\"dateModified\" content=\"2024-10-11\" \/><meta itemprop=\"name\" content=\"REDI-Sensor\"\/><meta itemprop=\"url\" content=\"https:\/\/www.redi-sensor.com\/wp-content\/uploads\/2021\/10\/redi-sensor-logo-white.svg\"\/><meta itemprop=\"url\" content=\"https:\/\/www.redi-sensor.com\/es\/author\/redi-sensor-admin\/\" \/><meta itemprop=\"name\" content=\"vdo_admin\" \/><meta itemprop=\"interactionType\" content=\"https:\/\/schema.org\/CommentAction\" \/><meta itemprop=\"userInteractionCount\" content=\"0\" \/>\n    <a href=\"https:\/\/www.redi-sensor.com\/es\/central-de-capacitacion\/\">\n        <img decoding=\"async\" src=\"https:\/\/www.redi-sensor.com\/wp-content\/uploads\/2021\/10\/TPMS-Seminars-thumbnail-463x260.jpg\" \/>\n    <\/a>\n    <h5>Seminarios web sobre TPMS para profesionales de servicio<\/h5>\n    Inscr\u00edbase y aprenda c\u00f3mo superar problemas comunes de servicio de TPMS. Impartido por instructores certificados de TIA.\n    <a href=\"https:\/\/www.redi-sensor.com\/es\/central-de-capacitacion\/\"><\/a>\n\t<meta itemscope itemprop=\"mainEntityOfPage\" itemtype=\"https:\/\/schema.org\/WebPage\" itemid=\"http:\/\/39635\" content=\"\u00bfEst\u00e1 encendida la luz de su TPMS?\" \/><meta itemprop=\"datePublished\" content=\"2019-08-14\" \/><meta itemprop=\"dateModified\" content=\"2024-10-11\" \/><meta itemprop=\"name\" content=\"REDI-Sensor\"\/><meta itemprop=\"url\" content=\"https:\/\/www.redi-sensor.com\/wp-content\/uploads\/2021\/10\/redi-sensor-logo-white.svg\"\/><meta itemprop=\"url\" content=\"https:\/\/www.redi-sensor.com\/es\/author\/redi-sensor-admin\/\" \/><meta itemprop=\"name\" content=\"vdo_admin\" \/><meta itemprop=\"url\" content=\"https:\/\/www.redi-sensor.com\/wp-content\/uploads\/2019\/09\/redi-sensor-distressed-driver-e1710337851711.jpg\" \/><meta itemprop=\"width\" content=\"1550\" \/><meta itemprop=\"height\" content=\"900\" \/><meta itemprop=\"interactionType\" content=\"https:\/\/schema.org\/CommentAction\" \/><meta itemprop=\"userInteractionCount\" content=\"0\" \/>\n    <a href=\"https:\/\/www.redi-sensor.com\/es\/esta-encendida-la-luz-de-su-tpms\/\">\n        <img decoding=\"async\" src=\"https:\/\/www.redi-sensor.com\/wp-content\/uploads\/2019\/07\/tpms-light-funnel-image-463x260.jpg\" \/>\n    <\/a>\n    <h5>\u00bfEst\u00e1 encendida la luz de su TPMS?<\/h5>\n    Su sistema de monitoreo de presi\u00f3n de llantas, o TPMS, le alerta cuando una de sus llantas est\u00e1 muy desinflada, lo que puede provocar fallas en las llantas, p\u00e9rdida de control del veh\u00edculo y vuelcos.\n    <a href=\"https:\/\/www.redi-sensor.com\/es\/esta-encendida-la-luz-de-su-tpms\/\"><\/a>\n\t<meta itemscope itemprop=\"mainEntityOfPage\" itemtype=\"https:\/\/schema.org\/WebPage\" itemid=\"http:\/\/39602\" content=\"La ventaja del REDI-Sensor TPMS\" \/><meta itemprop=\"datePublished\" content=\"2014-05-02\" \/><meta itemprop=\"dateModified\" content=\"2024-10-11\" \/><meta itemprop=\"name\" content=\"REDI-Sensor\"\/><meta itemprop=\"url\" content=\"https:\/\/www.redi-sensor.com\/wp-content\/uploads\/2021\/10\/redi-sensor-logo-white.svg\"\/><meta itemprop=\"url\" content=\"https:\/\/www.redi-sensor.com\/es\/author\/redi-sensor-admin\/\" \/><meta itemprop=\"name\" content=\"vdo_admin\" \/><meta itemprop=\"url\" content=\"https:\/\/www.redi-sensor.com\/wp-content\/uploads\/2021\/10\/Closeup-hand-with-REDI-Sensor-in-wheel-1500X844.jpeg\" \/><meta itemprop=\"width\" content=\"1280\" \/><meta itemprop=\"height\" content=\"720\" \/><meta itemprop=\"interactionType\" content=\"https:\/\/schema.org\/CommentAction\" \/><meta itemprop=\"userInteractionCount\" content=\"0\" \/>\n    <a href=\"https:\/\/www.redi-sensor.com\/es\/la-ventaja-del-redi-sensor-tpms\/\">\n        <img decoding=\"async\" src=\"https:\/\/www.redi-sensor.com\/wp-content\/uploads\/2021\/10\/Closeup-of-REDI-Sensor-being-installed-thumbnail-463x260.jpg\" \/>\n    <\/a>\n    <h5>Ventajas de REDI-Sensor\u2122<\/h5>\n    Con solo cuatro sensores REDI-Sensor\u2122 tendr\u00e1 cobertura para m\u00e1s de 225 millones de veh\u00edculos actualmente en circulaci\u00f3n. Adem\u00e1s, el REDI-Sensor no necesita clonaci\u00f3n ni programaci\u00f3n.\n    <a href=\"https:\/\/www.redi-sensor.com\/es\/la-ventaja-del-redi-sensor-tpms\/\"><\/a>\n\t<meta itemscope itemprop=\"mainEntityOfPage\" itemtype=\"https:\/\/schema.org\/WebPage\" itemid=\"http:\/\/39697\" content=\"Buscar aplicaciones\" \/><meta itemprop=\"datePublished\" content=\"2019-06-28\" \/><meta itemprop=\"dateModified\" content=\"2024-10-10\" \/><meta itemprop=\"name\" content=\"REDI-Sensor\"\/><meta itemprop=\"url\" content=\"https:\/\/www.redi-sensor.com\/wp-content\/uploads\/2021\/10\/redi-sensor-logo-white.svg\"\/><meta itemprop=\"url\" content=\"https:\/\/www.redi-sensor.com\/es\/author\/redi-sensor-admin\/\" \/><meta itemprop=\"name\" content=\"vdo_admin\" \/><meta itemprop=\"url\" content=\"https:\/\/www.redi-sensor.com\/wp-content\/uploads\/2021\/10\/application-lookup-feature.jpg\" \/><meta itemprop=\"width\" content=\"1900\" \/><meta itemprop=\"height\" content=\"600\" \/><meta itemprop=\"interactionType\" content=\"https:\/\/schema.org\/CommentAction\" \/><meta itemprop=\"userInteractionCount\" content=\"0\" \/>\n    <a href=\"https:\/\/www.redi-sensor.com\/es\/buscar-aplicaciones\/\">\n        <img decoding=\"async\" src=\"https:\/\/www.redi-sensor.com\/wp-content\/uploads\/2021\/10\/app-screenshot-onphone-740x416-2-463x260.jpg\" \/>\n    <\/a>\n    <h5>B\u00fasqueda de aplicaciones para el TPMS<\/h5>\n    Encuentra el sensor que necesitas para el a\u00f1o\/marca\/modelo en el que est\u00e1s trabajando. Descargue las instrucciones de instalaci\u00f3n\/reaprendizaje de sensores TPMS y encuentre consejos en video sobre el servicio del TPMS.\n    <a href=\"https:\/\/www.redi-sensor.com\/es\/buscar-aplicaciones\/\"><\/a>\n\t<meta itemscope itemprop=\"mainEntityOfPage\" itemtype=\"https:\/\/schema.org\/WebPage\" itemid=\"http:\/\/39620\" content=\"Preguntas frecuentes sobre TPMS para conductores\" \/><meta itemprop=\"datePublished\" content=\"2019-08-14\" \/><meta itemprop=\"dateModified\" content=\"2024-10-11\" \/><meta itemprop=\"name\" content=\"REDI-Sensor\"\/><meta itemprop=\"url\" content=\"https:\/\/www.redi-sensor.com\/wp-content\/uploads\/2021\/10\/redi-sensor-logo-white.svg\"\/><meta itemprop=\"url\" content=\"https:\/\/www.redi-sensor.com\/es\/author\/redi-sensor-admin\/\" \/><meta itemprop=\"name\" content=\"vdo_admin\" \/><meta itemprop=\"url\" content=\"https:\/\/www.redi-sensor.com\/wp-content\/uploads\/2019\/08\/redi-sensor-header-consumer-02.jpg\" \/><meta itemprop=\"width\" content=\"1550\" \/><meta itemprop=\"height\" content=\"900\" \/><meta itemprop=\"interactionType\" content=\"https:\/\/schema.org\/CommentAction\" \/><meta itemprop=\"userInteractionCount\" content=\"0\" \/>\n    <a href=\"https:\/\/www.redi-sensor.com\/es\/preguntas-frecuentes-sobre-tpms-para-conductores\/\">\n        <img decoding=\"async\" src=\"https:\/\/www.redi-sensor.com\/wp-content\/uploads\/2019\/07\/redi-sensor-funnel-images-website-close-up-463x260.jpg\" \/>\n    <\/a>\n    <h5>Datos sobre TPMS y preguntas frecuentes para conductores<\/h5>\n    Consejos y datos \u00fatiles sobre TPMS para profesionales de servicio y conductores en general. Descubra lo que los conductores y los profesionales del servicio necesitan saber sobre el TPMS y el servicio al TPMS.\n    <a href=\"https:\/\/www.redi-sensor.com\/es\/preguntas-frecuentes-sobre-tpms-para-conductores\/\"><\/a>\n\t<meta itemscope itemprop=\"mainEntityOfPage\" itemtype=\"https:\/\/schema.org\/WebPage\" itemid=\"http:\/\/39614\" content=\"L\u00ednea de sensores TPMS REDI-Sensor multiaplicaci\u00f3n\" \/><meta itemprop=\"datePublished\" content=\"2019-08-19\" \/><meta itemprop=\"dateModified\" content=\"2024-10-14\" \/><meta itemprop=\"name\" content=\"REDI-Sensor\"\/><meta itemprop=\"url\" content=\"https:\/\/www.redi-sensor.com\/wp-content\/uploads\/2021\/10\/redi-sensor-logo-white.svg\"\/><meta itemprop=\"url\" content=\"https:\/\/www.redi-sensor.com\/es\/author\/redi-sensor-admin\/\" \/><meta itemprop=\"name\" content=\"vdo_admin\" \/><meta itemprop=\"interactionType\" content=\"https:\/\/schema.org\/CommentAction\" \/><meta itemprop=\"userInteractionCount\" content=\"0\" \/>\n    <a href=\"https:\/\/www.redi-sensor.com\/es\/the-redi-sensor-line-up\/\">\n        <img decoding=\"async\" src=\"https:\/\/www.redi-sensor.com\/wp-content\/uploads\/2021\/10\/redi-sensor-lineup-463x260.jpg\" \/>\n    <\/a>\n    <h5>La l\u00ednea de productos REDI-Sensor\u2122<\/h5>\n    Vea nuestra nueva l\u00ednea de sensores TPMS REDI-Sensor\u2122 y descubra por qu\u00e9 REDI-Sensor es la mejor opci\u00f3n para su taller.\n    <a href=\"https:\/\/www.redi-sensor.com\/es\/the-redi-sensor-line-up\/\"><\/a>\n\t\t<!-- .pp-content-posts -->\n\t\t\t\t\t\t\t\t\t<img decoding=\"async\" src=\"http:\/\/10.1.10.21\/redisensor\/wp-content\/uploads\/2021\/10\/redi-sensor-home-pamphlet-image.jpg\" alt=\"redi-sensor-home-pamphlet-image\" itemprop=\"image\" srcset=\"https:\/\/www.redi-sensor.com\/wp-content\/uploads\/2021\/10\/redi-sensor-home-pamphlet-image.jpg 1127w, https:\/\/www.redi-sensor.com\/wp-content\/uploads\/2021\/10\/redi-sensor-home-pamphlet-image-300x130.jpg 300w, https:\/\/www.redi-sensor.com\/wp-content\/uploads\/2021\/10\/redi-sensor-home-pamphlet-image-1024x445.jpg 1024w, https:\/\/www.redi-sensor.com\/wp-content\/uploads\/2021\/10\/redi-sensor-home-pamphlet-image-768x334.jpg 768w, https:\/\/www.redi-sensor.com\/wp-content\/uploads\/2021\/10\/redi-sensor-home-pamphlet-image-640x278.jpg 640w\" sizes=\"(max-width: 639px) 98vw, (max-width: 1199px) 64vw, 770px\" title=\"redi-sensor-home-pamphlet-image\" onerror=\"this.style.display='none'\"  \/>\n<h4>\n\t\tThe Next Generation REDI-Sensor TPMS Sensors\n\t<\/h4>\n\t<p>Our Next Generation REDI-Sensor line up gives you even more reasons to switch to REDI-Sensor! Learn about all the advantages in our press release, and download our latest literature.<\/p>\n<p><a href=\"https:\/\/redi-sensor.com\/next-generation-redi-sensor-delivers-latest-advance-in-multi-application-tpms-sensor-technology\/\">View Press Release<\/a><\/p>\n<p><a href=\"https:\/\/redi-sensor.com\/wp-content\/uploads\/2021\/10\/REDI-Sensor_TriFold_NewImage_FINAL.pdf\" target=\"_blank\" rel=\"noopener noreferrer\">Download Pamphlet<\/a><\/p>\n\t\t\t\t\t\t\t\t\t<img loading=\"lazy\" decoding=\"async\" src=\"https:\/\/www.redi-sensor.com\/wp-content\/uploads\/2025\/04\/redi-sensor-bundle-home-page-teaser.jpg\" alt=\"redi-sensor-bundle-home-page-teaser\" itemprop=\"image\" height=\"490\" width=\"1127\" srcset=\"https:\/\/www.redi-sensor.com\/wp-content\/uploads\/2025\/04\/redi-sensor-bundle-home-page-teaser.jpg 1127w, https:\/\/www.redi-sensor.com\/wp-content\/uploads\/2025\/04\/redi-sensor-bundle-home-page-teaser-300x130.jpg 300w, https:\/\/www.redi-sensor.com\/wp-content\/uploads\/2025\/04\/redi-sensor-bundle-home-page-teaser-1024x445.jpg 1024w, https:\/\/www.redi-sensor.com\/wp-content\/uploads\/2025\/04\/redi-sensor-bundle-home-page-teaser-768x334.jpg 768w, https:\/\/www.redi-sensor.com\/wp-content\/uploads\/2025\/04\/redi-sensor-bundle-home-page-teaser-640x278.jpg 640w\" sizes=\"auto, (max-width: 639px) 98vw, (max-width: 1199px) 64vw, 770px\" title=\"redi-sensor-bundle-home-page-teaser\" onerror=\"this.style.display='none'\"  \/>\n<h4>\n\t\tAcelere a\u00fan m\u00e1s el reaprendizaje de los sensores TPMS m\u00e1s r\u00e1pidos.\n\t<\/h4>\n\t<p>Elija las herramientas Autodiagnos TPMS para el servicio TPMS m\u00e1s r\u00e1pido y sencillo con sensores TPMS REDI-Sensor de aplicaciones m\u00faltiples. M\u00e1s informaci\u00f3n.<\/p>\n<p><a href=\"https:\/\/www.redi-sensor.com\/es\/redi-sensor-y-herramientas-autodiagnos-para-tpms\/\">Aprender M\u00e1s<\/a><\/p>\n\n","protected":false},"excerpt":{"rendered":"<p>REDI-Sensor\u2122 Advantages Four of our Next Generation REDI-Sensor replace over 300+ OE sensors. Learn More Get the Autodiagnos\u2122 REDI-Sensor\u2122 bundle. Built-in compatibility and significant savings! Learn More TPMS service tips for service pros Check out our free training videos taught by TIA-Certified Instructors. Learn More Seminarios web sobre TPMS para profesionales de servicio Inscr\u00edbase y [&hellip;]<\/p>\n","protected":false},"author":1,"featured_media":0,"parent":0,"menu_order":0,"comment_status":"closed","ping_status":"closed","template":"page-templates\/page-full-width-blank.php","meta":{"_acf_changed":false,"_monsterinsights_skip_tracking":false,"_monsterinsights_sitenote_active":false,"_monsterinsights_sitenote_note":"","_monsterinsights_sitenote_category":0,"footnotes":"","_links_to":"","_links_to_target":""},"class_list":["post-39684","page","type-page","status-publish","hentry"],"acf":[],"yoast_head":"<!-- This site is optimized with the Yoast SEO plugin v27.2 - https:\/\/yoast.com\/product\/yoast-seo-wordpress\/ -->\n<title>REDI-Sensor - Multi-Application TPMS Sensors<\/title>\n<meta name=\"robots\" content=\"index, follow, max-snippet:-1, max-image-preview:large, max-video-preview:-1\" \/>\n<link rel=\"canonical\" href=\"https:\/\/www.redi-sensor.com\/es\/\" \/>\n<meta property=\"og:locale\" content=\"es_ES\" \/>\n<meta property=\"og:type\" content=\"article\" \/>\n<meta property=\"og:title\" content=\"REDI-Sensor - Multi-Application TPMS Sensors\" \/>\n<meta property=\"og:description\" content=\"REDI-Sensor\u2122 Advantages Four of our Next Generation REDI-Sensor replace over 300+ OE sensors. Learn More Get the Autodiagnos\u2122 REDI-Sensor\u2122 bundle. Built-in compatibility and significant savings! Learn More TPMS service tips for service pros Check out our free training videos taught by TIA-Certified Instructors. Learn More Seminarios web sobre TPMS para profesionales de servicio Inscr\u00edbase y [&hellip;]\" \/>\n<meta property=\"og:url\" content=\"https:\/\/www.redi-sensor.com\/es\/\" \/>\n<meta property=\"og:site_name\" content=\"REDI-Sensor\" \/>\n<meta property=\"article:modified_time\" content=\"2025-04-28T14:17:38+00:00\" \/>\n<meta property=\"og:image\" content=\"https:\/\/www.redi-sensor.com\/wp-content\/uploads\/2022\/04\/redi-sensor-icon.png\" \/>\n<meta name=\"twitter:label1\" content=\"Tiempo de lectura\" \/>\n\t<meta name=\"twitter:data1\" content=\"4 minutos\" \/>\n<script type=\"application\/ld+json\" class=\"yoast-schema-graph\">{\"@context\":\"https:\/\/schema.org\",\"@graph\":[{\"@type\":\"WebPage\",\"@id\":\"https:\/\/www.redi-sensor.com\/es\/\",\"url\":\"https:\/\/www.redi-sensor.com\/es\/\",\"name\":\"REDI-Sensor - Multi-Application TPMS Sensors\",\"isPartOf\":{\"@id\":\"https:\/\/www.redi-sensor.com\/es\/#website\"},\"primaryImageOfPage\":{\"@id\":\"https:\/\/www.redi-sensor.com\/es\/#primaryimage\"},\"image\":{\"@id\":\"https:\/\/www.redi-sensor.com\/es\/#primaryimage\"},\"thumbnailUrl\":\"https:\/\/www.redi-sensor.com\/wp-content\/uploads\/2022\/04\/redi-sensor-icon.png\",\"datePublished\":\"2024-09-12T18:30:28+00:00\",\"dateModified\":\"2025-04-28T14:17:38+00:00\",\"breadcrumb\":{\"@id\":\"https:\/\/www.redi-sensor.com\/es\/#breadcrumb\"},\"inLanguage\":\"es\",\"potentialAction\":[{\"@type\":\"ReadAction\",\"target\":[\"https:\/\/www.redi-sensor.com\/es\/\"]}]},{\"@type\":\"ImageObject\",\"inLanguage\":\"es\",\"@id\":\"https:\/\/www.redi-sensor.com\/es\/#primaryimage\",\"url\":\"https:\/\/www.redi-sensor.com\/wp-content\/uploads\/2022\/04\/redi-sensor-icon.png\",\"contentUrl\":\"https:\/\/www.redi-sensor.com\/wp-content\/uploads\/2022\/04\/redi-sensor-icon.png\"},{\"@type\":\"BreadcrumbList\",\"@id\":\"https:\/\/www.redi-sensor.com\/es\/#breadcrumb\",\"itemListElement\":[{\"@type\":\"ListItem\",\"position\":1,\"name\":\"Home\",\"item\":\"https:\/\/www.redi-sensor.com\/es\/\"},{\"@type\":\"ListItem\",\"position\":2,\"name\":\"Home Page Update 2024\"}]},{\"@type\":\"WebSite\",\"@id\":\"https:\/\/www.redi-sensor.com\/es\/#website\",\"url\":\"https:\/\/www.redi-sensor.com\/es\/\",\"name\":\"REDI-Sensor\",\"description\":\"Multi-Application TPMS Sensors\",\"publisher\":{\"@id\":\"https:\/\/www.redi-sensor.com\/es\/#organization\"},\"potentialAction\":[{\"@type\":\"SearchAction\",\"target\":{\"@type\":\"EntryPoint\",\"urlTemplate\":\"https:\/\/www.redi-sensor.com\/es\/?s={search_term_string}\"},\"query-input\":{\"@type\":\"PropertyValueSpecification\",\"valueRequired\":true,\"valueName\":\"search_term_string\"}}],\"inLanguage\":\"es\"},{\"@type\":\"Organization\",\"@id\":\"https:\/\/www.redi-sensor.com\/es\/#organization\",\"name\":\"REDI-Sensor\",\"url\":\"https:\/\/www.redi-sensor.com\/es\/\",\"logo\":{\"@type\":\"ImageObject\",\"inLanguage\":\"es\",\"@id\":\"https:\/\/www.redi-sensor.com\/es\/#\/schema\/logo\/image\/\",\"url\":\"https:\/\/redi-sensor.com\/wp-content\/uploads\/2019\/06\/vdo-redisensor-logo-combined-2.svg\",\"contentUrl\":\"https:\/\/redi-sensor.com\/wp-content\/uploads\/2019\/06\/vdo-redisensor-logo-combined-2.svg\",\"width\":1,\"height\":1,\"caption\":\"REDI-Sensor\"},\"image\":{\"@id\":\"https:\/\/www.redi-sensor.com\/es\/#\/schema\/logo\/image\/\"}}]}<\/script>\n<!-- \/ Yoast SEO plugin. -->","yoast_head_json":{"title":"REDI-Sensor - Multi-Application TPMS Sensors","robots":{"index":"index","follow":"follow","max-snippet":"max-snippet:-1","max-image-preview":"max-image-preview:large","max-video-preview":"max-video-preview:-1"},"canonical":"https:\/\/www.redi-sensor.com\/es\/","og_locale":"es_ES","og_type":"article","og_title":"REDI-Sensor - Multi-Application TPMS Sensors","og_description":"REDI-Sensor\u2122 Advantages Four of our Next Generation REDI-Sensor replace over 300+ OE sensors. Learn More Get the Autodiagnos\u2122 REDI-Sensor\u2122 bundle. Built-in compatibility and significant savings! Learn More TPMS service tips for service pros Check out our free training videos taught by TIA-Certified Instructors. Learn More Seminarios web sobre TPMS para profesionales de servicio Inscr\u00edbase y [&hellip;]","og_url":"https:\/\/www.redi-sensor.com\/es\/","og_site_name":"REDI-Sensor","article_modified_time":"2025-04-28T14:17:38+00:00","og_image":[{"url":"https:\/\/www.redi-sensor.com\/wp-content\/uploads\/2022\/04\/redi-sensor-icon.png","type":"","width":"","height":""}],"twitter_misc":{"Tiempo de lectura":"4 minutos"},"schema":{"@context":"https:\/\/schema.org","@graph":[{"@type":"WebPage","@id":"https:\/\/www.redi-sensor.com\/es\/","url":"https:\/\/www.redi-sensor.com\/es\/","name":"REDI-Sensor - Multi-Application TPMS Sensors","isPartOf":{"@id":"https:\/\/www.redi-sensor.com\/es\/#website"},"primaryImageOfPage":{"@id":"https:\/\/www.redi-sensor.com\/es\/#primaryimage"},"image":{"@id":"https:\/\/www.redi-sensor.com\/es\/#primaryimage"},"thumbnailUrl":"https:\/\/www.redi-sensor.com\/wp-content\/uploads\/2022\/04\/redi-sensor-icon.png","datePublished":"2024-09-12T18:30:28+00:00","dateModified":"2025-04-28T14:17:38+00:00","breadcrumb":{"@id":"https:\/\/www.redi-sensor.com\/es\/#breadcrumb"},"inLanguage":"es","potentialAction":[{"@type":"ReadAction","target":["https:\/\/www.redi-sensor.com\/es\/"]}]},{"@type":"ImageObject","inLanguage":"es","@id":"https:\/\/www.redi-sensor.com\/es\/#primaryimage","url":"https:\/\/www.redi-sensor.com\/wp-content\/uploads\/2022\/04\/redi-sensor-icon.png","contentUrl":"https:\/\/www.redi-sensor.com\/wp-content\/uploads\/2022\/04\/redi-sensor-icon.png"},{"@type":"BreadcrumbList","@id":"https:\/\/www.redi-sensor.com\/es\/#breadcrumb","itemListElement":[{"@type":"ListItem","position":1,"name":"Home","item":"https:\/\/www.redi-sensor.com\/es\/"},{"@type":"ListItem","position":2,"name":"Home Page Update 2024"}]},{"@type":"WebSite","@id":"https:\/\/www.redi-sensor.com\/es\/#website","url":"https:\/\/www.redi-sensor.com\/es\/","name":"REDI-Sensor","description":"Multi-Application TPMS Sensors","publisher":{"@id":"https:\/\/www.redi-sensor.com\/es\/#organization"},"potentialAction":[{"@type":"SearchAction","target":{"@type":"EntryPoint","urlTemplate":"https:\/\/www.redi-sensor.com\/es\/?s={search_term_string}"},"query-input":{"@type":"PropertyValueSpecification","valueRequired":true,"valueName":"search_term_string"}}],"inLanguage":"es"},{"@type":"Organization","@id":"https:\/\/www.redi-sensor.com\/es\/#organization","name":"REDI-Sensor","url":"https:\/\/www.redi-sensor.com\/es\/","logo":{"@type":"ImageObject","inLanguage":"es","@id":"https:\/\/www.redi-sensor.com\/es\/#\/schema\/logo\/image\/","url":"https:\/\/redi-sensor.com\/wp-content\/uploads\/2019\/06\/vdo-redisensor-logo-combined-2.svg","contentUrl":"https:\/\/redi-sensor.com\/wp-content\/uploads\/2019\/06\/vdo-redisensor-logo-combined-2.svg","width":1,"height":1,"caption":"REDI-Sensor"},"image":{"@id":"https:\/\/www.redi-sensor.com\/es\/#\/schema\/logo\/image\/"}}]}},"_links":{"self":[{"href":"https:\/\/www.redi-sensor.com\/es\/wp-json\/wp\/v2\/pages\/39684","targetHints":{"allow":["GET"]}}],"collection":[{"href":"https:\/\/www.redi-sensor.com\/es\/wp-json\/wp\/v2\/pages"}],"about":[{"href":"https:\/\/www.redi-sensor.com\/es\/wp-json\/wp\/v2\/types\/page"}],"author":[{"embeddable":true,"href":"https:\/\/www.redi-sensor.com\/es\/wp-json\/wp\/v2\/users\/1"}],"replies":[{"embeddable":true,"href":"https:\/\/www.redi-sensor.com\/es\/wp-json\/wp\/v2\/comments?post=39684"}],"version-history":[{"count":0,"href":"https:\/\/www.redi-sensor.com\/es\/wp-json\/wp\/v2\/pages\/39684\/revisions"}],"wp:attachment":[{"href":"https:\/\/www.redi-sensor.com\/es\/wp-json\/wp\/v2\/media?parent=39684"}],"curies":[{"name":"wp","href":"https:\/\/api.w.org\/{rel}","templated":true}]}}