{"id":39690,"date":"2014-05-02T21:29:02","date_gmt":"2014-05-03T01:29:02","guid":{"rendered":"https:\/\/www.redi-sensor.com\/news\/"},"modified":"2024-09-26T08:37:43","modified_gmt":"2024-09-26T12:37:43","slug":"nuevos","status":"publish","type":"page","link":"https:\/\/www.redi-sensor.com\/es\/nuevos\/","title":{"rendered":"\u00a1Nuevos!"},"content":{"rendered":"<div id=\"pl-39690\"  class=\"panel-layout\" ><div id=\"pg-39690-0\"  class=\"panel-grid panel-no-style\" ><div id=\"pgc-39690-0-0\"  class=\"panel-grid-cell\" ><div id=\"panel-39690-0-0-0\" class=\"so-panel widget widget_siteorigin-panels-postloop panel-first-child panel-last-child\" data-index=\"0\" >\n<section class=\"funnels\">\n\t<div class=\"grid-x grid-margin-x grid-margin-y align-left small-up-1 medium-up-2 large-up-3 landing\"  data-equalizer>\n\n\n\n\n\t<div class=\"cell wow fadeIn\" data-wow-delay=\".1s\" >\n\t\t\t\t\t<a class='image-link' href=\"https:\/\/www.redi-sensor.com\/es\/continental-llama-a-stefan-feder-como-director-de-mercado-de-accesorios-automotrices-y-oes-para-norteamerica\/\">\n\t\t\t\t<img loading=\"lazy\" decoding=\"async\" width=\"463\" height=\"260\" src=\"https:\/\/www.redi-sensor.com\/wp-content\/uploads\/2024\/10\/stefan-feder-continental-463x260.jpg\" class=\"attachment-funnel-image size-funnel-image wp-post-image\" alt=\"\" \/>\t\t\t<\/a>\n\t\t\t\t\n\t\t<div class=\"funnel-text\">\n\t\t\t<h5 class=\"title\" style=\"padding-right: 50px;\">AUMOVIO llama a Stefan Feder como Director de Mercado de Accesorios Automotrices y OES para Norteam\u00e9rica<\/h5>\n\t\t\t<p class=\"excerpt\">Feder tiene veinte a\u00f1os de experiencia con AUMOVIO Recientemente ha&hellip;<\/p>\n\t\t\t<a class=\"funnel-link\" href=\"https:\/\/www.redi-sensor.com\/es\/continental-llama-a-stefan-feder-como-director-de-mercado-de-accesorios-automotrices-y-oes-para-norteamerica\/\"><i class=\"fal fa-lg fa-plus\"><\/i><\/a>\n\t\t<\/div>\n\t<\/div>\n\t<div class=\"cell wow fadeIn\" data-wow-delay=\".2s\" >\n\t\t\t\t\t<a class='image-link' href=\"https:\/\/www.redi-sensor.com\/es\/continental-ofrece-herramientas-de-tpms-de-autodiagnos-y-sensores-de-tpms-de-redi-sensor-en-un-paquete-llave-en-mano\/\">\n\t\t\t\t<img loading=\"lazy\" decoding=\"async\" width=\"463\" height=\"260\" src=\"https:\/\/www.redi-sensor.com\/wp-content\/uploads\/2024\/10\/autodiagnos-redi-sensor-bundles-463x260.jpg\" class=\"attachment-funnel-image size-funnel-image wp-post-image\" alt=\"\" srcset=\"https:\/\/www.redi-sensor.com\/wp-content\/uploads\/2024\/10\/autodiagnos-redi-sensor-bundles-463x260.jpg 463w, https:\/\/www.redi-sensor.com\/wp-content\/uploads\/2024\/10\/autodiagnos-redi-sensor-bundles-300x169.jpg 300w, https:\/\/www.redi-sensor.com\/wp-content\/uploads\/2024\/10\/autodiagnos-redi-sensor-bundles-1024x576.jpg 1024w, https:\/\/www.redi-sensor.com\/wp-content\/uploads\/2024\/10\/autodiagnos-redi-sensor-bundles-768x432.jpg 768w, https:\/\/www.redi-sensor.com\/wp-content\/uploads\/2024\/10\/autodiagnos-redi-sensor-bundles-1536x864.jpg 1536w, https:\/\/www.redi-sensor.com\/wp-content\/uploads\/2024\/10\/autodiagnos-redi-sensor-bundles-640x360.jpg 640w, https:\/\/www.redi-sensor.com\/wp-content\/uploads\/2024\/10\/autodiagnos-redi-sensor-bundles-1200x675.jpg 1200w, https:\/\/www.redi-sensor.com\/wp-content\/uploads\/2024\/10\/autodiagnos-redi-sensor-bundles.jpg 1920w\" sizes=\"auto, (max-width: 639px) 98vw, (max-width: 1199px) 64vw, 463px\" \/>\t\t\t<\/a>\n\t\t\t\t\n\t\t<div class=\"funnel-text\">\n\t\t\t<h5 class=\"title\" style=\"padding-right: 50px;\">AUMOVIO Ofrece herramientas de TPMS de Autodiagnos y sensores de TPMS de REDI-Sensor en un Paquete Llave en Mano<\/h5>\n\t\t\t<p class=\"excerpt\">La oferta est\u00e1 disponible para las herremientas de TPMS de&hellip;<\/p>\n\t\t\t<a class=\"funnel-link\" href=\"https:\/\/www.redi-sensor.com\/es\/continental-ofrece-herramientas-de-tpms-de-autodiagnos-y-sensores-de-tpms-de-redi-sensor-en-un-paquete-llave-en-mano\/\"><i class=\"fal fa-lg fa-plus\"><\/i><\/a>\n\t\t<\/div>\n\t<\/div>\n\t<div class=\"cell wow fadeIn\" data-wow-delay=\".3s\" >\n\t\t\t\t\t<a class='image-link' href=\"https:\/\/www.redi-sensor.com\/es\/los-fabricantes-de-tpms-instan-a-los-tecnicos-a-actualizar-el-software-de-su-herramienta-para-mejorar-el-servicio-a-los-tpms\/\">\n\t\t\t\t<img loading=\"lazy\" decoding=\"async\" width=\"463\" height=\"260\" src=\"https:\/\/www.redi-sensor.com\/wp-content\/uploads\/2023\/06\/dont-wait-update-teaser-463x260.jpg\" class=\"attachment-funnel-image size-funnel-image wp-post-image\" alt=\"\" srcset=\"https:\/\/www.redi-sensor.com\/wp-content\/uploads\/2023\/06\/dont-wait-update-teaser-463x260.jpg 463w, https:\/\/www.redi-sensor.com\/wp-content\/uploads\/2023\/06\/dont-wait-update-teaser-300x169.jpg 300w, https:\/\/www.redi-sensor.com\/wp-content\/uploads\/2023\/06\/dont-wait-update-teaser.jpg 627w\" sizes=\"auto, (max-width: 639px) 98vw, (max-width: 1199px) 64vw, 463px\" \/>\t\t\t<\/a>\n\t\t\t\t\n\t\t<div class=\"funnel-text\">\n\t\t\t<h5 class=\"title\" style=\"padding-right: 50px;\">Los fabricantes de TPMS instan a los t\u00e9cnicos a actualizar el software de su herramienta para mejorar el servicio a los TPMS<\/h5>\n\t\t\t<p class=\"excerpt\">Hasta un 35% de los t\u00e9cnicos no tienen software actualizado&hellip;<\/p>\n\t\t\t<a class=\"funnel-link\" href=\"https:\/\/www.redi-sensor.com\/es\/los-fabricantes-de-tpms-instan-a-los-tecnicos-a-actualizar-el-software-de-su-herramienta-para-mejorar-el-servicio-a-los-tpms\/\"><i class=\"fal fa-lg fa-plus\"><\/i><\/a>\n\t\t<\/div>\n\t<\/div>\n\t<div class=\"cell wow fadeIn\" data-wow-delay=\".4s\" >\n\t\t\t\t\t<a class='image-link' href=\"https:\/\/www.redi-sensor.com\/es\/el-director-del-mercado-de-repuestos-automotrices-de-continental-howard-laster-se-jubila-despues-de-una-carrera-de-45-anos\/\">\n\t\t\t\t<img loading=\"lazy\" decoding=\"async\" width=\"463\" height=\"260\" src=\"https:\/\/www.redi-sensor.com\/wp-content\/uploads\/2022\/12\/Continental-Howard-Laster-463x260.jpg\" class=\"attachment-funnel-image size-funnel-image wp-post-image\" alt=\"\" \/>\t\t\t<\/a>\n\t\t\t\t\n\t\t<div class=\"funnel-text\">\n\t\t\t<h5 class=\"title\" style=\"padding-right: 50px;\">El director del mercado de repuestos automotrices de AUMOVIO, Howard Laster, se jubila despu\u00e9s de una carrera de 45 a\u00f1os.<\/h5>\n\t\t\t<p class=\"excerpt\">\u2022 Tuvo diversos puestos ejecutivos y gerenciales en sus 27&hellip;<\/p>\n\t\t\t<a class=\"funnel-link\" href=\"https:\/\/www.redi-sensor.com\/es\/el-director-del-mercado-de-repuestos-automotrices-de-continental-howard-laster-se-jubila-despues-de-una-carrera-de-45-anos\/\"><i class=\"fal fa-lg fa-plus\"><\/i><\/a>\n\t\t<\/div>\n\t<\/div>\n\t<div class=\"cell wow fadeIn\" data-wow-delay=\".5s\" >\n\t\t\t\t\t<a class='image-link' href=\"https:\/\/www.redi-sensor.com\/es\/el-nuevo-video-de-capacitacion-de-continental-aclara-la-confusion-entre-el-reaprendizaje-y-la-programacion-de-tpms\/\">\n\t\t\t\t<img loading=\"lazy\" decoding=\"async\" width=\"463\" height=\"260\" src=\"https:\/\/www.redi-sensor.com\/wp-content\/uploads\/2022\/11\/Continental-TPMS-Relearn-vs-Programming-Video-463x260.jpg\" class=\"attachment-funnel-image size-funnel-image wp-post-image\" alt=\"\" \/>\t\t\t<\/a>\n\t\t\t\t\n\t\t<div class=\"funnel-text\">\n\t\t\t<h5 class=\"title\" style=\"padding-right: 50px;\">El nuevo v\u00eddeo de capacitaci\u00f3n de AUMOVIO aclara la confusi\u00f3n entre el reaprendizaje y la programaci\u00f3n de TPMS<\/h5>\n\t\t\t<p class=\"excerpt\">\u2022 Explica por qu\u00e9 algunos sensores no necesitan programaci\u00f3n \u2022&hellip;<\/p>\n\t\t\t<a class=\"funnel-link\" href=\"https:\/\/www.redi-sensor.com\/es\/el-nuevo-video-de-capacitacion-de-continental-aclara-la-confusion-entre-el-reaprendizaje-y-la-programacion-de-tpms\/\"><i class=\"fal fa-lg fa-plus\"><\/i><\/a>\n\t\t<\/div>\n\t<\/div>\n\t<div class=\"cell wow fadeIn\" data-wow-delay=\".6s\" >\n\t\t\t\t\t<a class='image-link' href=\"https:\/\/www.redi-sensor.com\/es\/el-redi-sensor-se10008-de-proxima-generacion-agrega-una-cobertura-excepcional-para-vehiculos-importados-y-nacionales\/\">\n\t\t\t\t<img loading=\"lazy\" decoding=\"async\" width=\"463\" height=\"260\" src=\"https:\/\/www.redi-sensor.com\/wp-content\/uploads\/2022\/11\/Continental-Next-Gen-REDI-Sensor-SE10008-463x260.jpg\" class=\"attachment-funnel-image size-funnel-image wp-post-image\" alt=\"\" \/>\t\t\t<\/a>\n\t\t\t\t\n\t\t<div class=\"funnel-text\">\n\t\t\t<h5 class=\"title\" style=\"padding-right: 50px;\">El REDI-Sensor SE10008 de la pr\u00f3xima generaci\u00f3n agrega una cobertura excepcional para veh\u00edculos importados y nacionales<\/h5>\n\t\t\t<p class=\"excerpt\">\u00b7 El sensor TPMS de m\u00faltiples aplicaciones cubre m\u00e1s de&hellip;<\/p>\n\t\t\t<a class=\"funnel-link\" href=\"https:\/\/www.redi-sensor.com\/es\/el-redi-sensor-se10008-de-proxima-generacion-agrega-una-cobertura-excepcional-para-vehiculos-importados-y-nacionales\/\"><i class=\"fal fa-lg fa-plus\"><\/i><\/a>\n\t\t<\/div>\n\t<\/div>\n\t<div class=\"cell wow fadeIn\" data-wow-delay=\".7s\" >\n\t\t\t\t\t<a class='image-link' href=\"https:\/\/www.redi-sensor.com\/es\/aumovio-presenta-un-nuevo-empaque-para-sensores-tpms-redi-sensor-de-proxima-generacion\/\">\n\t\t\t\t<img loading=\"lazy\" decoding=\"async\" width=\"463\" height=\"260\" src=\"https:\/\/www.redi-sensor.com\/wp-content\/uploads\/2022\/06\/Continental-Next-Gen-REDI-Sensor-Packaging-463x260.jpg\" class=\"attachment-funnel-image size-funnel-image wp-post-image\" alt=\"\" srcset=\"https:\/\/www.redi-sensor.com\/wp-content\/uploads\/2022\/06\/Continental-Next-Gen-REDI-Sensor-Packaging-463x260.jpg 463w, https:\/\/www.redi-sensor.com\/wp-content\/uploads\/2022\/06\/Continental-Next-Gen-REDI-Sensor-Packaging-300x169.jpg 300w, https:\/\/www.redi-sensor.com\/wp-content\/uploads\/2022\/06\/Continental-Next-Gen-REDI-Sensor-Packaging-1024x576.jpg 1024w, https:\/\/www.redi-sensor.com\/wp-content\/uploads\/2022\/06\/Continental-Next-Gen-REDI-Sensor-Packaging-768x432.jpg 768w, https:\/\/www.redi-sensor.com\/wp-content\/uploads\/2022\/06\/Continental-Next-Gen-REDI-Sensor-Packaging-1536x864.jpg 1536w, https:\/\/www.redi-sensor.com\/wp-content\/uploads\/2022\/06\/Continental-Next-Gen-REDI-Sensor-Packaging-640x360.jpg 640w, https:\/\/www.redi-sensor.com\/wp-content\/uploads\/2022\/06\/Continental-Next-Gen-REDI-Sensor-Packaging-1200x675.jpg 1200w, https:\/\/www.redi-sensor.com\/wp-content\/uploads\/2022\/06\/Continental-Next-Gen-REDI-Sensor-Packaging.jpg 1920w\" sizes=\"auto, (max-width: 639px) 98vw, (max-width: 1199px) 64vw, 463px\" \/>\t\t\t<\/a>\n\t\t\t\t\n\t\t<div class=\"funnel-text\">\n\t\t\t<h5 class=\"title\" style=\"padding-right: 50px;\">Aumovio presenta un nuevo empaque para sensores TPMS REDI-Sensor de la pr\u00f3xima generaci\u00f3n<\/h5>\n\t\t\t<p class=\"excerpt\">\u00b7 La identificaci\u00f3n del producto es f\u00e1cil de leer y&hellip;<\/p>\n\t\t\t<a class=\"funnel-link\" href=\"https:\/\/www.redi-sensor.com\/es\/aumovio-presenta-un-nuevo-empaque-para-sensores-tpms-redi-sensor-de-proxima-generacion\/\"><i class=\"fal fa-lg fa-plus\"><\/i><\/a>\n\t\t<\/div>\n\t<\/div>\n\t<div class=\"cell wow fadeIn\" data-wow-delay=\".8s\" >\n\t\t\t\t\t<a class='image-link' href=\"https:\/\/www.redi-sensor.com\/es\/los-problemas-mas-comunes-del-servicio-del-tpms-se-pueden-evitar-manteniendo-actualizadas-las-herramientas-de-escaneo-para-tpms\/\">\n\t\t\t\t<img loading=\"lazy\" decoding=\"async\" width=\"463\" height=\"260\" src=\"https:\/\/www.redi-sensor.com\/wp-content\/uploads\/2022\/05\/Keep-TPMS-Tool-Updated-Campaign-463x260.jpg\" class=\"attachment-funnel-image size-funnel-image wp-post-image\" alt=\"\" srcset=\"https:\/\/www.redi-sensor.com\/wp-content\/uploads\/2022\/05\/Keep-TPMS-Tool-Updated-Campaign.jpg 463w, https:\/\/www.redi-sensor.com\/wp-content\/uploads\/2022\/05\/Keep-TPMS-Tool-Updated-Campaign-300x168.jpg 300w\" sizes=\"auto, (max-width: 639px) 98vw, (max-width: 1199px) 64vw, 463px\" \/>\t\t\t<\/a>\n\t\t\t\t\n\t\t<div class=\"funnel-text\">\n\t\t\t<h5 class=\"title\" style=\"padding-right: 50px;\">Los problemas m\u00e1s comunes del servicio del TPMS se pueden evitar con manteniendo las actualizadas de las herramientas de escaneo para TPMS.<\/h5>\n\t\t\t<p class=\"excerpt\">Allentown, PA, 10 de Mayo de 2022 - AUMOVIO, un&hellip;<\/p>\n\t\t\t<a class=\"funnel-link\" href=\"https:\/\/www.redi-sensor.com\/es\/los-problemas-mas-comunes-del-servicio-del-tpms-se-pueden-evitar-manteniendo-actualizadas-las-herramientas-de-escaneo-para-tpms\/\"><i class=\"fal fa-lg fa-plus\"><\/i><\/a>\n\t\t<\/div>\n\t<\/div>\n\t<div class=\"cell wow fadeIn\" data-wow-delay=\".9s\" >\n\t\t\t\t\t<a class='image-link' href=\"https:\/\/www.redi-sensor.com\/es\/continental-redisena-el-sitio-web-de-redi-sensor-para-ofrecer-capacitacion-y-educacion-mas-solidas-sobre-tpms\/\">\n\t\t\t\t<img loading=\"lazy\" decoding=\"async\" width=\"463\" height=\"260\" src=\"https:\/\/www.redi-sensor.com\/wp-content\/uploads\/2022\/03\/New-REDI-Sensor-Website-2022-463x260.jpg\" class=\"attachment-funnel-image size-funnel-image wp-post-image\" alt=\"\" \/>\t\t\t<\/a>\n\t\t\t\t\n\t\t<div class=\"funnel-text\">\n\t\t\t<h5 class=\"title\" style=\"padding-right: 50px;\">AUMOVIO redise\u00f1a el sitio web de REDI-Sensor para ofrecer capacitaci\u00f3n y educaci\u00f3n m\u00e1s s\u00f3lidas sobre TPMS<\/h5>\n\t\t\t<p class=\"excerpt\">\u2022 El sitio ofrece seminarios web de capacitaci\u00f3n en vivo&hellip;<\/p>\n\t\t\t<a class=\"funnel-link\" href=\"https:\/\/www.redi-sensor.com\/es\/continental-redisena-el-sitio-web-de-redi-sensor-para-ofrecer-capacitacion-y-educacion-mas-solidas-sobre-tpms\/\"><i class=\"fal fa-lg fa-plus\"><\/i><\/a>\n\t\t<\/div>\n\t<\/div>\n\t<div class=\"cell wow fadeIn\" data-wow-delay=\".10s\" >\n\t\t\t\t\t<a class='image-link' href=\"https:\/\/www.redi-sensor.com\/es\/el-redi-sensor-de-proxima-generacion-ofrece-el-ultimo-avance-en-tecnologia-de-sensores-tpms-multiaplicacion\/\">\n\t\t\t\t<img loading=\"lazy\" decoding=\"async\" width=\"463\" height=\"260\" src=\"https:\/\/www.redi-sensor.com\/wp-content\/uploads\/2021\/10\/Continental-New-Gen-REDI-Sensor-w-pkg-463x260.jpg\" class=\"attachment-funnel-image size-funnel-image wp-post-image\" alt=\"\" \/>\t\t\t<\/a>\n\t\t\t\t\n\t\t<div class=\"funnel-text\">\n\t\t\t<h5 class=\"title\" style=\"padding-right: 50px;\">El REDI-Sensor de la pr\u00f3xima generaci\u00f3n ofrece el \u00faltimo avance en tecnolog\u00eda de sensores TPMS multiaplicaci\u00f3n<\/h5>\n\t\t\t<p class=\"excerpt\">Solo se necesitan cuatro SKU de sensores para reemplazar m\u00e1s&hellip;<\/p>\n\t\t\t<a class=\"funnel-link\" href=\"https:\/\/www.redi-sensor.com\/es\/el-redi-sensor-de-proxima-generacion-ofrece-el-ultimo-avance-en-tecnologia-de-sensores-tpms-multiaplicacion\/\"><i class=\"fal fa-lg fa-plus\"><\/i><\/a>\n\t\t<\/div>\n\t<\/div>\n\n<\/div>\n<\/section>\n\n<\/div><\/div><\/div><\/div>","protected":false},"excerpt":{"rendered":"<p>AUMOVIO llama a Stefan Feder como Director de Mercado de Accesorios Automotrices y OES para Norteam\u00e9rica Feder tiene veinte a\u00f1os de experiencia con AUMOVIO Recientemente ha&hellip; AUMOVIO Ofrece herramientas de TPMS de Autodiagnos y sensores de TPMS de REDI-Sensor en un Paquete Llave en Mano La oferta est\u00e1 disponible para las herremientas de TPMS de&hellip; [&hellip;]<\/p>\n","protected":false},"author":1,"featured_media":0,"parent":0,"menu_order":5,"comment_status":"closed","ping_status":"open","template":"page-templates\/page-full-width.php","meta":{"_acf_changed":false,"_monsterinsights_skip_tracking":false,"_monsterinsights_sitenote_active":false,"_monsterinsights_sitenote_note":"","_monsterinsights_sitenote_category":0,"footnotes":"","_links_to":"","_links_to_target":""},"class_list":["post-39690","page","type-page","status-publish","hentry"],"acf":[],"yoast_head":"<!-- This site is optimized with the Yoast SEO plugin v27.4 - https:\/\/yoast.com\/product\/yoast-seo-wordpress\/ -->\n<title>\u00a1Nuevos! - REDI-Sensor<\/title>\n<meta name=\"description\" content=\"Get all the latest press release and news from REDI-Sensor\" \/>\n<meta name=\"robots\" content=\"index, follow, max-snippet:-1, max-image-preview:large, max-video-preview:-1\" \/>\n<link rel=\"canonical\" href=\"https:\/\/www.redi-sensor.com\/es\/nuevos\/\" \/>\n<meta property=\"og:locale\" content=\"es_ES\" \/>\n<meta property=\"og:type\" content=\"article\" \/>\n<meta property=\"og:title\" content=\"\u00a1Nuevos! - REDI-Sensor\" \/>\n<meta property=\"og:description\" content=\"Get all the latest press release and news from REDI-Sensor\" \/>\n<meta property=\"og:url\" content=\"https:\/\/www.redi-sensor.com\/es\/nuevos\/\" \/>\n<meta property=\"og:site_name\" content=\"REDI-Sensor\" \/>\n<meta property=\"article:modified_time\" content=\"2024-09-26T12:37:43+00:00\" \/>\n<script type=\"application\/ld+json\" class=\"yoast-schema-graph\">{\"@context\":\"https:\\\/\\\/schema.org\",\"@graph\":[{\"@type\":\"WebPage\",\"@id\":\"https:\\\/\\\/www.redi-sensor.com\\\/es\\\/nuevos\\\/\",\"url\":\"https:\\\/\\\/www.redi-sensor.com\\\/es\\\/nuevos\\\/\",\"name\":\"\u00a1Nuevos! - REDI-Sensor\",\"isPartOf\":{\"@id\":\"https:\\\/\\\/www.redi-sensor.com\\\/es\\\/#website\"},\"datePublished\":\"2014-05-03T01:29:02+00:00\",\"dateModified\":\"2024-09-26T12:37:43+00:00\",\"description\":\"Get all the latest press release and news from REDI-Sensor\",\"breadcrumb\":{\"@id\":\"https:\\\/\\\/www.redi-sensor.com\\\/es\\\/nuevos\\\/#breadcrumb\"},\"inLanguage\":\"es\",\"potentialAction\":[{\"@type\":\"ReadAction\",\"target\":[\"https:\\\/\\\/www.redi-sensor.com\\\/es\\\/nuevos\\\/\"]}]},{\"@type\":\"BreadcrumbList\",\"@id\":\"https:\\\/\\\/www.redi-sensor.com\\\/es\\\/nuevos\\\/#breadcrumb\",\"itemListElement\":[{\"@type\":\"ListItem\",\"position\":1,\"name\":\"Home\",\"item\":\"https:\\\/\\\/www.redi-sensor.com\\\/es\\\/\"},{\"@type\":\"ListItem\",\"position\":2,\"name\":\"\u00a1Nuevos!\"}]},{\"@type\":\"WebSite\",\"@id\":\"https:\\\/\\\/www.redi-sensor.com\\\/es\\\/#website\",\"url\":\"https:\\\/\\\/www.redi-sensor.com\\\/es\\\/\",\"name\":\"REDI-Sensor\",\"description\":\"Multi-Application TPMS Sensors\",\"publisher\":{\"@id\":\"https:\\\/\\\/www.redi-sensor.com\\\/es\\\/#organization\"},\"potentialAction\":[{\"@type\":\"SearchAction\",\"target\":{\"@type\":\"EntryPoint\",\"urlTemplate\":\"https:\\\/\\\/www.redi-sensor.com\\\/es\\\/?s={search_term_string}\"},\"query-input\":{\"@type\":\"PropertyValueSpecification\",\"valueRequired\":true,\"valueName\":\"search_term_string\"}}],\"inLanguage\":\"es\"},{\"@type\":\"Organization\",\"@id\":\"https:\\\/\\\/www.redi-sensor.com\\\/es\\\/#organization\",\"name\":\"REDI-Sensor\",\"url\":\"https:\\\/\\\/www.redi-sensor.com\\\/es\\\/\",\"logo\":{\"@type\":\"ImageObject\",\"inLanguage\":\"es\",\"@id\":\"https:\\\/\\\/www.redi-sensor.com\\\/es\\\/#\\\/schema\\\/logo\\\/image\\\/\",\"url\":\"https:\\\/\\\/redi-sensor.com\\\/wp-content\\\/uploads\\\/2019\\\/06\\\/vdo-redisensor-logo-combined-2.svg\",\"contentUrl\":\"https:\\\/\\\/redi-sensor.com\\\/wp-content\\\/uploads\\\/2019\\\/06\\\/vdo-redisensor-logo-combined-2.svg\",\"width\":1,\"height\":1,\"caption\":\"REDI-Sensor\"},\"image\":{\"@id\":\"https:\\\/\\\/www.redi-sensor.com\\\/es\\\/#\\\/schema\\\/logo\\\/image\\\/\"}}]}<\/script>\n<!-- \/ Yoast SEO plugin. -->","yoast_head_json":{"title":"\u00a1Nuevos! - REDI-Sensor","description":"Get all the latest press release and news from REDI-Sensor","robots":{"index":"index","follow":"follow","max-snippet":"max-snippet:-1","max-image-preview":"max-image-preview:large","max-video-preview":"max-video-preview:-1"},"canonical":"https:\/\/www.redi-sensor.com\/es\/nuevos\/","og_locale":"es_ES","og_type":"article","og_title":"\u00a1Nuevos! - REDI-Sensor","og_description":"Get all the latest press release and news from REDI-Sensor","og_url":"https:\/\/www.redi-sensor.com\/es\/nuevos\/","og_site_name":"REDI-Sensor","article_modified_time":"2024-09-26T12:37:43+00:00","schema":{"@context":"https:\/\/schema.org","@graph":[{"@type":"WebPage","@id":"https:\/\/www.redi-sensor.com\/es\/nuevos\/","url":"https:\/\/www.redi-sensor.com\/es\/nuevos\/","name":"\u00a1Nuevos! - REDI-Sensor","isPartOf":{"@id":"https:\/\/www.redi-sensor.com\/es\/#website"},"datePublished":"2014-05-03T01:29:02+00:00","dateModified":"2024-09-26T12:37:43+00:00","description":"Get all the latest press release and news from REDI-Sensor","breadcrumb":{"@id":"https:\/\/www.redi-sensor.com\/es\/nuevos\/#breadcrumb"},"inLanguage":"es","potentialAction":[{"@type":"ReadAction","target":["https:\/\/www.redi-sensor.com\/es\/nuevos\/"]}]},{"@type":"BreadcrumbList","@id":"https:\/\/www.redi-sensor.com\/es\/nuevos\/#breadcrumb","itemListElement":[{"@type":"ListItem","position":1,"name":"Home","item":"https:\/\/www.redi-sensor.com\/es\/"},{"@type":"ListItem","position":2,"name":"\u00a1Nuevos!"}]},{"@type":"WebSite","@id":"https:\/\/www.redi-sensor.com\/es\/#website","url":"https:\/\/www.redi-sensor.com\/es\/","name":"REDI-Sensor","description":"Multi-Application TPMS Sensors","publisher":{"@id":"https:\/\/www.redi-sensor.com\/es\/#organization"},"potentialAction":[{"@type":"SearchAction","target":{"@type":"EntryPoint","urlTemplate":"https:\/\/www.redi-sensor.com\/es\/?s={search_term_string}"},"query-input":{"@type":"PropertyValueSpecification","valueRequired":true,"valueName":"search_term_string"}}],"inLanguage":"es"},{"@type":"Organization","@id":"https:\/\/www.redi-sensor.com\/es\/#organization","name":"REDI-Sensor","url":"https:\/\/www.redi-sensor.com\/es\/","logo":{"@type":"ImageObject","inLanguage":"es","@id":"https:\/\/www.redi-sensor.com\/es\/#\/schema\/logo\/image\/","url":"https:\/\/redi-sensor.com\/wp-content\/uploads\/2019\/06\/vdo-redisensor-logo-combined-2.svg","contentUrl":"https:\/\/redi-sensor.com\/wp-content\/uploads\/2019\/06\/vdo-redisensor-logo-combined-2.svg","width":1,"height":1,"caption":"REDI-Sensor"},"image":{"@id":"https:\/\/www.redi-sensor.com\/es\/#\/schema\/logo\/image\/"}}]}},"_links":{"self":[{"href":"https:\/\/www.redi-sensor.com\/es\/wp-json\/wp\/v2\/pages\/39690","targetHints":{"allow":["GET"]}}],"collection":[{"href":"https:\/\/www.redi-sensor.com\/es\/wp-json\/wp\/v2\/pages"}],"about":[{"href":"https:\/\/www.redi-sensor.com\/es\/wp-json\/wp\/v2\/types\/page"}],"author":[{"embeddable":true,"href":"https:\/\/www.redi-sensor.com\/es\/wp-json\/wp\/v2\/users\/1"}],"replies":[{"embeddable":true,"href":"https:\/\/www.redi-sensor.com\/es\/wp-json\/wp\/v2\/comments?post=39690"}],"version-history":[{"count":0,"href":"https:\/\/www.redi-sensor.com\/es\/wp-json\/wp\/v2\/pages\/39690\/revisions"}],"wp:attachment":[{"href":"https:\/\/www.redi-sensor.com\/es\/wp-json\/wp\/v2\/media?parent=39690"}],"curies":[{"name":"wp","href":"https:\/\/api.w.org\/{rel}","templated":true}]}}