{"id":39697,"date":"2019-06-28T19:35:18","date_gmt":"2019-06-28T23:35:18","guid":{"rendered":"https:\/\/www.redi-sensor.com\/application-look-up\/"},"modified":"2024-10-10T14:39:05","modified_gmt":"2024-10-10T18:39:05","slug":"buscar-aplicaciones","status":"publish","type":"page","link":"https:\/\/www.redi-sensor.com\/es\/buscar-aplicaciones\/","title":{"rendered":"Buscar aplicaciones"},"content":{"rendered":"<div id=\"pl-39697\"  class=\"panel-layout\" ><div id=\"pg-39697-0\"  class=\"panel-grid panel-no-style\" ><div id=\"pgc-39697-0-0\"  class=\"panel-grid-cell panel-grid-cell-mobile-last\" ><div id=\"panel-39697-0-0-0\" class=\"so-panel widget widget_sow-editor panel-first-child panel-last-child\" data-index=\"0\" ><div\n\t\t\t\n\t\t\tclass=\"so-widget-sow-editor so-widget-sow-editor-base\"\n\t\t\t\n\t\t>\n<div class=\"siteorigin-widget-tinymce textwidget\">\n\t<h2>B\u00fasqueda de aplicaciones para el TPMS REDI-Sensor\u2122<\/h2>\n<p><strong>Encuentre el sensor TPMS y las piezas de servicio que necesita para el a\u00f1o, la marca y el modelo en el que est\u00e1 trabajando.<\/strong><\/p>\n<p>Nuestra b\u00fasqueda de aplicaciones REDI-Sensor no solo identifica el sensor TPMS y las piezas de servicio correctos para su veh\u00edculo, sino que tambi\u00e9n incluye instrucciones de instalaci\u00f3n y reaprendizaje del sensor TPMS, consejos de servicio y videos.<\/p>\n<p><a class=\"button small\" href=\"https:\/\/redi-sensor.com\/buy-redi-sensor\/\">Vea d\u00f3nde comprar un sensor REDI<\/a><\/p>\n<\/div>\n<\/div><\/div><\/div><div id=\"pgc-39697-0-1\"  class=\"panel-grid-cell panel-grid-cell-empty\" ><\/div><\/div><\/div>","protected":false},"excerpt":{"rendered":"<p>B\u00fasqueda de aplicaciones para el TPMS REDI-Sensor\u2122 Encuentre el sensor TPMS y las piezas de servicio que necesita para el a\u00f1o, la marca y el modelo en el que est\u00e1 trabajando. Nuestra b\u00fasqueda de aplicaciones REDI-Sensor no solo identifica el sensor TPMS y las piezas de servicio correctos para su veh\u00edculo, sino que tambi\u00e9n incluye [&hellip;]<\/p>\n","protected":false},"author":1,"featured_media":39344,"parent":0,"menu_order":0,"comment_status":"closed","ping_status":"closed","template":"catalog\/catalog.php","meta":{"_acf_changed":false,"_monsterinsights_skip_tracking":false,"_monsterinsights_sitenote_active":false,"_monsterinsights_sitenote_note":"","_monsterinsights_sitenote_category":0,"footnotes":"","_links_to":"","_links_to_target":""},"class_list":["post-39697","page","type-page","status-publish","has-post-thumbnail","hentry"],"acf":[],"yoast_head":"<!-- This site is optimized with the Yoast SEO plugin v27.4 - https:\/\/yoast.com\/product\/yoast-seo-wordpress\/ -->\n<title>Buscar aplicaciones<\/title>\n<meta name=\"description\" content=\"Find the right TPMS sensor and service parts for the year \/ make \/ model you\u2019re working on.\" \/>\n<meta name=\"robots\" content=\"index, follow, max-snippet:-1, max-image-preview:large, max-video-preview:-1\" \/>\n<link rel=\"canonical\" href=\"https:\/\/www.redi-sensor.com\/es\/buscar-aplicaciones\/\" \/>\n<meta property=\"og:locale\" content=\"es_ES\" \/>\n<meta property=\"og:type\" content=\"article\" \/>\n<meta property=\"og:title\" content=\"Buscar aplicaciones\" \/>\n<meta property=\"og:description\" content=\"Find the right TPMS sensor and service parts for the year \/ make \/ model you\u2019re working on.\" \/>\n<meta property=\"og:url\" content=\"https:\/\/www.redi-sensor.com\/es\/buscar-aplicaciones\/\" \/>\n<meta property=\"og:site_name\" content=\"REDI-Sensor\" \/>\n<meta property=\"article:modified_time\" content=\"2024-10-10T18:39:05+00:00\" \/>\n<meta property=\"og:image\" content=\"https:\/\/www.redi-sensor.com\/wp-content\/uploads\/2021\/10\/application-lookup-feature.jpg\" \/>\n\t<meta property=\"og:image:width\" content=\"1900\" \/>\n\t<meta property=\"og:image:height\" content=\"600\" \/>\n\t<meta property=\"og:image:type\" content=\"image\/jpeg\" \/>\n<meta name=\"twitter:label1\" content=\"Tiempo de lectura\" \/>\n\t<meta name=\"twitter:data1\" content=\"1 minuto\" \/>\n<script type=\"application\/ld+json\" class=\"yoast-schema-graph\">{\"@context\":\"https:\\\/\\\/schema.org\",\"@graph\":[{\"@type\":\"WebPage\",\"@id\":\"https:\\\/\\\/www.redi-sensor.com\\\/es\\\/buscar-aplicaciones\\\/\",\"url\":\"https:\\\/\\\/www.redi-sensor.com\\\/es\\\/buscar-aplicaciones\\\/\",\"name\":\"Buscar aplicaciones\",\"isPartOf\":{\"@id\":\"https:\\\/\\\/www.redi-sensor.com\\\/es\\\/#website\"},\"primaryImageOfPage\":{\"@id\":\"https:\\\/\\\/www.redi-sensor.com\\\/es\\\/buscar-aplicaciones\\\/#primaryimage\"},\"image\":{\"@id\":\"https:\\\/\\\/www.redi-sensor.com\\\/es\\\/buscar-aplicaciones\\\/#primaryimage\"},\"thumbnailUrl\":\"https:\\\/\\\/www.redi-sensor.com\\\/wp-content\\\/uploads\\\/2021\\\/10\\\/application-lookup-feature.jpg\",\"datePublished\":\"2019-06-28T23:35:18+00:00\",\"dateModified\":\"2024-10-10T18:39:05+00:00\",\"description\":\"Find the right TPMS sensor and service parts for the year \\\/ make \\\/ model you\u2019re working on.\",\"breadcrumb\":{\"@id\":\"https:\\\/\\\/www.redi-sensor.com\\\/es\\\/buscar-aplicaciones\\\/#breadcrumb\"},\"inLanguage\":\"es\",\"potentialAction\":[{\"@type\":\"ReadAction\",\"target\":[\"https:\\\/\\\/www.redi-sensor.com\\\/es\\\/buscar-aplicaciones\\\/\"]}]},{\"@type\":\"ImageObject\",\"inLanguage\":\"es\",\"@id\":\"https:\\\/\\\/www.redi-sensor.com\\\/es\\\/buscar-aplicaciones\\\/#primaryimage\",\"url\":\"https:\\\/\\\/www.redi-sensor.com\\\/wp-content\\\/uploads\\\/2021\\\/10\\\/application-lookup-feature.jpg\",\"contentUrl\":\"https:\\\/\\\/www.redi-sensor.com\\\/wp-content\\\/uploads\\\/2021\\\/10\\\/application-lookup-feature.jpg\",\"width\":1900,\"height\":600},{\"@type\":\"BreadcrumbList\",\"@id\":\"https:\\\/\\\/www.redi-sensor.com\\\/es\\\/buscar-aplicaciones\\\/#breadcrumb\",\"itemListElement\":[{\"@type\":\"ListItem\",\"position\":1,\"name\":\"Home\",\"item\":\"https:\\\/\\\/www.redi-sensor.com\\\/es\\\/\"},{\"@type\":\"ListItem\",\"position\":2,\"name\":\"Buscar aplicaciones\"}]},{\"@type\":\"WebSite\",\"@id\":\"https:\\\/\\\/www.redi-sensor.com\\\/es\\\/#website\",\"url\":\"https:\\\/\\\/www.redi-sensor.com\\\/es\\\/\",\"name\":\"REDI-Sensor\",\"description\":\"Multi-Application TPMS Sensors\",\"publisher\":{\"@id\":\"https:\\\/\\\/www.redi-sensor.com\\\/es\\\/#organization\"},\"potentialAction\":[{\"@type\":\"SearchAction\",\"target\":{\"@type\":\"EntryPoint\",\"urlTemplate\":\"https:\\\/\\\/www.redi-sensor.com\\\/es\\\/?s={search_term_string}\"},\"query-input\":{\"@type\":\"PropertyValueSpecification\",\"valueRequired\":true,\"valueName\":\"search_term_string\"}}],\"inLanguage\":\"es\"},{\"@type\":\"Organization\",\"@id\":\"https:\\\/\\\/www.redi-sensor.com\\\/es\\\/#organization\",\"name\":\"REDI-Sensor\",\"url\":\"https:\\\/\\\/www.redi-sensor.com\\\/es\\\/\",\"logo\":{\"@type\":\"ImageObject\",\"inLanguage\":\"es\",\"@id\":\"https:\\\/\\\/www.redi-sensor.com\\\/es\\\/#\\\/schema\\\/logo\\\/image\\\/\",\"url\":\"https:\\\/\\\/redi-sensor.com\\\/wp-content\\\/uploads\\\/2019\\\/06\\\/vdo-redisensor-logo-combined-2.svg\",\"contentUrl\":\"https:\\\/\\\/redi-sensor.com\\\/wp-content\\\/uploads\\\/2019\\\/06\\\/vdo-redisensor-logo-combined-2.svg\",\"width\":1,\"height\":1,\"caption\":\"REDI-Sensor\"},\"image\":{\"@id\":\"https:\\\/\\\/www.redi-sensor.com\\\/es\\\/#\\\/schema\\\/logo\\\/image\\\/\"}}]}<\/script>\n<!-- \/ Yoast SEO plugin. -->","yoast_head_json":{"title":"Buscar aplicaciones","description":"Find the right TPMS sensor and service parts for the year \/ make \/ model you\u2019re working on.","robots":{"index":"index","follow":"follow","max-snippet":"max-snippet:-1","max-image-preview":"max-image-preview:large","max-video-preview":"max-video-preview:-1"},"canonical":"https:\/\/www.redi-sensor.com\/es\/buscar-aplicaciones\/","og_locale":"es_ES","og_type":"article","og_title":"Buscar aplicaciones","og_description":"Find the right TPMS sensor and service parts for the year \/ make \/ model you\u2019re working on.","og_url":"https:\/\/www.redi-sensor.com\/es\/buscar-aplicaciones\/","og_site_name":"REDI-Sensor","article_modified_time":"2024-10-10T18:39:05+00:00","og_image":[{"width":1900,"height":600,"url":"https:\/\/www.redi-sensor.com\/wp-content\/uploads\/2021\/10\/application-lookup-feature.jpg","type":"image\/jpeg"}],"twitter_misc":{"Tiempo de lectura":"1 minuto"},"schema":{"@context":"https:\/\/schema.org","@graph":[{"@type":"WebPage","@id":"https:\/\/www.redi-sensor.com\/es\/buscar-aplicaciones\/","url":"https:\/\/www.redi-sensor.com\/es\/buscar-aplicaciones\/","name":"Buscar aplicaciones","isPartOf":{"@id":"https:\/\/www.redi-sensor.com\/es\/#website"},"primaryImageOfPage":{"@id":"https:\/\/www.redi-sensor.com\/es\/buscar-aplicaciones\/#primaryimage"},"image":{"@id":"https:\/\/www.redi-sensor.com\/es\/buscar-aplicaciones\/#primaryimage"},"thumbnailUrl":"https:\/\/www.redi-sensor.com\/wp-content\/uploads\/2021\/10\/application-lookup-feature.jpg","datePublished":"2019-06-28T23:35:18+00:00","dateModified":"2024-10-10T18:39:05+00:00","description":"Find the right TPMS sensor and service parts for the year \/ make \/ model you\u2019re working on.","breadcrumb":{"@id":"https:\/\/www.redi-sensor.com\/es\/buscar-aplicaciones\/#breadcrumb"},"inLanguage":"es","potentialAction":[{"@type":"ReadAction","target":["https:\/\/www.redi-sensor.com\/es\/buscar-aplicaciones\/"]}]},{"@type":"ImageObject","inLanguage":"es","@id":"https:\/\/www.redi-sensor.com\/es\/buscar-aplicaciones\/#primaryimage","url":"https:\/\/www.redi-sensor.com\/wp-content\/uploads\/2021\/10\/application-lookup-feature.jpg","contentUrl":"https:\/\/www.redi-sensor.com\/wp-content\/uploads\/2021\/10\/application-lookup-feature.jpg","width":1900,"height":600},{"@type":"BreadcrumbList","@id":"https:\/\/www.redi-sensor.com\/es\/buscar-aplicaciones\/#breadcrumb","itemListElement":[{"@type":"ListItem","position":1,"name":"Home","item":"https:\/\/www.redi-sensor.com\/es\/"},{"@type":"ListItem","position":2,"name":"Buscar aplicaciones"}]},{"@type":"WebSite","@id":"https:\/\/www.redi-sensor.com\/es\/#website","url":"https:\/\/www.redi-sensor.com\/es\/","name":"REDI-Sensor","description":"Multi-Application TPMS Sensors","publisher":{"@id":"https:\/\/www.redi-sensor.com\/es\/#organization"},"potentialAction":[{"@type":"SearchAction","target":{"@type":"EntryPoint","urlTemplate":"https:\/\/www.redi-sensor.com\/es\/?s={search_term_string}"},"query-input":{"@type":"PropertyValueSpecification","valueRequired":true,"valueName":"search_term_string"}}],"inLanguage":"es"},{"@type":"Organization","@id":"https:\/\/www.redi-sensor.com\/es\/#organization","name":"REDI-Sensor","url":"https:\/\/www.redi-sensor.com\/es\/","logo":{"@type":"ImageObject","inLanguage":"es","@id":"https:\/\/www.redi-sensor.com\/es\/#\/schema\/logo\/image\/","url":"https:\/\/redi-sensor.com\/wp-content\/uploads\/2019\/06\/vdo-redisensor-logo-combined-2.svg","contentUrl":"https:\/\/redi-sensor.com\/wp-content\/uploads\/2019\/06\/vdo-redisensor-logo-combined-2.svg","width":1,"height":1,"caption":"REDI-Sensor"},"image":{"@id":"https:\/\/www.redi-sensor.com\/es\/#\/schema\/logo\/image\/"}}]}},"_links":{"self":[{"href":"https:\/\/www.redi-sensor.com\/es\/wp-json\/wp\/v2\/pages\/39697","targetHints":{"allow":["GET"]}}],"collection":[{"href":"https:\/\/www.redi-sensor.com\/es\/wp-json\/wp\/v2\/pages"}],"about":[{"href":"https:\/\/www.redi-sensor.com\/es\/wp-json\/wp\/v2\/types\/page"}],"author":[{"embeddable":true,"href":"https:\/\/www.redi-sensor.com\/es\/wp-json\/wp\/v2\/users\/1"}],"replies":[{"embeddable":true,"href":"https:\/\/www.redi-sensor.com\/es\/wp-json\/wp\/v2\/comments?post=39697"}],"version-history":[{"count":0,"href":"https:\/\/www.redi-sensor.com\/es\/wp-json\/wp\/v2\/pages\/39697\/revisions"}],"wp:featuredmedia":[{"embeddable":true,"href":"https:\/\/www.redi-sensor.com\/es\/wp-json\/wp\/v2\/media\/39344"}],"wp:attachment":[{"href":"https:\/\/www.redi-sensor.com\/es\/wp-json\/wp\/v2\/media?parent=39697"}],"curies":[{"name":"wp","href":"https:\/\/api.w.org\/{rel}","templated":true}]}}