{"id":39745,"date":"2019-08-14T20:22:01","date_gmt":"2019-08-15T00:22:01","guid":{"rendered":"https:\/\/www.redi-sensor.com\/redi-sensor-tpms-products\/"},"modified":"2024-09-27T10:04:42","modified_gmt":"2024-09-27T14:04:42","slug":"linea-de-sensores-tpms-redi-sensor-multiaplicacion","status":"publish","type":"page","link":"https:\/\/www.redi-sensor.com\/es\/linea-de-sensores-tpms-redi-sensor-multiaplicacion\/","title":{"rendered":"L\u00ednea de sensores TPMS REDI-Sensor multiaplicaci\u00f3n:"},"content":{"rendered":"<div id=\"pl-39745\"  class=\"panel-layout\" ><div id=\"pg-39745-0\"  class=\"panel-grid panel-has-style\" ><div class=\"wow fadeIn panel-row-style panel-row-style-for-39745-0\" ><div id=\"pgc-39745-0-0\"  class=\"panel-grid-cell\" ><div id=\"panel-39745-0-0-0\" class=\"so-panel widget widget_sow-editor panel-first-child panel-last-child\" data-index=\"0\" ><div\n\t\t\t\n\t\t\tclass=\"so-widget-sow-editor so-widget-sow-editor-base\"\n\t\t\t\n\t\t>\n<div class=\"siteorigin-widget-tinymce textwidget\">\n\t<p>Con tan solo cinco sensores REDI-Sensor TPMS tendr\u00e1 cobertura para la mayor\u00eda de los veh\u00edculos de pasajeros, SUV, crossovers y camionetas ligeras equipados con TPMS que circulan hoy en d\u00eda. <\/p>\n<p>Con el kit de instalaci\u00f3n del TPMS REDI-Sensor, puede tener cada uno de los sensores TPMS REDI-Sensor en inventario en su taller. Eso significa que estar\u00e1 listo para dar servicio a la mayor\u00eda de los veh\u00edculos que lleguen a su taller, sin tener que esperar la entrega de repuestos.<\/p>\n<\/div>\n<\/div><\/div><\/div><\/div><\/div><div id=\"pg-39745-1\"  class=\"panel-grid panel-has-style\" ><div class=\"wow fadeIn panel-row-style panel-row-style-for-39745-1\" ><div id=\"pgc-39745-1-0\"  class=\"panel-grid-cell\" ><div id=\"panel-39745-1-0-0\" class=\"so-panel widget widget_media_image panel-first-child panel-last-child\" data-index=\"1\" ><img loading=\"lazy\" decoding=\"async\" width=\"1024\" height=\"640\" src=\"https:\/\/www.redi-sensor.com\/wp-content\/uploads\/2019\/07\/tpms-light-funnel-image-1024x640.jpg\" class=\"image wp-image-17467  attachment-large size-large\" alt=\"\" style=\"max-width: 100%; height: auto;\" srcset=\"https:\/\/www.redi-sensor.com\/wp-content\/uploads\/2019\/07\/tpms-light-funnel-image-1024x640.jpg 1024w, https:\/\/www.redi-sensor.com\/wp-content\/uploads\/2019\/07\/tpms-light-funnel-image-300x188.jpg 300w, https:\/\/www.redi-sensor.com\/wp-content\/uploads\/2019\/07\/tpms-light-funnel-image-768x480.jpg 768w, https:\/\/www.redi-sensor.com\/wp-content\/uploads\/2019\/07\/tpms-light-funnel-image-640x400.jpg 640w, https:\/\/www.redi-sensor.com\/wp-content\/uploads\/2019\/07\/tpms-light-funnel-image-1200x750.jpg 1200w, https:\/\/www.redi-sensor.com\/wp-content\/uploads\/2019\/07\/tpms-light-funnel-image.jpg 1440w\" sizes=\"auto, (max-width: 639px) 98vw, (max-width: 1199px) 64vw, 770px\" \/><\/div><\/div><div id=\"pgc-39745-1-1\"  class=\"panel-grid-cell\" ><div id=\"panel-39745-1-1-0\" class=\"so-panel widget widget_sow-editor panel-first-child panel-last-child\" data-index=\"2\" ><div\n\t\t\t\n\t\t\tclass=\"so-widget-sow-editor so-widget-sow-editor-base\"\n\t\t\t\n\t\t>\n<div class=\"siteorigin-widget-tinymce textwidget\">\n\t<h3><strong>La luz del TPMS es as\u00ed:<\/strong><\/h3>\n<p>Esta no es una luz de advertencia en el tablero que pueda ignorar o checar despu\u00e9s, por lo siguiente: Si la luz de su TPMS est\u00e1 encendida, significa que al menos una de sus llantas ha perdido al menos el 25% de su presi\u00f3n de aire, \u00a1y conducir con una llanta muy desinflada es peligroso! La Administraci\u00f3n de Seguridad Vial Nacional de EE. UU. (U.S. National Highway Traffic Safety) afirma que \u201cuna presi\u00f3n por debajo de la recomendada puede causar una gran cantidad de calor que a su vez puede provocar un r\u00e1pido desgaste de las llantas, reventones y p\u00e9rdida de control del veh\u00edculo que puede provocar un accidente\u201d. Conducir a velocidades de autopista con solo el 75% del aire que su llanta deber\u00eda tener puede hacer que la llanta se caliente tanto que incluso pueda comenzar a derretirse. Esto puede provocar una falla repentina y catastr\u00f3fica de las llantas y la p\u00e9rdida inmediata del control del veh\u00edculo, lo que resulta en un accidente o vuelco.<\/p>\n<\/div>\n<\/div><\/div><\/div><\/div><\/div><div id=\"pg-39745-2\"  class=\"panel-grid panel-has-style\" ><div class=\"wow fadeIn panel-row-style panel-row-style-for-39745-2\" ><div id=\"pgc-39745-2-0\"  class=\"panel-grid-cell\" ><div id=\"panel-39745-2-0-0\" class=\"so-panel widget widget_sow-editor panel-first-child panel-last-child\" data-index=\"3\" ><div\n\t\t\t\n\t\t\tclass=\"so-widget-sow-editor so-widget-sow-editor-base\"\n\t\t\t\n\t\t>\n<div class=\"siteorigin-widget-tinymce textwidget\">\n\t<h3><b>\u00bfQu\u00e9 debo hacer si la luz de mi TPMS est\u00e1 encendida?<\/b><\/h3>\n<p>Si la luz de su TPMS est\u00e1 encendida, debe detenerse inmediatamente, determinar qu\u00e9 llanta est\u00e1 baja y cambiarla, o conseguir que un profesional de servicio se la cambie. Luego, repare la llanta lo antes posible. \u00a1No espere ni intente conducir hasta un taller. Det\u00e9ngase en cuanto pueda en un lugar seguro y cambie la llanta! <\/p>\n<blockquote><p><b>CONSEJO:<\/b>Lleve siempre un man\u00f3metro en su veh\u00edculo. Algunos sistemas TPMS tienen un indicador en el tablero que le mostrar\u00e1 qu\u00e9 llanta est\u00e1 baja. Sin embargo, muchos sistemas TPMS solo muestran la luz de advertencia del TPMS. Por eso siempre debe llevar un man\u00f3metro para medir la presi\u00f3n de las llantas.<\/p><\/blockquote>\n<p>Con las llantas actuales de \u201cbajo perfil\u201d, puede ser dif\u00edcil ver si una llanta tiene baja presi\u00f3n. Las paredes laterales de la llanta son tan r\u00edgidas que la llanta no parece estar desinflada, incluso cuando est\u00e1 peligrosamente baja. Un man\u00f3metro puede indicarle cu\u00e1l llanta se tiene que cambiar. Si la luz de su TPMS est\u00e1 encendida, no lo tome a la ligera. Se estima que cada a\u00f1o m\u00e1s de 250,000 accidentes son causados por llantas bajas y que m\u00e1s de una cuarta parte de todas las lesiones resultantes de esos accidentes podr\u00edan haberse evitado con el TPMS. Si enciende su veh\u00edculo y ve la luz del TPMS parpadeando, entonces un sensor del TPMS o el sistema TPMS no est\u00e1 funcionando. Necesitar\u00e1 que un profesional lo diagnostique y repare. Pero verifique la presi\u00f3n de las llantas manualmente para asegurarse de que est\u00e9n bien, incluso si el sistema no lo est\u00e1.<\/p>\n<\/div>\n<\/div><\/div><\/div><div id=\"pgc-39745-2-1\"  class=\"panel-grid-cell\" ><div id=\"panel-39745-2-1-0\" class=\"so-panel widget widget_media_image panel-first-child panel-last-child\" data-index=\"4\" ><img loading=\"lazy\" decoding=\"async\" width=\"1024\" height=\"663\" src=\"https:\/\/www.redi-sensor.com\/wp-content\/uploads\/2017\/04\/tpms-home-install-slider-1024x663.jpg\" class=\"image wp-image-1865  attachment-large size-large\" alt=\"\" style=\"max-width: 100%; height: auto;\" srcset=\"https:\/\/www.redi-sensor.com\/wp-content\/uploads\/2017\/04\/tpms-home-install-slider-1024x663.jpg 1024w, https:\/\/www.redi-sensor.com\/wp-content\/uploads\/2017\/04\/tpms-home-install-slider-640x414.jpg 640w, https:\/\/www.redi-sensor.com\/wp-content\/uploads\/2017\/04\/tpms-home-install-slider-1200x777.jpg 1200w, https:\/\/www.redi-sensor.com\/wp-content\/uploads\/2017\/04\/tpms-home-install-slider-300x194.jpg 300w, https:\/\/www.redi-sensor.com\/wp-content\/uploads\/2017\/04\/tpms-home-install-slider-768x497.jpg 768w, https:\/\/www.redi-sensor.com\/wp-content\/uploads\/2017\/04\/tpms-home-install-slider.jpg 1562w\" sizes=\"auto, (max-width: 639px) 98vw, (max-width: 1199px) 64vw, 770px\" \/><\/div><\/div><\/div><\/div><div id=\"pg-39745-3\"  class=\"panel-grid panel-has-style\" ><div class=\"wow fadeIn panel-row-style panel-row-style-for-39745-3\" ><div id=\"pgc-39745-3-0\"  class=\"panel-grid-cell\" ><div id=\"panel-39745-3-0-0\" class=\"so-panel widget widget_media_image panel-first-child panel-last-child\" data-index=\"5\" ><img loading=\"lazy\" decoding=\"async\" width=\"1024\" height=\"572\" src=\"https:\/\/www.redi-sensor.com\/wp-content\/uploads\/2019\/06\/Triggering-Accord-1024x572.jpg\" class=\"image wp-image-17409  attachment-large size-large\" alt=\"\" style=\"max-width: 100%; height: auto;\" srcset=\"https:\/\/www.redi-sensor.com\/wp-content\/uploads\/2019\/06\/Triggering-Accord-1024x572.jpg 1024w, https:\/\/www.redi-sensor.com\/wp-content\/uploads\/2019\/06\/Triggering-Accord-300x168.jpg 300w, https:\/\/www.redi-sensor.com\/wp-content\/uploads\/2019\/06\/Triggering-Accord-768x429.jpg 768w, https:\/\/www.redi-sensor.com\/wp-content\/uploads\/2019\/06\/Triggering-Accord-463x260.jpg 463w, https:\/\/www.redi-sensor.com\/wp-content\/uploads\/2019\/06\/Triggering-Accord-640x357.jpg 640w, https:\/\/www.redi-sensor.com\/wp-content\/uploads\/2019\/06\/Triggering-Accord-1200x670.jpg 1200w, https:\/\/www.redi-sensor.com\/wp-content\/uploads\/2019\/06\/Triggering-Accord-1920x1072.jpg 1920w\" sizes=\"auto, (max-width: 639px) 98vw, (max-width: 1199px) 64vw, 770px\" \/><\/div><\/div><div id=\"pgc-39745-3-1\"  class=\"panel-grid-cell\" ><div id=\"panel-39745-3-1-0\" class=\"so-panel widget widget_sow-editor panel-first-child panel-last-child\" data-index=\"6\" ><div\n\t\t\t\n\t\t\tclass=\"so-widget-sow-editor so-widget-sow-editor-base\"\n\t\t\t\n\t\t>\n<div class=\"siteorigin-widget-tinymce textwidget\">\n\t<h3><b>\u00bfCu\u00e1nto aire debo poner en mis llantas?<\/b><\/h3>\n<p>Una de las preguntas m\u00e1s comunes sobre el mantenimiento del autom\u00f3vil que hacen los conductores es \"\u00bfcu\u00e1nto aire debo poner en las llantas?\" Puede encontrar la presi\u00f3n recomendada en el manual de su veh\u00edculo o en la 'placa de presi\u00f3n' en el interior de la puerta del conductor. Llene siempre las llantas al nivel recomendado.<\/p>\n<\/div>\n<\/div><\/div><\/div><\/div><\/div><\/div>","protected":false},"excerpt":{"rendered":"<p>Con tan solo cinco sensores REDI-Sensor TPMS tendr\u00e1 cobertura para la mayor\u00eda de los veh\u00edculos de pasajeros, SUV, crossovers y camionetas ligeras equipados con TPMS que circulan hoy en d\u00eda. Con el kit de instalaci\u00f3n del TPMS REDI-Sensor, puede tener cada uno de los sensores TPMS REDI-Sensor en inventario en su taller. Eso significa que [&hellip;]<\/p>\n","protected":false},"author":1,"featured_media":0,"parent":0,"menu_order":0,"comment_status":"closed","ping_status":"closed","template":"page-templates\/page-full-width.php","meta":{"_acf_changed":false,"_monsterinsights_skip_tracking":false,"_monsterinsights_sitenote_active":false,"_monsterinsights_sitenote_note":"","_monsterinsights_sitenote_category":0,"footnotes":"","_links_to":"","_links_to_target":""},"class_list":["post-39745","page","type-page","status-publish","hentry"],"acf":[],"yoast_head":"<!-- This site is optimized with the Yoast SEO plugin v27.2 - https:\/\/yoast.com\/product\/yoast-seo-wordpress\/ -->\n<title>L\u00ednea de sensores TPMS REDI-Sensor multiaplicaci\u00f3n: - REDI-Sensor<\/title>\n<meta name=\"robots\" content=\"index, follow, max-snippet:-1, max-image-preview:large, max-video-preview:-1\" \/>\n<link rel=\"canonical\" href=\"https:\/\/www.redi-sensor.com\/es\/linea-de-sensores-tpms-redi-sensor-multiaplicacion\/\" \/>\n<meta property=\"og:locale\" content=\"es_ES\" \/>\n<meta property=\"og:type\" content=\"article\" \/>\n<meta property=\"og:title\" content=\"L\u00ednea de sensores TPMS REDI-Sensor multiaplicaci\u00f3n: - REDI-Sensor\" \/>\n<meta property=\"og:description\" content=\"Con tan solo cinco sensores REDI-Sensor TPMS tendr\u00e1 cobertura para la mayor\u00eda de los veh\u00edculos de pasajeros, SUV, crossovers y camionetas ligeras equipados con TPMS que circulan hoy en d\u00eda. Con el kit de instalaci\u00f3n del TPMS REDI-Sensor, puede tener cada uno de los sensores TPMS REDI-Sensor en inventario en su taller. Eso significa que [&hellip;]\" \/>\n<meta property=\"og:url\" content=\"https:\/\/www.redi-sensor.com\/es\/linea-de-sensores-tpms-redi-sensor-multiaplicacion\/\" \/>\n<meta property=\"og:site_name\" content=\"REDI-Sensor\" \/>\n<meta property=\"article:modified_time\" content=\"2024-09-27T14:04:42+00:00\" \/>\n<meta property=\"og:image\" content=\"https:\/\/www.redi-sensor.com\/wp-content\/uploads\/2020\/05\/sean-lannoo-teaser.jpg\" \/>\n\t<meta property=\"og:image:width\" content=\"1440\" \/>\n\t<meta property=\"og:image:height\" content=\"900\" \/>\n\t<meta property=\"og:image:type\" content=\"image\/jpeg\" \/>\n<meta name=\"twitter:label1\" content=\"Tiempo de lectura\" \/>\n\t<meta name=\"twitter:data1\" content=\"3 minutos\" \/>\n<script type=\"application\/ld+json\" class=\"yoast-schema-graph\">{\"@context\":\"https:\/\/schema.org\",\"@graph\":[{\"@type\":\"WebPage\",\"@id\":\"https:\/\/www.redi-sensor.com\/es\/linea-de-sensores-tpms-redi-sensor-multiaplicacion\/\",\"url\":\"https:\/\/www.redi-sensor.com\/es\/linea-de-sensores-tpms-redi-sensor-multiaplicacion\/\",\"name\":\"L\u00ednea de sensores TPMS REDI-Sensor multiaplicaci\u00f3n: - REDI-Sensor\",\"isPartOf\":{\"@id\":\"https:\/\/www.redi-sensor.com\/es\/#website\"},\"datePublished\":\"2019-08-15T00:22:01+00:00\",\"dateModified\":\"2024-09-27T14:04:42+00:00\",\"breadcrumb\":{\"@id\":\"https:\/\/www.redi-sensor.com\/es\/linea-de-sensores-tpms-redi-sensor-multiaplicacion\/#breadcrumb\"},\"inLanguage\":\"es\",\"potentialAction\":[{\"@type\":\"ReadAction\",\"target\":[\"https:\/\/www.redi-sensor.com\/es\/linea-de-sensores-tpms-redi-sensor-multiaplicacion\/\"]}]},{\"@type\":\"BreadcrumbList\",\"@id\":\"https:\/\/www.redi-sensor.com\/es\/linea-de-sensores-tpms-redi-sensor-multiaplicacion\/#breadcrumb\",\"itemListElement\":[{\"@type\":\"ListItem\",\"position\":1,\"name\":\"Home\",\"item\":\"https:\/\/www.redi-sensor.com\/es\/\"},{\"@type\":\"ListItem\",\"position\":2,\"name\":\"L\u00ednea de sensores TPMS REDI-Sensor multiaplicaci\u00f3n:\"}]},{\"@type\":\"WebSite\",\"@id\":\"https:\/\/www.redi-sensor.com\/es\/#website\",\"url\":\"https:\/\/www.redi-sensor.com\/es\/\",\"name\":\"REDI-Sensor\",\"description\":\"Multi-Application TPMS Sensors\",\"publisher\":{\"@id\":\"https:\/\/www.redi-sensor.com\/es\/#organization\"},\"potentialAction\":[{\"@type\":\"SearchAction\",\"target\":{\"@type\":\"EntryPoint\",\"urlTemplate\":\"https:\/\/www.redi-sensor.com\/es\/?s={search_term_string}\"},\"query-input\":{\"@type\":\"PropertyValueSpecification\",\"valueRequired\":true,\"valueName\":\"search_term_string\"}}],\"inLanguage\":\"es\"},{\"@type\":\"Organization\",\"@id\":\"https:\/\/www.redi-sensor.com\/es\/#organization\",\"name\":\"REDI-Sensor\",\"url\":\"https:\/\/www.redi-sensor.com\/es\/\",\"logo\":{\"@type\":\"ImageObject\",\"inLanguage\":\"es\",\"@id\":\"https:\/\/www.redi-sensor.com\/es\/#\/schema\/logo\/image\/\",\"url\":\"https:\/\/redi-sensor.com\/wp-content\/uploads\/2019\/06\/vdo-redisensor-logo-combined-2.svg\",\"contentUrl\":\"https:\/\/redi-sensor.com\/wp-content\/uploads\/2019\/06\/vdo-redisensor-logo-combined-2.svg\",\"width\":1,\"height\":1,\"caption\":\"REDI-Sensor\"},\"image\":{\"@id\":\"https:\/\/www.redi-sensor.com\/es\/#\/schema\/logo\/image\/\"}}]}<\/script>\n<!-- \/ Yoast SEO plugin. -->","yoast_head_json":{"title":"L\u00ednea de sensores TPMS REDI-Sensor multiaplicaci\u00f3n: - REDI-Sensor","robots":{"index":"index","follow":"follow","max-snippet":"max-snippet:-1","max-image-preview":"max-image-preview:large","max-video-preview":"max-video-preview:-1"},"canonical":"https:\/\/www.redi-sensor.com\/es\/linea-de-sensores-tpms-redi-sensor-multiaplicacion\/","og_locale":"es_ES","og_type":"article","og_title":"L\u00ednea de sensores TPMS REDI-Sensor multiaplicaci\u00f3n: - REDI-Sensor","og_description":"Con tan solo cinco sensores REDI-Sensor TPMS tendr\u00e1 cobertura para la mayor\u00eda de los veh\u00edculos de pasajeros, SUV, crossovers y camionetas ligeras equipados con TPMS que circulan hoy en d\u00eda. Con el kit de instalaci\u00f3n del TPMS REDI-Sensor, puede tener cada uno de los sensores TPMS REDI-Sensor en inventario en su taller. Eso significa que [&hellip;]","og_url":"https:\/\/www.redi-sensor.com\/es\/linea-de-sensores-tpms-redi-sensor-multiaplicacion\/","og_site_name":"REDI-Sensor","article_modified_time":"2024-09-27T14:04:42+00:00","og_image":[{"width":1440,"height":900,"url":"https:\/\/www.redi-sensor.com\/wp-content\/uploads\/2020\/05\/sean-lannoo-teaser.jpg","type":"image\/jpeg"}],"twitter_misc":{"Tiempo de lectura":"3 minutos"},"schema":{"@context":"https:\/\/schema.org","@graph":[{"@type":"WebPage","@id":"https:\/\/www.redi-sensor.com\/es\/linea-de-sensores-tpms-redi-sensor-multiaplicacion\/","url":"https:\/\/www.redi-sensor.com\/es\/linea-de-sensores-tpms-redi-sensor-multiaplicacion\/","name":"L\u00ednea de sensores TPMS REDI-Sensor multiaplicaci\u00f3n: - REDI-Sensor","isPartOf":{"@id":"https:\/\/www.redi-sensor.com\/es\/#website"},"datePublished":"2019-08-15T00:22:01+00:00","dateModified":"2024-09-27T14:04:42+00:00","breadcrumb":{"@id":"https:\/\/www.redi-sensor.com\/es\/linea-de-sensores-tpms-redi-sensor-multiaplicacion\/#breadcrumb"},"inLanguage":"es","potentialAction":[{"@type":"ReadAction","target":["https:\/\/www.redi-sensor.com\/es\/linea-de-sensores-tpms-redi-sensor-multiaplicacion\/"]}]},{"@type":"BreadcrumbList","@id":"https:\/\/www.redi-sensor.com\/es\/linea-de-sensores-tpms-redi-sensor-multiaplicacion\/#breadcrumb","itemListElement":[{"@type":"ListItem","position":1,"name":"Home","item":"https:\/\/www.redi-sensor.com\/es\/"},{"@type":"ListItem","position":2,"name":"L\u00ednea de sensores TPMS REDI-Sensor multiaplicaci\u00f3n:"}]},{"@type":"WebSite","@id":"https:\/\/www.redi-sensor.com\/es\/#website","url":"https:\/\/www.redi-sensor.com\/es\/","name":"REDI-Sensor","description":"Multi-Application TPMS Sensors","publisher":{"@id":"https:\/\/www.redi-sensor.com\/es\/#organization"},"potentialAction":[{"@type":"SearchAction","target":{"@type":"EntryPoint","urlTemplate":"https:\/\/www.redi-sensor.com\/es\/?s={search_term_string}"},"query-input":{"@type":"PropertyValueSpecification","valueRequired":true,"valueName":"search_term_string"}}],"inLanguage":"es"},{"@type":"Organization","@id":"https:\/\/www.redi-sensor.com\/es\/#organization","name":"REDI-Sensor","url":"https:\/\/www.redi-sensor.com\/es\/","logo":{"@type":"ImageObject","inLanguage":"es","@id":"https:\/\/www.redi-sensor.com\/es\/#\/schema\/logo\/image\/","url":"https:\/\/redi-sensor.com\/wp-content\/uploads\/2019\/06\/vdo-redisensor-logo-combined-2.svg","contentUrl":"https:\/\/redi-sensor.com\/wp-content\/uploads\/2019\/06\/vdo-redisensor-logo-combined-2.svg","width":1,"height":1,"caption":"REDI-Sensor"},"image":{"@id":"https:\/\/www.redi-sensor.com\/es\/#\/schema\/logo\/image\/"}}]}},"_links":{"self":[{"href":"https:\/\/www.redi-sensor.com\/es\/wp-json\/wp\/v2\/pages\/39745","targetHints":{"allow":["GET"]}}],"collection":[{"href":"https:\/\/www.redi-sensor.com\/es\/wp-json\/wp\/v2\/pages"}],"about":[{"href":"https:\/\/www.redi-sensor.com\/es\/wp-json\/wp\/v2\/types\/page"}],"author":[{"embeddable":true,"href":"https:\/\/www.redi-sensor.com\/es\/wp-json\/wp\/v2\/users\/1"}],"replies":[{"embeddable":true,"href":"https:\/\/www.redi-sensor.com\/es\/wp-json\/wp\/v2\/comments?post=39745"}],"version-history":[{"count":0,"href":"https:\/\/www.redi-sensor.com\/es\/wp-json\/wp\/v2\/pages\/39745\/revisions"}],"wp:attachment":[{"href":"https:\/\/www.redi-sensor.com\/es\/wp-json\/wp\/v2\/media?parent=39745"}],"curies":[{"name":"wp","href":"https:\/\/api.w.org\/{rel}","templated":true}]}}