{"id":39748,"date":"2023-07-13T10:56:06","date_gmt":"2023-07-13T14:56:06","guid":{"rendered":"https:\/\/www.redi-sensor.com\/redi-sensor-and-autodiagnos-tpms-tools\/"},"modified":"2025-10-28T13:22:59","modified_gmt":"2025-10-28T17:22:59","slug":"redi-sensor-y-herramientas-autodiagnos-para-tpms","status":"publish","type":"page","link":"https:\/\/www.redi-sensor.com\/es\/redi-sensor-y-herramientas-autodiagnos-para-tpms\/","title":{"rendered":"REDI-Sensor y herramientas Autodiagnos para TPMS"},"content":{"rendered":"\r\n<h1>\r\n\t\tREDI-Sensor y herramientas Autodiagnos para TPMS:\r\n\t<\/h1>\r\n\t<p><strong>Ambos de AUMOVIO. Optimizados para trabajar juntos. Ahora con ahorros directos del fabricante.<\/strong><\/p>\r\n<p>Obtendr\u00e1 el servicio TPMS m\u00e1s simple, confiable y rentable cuando combine REDI-Sensor con herramientas Autodiagnos para TPMS. Por eso hemos creado los juegos REDI-Sensor\/Autodiagnos.<\/p>\r\n<p>Debido a que REDI-Sensor y Autodiagnos son ambos de AUMOVIO, obtiene compatibilidad total entre la herramienta y los sensores. Al tener compatibilidad, no tiene contratiempos en el servicio del TPMS.<\/p>\r\n<p>Si ofrece servicio al TPMS en su taller, necesita que sea simple, confiable y rentable. Y eso es lo que obtiene cuando combina la herramienta Autodiagnos\u2122 para TPMS y los sensores TPMS REDI-Sensor multiaplicaci\u00f3n.<\/p>\r\n\t\t\t\t<img decoding=\"async\" src=\"https:\/\/redi-sensor.com\/wp-content\/uploads\/2023\/07\/BUNDLE-PROMO-DTOOL-24-sensors-copy.png\" alt=\"BUNDLE-PROMO-DTOOL-24-sensors-copy\" itemprop=\"image\" title=\"BUNDLE-PROMO-DTOOL-24-sensors-copy\" onerror=\"this.style.display='none'\"  \/>\r\n\t\t<h3>Obtenga m\u00e1s informaci\u00f3n sobre REDI-Sensor y Autodiagnos para TPMS o c\u00f3mprelo ahora<\/h3>\r\n\t\t\t<a href=\"https:\/\/us.continental-aftermarket.com\/autodiagnos\/buy-now\/?utm_source=redi-sensor-bundlepage&#038;utm_medium=website&#038;utm_campaign=buy-now\" target=\"_blank\" rel=\"noopener\">\r\n\t\t\t\t\t\t\t\u00a1Comprar ahora!\r\n\t\t\t\t\t<\/a>\r\n\r\n","protected":false},"excerpt":{"rendered":"<p>REDI-Sensor y herramientas Autodiagnos para TPMS: Ambos de AUMOVIO. Optimizados para trabajar juntos. Ahora con ahorros directos del fabricante. Obtendr\u00e1 el servicio TPMS m\u00e1s simple, confiable y rentable cuando combine REDI-Sensor con herramientas Autodiagnos para TPMS. Por eso hemos creado los juegos REDI-Sensor\/Autodiagnos. Debido a que REDI-Sensor y Autodiagnos son ambos de AUMOVIO, obtiene compatibilidad [&hellip;]<\/p>\n","protected":false},"author":1,"featured_media":0,"parent":0,"menu_order":0,"comment_status":"closed","ping_status":"closed","template":"page-templates\/page-full-width-blank.php","meta":{"_acf_changed":false,"_monsterinsights_skip_tracking":false,"_monsterinsights_sitenote_active":false,"_monsterinsights_sitenote_note":"","_monsterinsights_sitenote_category":0,"footnotes":"","_links_to":"","_links_to_target":""},"class_list":["post-39748","page","type-page","status-publish","hentry"],"acf":[],"yoast_head":"<!-- This site is optimized with the Yoast SEO plugin v27.4 - https:\/\/yoast.com\/product\/yoast-seo-wordpress\/ -->\n<title>REDI-Sensor y herramientas Autodiagnos para TPMS - REDI-Sensor<\/title>\n<meta name=\"robots\" content=\"index, follow, max-snippet:-1, max-image-preview:large, max-video-preview:-1\" \/>\n<link rel=\"canonical\" href=\"https:\/\/www.redi-sensor.com\/es\/redi-sensor-y-herramientas-autodiagnos-para-tpms\/\" \/>\n<meta property=\"og:locale\" content=\"es_ES\" \/>\n<meta property=\"og:type\" content=\"article\" \/>\n<meta property=\"og:title\" content=\"REDI-Sensor y herramientas Autodiagnos para TPMS - REDI-Sensor\" \/>\n<meta property=\"og:description\" content=\"REDI-Sensor y herramientas Autodiagnos para TPMS: Ambos de AUMOVIO. Optimizados para trabajar juntos. Ahora con ahorros directos del fabricante. Obtendr\u00e1 el servicio TPMS m\u00e1s simple, confiable y rentable cuando combine REDI-Sensor con herramientas Autodiagnos para TPMS. Por eso hemos creado los juegos REDI-Sensor\/Autodiagnos. Debido a que REDI-Sensor y Autodiagnos son ambos de AUMOVIO, obtiene compatibilidad [&hellip;]\" \/>\n<meta property=\"og:url\" content=\"https:\/\/www.redi-sensor.com\/es\/redi-sensor-y-herramientas-autodiagnos-para-tpms\/\" \/>\n<meta property=\"og:site_name\" content=\"REDI-Sensor\" \/>\n<meta property=\"article:modified_time\" content=\"2025-10-28T17:22:59+00:00\" \/>\n<meta property=\"og:image\" content=\"https:\/\/redi-sensor.com\/wp-content\/uploads\/2023\/07\/BUNDLE-PROMO-DTOOL-24-sensors-copy.png\" \/>\n<meta name=\"twitter:label1\" content=\"Tiempo de lectura\" \/>\n\t<meta name=\"twitter:data1\" content=\"1 minuto\" \/>\n<script type=\"application\/ld+json\" class=\"yoast-schema-graph\">{\"@context\":\"https:\\\/\\\/schema.org\",\"@graph\":[{\"@type\":\"WebPage\",\"@id\":\"https:\\\/\\\/www.redi-sensor.com\\\/es\\\/redi-sensor-y-herramientas-autodiagnos-para-tpms\\\/\",\"url\":\"https:\\\/\\\/www.redi-sensor.com\\\/es\\\/redi-sensor-y-herramientas-autodiagnos-para-tpms\\\/\",\"name\":\"REDI-Sensor y herramientas Autodiagnos para TPMS - REDI-Sensor\",\"isPartOf\":{\"@id\":\"https:\\\/\\\/www.redi-sensor.com\\\/es\\\/#website\"},\"primaryImageOfPage\":{\"@id\":\"https:\\\/\\\/www.redi-sensor.com\\\/es\\\/redi-sensor-y-herramientas-autodiagnos-para-tpms\\\/#primaryimage\"},\"image\":{\"@id\":\"https:\\\/\\\/www.redi-sensor.com\\\/es\\\/redi-sensor-y-herramientas-autodiagnos-para-tpms\\\/#primaryimage\"},\"thumbnailUrl\":\"https:\\\/\\\/redi-sensor.com\\\/wp-content\\\/uploads\\\/2023\\\/07\\\/BUNDLE-PROMO-DTOOL-24-sensors-copy.png\",\"datePublished\":\"2023-07-13T14:56:06+00:00\",\"dateModified\":\"2025-10-28T17:22:59+00:00\",\"breadcrumb\":{\"@id\":\"https:\\\/\\\/www.redi-sensor.com\\\/es\\\/redi-sensor-y-herramientas-autodiagnos-para-tpms\\\/#breadcrumb\"},\"inLanguage\":\"es\",\"potentialAction\":[{\"@type\":\"ReadAction\",\"target\":[\"https:\\\/\\\/www.redi-sensor.com\\\/es\\\/redi-sensor-y-herramientas-autodiagnos-para-tpms\\\/\"]}]},{\"@type\":\"ImageObject\",\"inLanguage\":\"es\",\"@id\":\"https:\\\/\\\/www.redi-sensor.com\\\/es\\\/redi-sensor-y-herramientas-autodiagnos-para-tpms\\\/#primaryimage\",\"url\":\"https:\\\/\\\/redi-sensor.com\\\/wp-content\\\/uploads\\\/2023\\\/07\\\/BUNDLE-PROMO-DTOOL-24-sensors-copy.png\",\"contentUrl\":\"https:\\\/\\\/redi-sensor.com\\\/wp-content\\\/uploads\\\/2023\\\/07\\\/BUNDLE-PROMO-DTOOL-24-sensors-copy.png\"},{\"@type\":\"BreadcrumbList\",\"@id\":\"https:\\\/\\\/www.redi-sensor.com\\\/es\\\/redi-sensor-y-herramientas-autodiagnos-para-tpms\\\/#breadcrumb\",\"itemListElement\":[{\"@type\":\"ListItem\",\"position\":1,\"name\":\"Home\",\"item\":\"https:\\\/\\\/www.redi-sensor.com\\\/es\\\/\"},{\"@type\":\"ListItem\",\"position\":2,\"name\":\"REDI-Sensor y herramientas Autodiagnos para TPMS\"}]},{\"@type\":\"WebSite\",\"@id\":\"https:\\\/\\\/www.redi-sensor.com\\\/es\\\/#website\",\"url\":\"https:\\\/\\\/www.redi-sensor.com\\\/es\\\/\",\"name\":\"REDI-Sensor\",\"description\":\"Multi-Application TPMS Sensors\",\"publisher\":{\"@id\":\"https:\\\/\\\/www.redi-sensor.com\\\/es\\\/#organization\"},\"potentialAction\":[{\"@type\":\"SearchAction\",\"target\":{\"@type\":\"EntryPoint\",\"urlTemplate\":\"https:\\\/\\\/www.redi-sensor.com\\\/es\\\/?s={search_term_string}\"},\"query-input\":{\"@type\":\"PropertyValueSpecification\",\"valueRequired\":true,\"valueName\":\"search_term_string\"}}],\"inLanguage\":\"es\"},{\"@type\":\"Organization\",\"@id\":\"https:\\\/\\\/www.redi-sensor.com\\\/es\\\/#organization\",\"name\":\"REDI-Sensor\",\"url\":\"https:\\\/\\\/www.redi-sensor.com\\\/es\\\/\",\"logo\":{\"@type\":\"ImageObject\",\"inLanguage\":\"es\",\"@id\":\"https:\\\/\\\/www.redi-sensor.com\\\/es\\\/#\\\/schema\\\/logo\\\/image\\\/\",\"url\":\"https:\\\/\\\/redi-sensor.com\\\/wp-content\\\/uploads\\\/2019\\\/06\\\/vdo-redisensor-logo-combined-2.svg\",\"contentUrl\":\"https:\\\/\\\/redi-sensor.com\\\/wp-content\\\/uploads\\\/2019\\\/06\\\/vdo-redisensor-logo-combined-2.svg\",\"width\":1,\"height\":1,\"caption\":\"REDI-Sensor\"},\"image\":{\"@id\":\"https:\\\/\\\/www.redi-sensor.com\\\/es\\\/#\\\/schema\\\/logo\\\/image\\\/\"}}]}<\/script>\n<!-- \/ Yoast SEO plugin. -->","yoast_head_json":{"title":"REDI-Sensor y herramientas Autodiagnos para TPMS - REDI-Sensor","robots":{"index":"index","follow":"follow","max-snippet":"max-snippet:-1","max-image-preview":"max-image-preview:large","max-video-preview":"max-video-preview:-1"},"canonical":"https:\/\/www.redi-sensor.com\/es\/redi-sensor-y-herramientas-autodiagnos-para-tpms\/","og_locale":"es_ES","og_type":"article","og_title":"REDI-Sensor y herramientas Autodiagnos para TPMS - REDI-Sensor","og_description":"REDI-Sensor y herramientas Autodiagnos para TPMS: Ambos de AUMOVIO. Optimizados para trabajar juntos. Ahora con ahorros directos del fabricante. Obtendr\u00e1 el servicio TPMS m\u00e1s simple, confiable y rentable cuando combine REDI-Sensor con herramientas Autodiagnos para TPMS. Por eso hemos creado los juegos REDI-Sensor\/Autodiagnos. Debido a que REDI-Sensor y Autodiagnos son ambos de AUMOVIO, obtiene compatibilidad [&hellip;]","og_url":"https:\/\/www.redi-sensor.com\/es\/redi-sensor-y-herramientas-autodiagnos-para-tpms\/","og_site_name":"REDI-Sensor","article_modified_time":"2025-10-28T17:22:59+00:00","og_image":[{"url":"https:\/\/redi-sensor.com\/wp-content\/uploads\/2023\/07\/BUNDLE-PROMO-DTOOL-24-sensors-copy.png","type":"","width":"","height":""}],"twitter_misc":{"Tiempo de lectura":"1 minuto"},"schema":{"@context":"https:\/\/schema.org","@graph":[{"@type":"WebPage","@id":"https:\/\/www.redi-sensor.com\/es\/redi-sensor-y-herramientas-autodiagnos-para-tpms\/","url":"https:\/\/www.redi-sensor.com\/es\/redi-sensor-y-herramientas-autodiagnos-para-tpms\/","name":"REDI-Sensor y herramientas Autodiagnos para TPMS - REDI-Sensor","isPartOf":{"@id":"https:\/\/www.redi-sensor.com\/es\/#website"},"primaryImageOfPage":{"@id":"https:\/\/www.redi-sensor.com\/es\/redi-sensor-y-herramientas-autodiagnos-para-tpms\/#primaryimage"},"image":{"@id":"https:\/\/www.redi-sensor.com\/es\/redi-sensor-y-herramientas-autodiagnos-para-tpms\/#primaryimage"},"thumbnailUrl":"https:\/\/redi-sensor.com\/wp-content\/uploads\/2023\/07\/BUNDLE-PROMO-DTOOL-24-sensors-copy.png","datePublished":"2023-07-13T14:56:06+00:00","dateModified":"2025-10-28T17:22:59+00:00","breadcrumb":{"@id":"https:\/\/www.redi-sensor.com\/es\/redi-sensor-y-herramientas-autodiagnos-para-tpms\/#breadcrumb"},"inLanguage":"es","potentialAction":[{"@type":"ReadAction","target":["https:\/\/www.redi-sensor.com\/es\/redi-sensor-y-herramientas-autodiagnos-para-tpms\/"]}]},{"@type":"ImageObject","inLanguage":"es","@id":"https:\/\/www.redi-sensor.com\/es\/redi-sensor-y-herramientas-autodiagnos-para-tpms\/#primaryimage","url":"https:\/\/redi-sensor.com\/wp-content\/uploads\/2023\/07\/BUNDLE-PROMO-DTOOL-24-sensors-copy.png","contentUrl":"https:\/\/redi-sensor.com\/wp-content\/uploads\/2023\/07\/BUNDLE-PROMO-DTOOL-24-sensors-copy.png"},{"@type":"BreadcrumbList","@id":"https:\/\/www.redi-sensor.com\/es\/redi-sensor-y-herramientas-autodiagnos-para-tpms\/#breadcrumb","itemListElement":[{"@type":"ListItem","position":1,"name":"Home","item":"https:\/\/www.redi-sensor.com\/es\/"},{"@type":"ListItem","position":2,"name":"REDI-Sensor y herramientas Autodiagnos para TPMS"}]},{"@type":"WebSite","@id":"https:\/\/www.redi-sensor.com\/es\/#website","url":"https:\/\/www.redi-sensor.com\/es\/","name":"REDI-Sensor","description":"Multi-Application TPMS Sensors","publisher":{"@id":"https:\/\/www.redi-sensor.com\/es\/#organization"},"potentialAction":[{"@type":"SearchAction","target":{"@type":"EntryPoint","urlTemplate":"https:\/\/www.redi-sensor.com\/es\/?s={search_term_string}"},"query-input":{"@type":"PropertyValueSpecification","valueRequired":true,"valueName":"search_term_string"}}],"inLanguage":"es"},{"@type":"Organization","@id":"https:\/\/www.redi-sensor.com\/es\/#organization","name":"REDI-Sensor","url":"https:\/\/www.redi-sensor.com\/es\/","logo":{"@type":"ImageObject","inLanguage":"es","@id":"https:\/\/www.redi-sensor.com\/es\/#\/schema\/logo\/image\/","url":"https:\/\/redi-sensor.com\/wp-content\/uploads\/2019\/06\/vdo-redisensor-logo-combined-2.svg","contentUrl":"https:\/\/redi-sensor.com\/wp-content\/uploads\/2019\/06\/vdo-redisensor-logo-combined-2.svg","width":1,"height":1,"caption":"REDI-Sensor"},"image":{"@id":"https:\/\/www.redi-sensor.com\/es\/#\/schema\/logo\/image\/"}}]}},"_links":{"self":[{"href":"https:\/\/www.redi-sensor.com\/es\/wp-json\/wp\/v2\/pages\/39748","targetHints":{"allow":["GET"]}}],"collection":[{"href":"https:\/\/www.redi-sensor.com\/es\/wp-json\/wp\/v2\/pages"}],"about":[{"href":"https:\/\/www.redi-sensor.com\/es\/wp-json\/wp\/v2\/types\/page"}],"author":[{"embeddable":true,"href":"https:\/\/www.redi-sensor.com\/es\/wp-json\/wp\/v2\/users\/1"}],"replies":[{"embeddable":true,"href":"https:\/\/www.redi-sensor.com\/es\/wp-json\/wp\/v2\/comments?post=39748"}],"version-history":[{"count":0,"href":"https:\/\/www.redi-sensor.com\/es\/wp-json\/wp\/v2\/pages\/39748\/revisions"}],"wp:attachment":[{"href":"https:\/\/www.redi-sensor.com\/es\/wp-json\/wp\/v2\/media?parent=39748"}],"curies":[{"name":"wp","href":"https:\/\/api.w.org\/{rel}","templated":true}]}}