{"id":39946,"date":"2024-06-11T17:12:48","date_gmt":"2024-06-11T21:12:48","guid":{"rendered":"https:\/\/www.redi-sensor.com\/updates\/"},"modified":"2024-10-30T15:32:48","modified_gmt":"2024-10-30T19:32:48","slug":"updates","status":"publish","type":"page","link":"https:\/\/www.redi-sensor.com\/es\/updates\/","title":{"rendered":"Updates 2024 SP"},"content":{"rendered":"\n<h1>\n\t\tPara trabajar con la generaci\u00f3n m\u00e1s reciente de sensores TPMS se necesita el software m\u00e1s nuevo de la herramienta para el TPMS y las \u00faltimas instrucciones de reaprendizaje.\n\t<\/h1>\n\t<p><strong>Podemos ayudarle con los dos:<\/strong><\/p>\n<a href=\"https:\/\/www.redi-sensor.com\/es\/update-selector\/\">Encontrar las instrucciones m\u00e1s recientes de reaprendizaje para los sensores para el TPMS.<\/a><br \/>\n<a href=\"https:\/\/www.redi-sensor.com\/es\/software-updates\/\">Encontrar las actualizaciones de software m\u00e1s recientes para herramientas para el TPMS.<\/a>\n<hr \/>\n<p>Los sensores de nueva tecnolog\u00eda requieren que la herramienta para el TPMS tenga instalado el software m\u00e1s reciente para llevar a cabo la programaci\u00f3n y el reaprendizaje. Incluso si su herramienta es nueva, es posible que necesite una actualizaci\u00f3n de software.<\/p>\n<p><strong>Es posible que los sensores m\u00e1s nuevos requieran diferentes pasos de servicio para la activaci\u00f3n y el reaprendizaje.<\/strong><\/p>\n<ul>\n<li><a href=\"https:\/\/www.redi-sensor.com\/wp-content\/uploads\/2024\/02\/REDI-Sensor_TSB-2023-1129A.Steps_v4.pdf\">Descargue el bolet\u00edn de reaprendizaje de la configuraci\u00f3n del sensor REDI-Sensor\u2122 para TPMS<\/a><\/li>\n<li><a href=\"https:\/\/www.redi-sensor.com\/wp-content\/uploads\/2023\/03\/REDI-Senor_TPMS-Tools_2023_V2.pdf\">Descargue la lista de herramientas para el TPMS compatibles con REDI-Sensor.<\/a><\/li>\n<\/ul>\n\t\t\t\t<img loading=\"lazy\" decoding=\"async\" src=\"https:\/\/www.redi-sensor.com\/wp-content\/uploads\/2022\/11\/actualizar-logo.png\" alt=\"actualizar-logo\" itemprop=\"image\" height=\"501\" width=\"425\" title=\"actualizar-logo\" onerror=\"this.style.display='none'\"  \/>\n\n","protected":false},"excerpt":{"rendered":"<p>Para trabajar con la generaci\u00f3n m\u00e1s reciente de sensores TPMS se necesita el software m\u00e1s nuevo de la herramienta para el TPMS y las \u00faltimas instrucciones de reaprendizaje. Podemos ayudarle con los dos: Encontrar las instrucciones m\u00e1s recientes de reaprendizaje para los sensores para el TPMS. Encontrar las actualizaciones de software m\u00e1s recientes para herramientas [&hellip;]<\/p>\n","protected":false},"author":1,"featured_media":0,"parent":0,"menu_order":0,"comment_status":"closed","ping_status":"closed","template":"page-templates\/page-full-width-blank.php","meta":{"_acf_changed":false,"_monsterinsights_skip_tracking":false,"_monsterinsights_sitenote_active":false,"_monsterinsights_sitenote_note":"","_monsterinsights_sitenote_category":0,"footnotes":"","_links_to":"","_links_to_target":""},"class_list":["post-39946","page","type-page","status-publish","hentry"],"acf":[],"yoast_head":"<!-- This site is optimized with the Yoast SEO plugin v27.2 - https:\/\/yoast.com\/product\/yoast-seo-wordpress\/ -->\n<title>Updates 2024 SP - REDI-Sensor<\/title>\n<meta name=\"description\" content=\"- An up-to-date compatible TPMS tool is required to configure the proper communication protocol.- Even brand-new tools may have outdated software; and some current TPMS Tools do not support our latesttechnology.\" \/>\n<meta name=\"robots\" content=\"index, follow, max-snippet:-1, max-image-preview:large, max-video-preview:-1\" \/>\n<link rel=\"canonical\" href=\"https:\/\/www.redi-sensor.com\/es\/updates\/\" \/>\n<meta property=\"og:locale\" content=\"es_ES\" \/>\n<meta property=\"og:type\" content=\"article\" \/>\n<meta property=\"og:title\" content=\"Updates 2024 SP - REDI-Sensor\" \/>\n<meta property=\"og:description\" content=\"- An up-to-date compatible TPMS tool is required to configure the proper communication protocol.- Even brand-new tools may have outdated software; and some current TPMS Tools do not support our latesttechnology.\" \/>\n<meta property=\"og:url\" content=\"https:\/\/www.redi-sensor.com\/es\/updates\/\" \/>\n<meta property=\"og:site_name\" content=\"REDI-Sensor\" \/>\n<meta property=\"article:modified_time\" content=\"2024-10-30T19:32:48+00:00\" \/>\n<meta property=\"og:image\" content=\"https:\/\/www.redi-sensor.com\/wp-content\/uploads\/2022\/11\/actualizar-logo.png\" \/>\n<meta name=\"twitter:label1\" content=\"Tiempo de lectura\" \/>\n\t<meta name=\"twitter:data1\" content=\"1 minuto\" \/>\n<script type=\"application\/ld+json\" class=\"yoast-schema-graph\">{\"@context\":\"https:\/\/schema.org\",\"@graph\":[{\"@type\":\"WebPage\",\"@id\":\"https:\/\/www.redi-sensor.com\/es\/updates\/\",\"url\":\"https:\/\/www.redi-sensor.com\/es\/updates\/\",\"name\":\"Updates 2024 SP - REDI-Sensor\",\"isPartOf\":{\"@id\":\"https:\/\/www.redi-sensor.com\/es\/#website\"},\"primaryImageOfPage\":{\"@id\":\"https:\/\/www.redi-sensor.com\/es\/updates\/#primaryimage\"},\"image\":{\"@id\":\"https:\/\/www.redi-sensor.com\/es\/updates\/#primaryimage\"},\"thumbnailUrl\":\"https:\/\/www.redi-sensor.com\/wp-content\/uploads\/2022\/11\/actualizar-logo.png\",\"datePublished\":\"2024-06-11T21:12:48+00:00\",\"dateModified\":\"2024-10-30T19:32:48+00:00\",\"description\":\"- An up-to-date compatible TPMS tool is required to configure the proper communication protocol.- Even brand-new tools may have outdated software; and some current TPMS Tools do not support our latesttechnology.\",\"breadcrumb\":{\"@id\":\"https:\/\/www.redi-sensor.com\/es\/updates\/#breadcrumb\"},\"inLanguage\":\"es\",\"potentialAction\":[{\"@type\":\"ReadAction\",\"target\":[\"https:\/\/www.redi-sensor.com\/es\/updates\/\"]}]},{\"@type\":\"ImageObject\",\"inLanguage\":\"es\",\"@id\":\"https:\/\/www.redi-sensor.com\/es\/updates\/#primaryimage\",\"url\":\"https:\/\/www.redi-sensor.com\/wp-content\/uploads\/2022\/11\/actualizar-logo.png\",\"contentUrl\":\"https:\/\/www.redi-sensor.com\/wp-content\/uploads\/2022\/11\/actualizar-logo.png\"},{\"@type\":\"BreadcrumbList\",\"@id\":\"https:\/\/www.redi-sensor.com\/es\/updates\/#breadcrumb\",\"itemListElement\":[{\"@type\":\"ListItem\",\"position\":1,\"name\":\"Home\",\"item\":\"https:\/\/www.redi-sensor.com\/es\/\"},{\"@type\":\"ListItem\",\"position\":2,\"name\":\"Updates 2024 SP\"}]},{\"@type\":\"WebSite\",\"@id\":\"https:\/\/www.redi-sensor.com\/es\/#website\",\"url\":\"https:\/\/www.redi-sensor.com\/es\/\",\"name\":\"REDI-Sensor\",\"description\":\"Multi-Application TPMS Sensors\",\"publisher\":{\"@id\":\"https:\/\/www.redi-sensor.com\/es\/#organization\"},\"potentialAction\":[{\"@type\":\"SearchAction\",\"target\":{\"@type\":\"EntryPoint\",\"urlTemplate\":\"https:\/\/www.redi-sensor.com\/es\/?s={search_term_string}\"},\"query-input\":{\"@type\":\"PropertyValueSpecification\",\"valueRequired\":true,\"valueName\":\"search_term_string\"}}],\"inLanguage\":\"es\"},{\"@type\":\"Organization\",\"@id\":\"https:\/\/www.redi-sensor.com\/es\/#organization\",\"name\":\"REDI-Sensor\",\"url\":\"https:\/\/www.redi-sensor.com\/es\/\",\"logo\":{\"@type\":\"ImageObject\",\"inLanguage\":\"es\",\"@id\":\"https:\/\/www.redi-sensor.com\/es\/#\/schema\/logo\/image\/\",\"url\":\"https:\/\/redi-sensor.com\/wp-content\/uploads\/2019\/06\/vdo-redisensor-logo-combined-2.svg\",\"contentUrl\":\"https:\/\/redi-sensor.com\/wp-content\/uploads\/2019\/06\/vdo-redisensor-logo-combined-2.svg\",\"width\":1,\"height\":1,\"caption\":\"REDI-Sensor\"},\"image\":{\"@id\":\"https:\/\/www.redi-sensor.com\/es\/#\/schema\/logo\/image\/\"}}]}<\/script>\n<!-- \/ Yoast SEO plugin. -->","yoast_head_json":{"title":"Updates 2024 SP - REDI-Sensor","description":"- An up-to-date compatible TPMS tool is required to configure the proper communication protocol.- Even brand-new tools may have outdated software; and some current TPMS Tools do not support our latesttechnology.","robots":{"index":"index","follow":"follow","max-snippet":"max-snippet:-1","max-image-preview":"max-image-preview:large","max-video-preview":"max-video-preview:-1"},"canonical":"https:\/\/www.redi-sensor.com\/es\/updates\/","og_locale":"es_ES","og_type":"article","og_title":"Updates 2024 SP - REDI-Sensor","og_description":"- An up-to-date compatible TPMS tool is required to configure the proper communication protocol.- Even brand-new tools may have outdated software; and some current TPMS Tools do not support our latesttechnology.","og_url":"https:\/\/www.redi-sensor.com\/es\/updates\/","og_site_name":"REDI-Sensor","article_modified_time":"2024-10-30T19:32:48+00:00","og_image":[{"url":"https:\/\/www.redi-sensor.com\/wp-content\/uploads\/2022\/11\/actualizar-logo.png","type":"","width":"","height":""}],"twitter_misc":{"Tiempo de lectura":"1 minuto"},"schema":{"@context":"https:\/\/schema.org","@graph":[{"@type":"WebPage","@id":"https:\/\/www.redi-sensor.com\/es\/updates\/","url":"https:\/\/www.redi-sensor.com\/es\/updates\/","name":"Updates 2024 SP - REDI-Sensor","isPartOf":{"@id":"https:\/\/www.redi-sensor.com\/es\/#website"},"primaryImageOfPage":{"@id":"https:\/\/www.redi-sensor.com\/es\/updates\/#primaryimage"},"image":{"@id":"https:\/\/www.redi-sensor.com\/es\/updates\/#primaryimage"},"thumbnailUrl":"https:\/\/www.redi-sensor.com\/wp-content\/uploads\/2022\/11\/actualizar-logo.png","datePublished":"2024-06-11T21:12:48+00:00","dateModified":"2024-10-30T19:32:48+00:00","description":"- An up-to-date compatible TPMS tool is required to configure the proper communication protocol.- Even brand-new tools may have outdated software; and some current TPMS Tools do not support our latesttechnology.","breadcrumb":{"@id":"https:\/\/www.redi-sensor.com\/es\/updates\/#breadcrumb"},"inLanguage":"es","potentialAction":[{"@type":"ReadAction","target":["https:\/\/www.redi-sensor.com\/es\/updates\/"]}]},{"@type":"ImageObject","inLanguage":"es","@id":"https:\/\/www.redi-sensor.com\/es\/updates\/#primaryimage","url":"https:\/\/www.redi-sensor.com\/wp-content\/uploads\/2022\/11\/actualizar-logo.png","contentUrl":"https:\/\/www.redi-sensor.com\/wp-content\/uploads\/2022\/11\/actualizar-logo.png"},{"@type":"BreadcrumbList","@id":"https:\/\/www.redi-sensor.com\/es\/updates\/#breadcrumb","itemListElement":[{"@type":"ListItem","position":1,"name":"Home","item":"https:\/\/www.redi-sensor.com\/es\/"},{"@type":"ListItem","position":2,"name":"Updates 2024 SP"}]},{"@type":"WebSite","@id":"https:\/\/www.redi-sensor.com\/es\/#website","url":"https:\/\/www.redi-sensor.com\/es\/","name":"REDI-Sensor","description":"Multi-Application TPMS Sensors","publisher":{"@id":"https:\/\/www.redi-sensor.com\/es\/#organization"},"potentialAction":[{"@type":"SearchAction","target":{"@type":"EntryPoint","urlTemplate":"https:\/\/www.redi-sensor.com\/es\/?s={search_term_string}"},"query-input":{"@type":"PropertyValueSpecification","valueRequired":true,"valueName":"search_term_string"}}],"inLanguage":"es"},{"@type":"Organization","@id":"https:\/\/www.redi-sensor.com\/es\/#organization","name":"REDI-Sensor","url":"https:\/\/www.redi-sensor.com\/es\/","logo":{"@type":"ImageObject","inLanguage":"es","@id":"https:\/\/www.redi-sensor.com\/es\/#\/schema\/logo\/image\/","url":"https:\/\/redi-sensor.com\/wp-content\/uploads\/2019\/06\/vdo-redisensor-logo-combined-2.svg","contentUrl":"https:\/\/redi-sensor.com\/wp-content\/uploads\/2019\/06\/vdo-redisensor-logo-combined-2.svg","width":1,"height":1,"caption":"REDI-Sensor"},"image":{"@id":"https:\/\/www.redi-sensor.com\/es\/#\/schema\/logo\/image\/"}}]}},"_links":{"self":[{"href":"https:\/\/www.redi-sensor.com\/es\/wp-json\/wp\/v2\/pages\/39946","targetHints":{"allow":["GET"]}}],"collection":[{"href":"https:\/\/www.redi-sensor.com\/es\/wp-json\/wp\/v2\/pages"}],"about":[{"href":"https:\/\/www.redi-sensor.com\/es\/wp-json\/wp\/v2\/types\/page"}],"author":[{"embeddable":true,"href":"https:\/\/www.redi-sensor.com\/es\/wp-json\/wp\/v2\/users\/1"}],"replies":[{"embeddable":true,"href":"https:\/\/www.redi-sensor.com\/es\/wp-json\/wp\/v2\/comments?post=39946"}],"version-history":[{"count":0,"href":"https:\/\/www.redi-sensor.com\/es\/wp-json\/wp\/v2\/pages\/39946\/revisions"}],"wp:attachment":[{"href":"https:\/\/www.redi-sensor.com\/es\/wp-json\/wp\/v2\/media?parent=39946"}],"curies":[{"name":"wp","href":"https:\/\/api.w.org\/{rel}","templated":true}]}}