{"id":39956,"date":"2024-03-28T17:18:43","date_gmt":"2024-03-28T21:18:43","guid":{"rendered":"https:\/\/www.redi-sensor.com\/update-selector\/"},"modified":"2024-10-30T15:00:19","modified_gmt":"2024-10-30T19:00:19","slug":"update-selector","status":"publish","type":"page","link":"https:\/\/www.redi-sensor.com\/es\/update-selector\/","title":{"rendered":"Update Selector"},"content":{"rendered":"\n<h2>\n\t\tInstrucciones de reaprendizaje del sensor para TPMS REDI-Sensor de nueva generaci\u00f3n:\n\t<\/h2>\n\t<p>Los pasos del servicio de reaprendizaje para los sensores REDI-Sensor multiaplicaci\u00f3n de nueva generaci\u00f3n para TPMS pueden diferir de los que ha seguido en el pasado. Eso se debe a que los sistemas TPMS de los veh\u00edculos m\u00e1s nuevos pueden tener procedimientos de reaprendizaje de los sensores distintos a los que los fabricantes de autos hab\u00edan usado en marcas y modelos de a\u00f1os anteriores.<\/p>\n<p>Si no tiene las instrucciones de reaprendizaje m\u00e1s recientes para estos veh\u00edculos m\u00e1s nuevos, no podr\u00e1 dar servicio correctamente al TPMS.<\/p>\n<p>Siga estas instrucciones para obtener las instrucciones de aprendizaje m\u00e1s recientes.<\/p>\n\t  <style>\n    .hidden {\n      display: none;\n    }\n    #models {\n       display: flex;\n  flex-wrap: wrap;\n    }\n    #models label {\n      text-align: center;\n      flex-basis:33%;\n    }\n    #modelOptions {\n      margin-top: 20px;\n    }\n    #modelOptions label {\n      display: block;\n      margin-bottom: 10px;\n    }\n    \/* Hide the radio buttons *\/\ninput[type=\"radio\"] {\n  display: none;\n}\n\/* Style for images *\/\n#models img {\n  width: 100px; \/* Adjust size as needed *\/\n  height: auto; \/* Maintain aspect ratio *\/\n  cursor: pointer; \/* Show pointer cursor when hovering *\/\n  border: 2px solid transparent; \/* Add border for selection effect *\/\n}\n\/* Style for selected image *\/\n#models input[type=\"radio\"]:checked + img {\n  border-color: blue; \/* Change border color for selected image *\/\n}\n  <\/style>\n    <h3>Paso 1: Seleccionar una marca de herramienta para el TPMS<\/h3>\n    <select id=\"brand\">\n      <option value=\"\">Seleccione la marca<\/option>\n      <option value=\"AUMOVIO Autodiagnos\">AUMOVIO Autodiagnos<\/option>\n      <option value=\"ATEQ\">ATEQ<\/option>\n      <option value=\"Bartec\">Bartec<\/option>\n      <option value=\"Dill\">Dill<\/option>\n      <option value=\"Huf\">Huf<\/option>\n      <option value=\"Matco\">Matco<\/option>\n      <option value=\"NAPA\">NAPA<\/option>\n      <option value=\"Schrader\">Schrader<\/option>\n      <option value=\"Snap-on\">Snap-on<\/option>\n      <option value=\"TOPDON\">TOPDON<\/option>\n      <option value=\"ATEQ2\">Herramientas ATEQ utilizadas en: Blain&#8217;s Farm &#038; Fleet | Costco | Pep Boys | Les Schwab | Discount Tire<\/option>\n      <option value=\"Bartec2\">Herramientas Bartec utilizadas en: Costco | Discount Tire<\/option>\n    <\/select>\n    <button onclick=\"nextStep(2)\">Siguiente<\/button>\n    <h2>Paso 2: Seleccionar un modelo de producto<\/h2>\n      <option value=\"\">Seleccione el modelo<\/option>\n    <button onclick=\"nextStep(3)\">Siguiente<\/button>\n    <h2>Paso 3: Seleccionar un REDI-Sensor<\/h2>\n    <select id=\"sensor\">\n      <option value=\"\">Seleccione REDI-Sensor<\/option>\n    <\/select>\n    <button onclick=\"nextStep(4)\">Siguiente<\/button>\n    <h2>Resumen y resultados<\/h2>\n    <button onclick=\"restart()\">Comenzar de nuevo<\/button>\n<h2>\n\t\tVea nuestros videos sobre la actualizaci\u00f3n de herramientas para TPMS\n\t<\/h2>\n\t<p>Este es s\u00f3lo un ejemplo de uso de la herramienta. La instalaci\u00f3n adecuada requiere que el REDI-Sensor est\u00e9 instalado en el conjunto de rin\/llanta y presurizado.<\/p>\n\t<iframe allowfullscreen allow=\"autoplay\" data-src=\"https:\/\/www.youtube.com\/embed\/videoseries?feature=oembed&amp;list=PLl3UxhNNT5uSSjXWQ_WSfqNYnZtFjWD_X&amp;start&amp;end&amp;wmode=opaque&amp;loop=0&amp;controls=1&amp;mute=0&amp;rel=0&amp;modestbranding=1\"><\/iframe>\t\n\t<h3>Tambi\u00e9n necesita el software m\u00e1s reciente de la herramienta para TPMS.<\/h3>\n<p>La nueva generaci\u00f3n de sensores para el TPMS requiere que la herramienta para el TPMS tenga instalado el software m\u00e1s reciente para llevar a cabo la activaci\u00f3n y el reaprendizaje correctamente. Incluso si su herramienta es nueva, es posible que necesite una actualizaci\u00f3n de software.<\/p>\n<p><a href=\"https:\/\/www.redi-sensor.com\/software-updates\/\">Descargue aqu\u00ed actualizaciones de software para las herramientas de servicio de TPMS m\u00e1s populares.<\/a><\/p>\n\n","protected":false},"excerpt":{"rendered":"<p>Instrucciones de reaprendizaje del sensor para TPMS REDI-Sensor de nueva generaci\u00f3n: Los pasos del servicio de reaprendizaje para los sensores REDI-Sensor multiaplicaci\u00f3n de nueva generaci\u00f3n para TPMS pueden diferir de los que ha seguido en el pasado. Eso se debe a que los sistemas TPMS de los veh\u00edculos m\u00e1s nuevos pueden tener procedimientos de reaprendizaje [&hellip;]<\/p>\n","protected":false},"author":1,"featured_media":39479,"parent":0,"menu_order":0,"comment_status":"closed","ping_status":"closed","template":"page-templates\/page-full-width-blank.php","meta":{"_acf_changed":false,"_monsterinsights_skip_tracking":false,"_monsterinsights_sitenote_active":false,"_monsterinsights_sitenote_note":"","_monsterinsights_sitenote_category":0,"footnotes":"","_links_to":"","_links_to_target":""},"class_list":["post-39956","page","type-page","status-publish","has-post-thumbnail","hentry"],"acf":[],"yoast_head":"<!-- This site is optimized with the Yoast SEO plugin v27.2 - https:\/\/yoast.com\/product\/yoast-seo-wordpress\/ -->\n<title>Update Selector - REDI-Sensor<\/title>\n<meta name=\"robots\" content=\"index, follow, max-snippet:-1, max-image-preview:large, max-video-preview:-1\" \/>\n<link rel=\"canonical\" href=\"https:\/\/www.redi-sensor.com\/es\/update-selector\/\" \/>\n<meta property=\"og:locale\" content=\"es_ES\" \/>\n<meta property=\"og:type\" content=\"article\" \/>\n<meta property=\"og:title\" content=\"Update Selector - REDI-Sensor\" \/>\n<meta property=\"og:description\" content=\"Instrucciones de reaprendizaje del sensor para TPMS REDI-Sensor de nueva generaci\u00f3n: Los pasos del servicio de reaprendizaje para los sensores REDI-Sensor multiaplicaci\u00f3n de nueva generaci\u00f3n para TPMS pueden diferir de los que ha seguido en el pasado. Eso se debe a que los sistemas TPMS de los veh\u00edculos m\u00e1s nuevos pueden tener procedimientos de reaprendizaje [&hellip;]\" \/>\n<meta property=\"og:url\" content=\"https:\/\/www.redi-sensor.com\/es\/update-selector\/\" \/>\n<meta property=\"og:site_name\" content=\"REDI-Sensor\" \/>\n<meta property=\"article:modified_time\" content=\"2024-10-30T19:00:19+00:00\" \/>\n<meta property=\"og:image\" content=\"https:\/\/www.redi-sensor.com\/wp-content\/uploads\/2024\/08\/rosa-tool.jpg\" \/>\n\t<meta property=\"og:image:width\" content=\"1550\" \/>\n\t<meta property=\"og:image:height\" content=\"500\" \/>\n\t<meta property=\"og:image:type\" content=\"image\/jpeg\" \/>\n<meta name=\"twitter:label1\" content=\"Tiempo de lectura\" \/>\n\t<meta name=\"twitter:data1\" content=\"2 minutos\" \/>\n<script type=\"application\/ld+json\" class=\"yoast-schema-graph\">{\"@context\":\"https:\/\/schema.org\",\"@graph\":[{\"@type\":\"WebPage\",\"@id\":\"https:\/\/www.redi-sensor.com\/es\/update-selector\/\",\"url\":\"https:\/\/www.redi-sensor.com\/es\/update-selector\/\",\"name\":\"Update Selector - REDI-Sensor\",\"isPartOf\":{\"@id\":\"https:\/\/www.redi-sensor.com\/es\/#website\"},\"primaryImageOfPage\":{\"@id\":\"https:\/\/www.redi-sensor.com\/es\/update-selector\/#primaryimage\"},\"image\":{\"@id\":\"https:\/\/www.redi-sensor.com\/es\/update-selector\/#primaryimage\"},\"thumbnailUrl\":\"https:\/\/www.redi-sensor.com\/wp-content\/uploads\/2024\/08\/rosa-tool.jpg\",\"datePublished\":\"2024-03-28T21:18:43+00:00\",\"dateModified\":\"2024-10-30T19:00:19+00:00\",\"breadcrumb\":{\"@id\":\"https:\/\/www.redi-sensor.com\/es\/update-selector\/#breadcrumb\"},\"inLanguage\":\"es\",\"potentialAction\":[{\"@type\":\"ReadAction\",\"target\":[\"https:\/\/www.redi-sensor.com\/es\/update-selector\/\"]}]},{\"@type\":\"ImageObject\",\"inLanguage\":\"es\",\"@id\":\"https:\/\/www.redi-sensor.com\/es\/update-selector\/#primaryimage\",\"url\":\"https:\/\/www.redi-sensor.com\/wp-content\/uploads\/2024\/08\/rosa-tool.jpg\",\"contentUrl\":\"https:\/\/www.redi-sensor.com\/wp-content\/uploads\/2024\/08\/rosa-tool.jpg\",\"width\":1550,\"height\":500},{\"@type\":\"BreadcrumbList\",\"@id\":\"https:\/\/www.redi-sensor.com\/es\/update-selector\/#breadcrumb\",\"itemListElement\":[{\"@type\":\"ListItem\",\"position\":1,\"name\":\"Home\",\"item\":\"https:\/\/www.redi-sensor.com\/es\/\"},{\"@type\":\"ListItem\",\"position\":2,\"name\":\"Update Selector\"}]},{\"@type\":\"WebSite\",\"@id\":\"https:\/\/www.redi-sensor.com\/es\/#website\",\"url\":\"https:\/\/www.redi-sensor.com\/es\/\",\"name\":\"REDI-Sensor\",\"description\":\"Multi-Application TPMS Sensors\",\"publisher\":{\"@id\":\"https:\/\/www.redi-sensor.com\/es\/#organization\"},\"potentialAction\":[{\"@type\":\"SearchAction\",\"target\":{\"@type\":\"EntryPoint\",\"urlTemplate\":\"https:\/\/www.redi-sensor.com\/es\/?s={search_term_string}\"},\"query-input\":{\"@type\":\"PropertyValueSpecification\",\"valueRequired\":true,\"valueName\":\"search_term_string\"}}],\"inLanguage\":\"es\"},{\"@type\":\"Organization\",\"@id\":\"https:\/\/www.redi-sensor.com\/es\/#organization\",\"name\":\"REDI-Sensor\",\"url\":\"https:\/\/www.redi-sensor.com\/es\/\",\"logo\":{\"@type\":\"ImageObject\",\"inLanguage\":\"es\",\"@id\":\"https:\/\/www.redi-sensor.com\/es\/#\/schema\/logo\/image\/\",\"url\":\"https:\/\/redi-sensor.com\/wp-content\/uploads\/2019\/06\/vdo-redisensor-logo-combined-2.svg\",\"contentUrl\":\"https:\/\/redi-sensor.com\/wp-content\/uploads\/2019\/06\/vdo-redisensor-logo-combined-2.svg\",\"width\":1,\"height\":1,\"caption\":\"REDI-Sensor\"},\"image\":{\"@id\":\"https:\/\/www.redi-sensor.com\/es\/#\/schema\/logo\/image\/\"}}]}<\/script>\n<!-- \/ Yoast SEO plugin. -->","yoast_head_json":{"title":"Update Selector - REDI-Sensor","robots":{"index":"index","follow":"follow","max-snippet":"max-snippet:-1","max-image-preview":"max-image-preview:large","max-video-preview":"max-video-preview:-1"},"canonical":"https:\/\/www.redi-sensor.com\/es\/update-selector\/","og_locale":"es_ES","og_type":"article","og_title":"Update Selector - REDI-Sensor","og_description":"Instrucciones de reaprendizaje del sensor para TPMS REDI-Sensor de nueva generaci\u00f3n: Los pasos del servicio de reaprendizaje para los sensores REDI-Sensor multiaplicaci\u00f3n de nueva generaci\u00f3n para TPMS pueden diferir de los que ha seguido en el pasado. Eso se debe a que los sistemas TPMS de los veh\u00edculos m\u00e1s nuevos pueden tener procedimientos de reaprendizaje [&hellip;]","og_url":"https:\/\/www.redi-sensor.com\/es\/update-selector\/","og_site_name":"REDI-Sensor","article_modified_time":"2024-10-30T19:00:19+00:00","og_image":[{"width":1550,"height":500,"url":"https:\/\/www.redi-sensor.com\/wp-content\/uploads\/2024\/08\/rosa-tool.jpg","type":"image\/jpeg"}],"twitter_misc":{"Tiempo de lectura":"2 minutos"},"schema":{"@context":"https:\/\/schema.org","@graph":[{"@type":"WebPage","@id":"https:\/\/www.redi-sensor.com\/es\/update-selector\/","url":"https:\/\/www.redi-sensor.com\/es\/update-selector\/","name":"Update Selector - REDI-Sensor","isPartOf":{"@id":"https:\/\/www.redi-sensor.com\/es\/#website"},"primaryImageOfPage":{"@id":"https:\/\/www.redi-sensor.com\/es\/update-selector\/#primaryimage"},"image":{"@id":"https:\/\/www.redi-sensor.com\/es\/update-selector\/#primaryimage"},"thumbnailUrl":"https:\/\/www.redi-sensor.com\/wp-content\/uploads\/2024\/08\/rosa-tool.jpg","datePublished":"2024-03-28T21:18:43+00:00","dateModified":"2024-10-30T19:00:19+00:00","breadcrumb":{"@id":"https:\/\/www.redi-sensor.com\/es\/update-selector\/#breadcrumb"},"inLanguage":"es","potentialAction":[{"@type":"ReadAction","target":["https:\/\/www.redi-sensor.com\/es\/update-selector\/"]}]},{"@type":"ImageObject","inLanguage":"es","@id":"https:\/\/www.redi-sensor.com\/es\/update-selector\/#primaryimage","url":"https:\/\/www.redi-sensor.com\/wp-content\/uploads\/2024\/08\/rosa-tool.jpg","contentUrl":"https:\/\/www.redi-sensor.com\/wp-content\/uploads\/2024\/08\/rosa-tool.jpg","width":1550,"height":500},{"@type":"BreadcrumbList","@id":"https:\/\/www.redi-sensor.com\/es\/update-selector\/#breadcrumb","itemListElement":[{"@type":"ListItem","position":1,"name":"Home","item":"https:\/\/www.redi-sensor.com\/es\/"},{"@type":"ListItem","position":2,"name":"Update Selector"}]},{"@type":"WebSite","@id":"https:\/\/www.redi-sensor.com\/es\/#website","url":"https:\/\/www.redi-sensor.com\/es\/","name":"REDI-Sensor","description":"Multi-Application TPMS Sensors","publisher":{"@id":"https:\/\/www.redi-sensor.com\/es\/#organization"},"potentialAction":[{"@type":"SearchAction","target":{"@type":"EntryPoint","urlTemplate":"https:\/\/www.redi-sensor.com\/es\/?s={search_term_string}"},"query-input":{"@type":"PropertyValueSpecification","valueRequired":true,"valueName":"search_term_string"}}],"inLanguage":"es"},{"@type":"Organization","@id":"https:\/\/www.redi-sensor.com\/es\/#organization","name":"REDI-Sensor","url":"https:\/\/www.redi-sensor.com\/es\/","logo":{"@type":"ImageObject","inLanguage":"es","@id":"https:\/\/www.redi-sensor.com\/es\/#\/schema\/logo\/image\/","url":"https:\/\/redi-sensor.com\/wp-content\/uploads\/2019\/06\/vdo-redisensor-logo-combined-2.svg","contentUrl":"https:\/\/redi-sensor.com\/wp-content\/uploads\/2019\/06\/vdo-redisensor-logo-combined-2.svg","width":1,"height":1,"caption":"REDI-Sensor"},"image":{"@id":"https:\/\/www.redi-sensor.com\/es\/#\/schema\/logo\/image\/"}}]}},"_links":{"self":[{"href":"https:\/\/www.redi-sensor.com\/es\/wp-json\/wp\/v2\/pages\/39956","targetHints":{"allow":["GET"]}}],"collection":[{"href":"https:\/\/www.redi-sensor.com\/es\/wp-json\/wp\/v2\/pages"}],"about":[{"href":"https:\/\/www.redi-sensor.com\/es\/wp-json\/wp\/v2\/types\/page"}],"author":[{"embeddable":true,"href":"https:\/\/www.redi-sensor.com\/es\/wp-json\/wp\/v2\/users\/1"}],"replies":[{"embeddable":true,"href":"https:\/\/www.redi-sensor.com\/es\/wp-json\/wp\/v2\/comments?post=39956"}],"version-history":[{"count":0,"href":"https:\/\/www.redi-sensor.com\/es\/wp-json\/wp\/v2\/pages\/39956\/revisions"}],"wp:featuredmedia":[{"embeddable":true,"href":"https:\/\/www.redi-sensor.com\/es\/wp-json\/wp\/v2\/media\/39479"}],"wp:attachment":[{"href":"https:\/\/www.redi-sensor.com\/es\/wp-json\/wp\/v2\/media?parent=39956"}],"curies":[{"name":"wp","href":"https:\/\/api.w.org\/{rel}","templated":true}]}}