{"id":39961,"date":"2024-06-10T14:43:37","date_gmt":"2024-06-10T18:43:37","guid":{"rendered":"https:\/\/www.redi-sensor.com\/software-updates\/"},"modified":"2024-10-30T15:14:35","modified_gmt":"2024-10-30T19:14:35","slug":"software-updates","status":"publish","type":"page","link":"https:\/\/www.redi-sensor.com\/es\/software-updates\/","title":{"rendered":"Actualizaciones de software para herramientas para el TPMS"},"content":{"rendered":"\n\n\t<h2>Para dar servicio satisfactorio a los sensores para TPMS, necesita las actualizaciones de software m\u00e1s recientes para la herramienta para el TPMS.<\/h2>\n<p>La nueva generaci\u00f3n de sensores para el TPMS requiere que la herramienta para el TPMS tenga instalado el software m\u00e1s reciente para llevar a cabo la activaci\u00f3n y el reaprendizaje correctamente. Incluso si su herramienta es nueva, es posible que necesite una actualizaci\u00f3n de software.<\/p>\n<p>En los siguientes enlaces puede descargar actualizaciones de software para las herramientas de servicio del TPMS m\u00e1s populares:<\/p>\n<p><a href=\"https:\/\/us.continental-aftermarket.com\/autodiagnos\/autodiagnos-tpms-tools\/\">AUMOVIO Autodiagnos\u2122<\/a><\/p>\n<p><a href=\"https:\/\/www.bartecusa.com\/software-versions\">Bartec<\/a><\/p>\n<p><a href=\"https:\/\/www.ateq-tpms.com\/en-us\/home\/all-products\/\">ATEQ<\/a><\/p>\n<h3>\u00bfPor qu\u00e9 las herramientas para el TPMS necesitan las actualizaciones de software m\u00e1s recientes?<\/h3>\n<p>Con los veh\u00edculos m\u00e1s nuevos y los sensores m\u00e1s recientes cambiaron los protocolos de software y, sin el software m\u00e1s reciente en sus herramientas, los t\u00e9cnicos no pueden completar el servicio al TPMS en muchas marcas y modelos.<\/p>\n<h3>Nuevos procedimientos de reaprendizaje<\/h3>\n<p>Los sistemas TPMS de los veh\u00edculos m\u00e1s nuevos pueden tener procedimientos de reaprendizaje de los sensores distintos de los anteriores de ese fabricante. Aqu\u00ed puede descargar muchos de los procedimientos de reaprendizaje para TPMS m\u00e1s recientes.<\/p>\n<h3>Los sensores para TPMS REDI-Sensor reaprenden m\u00e1s r\u00e1pido<\/h3>\n<p>La mayor\u00eda de los sensores para el mercado de repuestos se tienen que programar con el protocolo del veh\u00edculo en el que se instalar\u00e1n. El c\u00f3digo para esos protocolos ahora es m\u00e1s complejo, la programaci\u00f3n toma m\u00e1s tiempo y parece que hay m\u00e1s posibilidad de errores de programaci\u00f3n. El sensor REDI-Sensor para una variedad de aplicaciones resuelve ese problema porque los protocolos para miles de aplicaciones se precargan en la f\u00e1brica. Esto elimina la probabilidad de errores de programaci\u00f3n. No solo se elimina el paso de programaci\u00f3n, sino que los sensores REDI-Sensor generalmente tambi\u00e9n reaprenden mucho m\u00e1s r\u00e1pido que los sensores que necesitan programaci\u00f3n.<\/p>\n<h3>Compatibilidad herramienta \/ sensor<\/h3>\n<p>Es posible que las marcas de herramienta y de sensor que siempre fueron compatibles ya no lo sean. A veces, el intento inicial de programaci\u00f3n no funciona y hay que tratar varias veces. Otras veces la programaci\u00f3n parece exitosa, pero no se hace el reaprendizaje del veh\u00edculo. Los sensores REDI-Sensor y las herramientas Autodiagnos para TPMS son ambos de AUMOVIO, y eso significa compatibilidad garantizada. La compatibilidad de la herramienta con el sensor es crucial para que el servicio del TPMS sea redituable.<\/p>\n<h3>\nConsejos para un servicio del TPMS correcto y redituable:<\/h3>\n<ol>\n<li>Aseg\u00farese de que determinadas herramientas del TPMS se hayan actualizado con el software m\u00e1s reciente.<\/li>\n<li>Aseg\u00farese de estar usando las instrucciones de reaprendizaje del sensor TPMS m\u00e1s recientes. Aqu\u00ed se pueden descargar las instrucciones de reaprendizaje m\u00e1s recientes para las herramientas m\u00e1s populares para TPMS.<\/li>\n<li>Aseg\u00farese de que su herramienta y sensor para TPMS sean compatibles; conf\u00edrmelo con el fabricante si es necesario.<\/li>\n<li>Elija un tipo de sensor que le permita trabajar r\u00e1pido en cualquier marca o modelo que llegue al taller.<\/li>\n<\/ol>\n\n","protected":false},"excerpt":{"rendered":"<p>Para dar servicio satisfactorio a los sensores para TPMS, necesita las actualizaciones de software m\u00e1s recientes para la herramienta para el TPMS. La nueva generaci\u00f3n de sensores para el TPMS requiere que la herramienta para el TPMS tenga instalado el software m\u00e1s reciente para llevar a cabo la activaci\u00f3n y el reaprendizaje correctamente. Incluso si [&hellip;]<\/p>\n","protected":false},"author":1,"featured_media":39518,"parent":0,"menu_order":0,"comment_status":"closed","ping_status":"closed","template":"page-templates\/page-full-width.php","meta":{"_acf_changed":false,"_monsterinsights_skip_tracking":false,"_monsterinsights_sitenote_active":false,"_monsterinsights_sitenote_note":"","_monsterinsights_sitenote_category":0,"footnotes":"","_links_to":"","_links_to_target":""},"class_list":["post-39961","page","type-page","status-publish","has-post-thumbnail","hentry"],"acf":[],"yoast_head":"<!-- This site is optimized with the Yoast SEO plugin v27.4 - https:\/\/yoast.com\/product\/yoast-seo-wordpress\/ -->\n<title>Actualizaciones de software para herramientas para el TPMS - REDI-Sensor<\/title>\n<meta name=\"robots\" content=\"index, follow, max-snippet:-1, max-image-preview:large, max-video-preview:-1\" \/>\n<link rel=\"canonical\" href=\"https:\/\/www.redi-sensor.com\/es\/software-updates\/\" \/>\n<meta property=\"og:locale\" content=\"es_ES\" \/>\n<meta property=\"og:type\" content=\"article\" \/>\n<meta property=\"og:title\" content=\"Actualizaciones de software para herramientas para el TPMS - REDI-Sensor\" \/>\n<meta property=\"og:description\" content=\"Para dar servicio satisfactorio a los sensores para TPMS, necesita las actualizaciones de software m\u00e1s recientes para la herramienta para el TPMS. La nueva generaci\u00f3n de sensores para el TPMS requiere que la herramienta para el TPMS tenga instalado el software m\u00e1s reciente para llevar a cabo la activaci\u00f3n y el reaprendizaje correctamente. Incluso si [&hellip;]\" \/>\n<meta property=\"og:url\" content=\"https:\/\/www.redi-sensor.com\/es\/software-updates\/\" \/>\n<meta property=\"og:site_name\" content=\"REDI-Sensor\" \/>\n<meta property=\"article:modified_time\" content=\"2024-10-30T19:14:35+00:00\" \/>\n<meta property=\"og:image\" content=\"https:\/\/www.redi-sensor.com\/wp-content\/uploads\/2024\/08\/red-sensor-adp-update-banner-image-copy-1.jpg\" \/>\n\t<meta property=\"og:image:width\" content=\"1550\" \/>\n\t<meta property=\"og:image:height\" content=\"500\" \/>\n\t<meta property=\"og:image:type\" content=\"image\/jpeg\" \/>\n<meta name=\"twitter:label1\" content=\"Tiempo de lectura\" \/>\n\t<meta name=\"twitter:data1\" content=\"2 minutos\" \/>\n<script type=\"application\/ld+json\" class=\"yoast-schema-graph\">{\"@context\":\"https:\\\/\\\/schema.org\",\"@graph\":[{\"@type\":\"WebPage\",\"@id\":\"https:\\\/\\\/www.redi-sensor.com\\\/es\\\/software-updates\\\/\",\"url\":\"https:\\\/\\\/www.redi-sensor.com\\\/es\\\/software-updates\\\/\",\"name\":\"Actualizaciones de software para herramientas para el TPMS - REDI-Sensor\",\"isPartOf\":{\"@id\":\"https:\\\/\\\/www.redi-sensor.com\\\/es\\\/#website\"},\"primaryImageOfPage\":{\"@id\":\"https:\\\/\\\/www.redi-sensor.com\\\/es\\\/software-updates\\\/#primaryimage\"},\"image\":{\"@id\":\"https:\\\/\\\/www.redi-sensor.com\\\/es\\\/software-updates\\\/#primaryimage\"},\"thumbnailUrl\":\"https:\\\/\\\/www.redi-sensor.com\\\/wp-content\\\/uploads\\\/2024\\\/08\\\/red-sensor-adp-update-banner-image-copy-1.jpg\",\"datePublished\":\"2024-06-10T18:43:37+00:00\",\"dateModified\":\"2024-10-30T19:14:35+00:00\",\"breadcrumb\":{\"@id\":\"https:\\\/\\\/www.redi-sensor.com\\\/es\\\/software-updates\\\/#breadcrumb\"},\"inLanguage\":\"es\",\"potentialAction\":[{\"@type\":\"ReadAction\",\"target\":[\"https:\\\/\\\/www.redi-sensor.com\\\/es\\\/software-updates\\\/\"]}]},{\"@type\":\"ImageObject\",\"inLanguage\":\"es\",\"@id\":\"https:\\\/\\\/www.redi-sensor.com\\\/es\\\/software-updates\\\/#primaryimage\",\"url\":\"https:\\\/\\\/www.redi-sensor.com\\\/wp-content\\\/uploads\\\/2024\\\/08\\\/red-sensor-adp-update-banner-image-copy-1.jpg\",\"contentUrl\":\"https:\\\/\\\/www.redi-sensor.com\\\/wp-content\\\/uploads\\\/2024\\\/08\\\/red-sensor-adp-update-banner-image-copy-1.jpg\",\"width\":1550,\"height\":500,\"caption\":\"Laptop screen displaying REDI-Sensor scan tool interface\"},{\"@type\":\"BreadcrumbList\",\"@id\":\"https:\\\/\\\/www.redi-sensor.com\\\/es\\\/software-updates\\\/#breadcrumb\",\"itemListElement\":[{\"@type\":\"ListItem\",\"position\":1,\"name\":\"Home\",\"item\":\"https:\\\/\\\/www.redi-sensor.com\\\/es\\\/\"},{\"@type\":\"ListItem\",\"position\":2,\"name\":\"Actualizaciones de software para herramientas para el TPMS\"}]},{\"@type\":\"WebSite\",\"@id\":\"https:\\\/\\\/www.redi-sensor.com\\\/es\\\/#website\",\"url\":\"https:\\\/\\\/www.redi-sensor.com\\\/es\\\/\",\"name\":\"REDI-Sensor\",\"description\":\"Multi-Application TPMS Sensors\",\"publisher\":{\"@id\":\"https:\\\/\\\/www.redi-sensor.com\\\/es\\\/#organization\"},\"potentialAction\":[{\"@type\":\"SearchAction\",\"target\":{\"@type\":\"EntryPoint\",\"urlTemplate\":\"https:\\\/\\\/www.redi-sensor.com\\\/es\\\/?s={search_term_string}\"},\"query-input\":{\"@type\":\"PropertyValueSpecification\",\"valueRequired\":true,\"valueName\":\"search_term_string\"}}],\"inLanguage\":\"es\"},{\"@type\":\"Organization\",\"@id\":\"https:\\\/\\\/www.redi-sensor.com\\\/es\\\/#organization\",\"name\":\"REDI-Sensor\",\"url\":\"https:\\\/\\\/www.redi-sensor.com\\\/es\\\/\",\"logo\":{\"@type\":\"ImageObject\",\"inLanguage\":\"es\",\"@id\":\"https:\\\/\\\/www.redi-sensor.com\\\/es\\\/#\\\/schema\\\/logo\\\/image\\\/\",\"url\":\"https:\\\/\\\/redi-sensor.com\\\/wp-content\\\/uploads\\\/2019\\\/06\\\/vdo-redisensor-logo-combined-2.svg\",\"contentUrl\":\"https:\\\/\\\/redi-sensor.com\\\/wp-content\\\/uploads\\\/2019\\\/06\\\/vdo-redisensor-logo-combined-2.svg\",\"width\":1,\"height\":1,\"caption\":\"REDI-Sensor\"},\"image\":{\"@id\":\"https:\\\/\\\/www.redi-sensor.com\\\/es\\\/#\\\/schema\\\/logo\\\/image\\\/\"}}]}<\/script>\n<!-- \/ Yoast SEO plugin. -->","yoast_head_json":{"title":"Actualizaciones de software para herramientas para el TPMS - REDI-Sensor","robots":{"index":"index","follow":"follow","max-snippet":"max-snippet:-1","max-image-preview":"max-image-preview:large","max-video-preview":"max-video-preview:-1"},"canonical":"https:\/\/www.redi-sensor.com\/es\/software-updates\/","og_locale":"es_ES","og_type":"article","og_title":"Actualizaciones de software para herramientas para el TPMS - REDI-Sensor","og_description":"Para dar servicio satisfactorio a los sensores para TPMS, necesita las actualizaciones de software m\u00e1s recientes para la herramienta para el TPMS. La nueva generaci\u00f3n de sensores para el TPMS requiere que la herramienta para el TPMS tenga instalado el software m\u00e1s reciente para llevar a cabo la activaci\u00f3n y el reaprendizaje correctamente. Incluso si [&hellip;]","og_url":"https:\/\/www.redi-sensor.com\/es\/software-updates\/","og_site_name":"REDI-Sensor","article_modified_time":"2024-10-30T19:14:35+00:00","og_image":[{"width":1550,"height":500,"url":"https:\/\/www.redi-sensor.com\/wp-content\/uploads\/2024\/08\/red-sensor-adp-update-banner-image-copy-1.jpg","type":"image\/jpeg"}],"twitter_misc":{"Tiempo de lectura":"2 minutos"},"schema":{"@context":"https:\/\/schema.org","@graph":[{"@type":"WebPage","@id":"https:\/\/www.redi-sensor.com\/es\/software-updates\/","url":"https:\/\/www.redi-sensor.com\/es\/software-updates\/","name":"Actualizaciones de software para herramientas para el TPMS - REDI-Sensor","isPartOf":{"@id":"https:\/\/www.redi-sensor.com\/es\/#website"},"primaryImageOfPage":{"@id":"https:\/\/www.redi-sensor.com\/es\/software-updates\/#primaryimage"},"image":{"@id":"https:\/\/www.redi-sensor.com\/es\/software-updates\/#primaryimage"},"thumbnailUrl":"https:\/\/www.redi-sensor.com\/wp-content\/uploads\/2024\/08\/red-sensor-adp-update-banner-image-copy-1.jpg","datePublished":"2024-06-10T18:43:37+00:00","dateModified":"2024-10-30T19:14:35+00:00","breadcrumb":{"@id":"https:\/\/www.redi-sensor.com\/es\/software-updates\/#breadcrumb"},"inLanguage":"es","potentialAction":[{"@type":"ReadAction","target":["https:\/\/www.redi-sensor.com\/es\/software-updates\/"]}]},{"@type":"ImageObject","inLanguage":"es","@id":"https:\/\/www.redi-sensor.com\/es\/software-updates\/#primaryimage","url":"https:\/\/www.redi-sensor.com\/wp-content\/uploads\/2024\/08\/red-sensor-adp-update-banner-image-copy-1.jpg","contentUrl":"https:\/\/www.redi-sensor.com\/wp-content\/uploads\/2024\/08\/red-sensor-adp-update-banner-image-copy-1.jpg","width":1550,"height":500,"caption":"Laptop screen displaying REDI-Sensor scan tool interface"},{"@type":"BreadcrumbList","@id":"https:\/\/www.redi-sensor.com\/es\/software-updates\/#breadcrumb","itemListElement":[{"@type":"ListItem","position":1,"name":"Home","item":"https:\/\/www.redi-sensor.com\/es\/"},{"@type":"ListItem","position":2,"name":"Actualizaciones de software para herramientas para el TPMS"}]},{"@type":"WebSite","@id":"https:\/\/www.redi-sensor.com\/es\/#website","url":"https:\/\/www.redi-sensor.com\/es\/","name":"REDI-Sensor","description":"Multi-Application TPMS Sensors","publisher":{"@id":"https:\/\/www.redi-sensor.com\/es\/#organization"},"potentialAction":[{"@type":"SearchAction","target":{"@type":"EntryPoint","urlTemplate":"https:\/\/www.redi-sensor.com\/es\/?s={search_term_string}"},"query-input":{"@type":"PropertyValueSpecification","valueRequired":true,"valueName":"search_term_string"}}],"inLanguage":"es"},{"@type":"Organization","@id":"https:\/\/www.redi-sensor.com\/es\/#organization","name":"REDI-Sensor","url":"https:\/\/www.redi-sensor.com\/es\/","logo":{"@type":"ImageObject","inLanguage":"es","@id":"https:\/\/www.redi-sensor.com\/es\/#\/schema\/logo\/image\/","url":"https:\/\/redi-sensor.com\/wp-content\/uploads\/2019\/06\/vdo-redisensor-logo-combined-2.svg","contentUrl":"https:\/\/redi-sensor.com\/wp-content\/uploads\/2019\/06\/vdo-redisensor-logo-combined-2.svg","width":1,"height":1,"caption":"REDI-Sensor"},"image":{"@id":"https:\/\/www.redi-sensor.com\/es\/#\/schema\/logo\/image\/"}}]}},"_links":{"self":[{"href":"https:\/\/www.redi-sensor.com\/es\/wp-json\/wp\/v2\/pages\/39961","targetHints":{"allow":["GET"]}}],"collection":[{"href":"https:\/\/www.redi-sensor.com\/es\/wp-json\/wp\/v2\/pages"}],"about":[{"href":"https:\/\/www.redi-sensor.com\/es\/wp-json\/wp\/v2\/types\/page"}],"author":[{"embeddable":true,"href":"https:\/\/www.redi-sensor.com\/es\/wp-json\/wp\/v2\/users\/1"}],"replies":[{"embeddable":true,"href":"https:\/\/www.redi-sensor.com\/es\/wp-json\/wp\/v2\/comments?post=39961"}],"version-history":[{"count":0,"href":"https:\/\/www.redi-sensor.com\/es\/wp-json\/wp\/v2\/pages\/39961\/revisions"}],"wp:featuredmedia":[{"embeddable":true,"href":"https:\/\/www.redi-sensor.com\/es\/wp-json\/wp\/v2\/media\/39518"}],"wp:attachment":[{"href":"https:\/\/www.redi-sensor.com\/es\/wp-json\/wp\/v2\/media?parent=39961"}],"curies":[{"name":"wp","href":"https:\/\/api.w.org\/{rel}","templated":true}]}}